{"id":10201,"date":"2024-12-05T13:44:12","date_gmt":"2024-12-05T13:44:12","guid":{"rendered":"https:\/\/schrittmacherfestival.nl\/dance-as-ritual\/"},"modified":"2025-03-20T14:56:56","modified_gmt":"2025-03-20T14:56:56","slug":"dance-as-ritual","status":"publish","type":"page","link":"https:\/\/schrittmacherfestival.nl\/de\/dance-as-ritual\/","title":{"rendered":"Dance as Ritual"},"content":{"rendered":"\n<h1 class=\"wp-block-heading has-black-color has-text-color\" id=\"hofesh-shechter-company-gbr\"><strong>Klasse Apart Projects<\/strong> \/ Raenys Martis<\/h1>\n\n<p><strong>Savelbergkapel, Heerlen<\/strong><br\/><strong>Fr 21.03.2025<\/strong> (19.00 &#8211; 22.00 Uhr)<br\/><strong><strong>Sa 22.03.2025 + So 23.03.2025<\/strong><\/strong> (11.00 &#8211; 16.00 Uhr)<br\/><strong>Eintritt frei<\/strong><\/p>\n\n<figure class=\"wp-block-image alignwide size-large\"><img data-recalc-dims=\"1\" fetchpriority=\"high\" decoding=\"async\" width=\"640\" height=\"267\" src=\"https:\/\/i0.wp.com\/schrittmacherfestival.nl\/wp-content\/uploads\/2024\/12\/k-Dance-as-ritual-filmstill-Kankantri-by-Gabri-Christa-kopieren-e1733406032434-1024x427.webp?resize=640%2C267&#038;ssl=1\" alt=\"\" class=\"wp-image-10196\" srcset=\"https:\/\/i0.wp.com\/schrittmacherfestival.nl\/wp-content\/uploads\/2024\/12\/k-Dance-as-ritual-filmstill-Kankantri-by-Gabri-Christa-kopieren-e1733406032434.webp?resize=1024%2C427&amp;ssl=1 1024w, https:\/\/i0.wp.com\/schrittmacherfestival.nl\/wp-content\/uploads\/2024\/12\/k-Dance-as-ritual-filmstill-Kankantri-by-Gabri-Christa-kopieren-e1733406032434.webp?resize=300%2C125&amp;ssl=1 300w, https:\/\/i0.wp.com\/schrittmacherfestival.nl\/wp-content\/uploads\/2024\/12\/k-Dance-as-ritual-filmstill-Kankantri-by-Gabri-Christa-kopieren-e1733406032434.webp?resize=768%2C320&amp;ssl=1 768w, https:\/\/i0.wp.com\/schrittmacherfestival.nl\/wp-content\/uploads\/2024\/12\/k-Dance-as-ritual-filmstill-Kankantri-by-Gabri-Christa-kopieren-e1733406032434.webp?resize=31%2C13&amp;ssl=1 31w, https:\/\/i0.wp.com\/schrittmacherfestival.nl\/wp-content\/uploads\/2024\/12\/k-Dance-as-ritual-filmstill-Kankantri-by-Gabri-Christa-kopieren-e1733406032434.webp?w=1200&amp;ssl=1 1200w\" sizes=\"(max-width: 640px) 100vw, 640px\" \/><\/figure>\n\n<hr class=\"wp-block-separator has-css-opacity\"\/>\n\n<p> Klasse Apart Projects pr\u00e4sentiert in der Savelbergkapel ein einzigartiges Programm \u00fcber spirituelle und folkloristische Tanztraditionen aus der Afro-Diaspora. Von uralten Ritualen wie dem Sabar-, Djembe- und Yoruba-Tanz, dem afro-brasilianischen Candombl\u00e9, den kubanischen Los Orishas und dem Tamb\u00fa aus Cura\u00e7ao bis hin zu zeitgen\u00f6ssischen Stilen wie Hip-Hop und Dancehall &#8211; alle tragen Geschichten und Traditionen in sich. Aber was erz\u00e4hlen uns diese Tanzformen heute? Und wie k\u00f6nnen wir dieses reiche Erbe an die Zukunft weitergeben?<\/p>\n\n<p><em>Tanz als Ritual<\/em> l\u00e4dt zur Entdeckung, Vertiefung und zum Dialog ein. Das Programm bietet interdisziplin\u00e4re Auff\u00fchrungen, bei denen Tanz mit Live-Percussion, traditionellem Gesang und Poesie kombiniert wird, sowie Workshops und Vortr\u00e4ge. In Zusammenarbeit mit Cinedans werden inspirierende Filme gezeigt, die die Kraft des Tanzes als kulturelles Erbe hervorheben.<\/p>\n\n<p><strong>Programm<\/strong><\/p>\n\n<p><strong>Freitag, 21. M\u00e4rz &#8211; Er\u00f6ffnungsabend<\/strong><\/p>\n\n<p><strong>19:20 | Barracoon \u2013 Shurick Jantje<\/strong><br\/>Der interdisziplin\u00e4re K\u00fcnstler <strong>Shurick Jantje<\/strong> er\u00f6ffnet <em>Dance As Ritual<\/em> mit einer kraftvollen Performance, die auf <strong>Zora Neale Hurstons<\/strong> Buch <em>Barracoon<\/em> basiert, in dem es um den letzten \u00dcberlebenden des transatlantischen Sklavenhandels geht.<\/p>\n\n<p><strong><a href=\"https:\/\/schrittmacherfestival.nl\/de\/audio-visueller-vortrag\/\" title=\"\">19:30 | Audiovisueller Vortrag \u2013 Lynn\u00e9e Denise<\/a><\/strong><br\/>Die DJane, Autorin und interdisziplin\u00e4re K\u00fcnstlerin  <strong>Lynn\u00e9e Denise<\/strong> erforscht, wie Musik und Sound als lebende Archive Geschichten des Widerstands und der Resilienz in der schwarzen queeren Diaspora offenbaren.<\/p>\n\n<p><strong>20:30 | Afterparty<\/strong><br\/>Feiern Sie den Beginn von <em>Dance As Ritual<\/em> mit einer Afterparty, bei der der Tanz die verbindende Kraft ist.<\/p>\n\n<hr class=\"wp-block-separator has-css-opacity\"\/>\n\n<p><strong>Samstag, 22. M\u00e4rz<\/strong><\/p>\n\n<p><strong><a href=\"https:\/\/schrittmacherfestival.nl\/de\/audio-visueller-vortrag\/\" title=\"\">13:00 | Audiovisueller Vortrag \u2013 Lynn\u00e9e Denise<\/a><\/strong><br\/>Fortsetzung ihres fr\u00fcheren Vortrags, in dem sie die Rolle der Klangkulturen innerhalb der afrikanischen Diaspora noch weiter vertieft.<\/p>\n\n<p><strong>14:20 | Egbe \u2013 Pedro Ricardo Henry &amp; Karel Acosta<\/strong><br\/>Der T\u00e4nzer und Choreograf <strong>Pedro Ricardo Henry<\/strong> der Perkussionist <strong>Karel Acosta<\/strong> f\u00fchren eine rituelle Performance auf, die von der Yoruba-Tradition inspiriert ist und in der Tanz und Musik eine spirituelle Verbindung eingehen.<\/p>\n\n<p><strong>14:40 | Cinedans Filme<\/strong><br\/>Eine fortlaufende Auswahl kraftvoller Tanzdokumentationen \u00fcber Rituale, Identit\u00e4t und Kulturgeschichte (siehe Info am 23. M\u00e4rz).<\/p>\n\n<hr class=\"wp-block-separator has-css-opacity\"\/>\n\n<p><strong>Sonntag, 23. M\u00e4rz<\/strong><\/p>\n\n<p><strong>13:00 | Workshop &amp; Vortrag \u2013 Poernima Gobardhan<\/strong><br\/>Die Choreografin und T\u00e4nzerin <strong>Poernima Gobardhan<\/strong> gibt ihr Wissen \u00fcber den klassischen indischen Tanz <strong>Bharata Natyam<\/strong> weiter und erkundet, wie sich diese Bewegungssprache in einem westlichen Kontext entwickelt.<\/p>\n\n<p><strong>14:30 | Cinedans Filme<\/strong><br\/>Eine Auswahl beeindruckender Tanzfilme, die Tanz, Ritual und Identit\u00e4t aus verschiedenen Perspektiven beleuchten:<\/p>\n\n<p>\ud83c\udfac <strong>KANKANTRI<\/strong><br\/><strong>Regie<\/strong>: Gabri Christa | <strong>Land<\/strong>: Niederlande, Surinam, Vereinigte Staaten  | <strong>Jahr<\/strong>: 2024 | <strong>Dauer<\/strong>: 25 min<br\/>Eine Frau betritt eine Synagoge und wird in eine Parallelwelt versetzt, in der ihre Vorfahren sie nicht gehen lassen, bis sie an ihren T\u00e4nzen und Ritualen teilnimmt.<\/p>\n\n<p>\ud83c\udfac <strong>SHEILA<\/strong><br\/><strong>Regie &amp; Choreograph<\/strong>: Gabri Christa | <strong>Land<\/strong>: Vereinigte Staaten | <strong>Jahr<\/strong>: 2021 | <strong>Dauer<\/strong>: 8 min<br\/>Ein experimenteller Kurzdokumentarfilm \u00fcber Sheila Rohan, eine der Gr\u00fcnderinnen des Dance Theatre of Harlem, der Tanz und Erinnerung miteinander verbindet.<\/p>\n\n<p>\ud83c\udfac <strong>NEVER LOOK AT THE SUN<\/strong><br\/><strong>Regie<\/strong>: Baloji | <strong>Choreographen<\/strong>: \u00c9lodie Paul, Windy Pamba | <strong>Land<\/strong>: Frankreich | <strong>Jahr<\/strong>: 2019 | <strong>Dauer<\/strong>: 5 min<br\/>Eine visuelle und metaphorische Erkundung des Hautbleichens innerhalb schwarzer Gemeinschaften, in der Tanz und Bilder eine starke Aussage machen.<\/p>\n\n<p>\ud83c\udfac <strong>TERRA MATER<\/strong><br\/><strong>Regie<\/strong>: Kantarama Gahigiri | <strong>Land<\/strong>: : Schweiz, Ruanda | <strong>Jahr<\/strong>: 2023 | <strong>Dauer<\/strong>: 10 min<br\/>Eine G\u00f6ttin des Technikm\u00fclls steht inmitten von Tr\u00fcmmerbergen und ruft nach Verantwortung f\u00fcr die Folgen von Kapitalismus und Kolonialismus.<\/p>\n\n<p>\ud83c\udfac <strong>THEN COMES THE BODY<\/strong><br\/><strong>Regie<\/strong>: Jacob Krupnick | <strong>Choreograf<\/strong>: Daniel Ajala | <strong>Land<\/strong>: Nigeria, Vereinigte Staaten | <strong>Jahr<\/strong>: 2023 | <strong>Dauer<\/strong>: 15 min<br\/>Die Geschichte hinter einem viralen Video von Kindern, die im Regen tanzen, und wie eine unwahrscheinliche Ballettschule in Lagos die Welt im Sturm eroberte.<\/p>\n\n<p>\ud83c\udfac <strong>LA VISITE<\/strong><br\/><strong>Regie<\/strong>: Tommy Pascal | <strong>Choreograf<\/strong>: Wanjiru Kamuyu | <strong>Land<\/strong>: Frankreich | <strong>Jahr<\/strong>: 2020 | <strong>Dauer<\/strong>: 10 min<br\/>Ein Tanzfilm, der die koloniale Vergangenheit und ihre heutigen Auswirkungen im Palais de la Porte Dor\u00e9e in Paris reflektiert.<\/p>\n\n<p>\ud83c\udfac <strong>A REVOLUTION OF LOVE<\/strong><br\/><strong>Regie<\/strong>: Weyni Mengesha, Lucius Dechausay | <strong>Choreografie<\/strong>: Esie Mensah | <strong>Land<\/strong>: Kanada | <strong>Jahr<\/strong>: 2020 | <strong>Dauer<\/strong>: 5 min<br\/>Eine junge schwarze Frau reflektiert durch Tanz \u00fcber die Geschichte ihrer Vorfahren und die Gewalt in ihrer Gemeinschaft.<\/p>\n\n<p>\ud83c\udfac <strong>TAJABONE<\/strong><br\/><strong>Regie<\/strong>: Raphael Chatelain, Nicolas Huchard | <strong>Choreograf<\/strong>: Nicolas Huchard | <strong>Land<\/strong>: Frankreich | <strong>Jahr<\/strong>: 2021 | <strong>Dauer<\/strong>: 4 min<br\/>Eine Feier der franz\u00f6sischen schwarzen Queer-Community mit Schwerpunkt auf Tanz und Stolz, inspiriert von der senegalesischen Tradition des Cross-Dressing w\u00e4hrend Tajabone.<\/p>\n\n<hr class=\"wp-block-separator has-css-opacity\"\/>\n\n<figure class=\"wp-block-gallery has-nested-images columns-default is-cropped wp-block-gallery-1 is-layout-flex wp-block-gallery-is-layout-flex\">\n<figure class=\"wp-block-image size-large\"><img data-recalc-dims=\"1\" decoding=\"async\" width=\"640\" height=\"337\" data-id=\"10198\" src=\"https:\/\/i0.wp.com\/schrittmacherfestival.nl\/wp-content\/uploads\/2024\/12\/k-Dance-as-ritual-filmstill-Kankantri-by-Gabri-Christa-kopieren-1.webp?resize=640%2C337&#038;ssl=1\" alt=\"\" class=\"wp-image-10198\" srcset=\"https:\/\/i0.wp.com\/schrittmacherfestival.nl\/wp-content\/uploads\/2024\/12\/k-Dance-as-ritual-filmstill-Kankantri-by-Gabri-Christa-kopieren-1.webp?resize=1024%2C539&amp;ssl=1 1024w, https:\/\/i0.wp.com\/schrittmacherfestival.nl\/wp-content\/uploads\/2024\/12\/k-Dance-as-ritual-filmstill-Kankantri-by-Gabri-Christa-kopieren-1.webp?resize=300%2C158&amp;ssl=1 300w, https:\/\/i0.wp.com\/schrittmacherfestival.nl\/wp-content\/uploads\/2024\/12\/k-Dance-as-ritual-filmstill-Kankantri-by-Gabri-Christa-kopieren-1.webp?resize=768%2C404&amp;ssl=1 768w, https:\/\/i0.wp.com\/schrittmacherfestival.nl\/wp-content\/uploads\/2024\/12\/k-Dance-as-ritual-filmstill-Kankantri-by-Gabri-Christa-kopieren-1.webp?resize=31%2C16&amp;ssl=1 31w, https:\/\/i0.wp.com\/schrittmacherfestival.nl\/wp-content\/uploads\/2024\/12\/k-Dance-as-ritual-filmstill-Kankantri-by-Gabri-Christa-kopieren-1.webp?w=1280&amp;ssl=1 1280w\" sizes=\"(max-width: 640px) 100vw, 640px\" \/><\/figure>\n<\/figure>\n\n<hr class=\"wp-block-separator has-css-opacity\"\/>\n","protected":false},"excerpt":{"rendered":"<p>Klasse Apart Projects \/ Raenys Martis Savelbergkapel, HeerlenFr 21.03.2025 (19.00 &#8211; 22.00 Uhr)Sa 22.03.2025 + So 23.03.2025 (11.00 &#8211; 16.00 Uhr)Eintritt frei Klasse Apart Projects pr\u00e4sentiert in der Savelbergkapel ein einzigartiges Programm \u00fcber spirituelle und folkloristische Tanztraditionen aus der Afro-Diaspora. Von uralten Ritualen wie dem Sabar-, Djembe- und Yoruba-Tanz, dem afro-brasilianischen Candombl\u00e9, den kubanischen Los Orishas und dem Tamb\u00fa aus [&hellip;]<\/p>\n","protected":false},"author":1,"featured_media":0,"parent":0,"menu_order":0,"comment_status":"closed","ping_status":"closed","template":"","meta":{"_acf_changed":false,"footnotes":""},"class_list":["post-10201","page","type-page","status-publish","hentry"],"aioseo_notices":[],"acf":[],"jetpack_sharing_enabled":true,"_links":{"self":[{"href":"https:\/\/schrittmacherfestival.nl\/de\/wp-json\/wp\/v2\/pages\/10201","targetHints":{"allow":["GET"]}}],"collection":[{"href":"https:\/\/schrittmacherfestival.nl\/de\/wp-json\/wp\/v2\/pages"}],"about":[{"href":"https:\/\/schrittmacherfestival.nl\/de\/wp-json\/wp\/v2\/types\/page"}],"author":[{"embeddable":true,"href":"https:\/\/schrittmacherfestival.nl\/de\/wp-json\/wp\/v2\/users\/1"}],"replies":[{"embeddable":true,"href":"https:\/\/schrittmacherfestival.nl\/de\/wp-json\/wp\/v2\/comments?post=10201"}],"version-history":[{"count":6,"href":"https:\/\/schrittmacherfestival.nl\/de\/wp-json\/wp\/v2\/pages\/10201\/revisions"}],"predecessor-version":[{"id":11151,"href":"https:\/\/schrittmacherfestival.nl\/de\/wp-json\/wp\/v2\/pages\/10201\/revisions\/11151"}],"wp:attachment":[{"href":"https:\/\/schrittmacherfestival.nl\/de\/wp-json\/wp\/v2\/media?parent=10201"}],"curies":[{"name":"wp","href":"https:\/\/api.w.org\/{rel}","templated":true}]}}