{"id":10220,"date":"2024-12-05T15:41:36","date_gmt":"2024-12-05T15:41:36","guid":{"rendered":"https:\/\/schrittmacherfestival.nl\/figures-in-phases\/"},"modified":"2024-12-16T10:43:26","modified_gmt":"2024-12-16T10:43:26","slug":"figures-in-phases","status":"publish","type":"page","link":"https:\/\/schrittmacherfestival.nl\/de\/figures-in-phases\/","title":{"rendered":"Figures in Phases"},"content":{"rendered":"\n<h1 class=\"wp-block-heading has-black-color has-text-color\" id=\"hofesh-shechter-company-gbr\"><strong>NDT project<\/strong><\/h1>\n\n<p><strong>Cultuurhuis Heerlen<\/strong><br\/><strong><strong>Do 10.04.2025<\/strong><\/strong><br\/><strong>19.00 Uhr<\/strong><br\/><strong>Von 9,50 \u20ac<\/strong><\/p>\n\n<figure class=\"wp-block-image alignwide size-full\"><img data-recalc-dims=\"1\" fetchpriority=\"high\" decoding=\"async\" width=\"640\" height=\"263\" src=\"https:\/\/i0.wp.com\/schrittmacherfestival.nl\/wp-content\/uploads\/2024\/12\/k-HVN02463-e1733413021631.webp?resize=640%2C263&#038;ssl=1\" alt=\"\" class=\"wp-image-10217\" srcset=\"https:\/\/i0.wp.com\/schrittmacherfestival.nl\/wp-content\/uploads\/2024\/12\/k-HVN02463-e1733413021631.webp?w=1169&amp;ssl=1 1169w, https:\/\/i0.wp.com\/schrittmacherfestival.nl\/wp-content\/uploads\/2024\/12\/k-HVN02463-e1733413021631.webp?resize=300%2C123&amp;ssl=1 300w, https:\/\/i0.wp.com\/schrittmacherfestival.nl\/wp-content\/uploads\/2024\/12\/k-HVN02463-e1733413021631.webp?resize=1024%2C420&amp;ssl=1 1024w, https:\/\/i0.wp.com\/schrittmacherfestival.nl\/wp-content\/uploads\/2024\/12\/k-HVN02463-e1733413021631.webp?resize=768%2C315&amp;ssl=1 768w, https:\/\/i0.wp.com\/schrittmacherfestival.nl\/wp-content\/uploads\/2024\/12\/k-HVN02463-e1733413021631.webp?resize=31%2C13&amp;ssl=1 31w\" sizes=\"(max-width: 640px) 100vw, 640px\" \/><\/figure>\n\n<hr class=\"wp-block-separator has-css-opacity\"\/>\n\n<h2 class=\"wp-block-heading\"><strong><strong>In Zusammenarbeit mit MBO Dans und AZC De Vrolijkheid<\/strong><\/strong><\/h2>\n\n<p>Mit der NDT-Vorstellung \u201eFigures in Extinction\u201c er\u00f6ffnen wir eine p\u00e4dagogische Route, auf der wir junge Menschen \u00fcber das Erbe Heerlens und \u00fcber wichtige gesellschaftliche Themen mit der Tanzkunst verbinden. In das Projekt beziehen wir junge Menschen zu folgenden Fragen ein: Wo sp\u00fcrst du die Entfremdung von der Natur? Bei deinen Mitmenschen? Beim spirituellen Leben oder bei der tieferen Bedeutung unseres Seins? Und wie beeinflusst diese Entfremdung dein allt\u00e4gliches Leben? Anhand von Tanz und Theater erfahren junge Menschen, wie neue Perspektiven in Bezug auf Probleme entstehen k\u00f6nnen, die in uns als Menschen Gef\u00fchle der Unbedeutendheit und Machtlosigkeit ausl\u00f6sen k\u00f6nnen. Die Teilnehmenden, Sch\u00fcler*innen der Sekundarstufe und Jugendliche der beruflichen Sekundarbildung MBO dans (Tanz) und AZC De Vrolijkheid werden unter Anleitung des NDT an einer Abschlusspr\u00e4sentation arbeiten.<\/p>\n\n<hr class=\"wp-block-separator has-css-opacity\"\/>\n\n<div class=\"wp-block-buttons is-horizontal is-content-justification-center is-layout-flex wp-container-core-buttons-is-layout-499968f5 wp-block-buttons-is-layout-flex\">\n<div class=\"wp-block-button\"><a class=\"wp-block-button__link has-white-color has-black-background-color has-text-color has-background wp-element-button\" href=\"https:\/\/www.plt.nl\/bestel\/12585\" target=\"_blank\" rel=\"noreferrer noopener\"><strong>Tickets Do<\/strong> <strong>10.04 | <strong>19.00<\/strong>Uhr<\/strong><\/a><\/div>\n<\/div>\n\n<hr class=\"wp-block-separator has-css-opacity\"\/>\n\n<div class=\"wp-block-jetpack-tiled-gallery aligncenter is-style-rectangular\"><div class=\"\"><div class=\"tiled-gallery__gallery\"><div class=\"tiled-gallery__row\"><div class=\"tiled-gallery__col\" style=\"flex-basis:69.18349%\"><figure class=\"tiled-gallery__item\"><img decoding=\"async\" srcset=\"https:\/\/i0.wp.com\/schrittmacherfestival.nl\/wp-content\/uploads\/2024\/12\/k-HVN02463-1-1024x682.jpg?strip=info&#038;w=600&#038;ssl=1 600w,https:\/\/i0.wp.com\/schrittmacherfestival.nl\/wp-content\/uploads\/2024\/12\/k-HVN02463-1-1024x682.jpg?strip=info&#038;w=900&#038;ssl=1 900w,https:\/\/i0.wp.com\/schrittmacherfestival.nl\/wp-content\/uploads\/2024\/12\/k-HVN02463-1-1024x682.jpg?strip=info&#038;w=1169&#038;ssl=1 1169w\" alt=\"\" data-height=\"779\" data-id=\"10212\" data-link=\"https:\/\/schrittmacherfestival.nl\/?attachment_id=10212\" data-url=\"https:\/\/schrittmacherfestival.nl\/wp-content\/uploads\/2024\/12\/k-HVN02463-1-1024x682.jpg\" data-width=\"1169\" src=\"https:\/\/i0.wp.com\/schrittmacherfestival.nl\/wp-content\/uploads\/2024\/12\/k-HVN02463-1-1024x682.jpg?ssl=1\" data-amp-layout=\"responsive\" tabindex=\"0\" role=\"button\" aria-label=\"Afbeelding 1 of 2 op volledig scherm openen\"\/><\/figure><\/div><div class=\"tiled-gallery__col\" style=\"flex-basis:30.81651%\"><figure class=\"tiled-gallery__item\"><img decoding=\"async\" srcset=\"https:\/\/i0.wp.com\/schrittmacherfestival.nl\/wp-content\/uploads\/2024\/12\/k-HVN02853-1-683x1024.jpg?strip=info&#038;w=600&#038;ssl=1 600w,https:\/\/i0.wp.com\/schrittmacherfestival.nl\/wp-content\/uploads\/2024\/12\/k-HVN02853-1-683x1024.jpg?strip=info&#038;w=900&#038;ssl=1 900w,https:\/\/i0.wp.com\/schrittmacherfestival.nl\/wp-content\/uploads\/2024\/12\/k-HVN02853-1-683x1024.jpg?strip=info&#038;w=1175&#038;ssl=1 1175w\" alt=\"\" data-height=\"1762\" data-id=\"10214\" data-link=\"https:\/\/schrittmacherfestival.nl\/?attachment_id=10214\" data-url=\"https:\/\/schrittmacherfestival.nl\/wp-content\/uploads\/2024\/12\/k-HVN02853-1-683x1024.jpg\" data-width=\"1175\" src=\"https:\/\/i0.wp.com\/schrittmacherfestival.nl\/wp-content\/uploads\/2024\/12\/k-HVN02853-1-683x1024.jpg?ssl=1\" data-amp-layout=\"responsive\" tabindex=\"0\" role=\"button\" aria-label=\"Afbeelding 2 of 2 op volledig scherm openen\"\/><\/figure><\/div><\/div><\/div><\/div><\/div>\r\n\n<hr class=\"wp-block-separator has-css-opacity\"\/>\n","protected":false},"excerpt":{"rendered":"<p>NDT project Cultuurhuis HeerlenDo 10.04.202519.00 UhrVon 9,50 \u20ac In Zusammenarbeit mit MBO Dans und AZC De Vrolijkheid Mit der NDT-Vorstellung \u201eFigures in Extinction\u201c er\u00f6ffnen wir eine p\u00e4dagogische Route, auf der wir junge Menschen \u00fcber das Erbe Heerlens und \u00fcber wichtige gesellschaftliche Themen mit der Tanzkunst verbinden. In das Projekt beziehen wir junge Menschen zu folgenden Fragen ein: Wo sp\u00fcrst du [&hellip;]<\/p>\n","protected":false},"author":1,"featured_media":0,"parent":0,"menu_order":0,"comment_status":"closed","ping_status":"closed","template":"","meta":{"_acf_changed":false,"footnotes":""},"class_list":["post-10220","page","type-page","status-publish","hentry"],"aioseo_notices":[],"acf":[],"jetpack_sharing_enabled":true,"_links":{"self":[{"href":"https:\/\/schrittmacherfestival.nl\/de\/wp-json\/wp\/v2\/pages\/10220","targetHints":{"allow":["GET"]}}],"collection":[{"href":"https:\/\/schrittmacherfestival.nl\/de\/wp-json\/wp\/v2\/pages"}],"about":[{"href":"https:\/\/schrittmacherfestival.nl\/de\/wp-json\/wp\/v2\/types\/page"}],"author":[{"embeddable":true,"href":"https:\/\/schrittmacherfestival.nl\/de\/wp-json\/wp\/v2\/users\/1"}],"replies":[{"embeddable":true,"href":"https:\/\/schrittmacherfestival.nl\/de\/wp-json\/wp\/v2\/comments?post=10220"}],"version-history":[{"count":3,"href":"https:\/\/schrittmacherfestival.nl\/de\/wp-json\/wp\/v2\/pages\/10220\/revisions"}],"predecessor-version":[{"id":10884,"href":"https:\/\/schrittmacherfestival.nl\/de\/wp-json\/wp\/v2\/pages\/10220\/revisions\/10884"}],"wp:attachment":[{"href":"https:\/\/schrittmacherfestival.nl\/de\/wp-json\/wp\/v2\/media?parent=10220"}],"curies":[{"name":"wp","href":"https:\/\/api.w.org\/{rel}","templated":true}]}}