{"id":10295,"date":"2024-12-07T09:29:03","date_gmt":"2024-12-07T09:29:03","guid":{"rendered":"https:\/\/schrittmacherfestival.nl\/la-la-land\/"},"modified":"2024-12-07T09:29:18","modified_gmt":"2024-12-07T09:29:18","slug":"la-la-land","status":"publish","type":"page","link":"https:\/\/schrittmacherfestival.nl\/de\/la-la-land\/","title":{"rendered":"La La Land"},"content":{"rendered":"\n<h1 class=\"wp-block-heading has-black-color has-text-color\" id=\"hofesh-shechter-company-gbr\"><strong>Regie: <\/strong>Damien Chazelle, 2016\u00a0<strong>(USA)<\/strong><\/h1>\n\n<p><strong>Capitol Aachen<\/strong><br\/><strong>Mi 26.03.2025<\/strong><br\/><strong>20.00 Uhr<\/strong><br\/><strong>Von 14,90 \u20ac<\/strong><\/p>\n\n<figure class=\"wp-block-image alignwide size-full\"><img data-recalc-dims=\"1\" fetchpriority=\"high\" decoding=\"async\" width=\"640\" height=\"267\" src=\"https:\/\/i0.wp.com\/schrittmacherfestival.nl\/wp-content\/uploads\/2024\/12\/k-la-la-land-1-kopieren-e1733563103726.webp?resize=640%2C267&#038;ssl=1\" alt=\"\" class=\"wp-image-10292\" srcset=\"https:\/\/i0.wp.com\/schrittmacherfestival.nl\/wp-content\/uploads\/2024\/12\/k-la-la-land-1-kopieren-e1733563103726.webp?w=960&amp;ssl=1 960w, https:\/\/i0.wp.com\/schrittmacherfestival.nl\/wp-content\/uploads\/2024\/12\/k-la-la-land-1-kopieren-e1733563103726.webp?resize=300%2C125&amp;ssl=1 300w, https:\/\/i0.wp.com\/schrittmacherfestival.nl\/wp-content\/uploads\/2024\/12\/k-la-la-land-1-kopieren-e1733563103726.webp?resize=768%2C320&amp;ssl=1 768w, https:\/\/i0.wp.com\/schrittmacherfestival.nl\/wp-content\/uploads\/2024\/12\/k-la-la-land-1-kopieren-e1733563103726.webp?resize=31%2C13&amp;ssl=1 31w\" sizes=\"(max-width: 640px) 100vw, 640px\" \/><\/figure>\n\n<hr class=\"wp-block-separator has-css-opacity\"\/>\n\n<p>Ausgezeichnet mit 7 Golden Globes und 6 Oscars.<br\/>Die leidenschaftliche Schauspielerin Mia (Emma Stone) und der charismatische Jazzmusiker Sebastian (Ryan Gosling) suchen das gro\u00dfe Gl\u00fcck in Los Angeles. Sie halten sich mit Nebenjobs \u00fcber Wasser und nachdem sich ihre Wege zuf\u00e4llig kreuzen, verlieben sie sich Hals \u00fcber Kopf ineinander. Gemeinsam schmieden sie Pl\u00e4ne f\u00fcr ihre Zukunft auf der B\u00fchne und genie\u00dfen den Zauber der jungen Liebe in \u201eLa La Land\u201d \u2013 der Stadt der Tr\u00e4ume. Doch schon bald m\u00fcssen Mia und Sebastian einsehen, dass sie Opfer bringen m\u00fcssen um ihren Tr\u00e4umen n\u00e4her zu kommen. Kann ihre Beziehung diesem Druck standhalten? (Quelle: Verleih)<\/p>\n\n<p>Musikfilm \/ Liebesfilm<br\/>Mit Emma Stone, Ryan Gosling, J.K. Simmons<br\/>Deutsche Synchronisierung<br\/>128 min.<br\/>FSK: Alle Alterklassen<\/p>\n\n<hr class=\"wp-block-separator has-css-opacity\"\/>\n\n<div class=\"wp-block-buttons is-horizontal is-content-justification-center is-layout-flex wp-container-core-buttons-is-layout-499968f5 wp-block-buttons-is-layout-flex\">\n<div class=\"wp-block-button\"><a class=\"wp-block-button__link has-white-color has-black-background-color has-text-color has-background wp-element-button\" href=\"https:\/\/www.capitol-aachen.de\/programm\"><strong>Tickets Mi 26.03 | 20.00 Uhr | erh\u00e4ltlich ab 01.02.2025<\/strong><\/a><\/div>\n<\/div>\n\n<hr class=\"wp-block-separator has-css-opacity\"\/>\n\n<figure class=\"wp-block-embed is-type-video is-provider-youtube wp-block-embed-youtube wp-embed-aspect-16-9 wp-has-aspect-ratio\"><div class=\"wp-block-embed__wrapper\">\r\n<iframe  id=\"_ytid_21343\"  width=\"640\" height=\"360\"  data-origwidth=\"640\" data-origheight=\"360\" src=\"https:\/\/www.youtube.com\/embed\/tlKnPAE4-zA?enablejsapi=1&#038;autoplay=0&#038;cc_load_policy=0&#038;cc_lang_pref=&#038;iv_load_policy=1&#038;loop=0&#038;rel=1&#038;fs=1&#038;playsinline=0&#038;autohide=2&#038;theme=dark&#038;color=red&#038;controls=1&#038;disablekb=0&#038;\" class=\"__youtube_prefs__  epyt-is-override  no-lazyload\" title=\"YouTube player\"  allow=\"fullscreen; accelerometer; autoplay; clipboard-write; encrypted-media; gyroscope; picture-in-picture; web-share\" referrerpolicy=\"strict-origin-when-cross-origin\" allowfullscreen data-no-lazy=\"1\" data-skipgform_ajax_framebjll=\"\"><\/iframe>\n<\/div><\/figure>\r\n\n<hr class=\"wp-block-separator has-css-opacity\"\/>\n","protected":false},"excerpt":{"rendered":"<p>Regie: Damien Chazelle, 2016\u00a0(USA) Capitol AachenMi 26.03.202520.00 UhrVon 14,90 \u20ac Ausgezeichnet mit 7 Golden Globes und 6 Oscars.Die leidenschaftliche Schauspielerin Mia (Emma Stone) und der charismatische Jazzmusiker Sebastian (Ryan Gosling) suchen das gro\u00dfe Gl\u00fcck in Los Angeles. Sie halten sich mit Nebenjobs \u00fcber Wasser und nachdem sich ihre Wege zuf\u00e4llig kreuzen, verlieben sie sich Hals \u00fcber Kopf ineinander. Gemeinsam schmieden [&hellip;]<\/p>\n","protected":false},"author":1,"featured_media":0,"parent":0,"menu_order":0,"comment_status":"closed","ping_status":"closed","template":"","meta":{"_acf_changed":false,"footnotes":""},"class_list":["post-10295","page","type-page","status-publish","hentry"],"aioseo_notices":[],"acf":[],"jetpack_sharing_enabled":true,"_links":{"self":[{"href":"https:\/\/schrittmacherfestival.nl\/de\/wp-json\/wp\/v2\/pages\/10295","targetHints":{"allow":["GET"]}}],"collection":[{"href":"https:\/\/schrittmacherfestival.nl\/de\/wp-json\/wp\/v2\/pages"}],"about":[{"href":"https:\/\/schrittmacherfestival.nl\/de\/wp-json\/wp\/v2\/types\/page"}],"author":[{"embeddable":true,"href":"https:\/\/schrittmacherfestival.nl\/de\/wp-json\/wp\/v2\/users\/1"}],"replies":[{"embeddable":true,"href":"https:\/\/schrittmacherfestival.nl\/de\/wp-json\/wp\/v2\/comments?post=10295"}],"version-history":[{"count":1,"href":"https:\/\/schrittmacherfestival.nl\/de\/wp-json\/wp\/v2\/pages\/10295\/revisions"}],"predecessor-version":[{"id":10296,"href":"https:\/\/schrittmacherfestival.nl\/de\/wp-json\/wp\/v2\/pages\/10295\/revisions\/10296"}],"wp:attachment":[{"href":"https:\/\/schrittmacherfestival.nl\/de\/wp-json\/wp\/v2\/media?parent=10295"}],"curies":[{"name":"wp","href":"https:\/\/api.w.org\/{rel}","templated":true}]}}