{"id":10306,"date":"2024-12-07T10:26:32","date_gmt":"2024-12-07T10:26:32","guid":{"rendered":"https:\/\/schrittmacherfestival.nl\/flashdance\/"},"modified":"2024-12-07T10:28:37","modified_gmt":"2024-12-07T10:28:37","slug":"flashdance","status":"publish","type":"page","link":"https:\/\/schrittmacherfestival.nl\/de\/flashdance\/","title":{"rendered":"Flashdance"},"content":{"rendered":"\n<h1 class=\"wp-block-heading has-black-color has-text-color\" id=\"hofesh-shechter-company-gbr\"><strong>Regie: Adrian Lyne<\/strong>, 1983\u00a0<strong>(USA)<\/strong><\/h1>\n\n<p><strong>Capitol Aachen<\/strong><br\/><strong>Mi 02.04.2025<\/strong><br\/><strong>20.00 Uhr<\/strong><br\/><strong>Von 12,90 \u20ac<\/strong><\/p>\n\n<figure class=\"wp-block-image alignwide size-full\"><img data-recalc-dims=\"1\" fetchpriority=\"high\" decoding=\"async\" width=\"640\" height=\"266\" src=\"https:\/\/i0.wp.com\/schrittmacherfestival.nl\/wp-content\/uploads\/2024\/12\/k-flashdance-02-kopieren-e1733566637304.webp?resize=640%2C266&#038;ssl=1\" alt=\"\" class=\"wp-image-10303\" srcset=\"https:\/\/i0.wp.com\/schrittmacherfestival.nl\/wp-content\/uploads\/2024\/12\/k-flashdance-02-kopieren-e1733566637304.webp?w=1190&amp;ssl=1 1190w, https:\/\/i0.wp.com\/schrittmacherfestival.nl\/wp-content\/uploads\/2024\/12\/k-flashdance-02-kopieren-e1733566637304.webp?resize=300%2C125&amp;ssl=1 300w, https:\/\/i0.wp.com\/schrittmacherfestival.nl\/wp-content\/uploads\/2024\/12\/k-flashdance-02-kopieren-e1733566637304.webp?resize=1024%2C425&amp;ssl=1 1024w, https:\/\/i0.wp.com\/schrittmacherfestival.nl\/wp-content\/uploads\/2024\/12\/k-flashdance-02-kopieren-e1733566637304.webp?resize=768%2C319&amp;ssl=1 768w, https:\/\/i0.wp.com\/schrittmacherfestival.nl\/wp-content\/uploads\/2024\/12\/k-flashdance-02-kopieren-e1733566637304.webp?resize=31%2C13&amp;ssl=1 31w\" sizes=\"(max-width: 640px) 100vw, 640px\" \/><\/figure>\n\n<hr class=\"wp-block-separator has-css-opacity\"\/>\n\n<p>\u201eFlashdance\u201c erz\u00e4hlt die Geschichte der 18-j\u00e4hrigen Alexandra Owens, die tags\u00fcber als Schwei\u00dferin in einem Stahlwerk und nachts als T\u00e4nzerin im Club Mawby\u2019s arbeitet. Sie tr\u00e4umt von Unabh\u00e4ngigkeit, der gro\u00dfen Liebe und einer Aufnahme im Pittsburgh Conservatory of Dance. Eines Nachts bemerkt Nick Hurley, der Besitzer des Stahlwerks, Alex, und die beiden kommen sich n\u00e4her. Als Alex ihn jedoch mit einer anderen Frau sieht, wird sie w\u00fctend und zerst\u00f6rt sein Fenster. Sp\u00e4ter erf\u00e4hrt sie, dass er seine Ex-Ehefrau getroffen hat. Durch ihre Mentorin, die ehemalige Ballerina Hanna Long, fasst Alex den Mut, sich um ein Vortanzen beim Pittsburgh Conservatory zu bewerben. Nick arrangiert das Vortanzen f\u00fcr sie, doch da Alex keine professionelle Tanzausbildung hat, pr\u00e4sentiert sie ihre eigene Choreographie. Wird sie die Juroren \u00fcberzeugen und ihren Traum verwirklichen? (Quelle: Verleih)<\/p>\n\n<p>In Kooperation mit der \u201eKinofamilie St\u00fcrtz.<\/p>\n\n<p>Musikfilm \/ Drama \/ Liebesfilm<br\/>Mit Jennifer Beals, Kyle T. Heffner, Lilia Skala, Michael Nouri, Sunny Johnson<br\/>Deutsche Synchronisierung<br\/>94 min.<br\/>FSB: 12<\/p>\n\n<hr class=\"wp-block-separator has-css-opacity\"\/>\n\n<div class=\"wp-block-buttons is-horizontal is-content-justification-center is-layout-flex wp-container-core-buttons-is-layout-499968f5 wp-block-buttons-is-layout-flex\">\n<div class=\"wp-block-button\"><a class=\"wp-block-button__link has-white-color has-black-background-color has-text-color has-background wp-element-button\" href=\"https:\/\/www.capitol-aachen.de\/programm\"><strong>Tickets Mi 02.04 | 20.00 Uhr | erh\u00e4ltlich ab 01.02.2025<\/strong><\/a><\/div>\n<\/div>\n\n<hr class=\"wp-block-separator has-css-opacity\"\/>\n\n<figure class=\"wp-block-embed is-type-video is-provider-youtube wp-block-embed-youtube wp-embed-aspect-16-9 wp-has-aspect-ratio\"><div class=\"wp-block-embed__wrapper\">\r\n<iframe  id=\"_ytid_32137\"  width=\"640\" height=\"360\"  data-origwidth=\"640\" data-origheight=\"360\" src=\"https:\/\/www.youtube.com\/embed\/0nF6-U1ba_A?enablejsapi=1&#038;autoplay=0&#038;cc_load_policy=0&#038;cc_lang_pref=&#038;iv_load_policy=1&#038;loop=0&#038;rel=1&#038;fs=1&#038;playsinline=0&#038;autohide=2&#038;theme=dark&#038;color=red&#038;controls=1&#038;disablekb=0&#038;\" class=\"__youtube_prefs__  epyt-is-override  no-lazyload\" title=\"YouTube player\"  allow=\"fullscreen; accelerometer; autoplay; clipboard-write; encrypted-media; gyroscope; picture-in-picture; web-share\" referrerpolicy=\"strict-origin-when-cross-origin\" allowfullscreen data-no-lazy=\"1\" data-skipgform_ajax_framebjll=\"\"><\/iframe>\n<\/div><\/figure>\r\n\n<hr class=\"wp-block-separator has-css-opacity\"\/>\n","protected":false},"excerpt":{"rendered":"<p>Regie: Adrian Lyne, 1983\u00a0(USA) Capitol AachenMi 02.04.202520.00 UhrVon 12,90 \u20ac \u201eFlashdance\u201c erz\u00e4hlt die Geschichte der 18-j\u00e4hrigen Alexandra Owens, die tags\u00fcber als Schwei\u00dferin in einem Stahlwerk und nachts als T\u00e4nzerin im Club Mawby\u2019s arbeitet. Sie tr\u00e4umt von Unabh\u00e4ngigkeit, der gro\u00dfen Liebe und einer Aufnahme im Pittsburgh Conservatory of Dance. Eines Nachts bemerkt Nick Hurley, der Besitzer des Stahlwerks, Alex, und die [&hellip;]<\/p>\n","protected":false},"author":1,"featured_media":0,"parent":0,"menu_order":0,"comment_status":"closed","ping_status":"closed","template":"","meta":{"_acf_changed":false,"footnotes":""},"class_list":["post-10306","page","type-page","status-publish","hentry"],"aioseo_notices":[],"acf":[],"jetpack_sharing_enabled":true,"_links":{"self":[{"href":"https:\/\/schrittmacherfestival.nl\/de\/wp-json\/wp\/v2\/pages\/10306","targetHints":{"allow":["GET"]}}],"collection":[{"href":"https:\/\/schrittmacherfestival.nl\/de\/wp-json\/wp\/v2\/pages"}],"about":[{"href":"https:\/\/schrittmacherfestival.nl\/de\/wp-json\/wp\/v2\/types\/page"}],"author":[{"embeddable":true,"href":"https:\/\/schrittmacherfestival.nl\/de\/wp-json\/wp\/v2\/users\/1"}],"replies":[{"embeddable":true,"href":"https:\/\/schrittmacherfestival.nl\/de\/wp-json\/wp\/v2\/comments?post=10306"}],"version-history":[{"count":4,"href":"https:\/\/schrittmacherfestival.nl\/de\/wp-json\/wp\/v2\/pages\/10306\/revisions"}],"predecessor-version":[{"id":10311,"href":"https:\/\/schrittmacherfestival.nl\/de\/wp-json\/wp\/v2\/pages\/10306\/revisions\/10311"}],"wp:attachment":[{"href":"https:\/\/schrittmacherfestival.nl\/de\/wp-json\/wp\/v2\/media?parent=10306"}],"curies":[{"name":"wp","href":"https:\/\/api.w.org\/{rel}","templated":true}]}}