{"id":10327,"date":"2024-12-07T11:58:04","date_gmt":"2024-12-07T11:58:04","guid":{"rendered":"https:\/\/schrittmacherfestival.nl\/a-bird-named-mansour-muses\/"},"modified":"2025-02-05T12:55:49","modified_gmt":"2025-02-05T12:55:49","slug":"a-bird-named-mansour-muses","status":"publish","type":"page","link":"https:\/\/schrittmacherfestival.nl\/de\/a-bird-named-mansour-muses\/","title":{"rendered":"A bird named Mansour &amp; Muses"},"content":{"rendered":"\n<h1 class=\"wp-block-heading has-black-color has-text-color\" id=\"hofesh-shechter-company-gbr\">Regie: Jordy Dik, 2024\u00a0<strong>(NL\/UK)<\/strong><\/h1>\n\n<p><strong>Royal Theater, Heerlen<\/strong><br\/><strong><strong>So 06.04.2025<\/strong><\/strong><br\/><strong>14.00 Uhr<\/strong><br\/><strong>Von 9,50 \u20ac<\/strong><\/p>\n\n<figure class=\"wp-block-image alignwide size-full\"><img data-recalc-dims=\"1\" fetchpriority=\"high\" decoding=\"async\" width=\"640\" height=\"261\" src=\"https:\/\/i0.wp.com\/schrittmacherfestival.nl\/wp-content\/uploads\/2024\/12\/k-Still-2024-10-04-205309_1.1.11-kopieren-e1733573087301.webp?resize=640%2C261&#038;ssl=1\" alt=\"\" class=\"wp-image-10324\" srcset=\"https:\/\/i0.wp.com\/schrittmacherfestival.nl\/wp-content\/uploads\/2024\/12\/k-Still-2024-10-04-205309_1.1.11-kopieren-e1733573087301.webp?w=902&amp;ssl=1 902w, https:\/\/i0.wp.com\/schrittmacherfestival.nl\/wp-content\/uploads\/2024\/12\/k-Still-2024-10-04-205309_1.1.11-kopieren-e1733573087301.webp?resize=300%2C122&amp;ssl=1 300w, https:\/\/i0.wp.com\/schrittmacherfestival.nl\/wp-content\/uploads\/2024\/12\/k-Still-2024-10-04-205309_1.1.11-kopieren-e1733573087301.webp?resize=768%2C313&amp;ssl=1 768w, https:\/\/i0.wp.com\/schrittmacherfestival.nl\/wp-content\/uploads\/2024\/12\/k-Still-2024-10-04-205309_1.1.11-kopieren-e1733573087301.webp?resize=31%2C13&amp;ssl=1 31w\" sizes=\"(max-width: 640px) 100vw, 640px\" \/><\/figure>\n\n<hr class=\"wp-block-separator has-css-opacity\"\/>\n\n<h2 class=\"wp-block-heading\"><strong>Limburger Premiere<\/strong><\/h2>\n\n<p>Der emotionale Tanzfilm \u201eA Bird Named Mansour\u201c des niederl\u00e4ndischen Choreographen Jordy Dik, der in Zusammenarbeit mit dreizehn T\u00e4nzern der Compagnie Tiuri (NL) und Shechter II (GB) entstand, ist ein Protest gegen die Liebe und eine poetische Ode an die Reise zur Freiheit. \u201eDie Wahrheit lautet, dass niemand von uns frei sein kann, solange nicht jedermann frei ist.\u201c (Maya Angelou). In dem dazugeh\u00f6rigen Dokumentarfilm \u201eMusen\u201c begleiten wir f\u00fcnf Performer der Compagnie Tiuri, ihre T\u00e4nzer und Musen. Sie fuhren f\u00fcr vierzehn Tage nach London, um mit den T\u00e4nzern des ber\u00fchmten Shechter II der Hofesh Shechter Company zu arbeiten: eine v\u00f6llig neue und aufregende Reise f\u00fcr sie alle &#8230;<\/p>\n\n<p>\u201eWer mich wirklich kennenlernen will, muss die Menschen kennenlernen, die mein Inneres wie kein anderer anr\u00fchren k\u00f6nnen\u201c, so Jordy Dik.<br\/><br\/>Unter anderem erm\u00f6glicht durch das Holland Dance Festival und den Fonds Podiumkunsten.<\/p>\n\n<p>urzer Tanzfilm &amp; Dokumentarfilm<br\/>Mit Holly Brennan, Timur Dam, Damien de Hoog, Margriet Jacobs, Yun-Chi Mai, Igor Memic, Eloy Cojal Mestre, Matthea Lara Pedersen, Sabine Van Riel, Piers Sanders, Rowan van Sen, Gaetano Signorelli &amp; Toon Theunissen<br\/>60 min.<br\/>FSK: Alle Altersklassen<\/p>\n\n<p>A bird Named Mansour: ~ 15 min., <br\/>Muses: ~ 20 min., mit anschlie\u00dfender Diskussion [eng]<br\/>Mit Damien de Hoog, Igor Memic, Margriet Jacobs, Sabine Van Riel, Timur Dam<\/p>\n\n<p><strong>Fr 28.03.2025 + Sa 29.03.2025<br\/><a href=\"https:\/\/schrittmacherfestival.nl\/de\/simurgh\/\" title=\"\">Simurgh &#8211; DIK Danstheater<\/a><\/strong><br\/><br\/><br\/><strong>Fr 04.04.2025<br\/><a href=\"https:\/\/schrittmacherfestival.nl\/de\/tanz-in-der-stadt\/\" title=\"\">Tanz in der Stadt<\/a><\/strong><\/p>\n\n<hr class=\"wp-block-separator has-css-opacity\"\/>\n\n<div class=\"wp-block-buttons is-horizontal is-content-justification-center is-layout-flex wp-container-core-buttons-is-layout-499968f5 wp-block-buttons-is-layout-flex\">\n<div class=\"wp-block-button\"><a class=\"wp-block-button__link has-white-color has-black-background-color has-text-color has-background wp-element-button\" href=\"https:\/\/www.plt.nl\/bestel\/12592\" target=\"_blank\" rel=\"noreferrer noopener\"><strong>Tickets So 06.04 | 14.00 Uhr<\/strong><\/a><\/div>\n<\/div>\n\n<hr class=\"wp-block-separator has-css-opacity\"\/>\n\n<p>Jordy Dik, Choreograph und Community-K\u00fcnstler, \u00fcbernimmt in seinem Kurzfilm \u201eA Bird Named Mansour\u201c die Rolle des Regisseurs. Der Film unterstreicht Jordy Diks Engagement f\u00fcr die Entwicklung eines international anerkannten, inklusiven Tanzbereichs. F\u00fcr Jordy ist &#8218;A Bird Named Mansour&#8216; sowohl ein kreativer Meilenstein als auch ein Schritt in Richtung einer bedeutungsvollen Zukunft f\u00fcr grenz\u00fcberschreitende Community Arts und integrativen Tanz. Der Film wurde im Sommer 2024 im prestigetr\u00e4chtigen Somerset House in London gedreht und war Teil des \u201eFast Forward\u201c-Programms des Fonds Podiumkunsten in den Niederlanden. In diesem Zusammenhang bekam Jordy die Gelegenheit, mit den fantastischen T\u00e4nzern der Hofesh Shechter Company und seinen T\u00e4nzern der Compagnie Tiuri zu arbeiten. Der Film war das Ergebnis des ersten Teils dieser umfassenden und internationalen Studie mit dem Titel \u201eA Bigger Movement\u201c.<br\/><br\/>Die Compagnie Tiuri hat die Niederlande in den letzten Jahren mit ihren wahrhaft inklusiven Tanzauff\u00fchrungen, an denen Menschen mit und ohne geistige Behinderung teilnehmen, im Sturm erobert.<\/p>\n\n<hr class=\"wp-block-separator has-css-opacity\"\/>\n","protected":false},"excerpt":{"rendered":"<p>Regie: Jordy Dik, 2024\u00a0(NL\/UK) Royal Theater, HeerlenSo 06.04.202514.00 UhrVon 9,50 \u20ac Limburger Premiere Der emotionale Tanzfilm \u201eA Bird Named Mansour\u201c des niederl\u00e4ndischen Choreographen Jordy Dik, der in Zusammenarbeit mit dreizehn T\u00e4nzern der Compagnie Tiuri (NL) und Shechter II (GB) entstand, ist ein Protest gegen die Liebe und eine poetische Ode an die Reise zur Freiheit. \u201eDie Wahrheit lautet, dass niemand [&hellip;]<\/p>\n","protected":false},"author":1,"featured_media":0,"parent":0,"menu_order":0,"comment_status":"closed","ping_status":"closed","template":"","meta":{"_acf_changed":false,"footnotes":""},"class_list":["post-10327","page","type-page","status-publish","hentry"],"aioseo_notices":[],"acf":[],"jetpack_sharing_enabled":true,"_links":{"self":[{"href":"https:\/\/schrittmacherfestival.nl\/de\/wp-json\/wp\/v2\/pages\/10327","targetHints":{"allow":["GET"]}}],"collection":[{"href":"https:\/\/schrittmacherfestival.nl\/de\/wp-json\/wp\/v2\/pages"}],"about":[{"href":"https:\/\/schrittmacherfestival.nl\/de\/wp-json\/wp\/v2\/types\/page"}],"author":[{"embeddable":true,"href":"https:\/\/schrittmacherfestival.nl\/de\/wp-json\/wp\/v2\/users\/1"}],"replies":[{"embeddable":true,"href":"https:\/\/schrittmacherfestival.nl\/de\/wp-json\/wp\/v2\/comments?post=10327"}],"version-history":[{"count":9,"href":"https:\/\/schrittmacherfestival.nl\/de\/wp-json\/wp\/v2\/pages\/10327\/revisions"}],"predecessor-version":[{"id":10949,"href":"https:\/\/schrittmacherfestival.nl\/de\/wp-json\/wp\/v2\/pages\/10327\/revisions\/10949"}],"wp:attachment":[{"href":"https:\/\/schrittmacherfestival.nl\/de\/wp-json\/wp\/v2\/media?parent=10327"}],"curies":[{"name":"wp","href":"https:\/\/api.w.org\/{rel}","templated":true}]}}