{"id":1036,"date":"2021-06-04T10:41:39","date_gmt":"2021-06-04T10:41:39","guid":{"rendered":"https:\/\/schrittmacherfestival.nl\/a-mon-bel-amour\/"},"modified":"2021-07-05T08:04:26","modified_gmt":"2021-07-05T08:04:26","slug":"a-mon-bel-amour","status":"publish","type":"page","link":"https:\/\/schrittmacherfestival.nl\/de\/a-mon-bel-amour\/","title":{"rendered":"A mon bel Amour"},"content":{"rendered":"\n<h2 class=\"wp-block-heading\"><span style=\"color:#000000\" class=\"tadv-color\">Par Terre \/ Anne Ngyen Dance Company<\/span><\/h2>\n\n\n\n<p><strong><span style=\"background-color:#f5ec5a\" class=\"tadv-background-color\"><strong>T<strong>HEATER HEERLEN \u2013 RABOzaal<\/strong><\/strong><\/span><\/strong><br><strong><span style=\"background-color:#f5ec5a\" class=\"tadv-background-color\">Mo 05.07.2021 <\/span><\/strong><br><strong><span style=\"background-color:#f5ec5a\" class=\"tadv-background-color\">20.00 Uhr<\/span><\/strong><br><strong><span style=\"background-color:#f5ec5a\" class=\"tadv-background-color\">von \u20ac21,-<\/span><\/strong><\/p>\n\n\n\n<figure class=\"wp-block-image alignwide size-large\"><img data-recalc-dims=\"1\" fetchpriority=\"high\" decoding=\"async\" width=\"640\" height=\"260\" src=\"https:\/\/i0.wp.com\/schrittmacherfestival.nl\/wp-content\/uploads\/2021\/06\/a-mon.jpeg?resize=640%2C260&#038;ssl=1\" alt=\"\" class=\"wp-image-442\" srcset=\"https:\/\/i0.wp.com\/schrittmacherfestival.nl\/wp-content\/uploads\/2021\/06\/a-mon.jpeg?resize=1024%2C416&amp;ssl=1 1024w, https:\/\/i0.wp.com\/schrittmacherfestival.nl\/wp-content\/uploads\/2021\/06\/a-mon.jpeg?resize=300%2C122&amp;ssl=1 300w, https:\/\/i0.wp.com\/schrittmacherfestival.nl\/wp-content\/uploads\/2021\/06\/a-mon.jpeg?resize=768%2C312&amp;ssl=1 768w, https:\/\/i0.wp.com\/schrittmacherfestival.nl\/wp-content\/uploads\/2021\/06\/a-mon.jpeg?w=1230&amp;ssl=1 1230w\" sizes=\"(max-width: 640px) 100vw, 640px\" \/><\/figure>\n\n\n\n<hr class=\"wp-block-separator\"\/>\n\n\n\n<h1 class=\"has-black-color has-text-color wp-block-heading\"><strong><strong>Die Kraft und Sch\u00f6nheit der Diversit\u00e4t als Tanztheater! <\/strong>&nbsp;<\/strong><\/h1>\n\n\n\n<p>In ihrer neuesten Produktion <em>\u00c0 mon bel amour<\/em> analysiert die innovative franz\u00f6sische Hip-Hop-Choreografin Anne Nguyen den Begriff der Sch\u00f6nheit und unterschiedliche Vorstellungen von Identit\u00e4t, Pers\u00f6nlichkeit und Rolle. <em>\u00c0 mon bel amour<\/em> stellt die Wahrnehmung von Einzelpersonen, Paaren und der Gemeinschaft in Frage. Die Choreografie wird von einem \u00e4u\u00dferst diversen Ensemble aus acht Performern pr\u00e4sentiert: Die vier M\u00e4nner und vier Frauen sind schwarz, wei\u00df, m\u00e4nnlich, weiblich, klassisch, modern und urban gebildet.<\/p>\n\n\n\n<p><br><strong>Stilistische, kulturelle und darstellerische Unterschiede<\/strong><br>Die T\u00e4nzer:innen vertreten und stellen unterschiedliche Kulturen, Referenzen und Archetypen aus der Tanzwelt dar, die vom klassischen Ballett bis zum Voguing, Krumping, Popping, modernem Tanz und Waacking reichen. Im Rahmen der Choreografie pr\u00e4sentieren sie einander und dem Publikum \u201eihre\u201c Kultur. Sie wollen attraktiv sein, flirten, gl\u00e4nzen. Dabei lassen sie ihre Identit\u00e4t zur Geltung kommen und wollen die Perspektive des Publikums mithilfe von Aussehen, Kleidung, Stil und Bewegung vergr\u00f6\u00dfern. Wie paradierende Tiere suchen sie die Konfrontation und treten solo, im Duo und im Kollektiv ins Rampenlicht. Gelingt es ihnen, gemeinsame Werte zu finden? Gibt es einen Konsens zum Begriff der Sch\u00f6nheit?<\/p>\n\n\n\n<p><br><strong>Anne Nguyen<\/strong><br>Die Choreografin Anne Nguyen ist eine Pionierin des Hip-Hop, dessen K\u00f6rpersprache sie im modernen Tanz virtuos weiterentwickelt. Nguyen war ehemalige Breakdance-Weltmeisterin, hat mit diversen franz\u00f6sischen Gruppen getanzt und kombiniert in ihrem Werk Breakdance Moves mit anderen Tanzstilen. In <em>\u00c0 mon bel amour<\/em> verbindet sie mehrere Stile zu einem universellen Pendant eines tierischen Paarungstanzes.<\/p>\n\n\n\n<p>Nach der Vorstellung findet ein Aftertalk statt. \u00dcber\u00a0<a href=\"https:\/\/schrittmacherfestival.nl\/de\/a-mon-bel-amour-aftertalk-live-stream\/\">diesen Link<\/a>\u00a0kann der Livestream kostenlos verfolgt werden.<\/p>\n\n\n\n<hr class=\"wp-block-separator\"\/>\n\n\n\n<div class=\"wp-block-buttons is-content-justification-center is-layout-flex wp-block-buttons-is-layout-flex\">\n<div class=\"wp-block-button\"><a class=\"wp-block-button__link has-black-color has-text-color has-background\" href=\"https:\/\/www.plt.nl\/bestel\/8693\" style=\"background-color:#f5ec5a\" target=\"_blank\" rel=\"noreferrer noopener\"><strong>Tickets bestellen<\/strong><\/a><\/div>\n<\/div>\n\n\n\n<hr class=\"wp-block-separator\"\/>\n\n\n\n<figure class=\"wp-block-gallery aligncenter columns-3 is-cropped wp-block-gallery-1 is-layout-flex wp-block-gallery-is-layout-flex\"><ul class=\"blocks-gallery-grid\"><li class=\"blocks-gallery-item\"><figure><img data-recalc-dims=\"1\" decoding=\"async\" width=\"640\" height=\"241\" src=\"https:\/\/i0.wp.com\/schrittmacherfestival.nl\/wp-content\/uploads\/2021\/06\/2021-07-05_foto_a_mon_bel_amour_12_patrick_berger.1280x1280.jpg?resize=640%2C241&#038;ssl=1\" alt=\"\" data-id=\"453\" data-full-url=\"https:\/\/schrittmacherfestival.nl\/wp-content\/uploads\/2021\/06\/2021-07-05_foto_a_mon_bel_amour_12_patrick_berger.1280x1280.jpg\" data-link=\"https:\/\/schrittmacherfestival.nl\/a-mon-bel-amour\/a-mon-bel-amour-theatre-71-anne-nguyen-2019-9\/\" class=\"wp-image-453\" srcset=\"https:\/\/i0.wp.com\/schrittmacherfestival.nl\/wp-content\/uploads\/2021\/06\/2021-07-05_foto_a_mon_bel_amour_12_patrick_berger.1280x1280.jpg?resize=1024%2C386&amp;ssl=1 1024w, https:\/\/i0.wp.com\/schrittmacherfestival.nl\/wp-content\/uploads\/2021\/06\/2021-07-05_foto_a_mon_bel_amour_12_patrick_berger.1280x1280.jpg?resize=300%2C113&amp;ssl=1 300w, https:\/\/i0.wp.com\/schrittmacherfestival.nl\/wp-content\/uploads\/2021\/06\/2021-07-05_foto_a_mon_bel_amour_12_patrick_berger.1280x1280.jpg?resize=768%2C289&amp;ssl=1 768w, https:\/\/i0.wp.com\/schrittmacherfestival.nl\/wp-content\/uploads\/2021\/06\/2021-07-05_foto_a_mon_bel_amour_12_patrick_berger.1280x1280.jpg?w=1280&amp;ssl=1 1280w\" sizes=\"(max-width: 640px) 100vw, 640px\" \/><\/figure><\/li><li class=\"blocks-gallery-item\"><figure><img data-recalc-dims=\"1\" decoding=\"async\" width=\"640\" height=\"477\" src=\"https:\/\/i0.wp.com\/schrittmacherfestival.nl\/wp-content\/uploads\/2021\/06\/2021-07-05_foto_a_mon_bel_amour_patrick_berger.1280x1280.jpg?resize=640%2C477&#038;ssl=1\" alt=\"\" data-id=\"452\" data-full-url=\"https:\/\/schrittmacherfestival.nl\/wp-content\/uploads\/2021\/06\/2021-07-05_foto_a_mon_bel_amour_patrick_berger.1280x1280.jpg\" data-link=\"https:\/\/schrittmacherfestival.nl\/a-mon-bel-amour\/a-mon-bel-amour-theatre-71-anne-nguyen-2019-8\/\" class=\"wp-image-452\" srcset=\"https:\/\/i0.wp.com\/schrittmacherfestival.nl\/wp-content\/uploads\/2021\/06\/2021-07-05_foto_a_mon_bel_amour_patrick_berger.1280x1280.jpg?resize=1024%2C763&amp;ssl=1 1024w, https:\/\/i0.wp.com\/schrittmacherfestival.nl\/wp-content\/uploads\/2021\/06\/2021-07-05_foto_a_mon_bel_amour_patrick_berger.1280x1280.jpg?resize=300%2C224&amp;ssl=1 300w, https:\/\/i0.wp.com\/schrittmacherfestival.nl\/wp-content\/uploads\/2021\/06\/2021-07-05_foto_a_mon_bel_amour_patrick_berger.1280x1280.jpg?resize=768%2C572&amp;ssl=1 768w, https:\/\/i0.wp.com\/schrittmacherfestival.nl\/wp-content\/uploads\/2021\/06\/2021-07-05_foto_a_mon_bel_amour_patrick_berger.1280x1280.jpg?w=1280&amp;ssl=1 1280w\" sizes=\"(max-width: 640px) 100vw, 640px\" \/><\/figure><\/li><li class=\"blocks-gallery-item\"><figure><img data-recalc-dims=\"1\" loading=\"lazy\" decoding=\"async\" width=\"640\" height=\"444\" src=\"https:\/\/i0.wp.com\/schrittmacherfestival.nl\/wp-content\/uploads\/2021\/06\/2021-07-05_foto_a_mon_bel_amour_08_patrick_berger.1280x1280.jpg?resize=640%2C444&#038;ssl=1\" alt=\"\" data-id=\"451\" data-full-url=\"https:\/\/schrittmacherfestival.nl\/wp-content\/uploads\/2021\/06\/2021-07-05_foto_a_mon_bel_amour_08_patrick_berger.1280x1280.jpg\" data-link=\"https:\/\/schrittmacherfestival.nl\/a-mon-bel-amour\/a-mon-bel-amour-theatre-71-anne-nguyen-2019-7\/\" class=\"wp-image-451\" srcset=\"https:\/\/i0.wp.com\/schrittmacherfestival.nl\/wp-content\/uploads\/2021\/06\/2021-07-05_foto_a_mon_bel_amour_08_patrick_berger.1280x1280.jpg?resize=1024%2C710&amp;ssl=1 1024w, https:\/\/i0.wp.com\/schrittmacherfestival.nl\/wp-content\/uploads\/2021\/06\/2021-07-05_foto_a_mon_bel_amour_08_patrick_berger.1280x1280.jpg?resize=300%2C208&amp;ssl=1 300w, https:\/\/i0.wp.com\/schrittmacherfestival.nl\/wp-content\/uploads\/2021\/06\/2021-07-05_foto_a_mon_bel_amour_08_patrick_berger.1280x1280.jpg?resize=768%2C533&amp;ssl=1 768w, https:\/\/i0.wp.com\/schrittmacherfestival.nl\/wp-content\/uploads\/2021\/06\/2021-07-05_foto_a_mon_bel_amour_08_patrick_berger.1280x1280.jpg?w=1280&amp;ssl=1 1280w\" sizes=\"(max-width: 640px) 100vw, 640px\" \/><\/figure><\/li><li class=\"blocks-gallery-item\"><figure><img data-recalc-dims=\"1\" loading=\"lazy\" decoding=\"async\" width=\"640\" height=\"427\" src=\"https:\/\/i0.wp.com\/schrittmacherfestival.nl\/wp-content\/uploads\/2021\/06\/2021-07-05_foto_a_mon_bel_amour_04_patrick_berger.1280x1280.jpg?resize=640%2C427&#038;ssl=1\" alt=\"\" data-id=\"450\" data-full-url=\"https:\/\/schrittmacherfestival.nl\/wp-content\/uploads\/2021\/06\/2021-07-05_foto_a_mon_bel_amour_04_patrick_berger.1280x1280.jpg\" data-link=\"https:\/\/schrittmacherfestival.nl\/a-mon-bel-amour\/a-mon-bel-amour-theatre-71-anne-nguyen-2019-6\/\" class=\"wp-image-450\" srcset=\"https:\/\/i0.wp.com\/schrittmacherfestival.nl\/wp-content\/uploads\/2021\/06\/2021-07-05_foto_a_mon_bel_amour_04_patrick_berger.1280x1280.jpg?resize=1024%2C683&amp;ssl=1 1024w, https:\/\/i0.wp.com\/schrittmacherfestival.nl\/wp-content\/uploads\/2021\/06\/2021-07-05_foto_a_mon_bel_amour_04_patrick_berger.1280x1280.jpg?resize=300%2C200&amp;ssl=1 300w, https:\/\/i0.wp.com\/schrittmacherfestival.nl\/wp-content\/uploads\/2021\/06\/2021-07-05_foto_a_mon_bel_amour_04_patrick_berger.1280x1280.jpg?resize=768%2C512&amp;ssl=1 768w, https:\/\/i0.wp.com\/schrittmacherfestival.nl\/wp-content\/uploads\/2021\/06\/2021-07-05_foto_a_mon_bel_amour_04_patrick_berger.1280x1280.jpg?resize=600%2C400&amp;ssl=1 600w, https:\/\/i0.wp.com\/schrittmacherfestival.nl\/wp-content\/uploads\/2021\/06\/2021-07-05_foto_a_mon_bel_amour_04_patrick_berger.1280x1280.jpg?w=1280&amp;ssl=1 1280w\" sizes=\"(max-width: 640px) 100vw, 640px\" \/><\/figure><\/li><li class=\"blocks-gallery-item\"><figure><img data-recalc-dims=\"1\" loading=\"lazy\" decoding=\"async\" width=\"640\" height=\"491\" src=\"https:\/\/i0.wp.com\/schrittmacherfestival.nl\/wp-content\/uploads\/2021\/06\/2021-07-05_foto_a_mon_bel_amour_01_patrick_berger.1280x1280.jpg?resize=640%2C491&#038;ssl=1\" alt=\"\" data-id=\"449\" data-full-url=\"https:\/\/schrittmacherfestival.nl\/wp-content\/uploads\/2021\/06\/2021-07-05_foto_a_mon_bel_amour_01_patrick_berger.1280x1280.jpg\" data-link=\"https:\/\/schrittmacherfestival.nl\/a-mon-bel-amour\/a-mon-bel-amour-theatre-71-anne-nguyen-2019-5\/\" class=\"wp-image-449\" srcset=\"https:\/\/i0.wp.com\/schrittmacherfestival.nl\/wp-content\/uploads\/2021\/06\/2021-07-05_foto_a_mon_bel_amour_01_patrick_berger.1280x1280.jpg?resize=1024%2C786&amp;ssl=1 1024w, https:\/\/i0.wp.com\/schrittmacherfestival.nl\/wp-content\/uploads\/2021\/06\/2021-07-05_foto_a_mon_bel_amour_01_patrick_berger.1280x1280.jpg?resize=300%2C230&amp;ssl=1 300w, https:\/\/i0.wp.com\/schrittmacherfestival.nl\/wp-content\/uploads\/2021\/06\/2021-07-05_foto_a_mon_bel_amour_01_patrick_berger.1280x1280.jpg?resize=768%2C590&amp;ssl=1 768w, https:\/\/i0.wp.com\/schrittmacherfestival.nl\/wp-content\/uploads\/2021\/06\/2021-07-05_foto_a_mon_bel_amour_01_patrick_berger.1280x1280.jpg?w=1280&amp;ssl=1 1280w\" sizes=\"(max-width: 640px) 100vw, 640px\" \/><\/figure><\/li><li class=\"blocks-gallery-item\"><figure><img data-recalc-dims=\"1\" loading=\"lazy\" decoding=\"async\" width=\"640\" height=\"469\" src=\"https:\/\/i0.wp.com\/schrittmacherfestival.nl\/wp-content\/uploads\/2021\/06\/2021-07-05_foto_a_mon_bel_amour_07_patrick_berger.1280x1280.jpg?resize=640%2C469&#038;ssl=1\" alt=\"\" data-id=\"448\" data-full-url=\"https:\/\/schrittmacherfestival.nl\/wp-content\/uploads\/2021\/06\/2021-07-05_foto_a_mon_bel_amour_07_patrick_berger.1280x1280.jpg\" data-link=\"https:\/\/schrittmacherfestival.nl\/a-mon-bel-amour\/a-mon-bel-amour-theatre-71-anne-nguyen-2019-4\/\" class=\"wp-image-448\" srcset=\"https:\/\/i0.wp.com\/schrittmacherfestival.nl\/wp-content\/uploads\/2021\/06\/2021-07-05_foto_a_mon_bel_amour_07_patrick_berger.1280x1280.jpg?resize=1024%2C750&amp;ssl=1 1024w, https:\/\/i0.wp.com\/schrittmacherfestival.nl\/wp-content\/uploads\/2021\/06\/2021-07-05_foto_a_mon_bel_amour_07_patrick_berger.1280x1280.jpg?resize=300%2C220&amp;ssl=1 300w, https:\/\/i0.wp.com\/schrittmacherfestival.nl\/wp-content\/uploads\/2021\/06\/2021-07-05_foto_a_mon_bel_amour_07_patrick_berger.1280x1280.jpg?resize=768%2C562&amp;ssl=1 768w, https:\/\/i0.wp.com\/schrittmacherfestival.nl\/wp-content\/uploads\/2021\/06\/2021-07-05_foto_a_mon_bel_amour_07_patrick_berger.1280x1280.jpg?w=1280&amp;ssl=1 1280w\" sizes=\"(max-width: 640px) 100vw, 640px\" \/><\/figure><\/li><li class=\"blocks-gallery-item\"><figure><img data-recalc-dims=\"1\" loading=\"lazy\" decoding=\"async\" width=\"640\" height=\"469\" src=\"https:\/\/i0.wp.com\/schrittmacherfestival.nl\/wp-content\/uploads\/2021\/06\/2021-07-05_foto_a_mon_bel_amour_03_patrick_berger.1280x1280.jpg?resize=640%2C469&#038;ssl=1\" alt=\"\" data-id=\"447\" data-full-url=\"https:\/\/schrittmacherfestival.nl\/wp-content\/uploads\/2021\/06\/2021-07-05_foto_a_mon_bel_amour_03_patrick_berger.1280x1280.jpg\" data-link=\"https:\/\/schrittmacherfestival.nl\/a-mon-bel-amour\/a-mon-bel-amour-theatre-71-anne-nguyen-2019-3\/\" class=\"wp-image-447\" srcset=\"https:\/\/i0.wp.com\/schrittmacherfestival.nl\/wp-content\/uploads\/2021\/06\/2021-07-05_foto_a_mon_bel_amour_03_patrick_berger.1280x1280.jpg?resize=1024%2C750&amp;ssl=1 1024w, https:\/\/i0.wp.com\/schrittmacherfestival.nl\/wp-content\/uploads\/2021\/06\/2021-07-05_foto_a_mon_bel_amour_03_patrick_berger.1280x1280.jpg?resize=300%2C220&amp;ssl=1 300w, https:\/\/i0.wp.com\/schrittmacherfestival.nl\/wp-content\/uploads\/2021\/06\/2021-07-05_foto_a_mon_bel_amour_03_patrick_berger.1280x1280.jpg?resize=768%2C563&amp;ssl=1 768w, https:\/\/i0.wp.com\/schrittmacherfestival.nl\/wp-content\/uploads\/2021\/06\/2021-07-05_foto_a_mon_bel_amour_03_patrick_berger.1280x1280.jpg?w=1280&amp;ssl=1 1280w\" sizes=\"(max-width: 640px) 100vw, 640px\" \/><\/figure><\/li><li class=\"blocks-gallery-item\"><figure><img data-recalc-dims=\"1\" loading=\"lazy\" decoding=\"async\" width=\"640\" height=\"449\" src=\"https:\/\/i0.wp.com\/schrittmacherfestival.nl\/wp-content\/uploads\/2021\/06\/2021-07-05_foto_a_mon_bel_amour_patrick_berger-1.1280x1280.jpg?resize=640%2C449&#038;ssl=1\" alt=\"\" data-id=\"446\" data-full-url=\"https:\/\/schrittmacherfestival.nl\/wp-content\/uploads\/2021\/06\/2021-07-05_foto_a_mon_bel_amour_patrick_berger-1.1280x1280.jpg\" data-link=\"https:\/\/schrittmacherfestival.nl\/a-mon-bel-amour\/a-mon-bel-amour-theatre-71-anne-nguyen-2019-2\/\" class=\"wp-image-446\" srcset=\"https:\/\/i0.wp.com\/schrittmacherfestival.nl\/wp-content\/uploads\/2021\/06\/2021-07-05_foto_a_mon_bel_amour_patrick_berger-1.1280x1280.jpg?resize=1024%2C718&amp;ssl=1 1024w, https:\/\/i0.wp.com\/schrittmacherfestival.nl\/wp-content\/uploads\/2021\/06\/2021-07-05_foto_a_mon_bel_amour_patrick_berger-1.1280x1280.jpg?resize=300%2C210&amp;ssl=1 300w, https:\/\/i0.wp.com\/schrittmacherfestival.nl\/wp-content\/uploads\/2021\/06\/2021-07-05_foto_a_mon_bel_amour_patrick_berger-1.1280x1280.jpg?resize=768%2C538&amp;ssl=1 768w, https:\/\/i0.wp.com\/schrittmacherfestival.nl\/wp-content\/uploads\/2021\/06\/2021-07-05_foto_a_mon_bel_amour_patrick_berger-1.1280x1280.jpg?w=1280&amp;ssl=1 1280w\" sizes=\"(max-width: 640px) 100vw, 640px\" \/><\/figure><\/li><li class=\"blocks-gallery-item\"><figure><img data-recalc-dims=\"1\" loading=\"lazy\" decoding=\"async\" width=\"640\" height=\"469\" src=\"https:\/\/i0.wp.com\/schrittmacherfestival.nl\/wp-content\/uploads\/2021\/06\/2021-07-05_foto_a_mon_bel_amour_02_patrick_berger.1280x1280.jpg?resize=640%2C469&#038;ssl=1\" alt=\"\" data-id=\"445\" data-full-url=\"https:\/\/schrittmacherfestival.nl\/wp-content\/uploads\/2021\/06\/2021-07-05_foto_a_mon_bel_amour_02_patrick_berger.1280x1280.jpg\" data-link=\"https:\/\/schrittmacherfestival.nl\/a-mon-bel-amour\/a-mon-bel-amour-theatre-71-anne-nguyen-2019\/\" class=\"wp-image-445\" srcset=\"https:\/\/i0.wp.com\/schrittmacherfestival.nl\/wp-content\/uploads\/2021\/06\/2021-07-05_foto_a_mon_bel_amour_02_patrick_berger.1280x1280.jpg?resize=1024%2C750&amp;ssl=1 1024w, https:\/\/i0.wp.com\/schrittmacherfestival.nl\/wp-content\/uploads\/2021\/06\/2021-07-05_foto_a_mon_bel_amour_02_patrick_berger.1280x1280.jpg?resize=300%2C220&amp;ssl=1 300w, https:\/\/i0.wp.com\/schrittmacherfestival.nl\/wp-content\/uploads\/2021\/06\/2021-07-05_foto_a_mon_bel_amour_02_patrick_berger.1280x1280.jpg?resize=768%2C562&amp;ssl=1 768w, https:\/\/i0.wp.com\/schrittmacherfestival.nl\/wp-content\/uploads\/2021\/06\/2021-07-05_foto_a_mon_bel_amour_02_patrick_berger.1280x1280.jpg?w=1280&amp;ssl=1 1280w\" sizes=\"(max-width: 640px) 100vw, 640px\" \/><\/figure><\/li><\/ul><\/figure>\n\n\n\n<hr class=\"wp-block-separator\"\/>\n\n\n\n<p><\/p>\n","protected":false},"excerpt":{"rendered":"<p>Par Terre \/ Anne Ngyen Dance Company THEATER HEERLEN \u2013 RABOzaalMo 05.07.2021 20.00 Uhrvon \u20ac21,- Die Kraft und Sch\u00f6nheit der Diversit\u00e4t als Tanztheater! &nbsp; In ihrer neuesten Produktion \u00c0 mon bel amour analysiert die innovative franz\u00f6sische Hip-Hop-Choreografin Anne Nguyen den Begriff der Sch\u00f6nheit und unterschiedliche Vorstellungen von Identit\u00e4t, Pers\u00f6nlichkeit und Rolle. \u00c0 mon bel amour stellt die Wahrnehmung von Einzelpersonen, [&hellip;]<\/p>\n","protected":false},"author":1,"featured_media":0,"parent":0,"menu_order":0,"comment_status":"closed","ping_status":"closed","template":"","meta":{"_acf_changed":false,"footnotes":""},"class_list":["post-1036","page","type-page","status-publish","hentry"],"aioseo_notices":[],"acf":[],"jetpack_sharing_enabled":true,"_links":{"self":[{"href":"https:\/\/schrittmacherfestival.nl\/de\/wp-json\/wp\/v2\/pages\/1036","targetHints":{"allow":["GET"]}}],"collection":[{"href":"https:\/\/schrittmacherfestival.nl\/de\/wp-json\/wp\/v2\/pages"}],"about":[{"href":"https:\/\/schrittmacherfestival.nl\/de\/wp-json\/wp\/v2\/types\/page"}],"author":[{"embeddable":true,"href":"https:\/\/schrittmacherfestival.nl\/de\/wp-json\/wp\/v2\/users\/1"}],"replies":[{"embeddable":true,"href":"https:\/\/schrittmacherfestival.nl\/de\/wp-json\/wp\/v2\/comments?post=1036"}],"version-history":[{"count":3,"href":"https:\/\/schrittmacherfestival.nl\/de\/wp-json\/wp\/v2\/pages\/1036\/revisions"}],"predecessor-version":[{"id":2023,"href":"https:\/\/schrittmacherfestival.nl\/de\/wp-json\/wp\/v2\/pages\/1036\/revisions\/2023"}],"wp:attachment":[{"href":"https:\/\/schrittmacherfestival.nl\/de\/wp-json\/wp\/v2\/media?parent=1036"}],"curies":[{"name":"wp","href":"https:\/\/api.w.org\/{rel}","templated":true}]}}