{"id":10513,"date":"2024-12-10T09:17:32","date_gmt":"2024-12-10T09:17:32","guid":{"rendered":"https:\/\/schrittmacherfestival.nl\/tanz-in-der-stadt\/"},"modified":"2025-01-29T12:23:44","modified_gmt":"2025-01-29T12:23:44","slug":"tanz-in-der-stadt","status":"publish","type":"page","link":"https:\/\/schrittmacherfestival.nl\/de\/tanz-in-der-stadt\/","title":{"rendered":"Tanz in der Stadt"},"content":{"rendered":"\n<h1 class=\"wp-block-heading has-black-color has-text-color\" id=\"hofesh-shechter-company-gbr\"><strong>Ula Sickle &amp; Ictus (B\/PL\/CND)<\/strong>, Company Wayne McGregor (GB), B.Dance (ROC) und Jordy Dik (NL)<\/h1>\n\n<p><strong>So 16.03.2025<\/strong> (Garten De Twee Gezusters, Heerlen)<br\/><strong>Mi 19.03.2025<\/strong> (Promenade II, Heerlen)<br\/><strong>Mi 02.04.2025<\/strong> (Markt, Kerkrade)<br\/><strong>Fr 04.04.2025<\/strong> (Gebrookerplein, Hoensbroek)<br\/><strong>Jeweils um 13.00 &#8211; 14.00 Uhr<\/strong><br\/><strong>Eintritt frei<\/strong><\/p>\n\n<figure class=\"wp-block-image alignwide size-large\"><img data-recalc-dims=\"1\" fetchpriority=\"high\" decoding=\"async\" width=\"640\" height=\"267\" src=\"https:\/\/i0.wp.com\/schrittmacherfestival.nl\/wp-content\/uploads\/2024\/12\/k-de-twee-gezusters2-kopieren-e1733821167813-1024x427.webp?resize=640%2C267&#038;ssl=1\" alt=\"\" class=\"wp-image-10509\" srcset=\"https:\/\/i0.wp.com\/schrittmacherfestival.nl\/wp-content\/uploads\/2024\/12\/k-de-twee-gezusters2-kopieren-e1733821167813.webp?resize=1024%2C427&amp;ssl=1 1024w, https:\/\/i0.wp.com\/schrittmacherfestival.nl\/wp-content\/uploads\/2024\/12\/k-de-twee-gezusters2-kopieren-e1733821167813.webp?resize=300%2C125&amp;ssl=1 300w, https:\/\/i0.wp.com\/schrittmacherfestival.nl\/wp-content\/uploads\/2024\/12\/k-de-twee-gezusters2-kopieren-e1733821167813.webp?resize=768%2C320&amp;ssl=1 768w, https:\/\/i0.wp.com\/schrittmacherfestival.nl\/wp-content\/uploads\/2024\/12\/k-de-twee-gezusters2-kopieren-e1733821167813.webp?resize=31%2C13&amp;ssl=1 31w, https:\/\/i0.wp.com\/schrittmacherfestival.nl\/wp-content\/uploads\/2024\/12\/k-de-twee-gezusters2-kopieren-e1733821167813.webp?w=1200&amp;ssl=1 1200w\" sizes=\"(max-width: 640px) 100vw, 640px\" \/><\/figure>\n\n<hr class=\"wp-block-separator has-css-opacity\"\/>\n\n<p>Tanzen Sie zusammen mit den K\u00fcnstlern der 30. Ausgabe von schrit_tmacher! W\u00e4hrend des Festivals tauschen Choreographen*innen  und T\u00e4nzer*innen verschiedener Compagnien, die w\u00e4hrend des Festivals zu Gast sind, die B\u00fchne gegen einen besonderen Ort in der Stadt, um eine \u00f6ffentliche, f\u00fcr alle zug\u00e4ngliche Unterrichtsstunde zu geben. Ganz gleich, ob Sie Anf\u00e4nger*in  oder fortgeschrittene\/r T\u00e4nzer*in sind, Sie brauchen keine Tanzerfahrung zu haben! Ziehen Sie bequeme Schuhe an und befolgen Sie die Anweisungen des\/der Choreographen*In, damit Ihr Nachmittag perfekt beginnt.<\/p>\n\n<hr class=\"wp-block-separator has-css-opacity\"\/>\n\n<p><strong>So 16.03.2025<br\/><\/strong><a href=\"https:\/\/schrittmacherfestival.nl\/de\/holding-present\/\" title=\"\">Ula Sickle &amp; Ictus (B\/PL\/CND)<\/a><br\/>Garten De Twee Gezusters, Heerlen<strong><br\/><br\/>Mi 19.03.2025<br\/><\/strong><a href=\"https:\/\/schrittmacherfestival.nl\/de\/universe-a-dark-crystal-odyssey\/\" title=\"\">Company Wayne McGregor (GB)<\/a><br\/>Promenade II, Heerlen<br\/><br\/><strong>Mi 02.04.2025<br\/><\/strong><a href=\"https:\/\/schrittmacherfestival.nl\/de\/before-we-say-goodbye\/\" title=\"\">B.Dance (ROC)<\/a><br\/>Markt, Kerkrade<br\/><br\/><strong>Fr 04.04.2025<\/strong><br\/><a href=\"https:\/\/schrittmacherfestival.nl\/de\/simurgh\/\" title=\"\">Jordy Dik (NL)<\/a><br\/>Gebrookerplein, Hoensbroek<\/p>\n\n<hr class=\"wp-block-separator has-css-opacity\"\/>\n","protected":false},"excerpt":{"rendered":"<p>Ula Sickle &amp; Ictus (B\/PL\/CND), Company Wayne McGregor (GB), B.Dance (ROC) und Jordy Dik (NL) So 16.03.2025 (Garten De Twee Gezusters, Heerlen)Mi 19.03.2025 (Promenade II, Heerlen)Mi 02.04.2025 (Markt, Kerkrade)Fr 04.04.2025 (Gebrookerplein, Hoensbroek)Jeweils um 13.00 &#8211; 14.00 UhrEintritt frei Tanzen Sie zusammen mit den K\u00fcnstlern der 30. Ausgabe von schrit_tmacher! W\u00e4hrend des Festivals tauschen Choreographen*innen und T\u00e4nzer*innen verschiedener Compagnien, die w\u00e4hrend [&hellip;]<\/p>\n","protected":false},"author":1,"featured_media":0,"parent":0,"menu_order":0,"comment_status":"closed","ping_status":"closed","template":"","meta":{"_acf_changed":false,"footnotes":""},"class_list":["post-10513","page","type-page","status-publish","hentry"],"aioseo_notices":[],"acf":[],"jetpack_sharing_enabled":true,"_links":{"self":[{"href":"https:\/\/schrittmacherfestival.nl\/de\/wp-json\/wp\/v2\/pages\/10513","targetHints":{"allow":["GET"]}}],"collection":[{"href":"https:\/\/schrittmacherfestival.nl\/de\/wp-json\/wp\/v2\/pages"}],"about":[{"href":"https:\/\/schrittmacherfestival.nl\/de\/wp-json\/wp\/v2\/types\/page"}],"author":[{"embeddable":true,"href":"https:\/\/schrittmacherfestival.nl\/de\/wp-json\/wp\/v2\/users\/1"}],"replies":[{"embeddable":true,"href":"https:\/\/schrittmacherfestival.nl\/de\/wp-json\/wp\/v2\/comments?post=10513"}],"version-history":[{"count":7,"href":"https:\/\/schrittmacherfestival.nl\/de\/wp-json\/wp\/v2\/pages\/10513\/revisions"}],"predecessor-version":[{"id":10936,"href":"https:\/\/schrittmacherfestival.nl\/de\/wp-json\/wp\/v2\/pages\/10513\/revisions\/10936"}],"wp:attachment":[{"href":"https:\/\/schrittmacherfestival.nl\/de\/wp-json\/wp\/v2\/media?parent=10513"}],"curies":[{"name":"wp","href":"https:\/\/api.w.org\/{rel}","templated":true}]}}