{"id":1074,"date":"2021-06-08T10:23:40","date_gmt":"2021-06-08T10:23:40","guid":{"rendered":"https:\/\/schrittmacherfestival.nl\/romeo-juliette-tango\/"},"modified":"2021-06-15T12:25:45","modified_gmt":"2021-06-15T12:25:45","slug":"romeo-juliette-tango","status":"publish","type":"page","link":"https:\/\/schrittmacherfestival.nl\/de\/romeo-juliette-tango\/","title":{"rendered":"Rom\u00e9o &#038; Juliette Tango"},"content":{"rendered":"\n<h2 class=\"wp-block-heading\"><span style=\"color:#000000\" class=\"tadv-color\"><strong>Francisco Leiva &amp; Laura Roatta (RA\/<\/strong>F)<\/span><\/h2>\n\n\n\n<p><strong><span style=\"background-color:#f5ec5a\" class=\"tadv-background-color\">Kulturzentrum Alter Schlachthof, Eupen<\/span><\/strong><br><strong><span style=\"background-color:#f5ec5a\" class=\"tadv-background-color\">Fr 18 JUN 2021 <\/span><\/strong><br><strong><span style=\"background-color:#f5ec5a\" class=\"tadv-background-color\">20.00 Uhr <\/span><\/strong><br><strong><span style=\"background-color:#f5ec5a\" class=\"tadv-background-color\">Von \u20ac10,-<\/span><\/strong><\/p>\n\n\n\n<figure class=\"wp-block-image alignwide size-large\"><img data-recalc-dims=\"1\" fetchpriority=\"high\" decoding=\"async\" width=\"640\" height=\"261\" src=\"https:\/\/i0.wp.com\/schrittmacherfestival.nl\/wp-content\/uploads\/2021\/06\/200313_ROMEO-JULIETTE-TANGO-20190604_140-1-e1623148300911-1024x417.jpg?resize=640%2C261&#038;ssl=1\" alt=\"\" class=\"wp-image-564\" srcset=\"https:\/\/i0.wp.com\/schrittmacherfestival.nl\/wp-content\/uploads\/2021\/06\/200313_ROMEO-JULIETTE-TANGO-20190604_140-1-e1623148300911.jpg?resize=1024%2C417&amp;ssl=1 1024w, https:\/\/i0.wp.com\/schrittmacherfestival.nl\/wp-content\/uploads\/2021\/06\/200313_ROMEO-JULIETTE-TANGO-20190604_140-1-e1623148300911.jpg?resize=300%2C122&amp;ssl=1 300w, https:\/\/i0.wp.com\/schrittmacherfestival.nl\/wp-content\/uploads\/2021\/06\/200313_ROMEO-JULIETTE-TANGO-20190604_140-1-e1623148300911.jpg?resize=768%2C313&amp;ssl=1 768w, https:\/\/i0.wp.com\/schrittmacherfestival.nl\/wp-content\/uploads\/2021\/06\/200313_ROMEO-JULIETTE-TANGO-20190604_140-1-e1623148300911.jpg?w=1230&amp;ssl=1 1230w\" sizes=\"(max-width: 640px) 100vw, 640px\" \/><\/figure>\n\n\n\n<hr class=\"wp-block-separator\"\/>\n\n\n\n<h2 class=\"wp-block-heading\"><span style=\"color:#000000\" class=\"tadv-color\">Ein gro\u00dfer Tanz der Gef\u00fchle! Francisco Leiva und Laura Roatta pr\u00e4sentieren eine atemberaubende Tangoperformance des ber\u00fchmten Klassikers von William Shakespeare.<\/span><\/h2>\n\n\n\n<p>Welcher Tanz bietet sich mehr an f\u00fcr William Shakespeares Klassiker als der Tango? Liebe, Leidenschaft, Stolz, Hass und Tod sind die Zutaten dieser Produktion mit T\u00e4nzern und Musikern aus Buenos Aires, Paris und Br\u00fcssel. Der Tanz mischt sowohl traditionelle als auch zeitgen\u00f6ssische Elemente des Tangos. Die Musik verbindet klassische Kl\u00e4nge mit elektronischen. Ein mitrei\u03b2endes B\u00fchnenerlebnis zwischen Tradition und Moderne.<\/p>\n\n\n\n<p>Regie: Francisco Leiva<br>Choreographie: Francisco Leiva &amp; Laura Roatta<br>Musikalische Leitung: Facundo Torres (Gotan Project)<br>T\u00e4nzer : Patrice Meissirel, Ir\u00e8ne Moraglio, Agostina Tarchini, Mariano Galeano, Chantal Fernandez Crea, Octavio Fernandez, Flavia Morani, Dimitris Biskas, Mariana Patsarika<br>Musiker : Facundo Torres, Juan Pablo Espinoza<\/p>\n\n\n\n<p>Dauer: ~ 80 min. ohne Pauze<\/p>\n\n\n\n<p><strong>In Zusammenarbeit mit scenario Festival.<\/strong><\/p>\n\n\n\n<hr class=\"wp-block-separator\"\/>\n\n\n\n<div class=\"wp-block-buttons is-content-justification-center is-layout-flex wp-block-buttons-is-layout-flex\">\n<div class=\"wp-block-button\"><a class=\"wp-block-button__link has-black-color has-text-color has-background\" href=\"https:\/\/www.ticket-regional.de\/stage_1006.php?eventtimeID=516508\" style=\"background-color:#f5ec5a\" target=\"_blank\" rel=\"noreferrer noopener\"><strong>Tickets bestellen<\/strong><\/a><\/div>\n<\/div>\n\n\n\n<hr class=\"wp-block-separator\"\/>\n\n\n\n<figure class=\"wp-block-gallery aligncenter columns-3 is-cropped wp-block-gallery-1 is-layout-flex wp-block-gallery-is-layout-flex\"><ul class=\"blocks-gallery-grid\"><li class=\"blocks-gallery-item\"><figure><img data-recalc-dims=\"1\" decoding=\"async\" width=\"640\" height=\"640\" src=\"https:\/\/i0.wp.com\/schrittmacherfestival.nl\/wp-content\/uploads\/2021\/06\/200313_ROMEO-JULIETTE-TANGO-20190604_140.jpg?resize=640%2C640&#038;ssl=1\" alt=\"\" data-id=\"559\" data-full-url=\"https:\/\/schrittmacherfestival.nl\/wp-content\/uploads\/2021\/06\/200313_ROMEO-JULIETTE-TANGO-20190604_140.jpg\" data-link=\"https:\/\/schrittmacherfestival.nl\/romeo-juliette-tango\/200313_romeo-juliette-tango-20190604_140\/\" class=\"wp-image-559\" srcset=\"https:\/\/i0.wp.com\/schrittmacherfestival.nl\/wp-content\/uploads\/2021\/06\/200313_ROMEO-JULIETTE-TANGO-20190604_140.jpg?resize=1024%2C1024&amp;ssl=1 1024w, https:\/\/i0.wp.com\/schrittmacherfestival.nl\/wp-content\/uploads\/2021\/06\/200313_ROMEO-JULIETTE-TANGO-20190604_140.jpg?resize=300%2C300&amp;ssl=1 300w, https:\/\/i0.wp.com\/schrittmacherfestival.nl\/wp-content\/uploads\/2021\/06\/200313_ROMEO-JULIETTE-TANGO-20190604_140.jpg?resize=150%2C150&amp;ssl=1 150w, https:\/\/i0.wp.com\/schrittmacherfestival.nl\/wp-content\/uploads\/2021\/06\/200313_ROMEO-JULIETTE-TANGO-20190604_140.jpg?resize=768%2C768&amp;ssl=1 768w, https:\/\/i0.wp.com\/schrittmacherfestival.nl\/wp-content\/uploads\/2021\/06\/200313_ROMEO-JULIETTE-TANGO-20190604_140.jpg?w=1417&amp;ssl=1 1417w, https:\/\/i0.wp.com\/schrittmacherfestival.nl\/wp-content\/uploads\/2021\/06\/200313_ROMEO-JULIETTE-TANGO-20190604_140.jpg?w=1280&amp;ssl=1 1280w\" sizes=\"(max-width: 640px) 100vw, 640px\" \/><\/figure><\/li><li class=\"blocks-gallery-item\"><figure><img data-recalc-dims=\"1\" decoding=\"async\" width=\"640\" height=\"640\" src=\"https:\/\/i0.wp.com\/schrittmacherfestival.nl\/wp-content\/uploads\/2021\/06\/ROMEO-JULIETTE-TANGO-20190604_033.jpg?resize=640%2C640&#038;ssl=1\" alt=\"\" data-id=\"561\" data-full-url=\"https:\/\/schrittmacherfestival.nl\/wp-content\/uploads\/2021\/06\/ROMEO-JULIETTE-TANGO-20190604_033.jpg\" data-link=\"https:\/\/schrittmacherfestival.nl\/romeo-juliette-tango\/romeo-juliette-tango-20190604_033\/\" class=\"wp-image-561\" srcset=\"https:\/\/i0.wp.com\/schrittmacherfestival.nl\/wp-content\/uploads\/2021\/06\/ROMEO-JULIETTE-TANGO-20190604_033.jpg?resize=1024%2C1024&amp;ssl=1 1024w, https:\/\/i0.wp.com\/schrittmacherfestival.nl\/wp-content\/uploads\/2021\/06\/ROMEO-JULIETTE-TANGO-20190604_033.jpg?resize=300%2C300&amp;ssl=1 300w, https:\/\/i0.wp.com\/schrittmacherfestival.nl\/wp-content\/uploads\/2021\/06\/ROMEO-JULIETTE-TANGO-20190604_033.jpg?resize=150%2C150&amp;ssl=1 150w, https:\/\/i0.wp.com\/schrittmacherfestival.nl\/wp-content\/uploads\/2021\/06\/ROMEO-JULIETTE-TANGO-20190604_033.jpg?resize=768%2C768&amp;ssl=1 768w, https:\/\/i0.wp.com\/schrittmacherfestival.nl\/wp-content\/uploads\/2021\/06\/ROMEO-JULIETTE-TANGO-20190604_033.jpg?w=1417&amp;ssl=1 1417w, https:\/\/i0.wp.com\/schrittmacherfestival.nl\/wp-content\/uploads\/2021\/06\/ROMEO-JULIETTE-TANGO-20190604_033.jpg?w=1280&amp;ssl=1 1280w\" sizes=\"(max-width: 640px) 100vw, 640px\" \/><\/figure><\/li><li class=\"blocks-gallery-item\"><figure><img data-recalc-dims=\"1\" loading=\"lazy\" decoding=\"async\" width=\"640\" height=\"961\" src=\"https:\/\/i0.wp.com\/schrittmacherfestival.nl\/wp-content\/uploads\/2021\/06\/200313_ROMEO-JULIETTE-TANGO-20190604_040.jpg?resize=640%2C961&#038;ssl=1\" alt=\"\" data-id=\"562\" data-full-url=\"https:\/\/schrittmacherfestival.nl\/wp-content\/uploads\/2021\/06\/200313_ROMEO-JULIETTE-TANGO-20190604_040.jpg\" data-link=\"https:\/\/schrittmacherfestival.nl\/romeo-juliette-tango\/200313_romeo-juliette-tango-20190604_040\/\" class=\"wp-image-562\" srcset=\"https:\/\/i0.wp.com\/schrittmacherfestival.nl\/wp-content\/uploads\/2021\/06\/200313_ROMEO-JULIETTE-TANGO-20190604_040.jpg?resize=682%2C1024&amp;ssl=1 682w, https:\/\/i0.wp.com\/schrittmacherfestival.nl\/wp-content\/uploads\/2021\/06\/200313_ROMEO-JULIETTE-TANGO-20190604_040.jpg?resize=200%2C300&amp;ssl=1 200w, https:\/\/i0.wp.com\/schrittmacherfestival.nl\/wp-content\/uploads\/2021\/06\/200313_ROMEO-JULIETTE-TANGO-20190604_040.jpg?resize=768%2C1154&amp;ssl=1 768w, https:\/\/i0.wp.com\/schrittmacherfestival.nl\/wp-content\/uploads\/2021\/06\/200313_ROMEO-JULIETTE-TANGO-20190604_040.jpg?resize=1022%2C1536&amp;ssl=1 1022w, https:\/\/i0.wp.com\/schrittmacherfestival.nl\/wp-content\/uploads\/2021\/06\/200313_ROMEO-JULIETTE-TANGO-20190604_040.jpg?resize=1363%2C2048&amp;ssl=1 1363w, https:\/\/i0.wp.com\/schrittmacherfestival.nl\/wp-content\/uploads\/2021\/06\/200313_ROMEO-JULIETTE-TANGO-20190604_040.jpg?w=1415&amp;ssl=1 1415w, https:\/\/i0.wp.com\/schrittmacherfestival.nl\/wp-content\/uploads\/2021\/06\/200313_ROMEO-JULIETTE-TANGO-20190604_040.jpg?w=1280&amp;ssl=1 1280w\" sizes=\"(max-width: 640px) 100vw, 640px\" \/><\/figure><\/li><\/ul><\/figure>\n\n\n\n<hr class=\"wp-block-separator\"\/>\n\n\n\n<p><\/p>\n","protected":false},"excerpt":{"rendered":"<p>Francisco Leiva &amp; Laura Roatta (RA\/F) Kulturzentrum Alter Schlachthof, EupenFr 18 JUN 2021 20.00 Uhr Von \u20ac10,- Ein gro\u00dfer Tanz der Gef\u00fchle! Francisco Leiva und Laura Roatta pr\u00e4sentieren eine atemberaubende Tangoperformance des ber\u00fchmten Klassikers von William Shakespeare. Welcher Tanz bietet sich mehr an f\u00fcr William Shakespeares Klassiker als der Tango? Liebe, Leidenschaft, Stolz, Hass und Tod sind die Zutaten dieser [&hellip;]<\/p>\n","protected":false},"author":1,"featured_media":0,"parent":0,"menu_order":0,"comment_status":"closed","ping_status":"closed","template":"","meta":{"_acf_changed":false,"footnotes":""},"class_list":["post-1074","page","type-page","status-publish","hentry"],"aioseo_notices":[],"acf":[],"jetpack_sharing_enabled":true,"_links":{"self":[{"href":"https:\/\/schrittmacherfestival.nl\/de\/wp-json\/wp\/v2\/pages\/1074","targetHints":{"allow":["GET"]}}],"collection":[{"href":"https:\/\/schrittmacherfestival.nl\/de\/wp-json\/wp\/v2\/pages"}],"about":[{"href":"https:\/\/schrittmacherfestival.nl\/de\/wp-json\/wp\/v2\/types\/page"}],"author":[{"embeddable":true,"href":"https:\/\/schrittmacherfestival.nl\/de\/wp-json\/wp\/v2\/users\/1"}],"replies":[{"embeddable":true,"href":"https:\/\/schrittmacherfestival.nl\/de\/wp-json\/wp\/v2\/comments?post=1074"}],"version-history":[{"count":4,"href":"https:\/\/schrittmacherfestival.nl\/de\/wp-json\/wp\/v2\/pages\/1074\/revisions"}],"predecessor-version":[{"id":1288,"href":"https:\/\/schrittmacherfestival.nl\/de\/wp-json\/wp\/v2\/pages\/1074\/revisions\/1288"}],"wp:attachment":[{"href":"https:\/\/schrittmacherfestival.nl\/de\/wp-json\/wp\/v2\/media?parent=1074"}],"curies":[{"name":"wp","href":"https:\/\/api.w.org\/{rel}","templated":true}]}}