{"id":1108,"date":"2021-06-08T11:45:23","date_gmt":"2021-06-08T11:45:23","guid":{"rendered":"https:\/\/schrittmacherfestival.nl\/piergiorgio-milano-be-it\/"},"modified":"2021-06-14T17:47:45","modified_gmt":"2021-06-14T17:47:45","slug":"piergiorgio-milano-be-it","status":"publish","type":"page","link":"https:\/\/schrittmacherfestival.nl\/de\/piergiorgio-milano-be-it\/","title":{"rendered":"Piergiorgio Milano (BE\/IT)"},"content":{"rendered":"\n<h2 class=\"wp-block-heading\"><span style=\"color:#000000\" class=\"tadv-color\">Pesadilla<\/span><\/h2>\n\n\n\n<p><strong><span style=\"background-color:#f5ec5a\" class=\"tadv-background-color\"><strong><strong>Kulturzentrum Alter Schlachthof, Eupen<\/strong><\/strong><\/span><\/strong><br><strong><span style=\"background-color:#f5ec5a\" class=\"tadv-background-color\">Do 01 JUL 2021 <\/span><\/strong><br><strong><span style=\"background-color:#f5ec5a\" class=\"tadv-background-color\">20.30 Uhr <\/span><\/strong><br><strong><span style=\"background-color:#f5ec5a\" class=\"tadv-background-color\">\u20ac16,-<\/span><\/strong><\/p>\n\n\n\n<figure class=\"wp-block-image alignwide size-large\"><img data-recalc-dims=\"1\" fetchpriority=\"high\" decoding=\"async\" width=\"640\" height=\"261\" src=\"https:\/\/i0.wp.com\/schrittmacherfestival.nl\/wp-content\/uploads\/2021\/06\/7_pesadilla-c-Manuela-Giusto-1-e1623149684393-1024x417.jpg?resize=640%2C261&#038;ssl=1\" alt=\"\" class=\"wp-image-582\" srcset=\"https:\/\/i0.wp.com\/schrittmacherfestival.nl\/wp-content\/uploads\/2021\/06\/7_pesadilla-c-Manuela-Giusto-1-e1623149684393.jpg?resize=1024%2C417&amp;ssl=1 1024w, https:\/\/i0.wp.com\/schrittmacherfestival.nl\/wp-content\/uploads\/2021\/06\/7_pesadilla-c-Manuela-Giusto-1-e1623149684393.jpg?resize=300%2C122&amp;ssl=1 300w, https:\/\/i0.wp.com\/schrittmacherfestival.nl\/wp-content\/uploads\/2021\/06\/7_pesadilla-c-Manuela-Giusto-1-e1623149684393.jpg?resize=768%2C313&amp;ssl=1 768w, https:\/\/i0.wp.com\/schrittmacherfestival.nl\/wp-content\/uploads\/2021\/06\/7_pesadilla-c-Manuela-Giusto-1-e1623149684393.jpg?w=1230&amp;ssl=1 1230w\" sizes=\"(max-width: 640px) 100vw, 640px\" \/><\/figure>\n\n\n\n<hr class=\"wp-block-separator\"\/>\n\n\n\n<h1 class=\"has-black-color has-text-color wp-block-heading\"><strong><strong>Eine tragisch-komische, fast schon burleske Geschichte \u00fcber das Thema Burnout<\/strong><\/strong><\/h1>\n\n\n\n<p>Die italienisch-belgische Produktion \u201ePesadilla\u201c (\u201eAlptraum\u201c) erz\u00e4hlt mit schwarzem Humor und Zartheit die Geschichte der Zerbrechlichkeit eines Mannes, der zwischen Traum und Leben hin und hergerissen ist. \u201ePesadilla\u201c behandelt die zeitliche Wanderung, die Flucht in eine imagin\u00e4re Welt, wenn wir schlafen, und flirtet gekonnt mit unserem Unterbewusstsein.<\/p>\n\n\n\n<p>Der Protagonist hat sich in seinen Tr\u00e4umen verloren und verarbeitet eine v\u00f6llig absurde, moderne Welt: eine \u00dcberdosis gewaltsamer Bilder, eine extreme Beschleunigung, \u2026<\/p>\n\n\n\n<p><br>Der international renommierte Choreograph Piergiorgio Milano ist bekannt f\u00fcr ausdrucksstarke Kreationen, in denen zeitgen\u00f6ssische Formen und clowneske Elemente sich begegnen und die Genres Zirkus, Tanz und Theater sich miteinander verbinden. Mit \u201ePesadilla\u201c erhielt er den Preis der besten belgischen Zirkusproduktion 2017.<\/p>\n\n\n\n<p>Dauer: ~ 60 min. Ohne Pause<\/p>\n\n\n\n<hr class=\"wp-block-separator\"\/>\n\n\n\n<div class=\"wp-block-buttons is-content-justification-center is-layout-flex wp-block-buttons-is-layout-flex\">\n<div class=\"wp-block-button\"><a class=\"wp-block-button__link has-black-color has-text-color has-background\" href=\"https:\/\/www.ticket-regional.de\/stage_1006.php?eventtimeID=518414&amp;style=alterschlachthof\" style=\"background-color:#f5ec5a\" target=\"_blank\" rel=\"noreferrer noopener\"><strong>Tickets bestellen<\/strong><\/a><\/div>\n<\/div>\n\n\n\n<hr class=\"wp-block-separator\"\/>\n\n\n\n<figure class=\"wp-block-gallery aligncenter columns-3 is-cropped wp-block-gallery-1 is-layout-flex wp-block-gallery-is-layout-flex\"><ul class=\"blocks-gallery-grid\"><li class=\"blocks-gallery-item\"><figure><img data-recalc-dims=\"1\" decoding=\"async\" width=\"640\" height=\"416\" src=\"https:\/\/i0.wp.com\/schrittmacherfestival.nl\/wp-content\/uploads\/2021\/06\/210312_2_pesadilla-c-Manuela-Giusto-1.jpg?resize=640%2C416&#038;ssl=1\" alt=\"\" data-id=\"600\" data-full-url=\"https:\/\/schrittmacherfestival.nl\/wp-content\/uploads\/2021\/06\/210312_2_pesadilla-c-Manuela-Giusto-1.jpg\" data-link=\"https:\/\/schrittmacherfestival.nl\/?attachment_id=600\" class=\"wp-image-600\" srcset=\"https:\/\/i0.wp.com\/schrittmacherfestival.nl\/wp-content\/uploads\/2021\/06\/210312_2_pesadilla-c-Manuela-Giusto-1.jpg?resize=1024%2C665&amp;ssl=1 1024w, https:\/\/i0.wp.com\/schrittmacherfestival.nl\/wp-content\/uploads\/2021\/06\/210312_2_pesadilla-c-Manuela-Giusto-1.jpg?resize=300%2C195&amp;ssl=1 300w, https:\/\/i0.wp.com\/schrittmacherfestival.nl\/wp-content\/uploads\/2021\/06\/210312_2_pesadilla-c-Manuela-Giusto-1.jpg?resize=768%2C498&amp;ssl=1 768w, https:\/\/i0.wp.com\/schrittmacherfestival.nl\/wp-content\/uploads\/2021\/06\/210312_2_pesadilla-c-Manuela-Giusto-1.jpg?resize=1536%2C997&amp;ssl=1 1536w, https:\/\/i0.wp.com\/schrittmacherfestival.nl\/wp-content\/uploads\/2021\/06\/210312_2_pesadilla-c-Manuela-Giusto-1.jpg?resize=2048%2C1329&amp;ssl=1 2048w, https:\/\/i0.wp.com\/schrittmacherfestival.nl\/wp-content\/uploads\/2021\/06\/210312_2_pesadilla-c-Manuela-Giusto-1.jpg?resize=368%2C240&amp;ssl=1 368w, https:\/\/i0.wp.com\/schrittmacherfestival.nl\/wp-content\/uploads\/2021\/06\/210312_2_pesadilla-c-Manuela-Giusto-1.jpg?w=1280&amp;ssl=1 1280w, https:\/\/i0.wp.com\/schrittmacherfestival.nl\/wp-content\/uploads\/2021\/06\/210312_2_pesadilla-c-Manuela-Giusto-1.jpg?w=1920&amp;ssl=1 1920w\" sizes=\"(max-width: 640px) 100vw, 640px\" \/><\/figure><\/li><li class=\"blocks-gallery-item\"><figure><img data-recalc-dims=\"1\" decoding=\"async\" width=\"640\" height=\"427\" src=\"https:\/\/i0.wp.com\/schrittmacherfestival.nl\/wp-content\/uploads\/2021\/06\/7_pesadilla-c-Manuela-Giusto-2.jpg?resize=640%2C427&#038;ssl=1\" alt=\"\" data-id=\"601\" data-full-url=\"https:\/\/schrittmacherfestival.nl\/wp-content\/uploads\/2021\/06\/7_pesadilla-c-Manuela-Giusto-2.jpg\" data-link=\"https:\/\/schrittmacherfestival.nl\/?attachment_id=601\" class=\"wp-image-601\" srcset=\"https:\/\/i0.wp.com\/schrittmacherfestival.nl\/wp-content\/uploads\/2021\/06\/7_pesadilla-c-Manuela-Giusto-2.jpg?resize=1024%2C683&amp;ssl=1 1024w, https:\/\/i0.wp.com\/schrittmacherfestival.nl\/wp-content\/uploads\/2021\/06\/7_pesadilla-c-Manuela-Giusto-2.jpg?resize=300%2C200&amp;ssl=1 300w, https:\/\/i0.wp.com\/schrittmacherfestival.nl\/wp-content\/uploads\/2021\/06\/7_pesadilla-c-Manuela-Giusto-2.jpg?resize=768%2C512&amp;ssl=1 768w, https:\/\/i0.wp.com\/schrittmacherfestival.nl\/wp-content\/uploads\/2021\/06\/7_pesadilla-c-Manuela-Giusto-2.jpg?resize=1536%2C1024&amp;ssl=1 1536w, https:\/\/i0.wp.com\/schrittmacherfestival.nl\/wp-content\/uploads\/2021\/06\/7_pesadilla-c-Manuela-Giusto-2.jpg?resize=2048%2C1366&amp;ssl=1 2048w, https:\/\/i0.wp.com\/schrittmacherfestival.nl\/wp-content\/uploads\/2021\/06\/7_pesadilla-c-Manuela-Giusto-2.jpg?resize=600%2C400&amp;ssl=1 600w, https:\/\/i0.wp.com\/schrittmacherfestival.nl\/wp-content\/uploads\/2021\/06\/7_pesadilla-c-Manuela-Giusto-2.jpg?w=1280&amp;ssl=1 1280w, https:\/\/i0.wp.com\/schrittmacherfestival.nl\/wp-content\/uploads\/2021\/06\/7_pesadilla-c-Manuela-Giusto-2.jpg?w=1920&amp;ssl=1 1920w\" sizes=\"(max-width: 640px) 100vw, 640px\" \/><\/figure><\/li><li class=\"blocks-gallery-item\"><figure><img data-recalc-dims=\"1\" loading=\"lazy\" decoding=\"async\" width=\"640\" height=\"427\" src=\"https:\/\/i0.wp.com\/schrittmacherfestival.nl\/wp-content\/uploads\/2021\/06\/6_pesadilla-c-Manuela-Giusto-1.jpg?resize=640%2C427&#038;ssl=1\" alt=\"\" data-id=\"602\" data-full-url=\"https:\/\/schrittmacherfestival.nl\/wp-content\/uploads\/2021\/06\/6_pesadilla-c-Manuela-Giusto-1.jpg\" data-link=\"https:\/\/schrittmacherfestival.nl\/?attachment_id=602\" class=\"wp-image-602\" srcset=\"https:\/\/i0.wp.com\/schrittmacherfestival.nl\/wp-content\/uploads\/2021\/06\/6_pesadilla-c-Manuela-Giusto-1.jpg?resize=1024%2C683&amp;ssl=1 1024w, https:\/\/i0.wp.com\/schrittmacherfestival.nl\/wp-content\/uploads\/2021\/06\/6_pesadilla-c-Manuela-Giusto-1.jpg?resize=300%2C200&amp;ssl=1 300w, https:\/\/i0.wp.com\/schrittmacherfestival.nl\/wp-content\/uploads\/2021\/06\/6_pesadilla-c-Manuela-Giusto-1.jpg?resize=768%2C512&amp;ssl=1 768w, https:\/\/i0.wp.com\/schrittmacherfestival.nl\/wp-content\/uploads\/2021\/06\/6_pesadilla-c-Manuela-Giusto-1.jpg?resize=1536%2C1024&amp;ssl=1 1536w, https:\/\/i0.wp.com\/schrittmacherfestival.nl\/wp-content\/uploads\/2021\/06\/6_pesadilla-c-Manuela-Giusto-1.jpg?resize=2048%2C1366&amp;ssl=1 2048w, https:\/\/i0.wp.com\/schrittmacherfestival.nl\/wp-content\/uploads\/2021\/06\/6_pesadilla-c-Manuela-Giusto-1.jpg?resize=600%2C400&amp;ssl=1 600w, https:\/\/i0.wp.com\/schrittmacherfestival.nl\/wp-content\/uploads\/2021\/06\/6_pesadilla-c-Manuela-Giusto-1.jpg?w=1280&amp;ssl=1 1280w, https:\/\/i0.wp.com\/schrittmacherfestival.nl\/wp-content\/uploads\/2021\/06\/6_pesadilla-c-Manuela-Giusto-1.jpg?w=1920&amp;ssl=1 1920w\" sizes=\"(max-width: 640px) 100vw, 640px\" \/><\/figure><\/li><\/ul><\/figure>\n\n\n\n<hr class=\"wp-block-separator\"\/>\n\n\n\n<p><\/p>\n","protected":false},"excerpt":{"rendered":"<p>Pesadilla Kulturzentrum Alter Schlachthof, EupenDo 01 JUL 2021 20.30 Uhr \u20ac16,- Eine tragisch-komische, fast schon burleske Geschichte \u00fcber das Thema Burnout Die italienisch-belgische Produktion \u201ePesadilla\u201c (\u201eAlptraum\u201c) erz\u00e4hlt mit schwarzem Humor und Zartheit die Geschichte der Zerbrechlichkeit eines Mannes, der zwischen Traum und Leben hin und hergerissen ist. \u201ePesadilla\u201c behandelt die zeitliche Wanderung, die Flucht in eine imagin\u00e4re Welt, wenn wir [&hellip;]<\/p>\n","protected":false},"author":1,"featured_media":0,"parent":0,"menu_order":0,"comment_status":"closed","ping_status":"closed","template":"","meta":{"_acf_changed":false,"footnotes":""},"class_list":["post-1108","page","type-page","status-publish","hentry"],"aioseo_notices":[],"acf":[],"jetpack_sharing_enabled":true,"_links":{"self":[{"href":"https:\/\/schrittmacherfestival.nl\/de\/wp-json\/wp\/v2\/pages\/1108","targetHints":{"allow":["GET"]}}],"collection":[{"href":"https:\/\/schrittmacherfestival.nl\/de\/wp-json\/wp\/v2\/pages"}],"about":[{"href":"https:\/\/schrittmacherfestival.nl\/de\/wp-json\/wp\/v2\/types\/page"}],"author":[{"embeddable":true,"href":"https:\/\/schrittmacherfestival.nl\/de\/wp-json\/wp\/v2\/users\/1"}],"replies":[{"embeddable":true,"href":"https:\/\/schrittmacherfestival.nl\/de\/wp-json\/wp\/v2\/comments?post=1108"}],"version-history":[{"count":1,"href":"https:\/\/schrittmacherfestival.nl\/de\/wp-json\/wp\/v2\/pages\/1108\/revisions"}],"predecessor-version":[{"id":1111,"href":"https:\/\/schrittmacherfestival.nl\/de\/wp-json\/wp\/v2\/pages\/1108\/revisions\/1111"}],"wp:attachment":[{"href":"https:\/\/schrittmacherfestival.nl\/de\/wp-json\/wp\/v2\/media?parent=1108"}],"curies":[{"name":"wp","href":"https:\/\/api.w.org\/{rel}","templated":true}]}}