{"id":1113,"date":"2021-06-04T10:31:15","date_gmt":"2021-06-04T10:31:15","guid":{"rendered":"https:\/\/schrittmacherfestival.nl\/destination\/"},"modified":"2021-06-24T08:52:18","modified_gmt":"2021-06-24T08:52:18","slug":"destination","status":"publish","type":"page","link":"https:\/\/schrittmacherfestival.nl\/de\/destination\/","title":{"rendered":"Destination"},"content":{"rendered":"\n<h2 class=\"wp-block-heading\"><span style=\"color:#000000\" class=\"tadv-color\">Yang Zhen<\/span><\/h2>\n\n\n\n<p><strong><span style=\"background-color:#f5ec5a\" class=\"tadv-background-color\"><strong><strong>THEATER HEERLEN \u2013 LIMBURGzaal<\/strong><\/strong><\/span><\/strong><br><strong><span style=\"background-color:#f5ec5a\" class=\"tadv-background-color\">Sa 03 JUL 2021 <\/span><\/strong><br><strong><span style=\"background-color:#f5ec5a\" class=\"tadv-background-color\">20.30 Uhr <\/span><\/strong><br><strong><span style=\"background-color:#f5ec5a\" class=\"tadv-background-color\">Von \u20ac21,-<\/span><\/strong><\/p>\n\n\n\n<figure class=\"wp-block-image alignwide size-large\"><img data-recalc-dims=\"1\" fetchpriority=\"high\" decoding=\"async\" width=\"640\" height=\"260\" src=\"https:\/\/i0.wp.com\/schrittmacherfestival.nl\/wp-content\/uploads\/2021\/06\/Yang-zhen.jpeg?resize=640%2C260&#038;ssl=1\" alt=\"\" class=\"wp-image-431\" srcset=\"https:\/\/i0.wp.com\/schrittmacherfestival.nl\/wp-content\/uploads\/2021\/06\/Yang-zhen.jpeg?resize=1024%2C416&amp;ssl=1 1024w, https:\/\/i0.wp.com\/schrittmacherfestival.nl\/wp-content\/uploads\/2021\/06\/Yang-zhen.jpeg?resize=300%2C122&amp;ssl=1 300w, https:\/\/i0.wp.com\/schrittmacherfestival.nl\/wp-content\/uploads\/2021\/06\/Yang-zhen.jpeg?resize=768%2C312&amp;ssl=1 768w, https:\/\/i0.wp.com\/schrittmacherfestival.nl\/wp-content\/uploads\/2021\/06\/Yang-zhen.jpeg?w=1230&amp;ssl=1 1230w\" sizes=\"(max-width: 640px) 100vw, 640px\" \/><\/figure>\n\n\n\n<hr class=\"wp-block-separator\"\/>\n\n\n\n<h1 class=\"has-black-color has-text-color wp-block-heading\"><strong>In <em>Destination<\/em> erkundet der chinesische Choreograf Yang Zhen die \u00c4sthetik zwischen zwei verschiedenen kulturellen und politischen Kontexten.<\/strong><\/h1>\n\n\n\n<p>\u201eDestination\u201c ist der Name der gr\u00f6\u00dften Homobar Pekings. Bei einem Besuch dieser Bar mit einem Freund aus Europa war Zhen sowohl fasziniert als auch verwirrt, da sein Begleiter v\u00f6llig andere Ideen \u00fcber K\u00f6rperlichkeit hatte als er selbst. In seiner Choreografie stellt er mit vier T\u00e4nzern &#8211; zwei stammen aus China, zwei aus dem Westen &#8211; die limitierte Sexualit\u00e4t in der asiatischen Welt neben die offene, legale Sensualit\u00e4t im Westen.<\/p>\n\n\n\n<p>Dauer: ~ 65 min. ohne Pause<\/p>\n\n\n\n<p>Die Auff\u00fchrung kann auch als\u00a0Livestream\u00a0angesehen werden, f\u00fcr weitere Informationen\u00a0klicken <a href=\"https:\/\/schrittmacherfestival.nl\/de\/destination-live-stream\/\">Sie hier.<\/a><\/p>\n\n\n\n<hr class=\"wp-block-separator\"\/>\n\n\n\n<div class=\"wp-block-buttons is-content-justification-center is-layout-flex wp-block-buttons-is-layout-flex\">\n<div class=\"wp-block-button\"><a class=\"wp-block-button__link has-black-color has-text-color has-background\" href=\"https:\/\/www.plt.nl\/bestel\/8692\" style=\"background-color:#f5ec5a\" target=\"_blank\" rel=\"noreferrer noopener\"><strong>Tickets bestellen<\/strong><\/a><\/div>\n<\/div>\n\n\n\n<hr class=\"wp-block-separator\"\/>\n\n\n\n<figure class=\"wp-block-gallery aligncenter columns-3 is-cropped wp-block-gallery-1 is-layout-flex wp-block-gallery-is-layout-flex\"><ul class=\"blocks-gallery-grid\"><li class=\"blocks-gallery-item\"><figure><img data-recalc-dims=\"1\" decoding=\"async\" width=\"640\" height=\"427\" src=\"https:\/\/i0.wp.com\/schrittmacherfestival.nl\/wp-content\/uploads\/2021\/06\/destination1.1280x1280.jpg?resize=640%2C427&#038;ssl=1\" alt=\"\" data-id=\"435\" data-full-url=\"https:\/\/schrittmacherfestival.nl\/wp-content\/uploads\/2021\/06\/destination1.1280x1280.jpg\" data-link=\"https:\/\/schrittmacherfestival.nl\/?attachment_id=435\" class=\"wp-image-435\" srcset=\"https:\/\/i0.wp.com\/schrittmacherfestival.nl\/wp-content\/uploads\/2021\/06\/destination1.1280x1280.jpg?resize=1024%2C683&amp;ssl=1 1024w, https:\/\/i0.wp.com\/schrittmacherfestival.nl\/wp-content\/uploads\/2021\/06\/destination1.1280x1280.jpg?resize=300%2C200&amp;ssl=1 300w, https:\/\/i0.wp.com\/schrittmacherfestival.nl\/wp-content\/uploads\/2021\/06\/destination1.1280x1280.jpg?resize=768%2C512&amp;ssl=1 768w, https:\/\/i0.wp.com\/schrittmacherfestival.nl\/wp-content\/uploads\/2021\/06\/destination1.1280x1280.jpg?resize=600%2C400&amp;ssl=1 600w, https:\/\/i0.wp.com\/schrittmacherfestival.nl\/wp-content\/uploads\/2021\/06\/destination1.1280x1280.jpg?w=1280&amp;ssl=1 1280w\" sizes=\"(max-width: 640px) 100vw, 640px\" \/><\/figure><\/li><li class=\"blocks-gallery-item\"><figure><img data-recalc-dims=\"1\" decoding=\"async\" width=\"640\" height=\"427\" src=\"https:\/\/i0.wp.com\/schrittmacherfestival.nl\/wp-content\/uploads\/2021\/06\/destination2.1280x1280.jpg?resize=640%2C427&#038;ssl=1\" alt=\"\" data-id=\"436\" data-full-url=\"https:\/\/schrittmacherfestival.nl\/wp-content\/uploads\/2021\/06\/destination2.1280x1280.jpg\" data-link=\"https:\/\/schrittmacherfestival.nl\/?attachment_id=436\" class=\"wp-image-436\" srcset=\"https:\/\/i0.wp.com\/schrittmacherfestival.nl\/wp-content\/uploads\/2021\/06\/destination2.1280x1280.jpg?resize=1024%2C683&amp;ssl=1 1024w, https:\/\/i0.wp.com\/schrittmacherfestival.nl\/wp-content\/uploads\/2021\/06\/destination2.1280x1280.jpg?resize=300%2C200&amp;ssl=1 300w, https:\/\/i0.wp.com\/schrittmacherfestival.nl\/wp-content\/uploads\/2021\/06\/destination2.1280x1280.jpg?resize=768%2C512&amp;ssl=1 768w, https:\/\/i0.wp.com\/schrittmacherfestival.nl\/wp-content\/uploads\/2021\/06\/destination2.1280x1280.jpg?resize=600%2C400&amp;ssl=1 600w, https:\/\/i0.wp.com\/schrittmacherfestival.nl\/wp-content\/uploads\/2021\/06\/destination2.1280x1280.jpg?w=1280&amp;ssl=1 1280w\" sizes=\"(max-width: 640px) 100vw, 640px\" \/><\/figure><\/li><li class=\"blocks-gallery-item\"><figure><img data-recalc-dims=\"1\" loading=\"lazy\" decoding=\"async\" width=\"640\" height=\"427\" src=\"https:\/\/i0.wp.com\/schrittmacherfestival.nl\/wp-content\/uploads\/2021\/06\/2021-03-03_yang_zhen_-_destination_-_fotograaf_mr__k.1280x1280.jpg?resize=640%2C427&#038;ssl=1\" alt=\"\" data-id=\"437\" data-full-url=\"https:\/\/schrittmacherfestival.nl\/wp-content\/uploads\/2021\/06\/2021-03-03_yang_zhen_-_destination_-_fotograaf_mr__k.1280x1280.jpg\" data-link=\"https:\/\/schrittmacherfestival.nl\/?attachment_id=437\" class=\"wp-image-437\" srcset=\"https:\/\/i0.wp.com\/schrittmacherfestival.nl\/wp-content\/uploads\/2021\/06\/2021-03-03_yang_zhen_-_destination_-_fotograaf_mr__k.1280x1280.jpg?resize=1024%2C683&amp;ssl=1 1024w, https:\/\/i0.wp.com\/schrittmacherfestival.nl\/wp-content\/uploads\/2021\/06\/2021-03-03_yang_zhen_-_destination_-_fotograaf_mr__k.1280x1280.jpg?resize=300%2C200&amp;ssl=1 300w, https:\/\/i0.wp.com\/schrittmacherfestival.nl\/wp-content\/uploads\/2021\/06\/2021-03-03_yang_zhen_-_destination_-_fotograaf_mr__k.1280x1280.jpg?resize=768%2C512&amp;ssl=1 768w, https:\/\/i0.wp.com\/schrittmacherfestival.nl\/wp-content\/uploads\/2021\/06\/2021-03-03_yang_zhen_-_destination_-_fotograaf_mr__k.1280x1280.jpg?resize=600%2C400&amp;ssl=1 600w, https:\/\/i0.wp.com\/schrittmacherfestival.nl\/wp-content\/uploads\/2021\/06\/2021-03-03_yang_zhen_-_destination_-_fotograaf_mr__k.1280x1280.jpg?w=1280&amp;ssl=1 1280w\" sizes=\"(max-width: 640px) 100vw, 640px\" \/><\/figure><\/li><li class=\"blocks-gallery-item\"><figure><img data-recalc-dims=\"1\" loading=\"lazy\" decoding=\"async\" width=\"640\" height=\"752\" src=\"https:\/\/i0.wp.com\/schrittmacherfestival.nl\/wp-content\/uploads\/2021\/06\/destination3.1280x1280.jpeg?resize=640%2C752&#038;ssl=1\" alt=\"\" data-id=\"438\" data-full-url=\"https:\/\/schrittmacherfestival.nl\/wp-content\/uploads\/2021\/06\/destination3.1280x1280.jpeg\" data-link=\"https:\/\/schrittmacherfestival.nl\/?attachment_id=438\" class=\"wp-image-438\" srcset=\"https:\/\/i0.wp.com\/schrittmacherfestival.nl\/wp-content\/uploads\/2021\/06\/destination3.1280x1280.jpeg?resize=871%2C1024&amp;ssl=1 871w, https:\/\/i0.wp.com\/schrittmacherfestival.nl\/wp-content\/uploads\/2021\/06\/destination3.1280x1280.jpeg?resize=255%2C300&amp;ssl=1 255w, https:\/\/i0.wp.com\/schrittmacherfestival.nl\/wp-content\/uploads\/2021\/06\/destination3.1280x1280.jpeg?resize=768%2C903&amp;ssl=1 768w, https:\/\/i0.wp.com\/schrittmacherfestival.nl\/wp-content\/uploads\/2021\/06\/destination3.1280x1280.jpeg?w=1089&amp;ssl=1 1089w\" sizes=\"(max-width: 640px) 100vw, 640px\" \/><\/figure><\/li><\/ul><\/figure>\n\n\n\n<hr class=\"wp-block-separator\"\/>\n\n\n\n<p><\/p>\n","protected":false},"excerpt":{"rendered":"<p>Yang Zhen THEATER HEERLEN \u2013 LIMBURGzaalSa 03 JUL 2021 20.30 Uhr Von \u20ac21,- In Destination erkundet der chinesische Choreograf Yang Zhen die \u00c4sthetik zwischen zwei verschiedenen kulturellen und politischen Kontexten. \u201eDestination\u201c ist der Name der gr\u00f6\u00dften Homobar Pekings. Bei einem Besuch dieser Bar mit einem Freund aus Europa war Zhen sowohl fasziniert als auch verwirrt, da sein Begleiter v\u00f6llig andere [&hellip;]<\/p>\n","protected":false},"author":1,"featured_media":0,"parent":0,"menu_order":0,"comment_status":"closed","ping_status":"closed","template":"","meta":{"_acf_changed":false,"footnotes":""},"class_list":["post-1113","page","type-page","status-publish","hentry"],"aioseo_notices":[],"acf":[],"jetpack_sharing_enabled":true,"_links":{"self":[{"href":"https:\/\/schrittmacherfestival.nl\/de\/wp-json\/wp\/v2\/pages\/1113","targetHints":{"allow":["GET"]}}],"collection":[{"href":"https:\/\/schrittmacherfestival.nl\/de\/wp-json\/wp\/v2\/pages"}],"about":[{"href":"https:\/\/schrittmacherfestival.nl\/de\/wp-json\/wp\/v2\/types\/page"}],"author":[{"embeddable":true,"href":"https:\/\/schrittmacherfestival.nl\/de\/wp-json\/wp\/v2\/users\/1"}],"replies":[{"embeddable":true,"href":"https:\/\/schrittmacherfestival.nl\/de\/wp-json\/wp\/v2\/comments?post=1113"}],"version-history":[{"count":3,"href":"https:\/\/schrittmacherfestival.nl\/de\/wp-json\/wp\/v2\/pages\/1113\/revisions"}],"predecessor-version":[{"id":1703,"href":"https:\/\/schrittmacherfestival.nl\/de\/wp-json\/wp\/v2\/pages\/1113\/revisions\/1703"}],"wp:attachment":[{"href":"https:\/\/schrittmacherfestival.nl\/de\/wp-json\/wp\/v2\/media?parent=1113"}],"curies":[{"name":"wp","href":"https:\/\/api.w.org\/{rel}","templated":true}]}}