{"id":11141,"date":"2025-03-20T14:41:03","date_gmt":"2025-03-20T14:41:03","guid":{"rendered":"https:\/\/schrittmacherfestival.nl\/audio-visueller-vortrag\/"},"modified":"2025-03-20T14:41:44","modified_gmt":"2025-03-20T14:41:44","slug":"audio-visueller-vortrag","status":"publish","type":"page","link":"https:\/\/schrittmacherfestival.nl\/de\/audio-visueller-vortrag\/","title":{"rendered":"Audio-visueller Vortrag"},"content":{"rendered":"\n<h1 class=\"wp-block-heading has-black-color has-text-color\" id=\"hofesh-shechter-company-gbr\">Lynn\u00e9e Denise<strong>\u00a0<\/strong>(USA)<\/h1>\n\n<p><strong><strong>Savelbergkapel<\/strong><\/strong><br\/><strong>Fr 21.03.2025<\/strong> <strong>+ Sa 22.03.2025<\/strong><br\/><strong>Fr 20.00 Uhr | Sa 13.30 Uhr<\/strong><br\/><strong>Eintritt frei<\/strong><\/p>\n\n<figure class=\"wp-block-image alignwide size-large\"><img data-recalc-dims=\"1\" fetchpriority=\"high\" decoding=\"async\" width=\"640\" height=\"267\" src=\"https:\/\/i0.wp.com\/schrittmacherfestival.nl\/wp-content\/uploads\/2024\/12\/k-Dance-as-ritual-filmstill-Kankantri-by-Gabri-Christa-kopieren-e1733406032434-1024x427.webp?resize=640%2C267&#038;ssl=1\" alt=\"\" class=\"wp-image-10196\" srcset=\"https:\/\/i0.wp.com\/schrittmacherfestival.nl\/wp-content\/uploads\/2024\/12\/k-Dance-as-ritual-filmstill-Kankantri-by-Gabri-Christa-kopieren-e1733406032434.webp?resize=1024%2C427&amp;ssl=1 1024w, https:\/\/i0.wp.com\/schrittmacherfestival.nl\/wp-content\/uploads\/2024\/12\/k-Dance-as-ritual-filmstill-Kankantri-by-Gabri-Christa-kopieren-e1733406032434.webp?resize=300%2C125&amp;ssl=1 300w, https:\/\/i0.wp.com\/schrittmacherfestival.nl\/wp-content\/uploads\/2024\/12\/k-Dance-as-ritual-filmstill-Kankantri-by-Gabri-Christa-kopieren-e1733406032434.webp?resize=768%2C320&amp;ssl=1 768w, https:\/\/i0.wp.com\/schrittmacherfestival.nl\/wp-content\/uploads\/2024\/12\/k-Dance-as-ritual-filmstill-Kankantri-by-Gabri-Christa-kopieren-e1733406032434.webp?resize=31%2C13&amp;ssl=1 31w, https:\/\/i0.wp.com\/schrittmacherfestival.nl\/wp-content\/uploads\/2024\/12\/k-Dance-as-ritual-filmstill-Kankantri-by-Gabri-Christa-kopieren-e1733406032434.webp?w=1200&amp;ssl=1 1200w\" sizes=\"(max-width: 640px) 100vw, 640px\" \/><\/figure>\n\n<hr class=\"wp-block-separator has-css-opacity\"\/>\n\n<p>DJ Lynn\u00e9e Denise ist eine in Amsterdam lebende Autorin und interdisziplin\u00e4re K\u00fcnstlerin aus Los Angeles. Inspiriert von der Plattensammlung ihrer Eltern und der Musik der 1980er Jahre erforscht sie den Einfluss von Underground-Clubkulturen, Musikbewegungen und Bass-Kultur innerhalb der afrikanischen Diaspora.<\/p>\n\n<p>Im Rahmen von Dance As Ritual wird sie in ihren einzigartigen Vortr\u00e4gen darlegen, wie Musik und Klang als lebendige Archive fungieren, die Geschichten von Widerstand und Widerstandsf\u00e4higkeit in der schwarzen queeren Diaspora offenbaren.<\/p>\n\n<p>DJ Lynn\u00e9e Denise &#8211; Gr\u00fcnderin des Konzepts DJ Scholarship &#8211; erforscht anhand von Musik und historischen Soundclips, wie Soundkulturen als lebendige Archive und intellektuelle Treffpunkte f\u00fcr die schwarze queere Diaspora funktionieren.<\/p>\n\n<p>In ihrer Arbeit taucht sie tief in die Underground-Clubbewegungen und musikalischen Bewegungen der afrikanischen Diaspora ein und nutzt die Kraft der Musik und des Klangs, um Geschichten von Widerstand und \u00dcberleben zu erz\u00e4hlen.<\/p>\n\n<p><a href=\"https:\/\/schrittmacherfestival.nl\/de\/dance-as-ritual\/\" title=\"\">Teil der Dance as Ritual<\/a><\/p>\n\n<hr class=\"wp-block-separator has-css-opacity\"\/>\n\n<figure class=\"wp-block-image size-full\"><img data-recalc-dims=\"1\" decoding=\"async\" width=\"402\" height=\"400\" src=\"https:\/\/i0.wp.com\/schrittmacherfestival.nl\/wp-content\/uploads\/2025\/03\/Lynnee-Denise.jpeg?resize=402%2C400&#038;ssl=1\" alt=\"\" class=\"wp-image-11138\" srcset=\"https:\/\/i0.wp.com\/schrittmacherfestival.nl\/wp-content\/uploads\/2025\/03\/Lynnee-Denise.jpeg?w=402&amp;ssl=1 402w, https:\/\/i0.wp.com\/schrittmacherfestival.nl\/wp-content\/uploads\/2025\/03\/Lynnee-Denise.jpeg?resize=300%2C300&amp;ssl=1 300w, https:\/\/i0.wp.com\/schrittmacherfestival.nl\/wp-content\/uploads\/2025\/03\/Lynnee-Denise.jpeg?resize=150%2C150&amp;ssl=1 150w, https:\/\/i0.wp.com\/schrittmacherfestival.nl\/wp-content\/uploads\/2025\/03\/Lynnee-Denise.jpeg?resize=80%2C80&amp;ssl=1 80w, https:\/\/i0.wp.com\/schrittmacherfestival.nl\/wp-content\/uploads\/2025\/03\/Lynnee-Denise.jpeg?resize=27%2C27&amp;ssl=1 27w\" sizes=\"(max-width: 402px) 100vw, 402px\" \/><\/figure>\n\n<hr class=\"wp-block-separator has-css-opacity\"\/>\n","protected":false},"excerpt":{"rendered":"<p>Lynn\u00e9e Denise\u00a0(USA) SavelbergkapelFr 21.03.2025 + Sa 22.03.2025Fr 20.00 Uhr | Sa 13.30 UhrEintritt frei DJ Lynn\u00e9e Denise ist eine in Amsterdam lebende Autorin und interdisziplin\u00e4re K\u00fcnstlerin aus Los Angeles. Inspiriert von der Plattensammlung ihrer Eltern und der Musik der 1980er Jahre erforscht sie den Einfluss von Underground-Clubkulturen, Musikbewegungen und Bass-Kultur innerhalb der afrikanischen Diaspora. Im Rahmen von Dance As Ritual [&hellip;]<\/p>\n","protected":false},"author":1,"featured_media":0,"parent":0,"menu_order":0,"comment_status":"closed","ping_status":"closed","template":"","meta":{"_acf_changed":false,"footnotes":""},"class_list":["post-11141","page","type-page","status-publish","hentry"],"aioseo_notices":[],"acf":[],"jetpack_sharing_enabled":true,"_links":{"self":[{"href":"https:\/\/schrittmacherfestival.nl\/de\/wp-json\/wp\/v2\/pages\/11141","targetHints":{"allow":["GET"]}}],"collection":[{"href":"https:\/\/schrittmacherfestival.nl\/de\/wp-json\/wp\/v2\/pages"}],"about":[{"href":"https:\/\/schrittmacherfestival.nl\/de\/wp-json\/wp\/v2\/types\/page"}],"author":[{"embeddable":true,"href":"https:\/\/schrittmacherfestival.nl\/de\/wp-json\/wp\/v2\/users\/1"}],"replies":[{"embeddable":true,"href":"https:\/\/schrittmacherfestival.nl\/de\/wp-json\/wp\/v2\/comments?post=11141"}],"version-history":[{"count":1,"href":"https:\/\/schrittmacherfestival.nl\/de\/wp-json\/wp\/v2\/pages\/11141\/revisions"}],"predecessor-version":[{"id":11142,"href":"https:\/\/schrittmacherfestival.nl\/de\/wp-json\/wp\/v2\/pages\/11141\/revisions\/11142"}],"wp:attachment":[{"href":"https:\/\/schrittmacherfestival.nl\/de\/wp-json\/wp\/v2\/media?parent=11141"}],"curies":[{"name":"wp","href":"https:\/\/api.w.org\/{rel}","templated":true}]}}