{"id":11196,"date":"2025-03-28T11:16:29","date_gmt":"2025-03-28T11:16:29","guid":{"rendered":"https:\/\/schrittmacherfestival.nl\/vote-you-team\/"},"modified":"2025-04-01T07:43:24","modified_gmt":"2025-04-01T07:43:24","slug":"vote-you-team","status":"publish","type":"page","link":"https:\/\/schrittmacherfestival.nl\/de\/vote-you-team\/","title":{"rendered":"Vote your team"},"content":{"rendered":"\n<h1 class=\"wp-block-heading has-black-color has-text-color\" id=\"hofesh-shechter-company-gbr\">Exhibition Battle<\/h1>\n\n<p><strong><strong><strong>LUDWIG FORUM AACHEN, the space<\/strong><\/strong><\/strong><br\/><strong>Sa 05.04.2025<\/strong><br\/><strong>19.30 Uhr<\/strong><br\/><strong>Von 10,- \u20ac<\/strong><\/p>\n\n<figure class=\"wp-block-image alignwide size-large\"><img data-recalc-dims=\"1\" fetchpriority=\"high\" decoding=\"async\" width=\"640\" height=\"267\" src=\"https:\/\/i0.wp.com\/schrittmacherfestival.nl\/wp-content\/uploads\/2025\/03\/Ontwerp-zonder-titel3.jpg?resize=640%2C267&#038;ssl=1\" alt=\"\" class=\"wp-image-11199\" srcset=\"https:\/\/i0.wp.com\/schrittmacherfestival.nl\/wp-content\/uploads\/2025\/03\/Ontwerp-zonder-titel3.jpg?resize=1024%2C427&amp;ssl=1 1024w, https:\/\/i0.wp.com\/schrittmacherfestival.nl\/wp-content\/uploads\/2025\/03\/Ontwerp-zonder-titel3.jpg?resize=300%2C125&amp;ssl=1 300w, https:\/\/i0.wp.com\/schrittmacherfestival.nl\/wp-content\/uploads\/2025\/03\/Ontwerp-zonder-titel3.jpg?resize=768%2C320&amp;ssl=1 768w, https:\/\/i0.wp.com\/schrittmacherfestival.nl\/wp-content\/uploads\/2025\/03\/Ontwerp-zonder-titel3.jpg?resize=31%2C13&amp;ssl=1 31w, https:\/\/i0.wp.com\/schrittmacherfestival.nl\/wp-content\/uploads\/2025\/03\/Ontwerp-zonder-titel3.jpg?w=1200&amp;ssl=1 1200w\" sizes=\"(max-width: 640px) 100vw, 640px\" \/><\/figure>\n\n<hr class=\"wp-block-separator has-css-opacity\"\/>\n\n<h2 class=\"wp-block-heading\">Zwei Teams, 10 T\u00e4nzer*innen mit unterschiedlichen Tanzstilen<\/h2>\n\n<p><strong><br\/><\/strong>Sie treten gegeneinander und miteinander an, m\u00fcssen in drei Kategorien spontan und kreativ ihnen gestellte Aufgaben l\u00f6sen. Host Tanya \u201cKupra\u201d Kupreichnyk moderiert den Abend in ihrer unverwechselbaren Art und ihrer reichen Erfahrung aus der urbanen Tanz- und Entertainmentszene. F\u00fcr den guten Sound sorgt DJ Lizzie-Lio. Mit dabei in dieser Festival-Edition: Bundeskadert\u00e4nzerin BGirl Pauline, Red Bull Germany Gewinner Jan-Maurice \u201cVolt\u201d Wolter, La\u00eblle Makazu und William Hayibor Venous vom Urban Arts Ensemble Theater Oberhausen, Kevin Mateus, Laura \u201cShorni\u201d Gering, Akeem Abidoye, Luc Arnoldussen, Shauna Fischer und Enting. Begleitend stellt Host Kupra die unterschiedlichen Stile und Kulturen dahinter vor \u2013 ein Gewinn f\u00fcr alle Tanzliebhaber*innen!<\/p>\n\n<p>Am Ende spielt unser Publikum die entscheidende Rolle \u2013 denn es w\u00e4hlt live sein Gewinnerteam!<\/p>\n\n<p>Dauer: ~ 90 min. met pauze<\/p>\n\n<hr class=\"wp-block-separator has-css-opacity\"\/>\n\n<div class=\"wp-block-buttons is-horizontal is-content-justification-center is-layout-flex wp-container-core-buttons-is-layout-499968f5 wp-block-buttons-is-layout-flex\">\n<div class=\"wp-block-button\"><a class=\"wp-block-button__link has-white-color has-black-background-color has-text-color has-background wp-element-button\" href=\"https:\/\/www.reservix.de\/tickets-vote-your-team-exhibition-battle-in-aachen-ludwig-forum-aachen-space-am-5-4-2025\/e2391456\" target=\"_blank\" rel=\"noreferrer noopener\"><strong>Tickets Sa<\/strong> <strong>05.04 | 19.30 Uhr<\/strong><\/a><\/div>\n<\/div>\n\n<hr class=\"wp-block-separator has-css-opacity\"\/>\n\n<figure class=\"wp-block-gallery has-nested-images columns-default is-cropped wp-block-gallery-1 is-layout-flex wp-block-gallery-is-layout-flex\">\n<figure class=\"wp-block-image size-full\"><img data-recalc-dims=\"1\" decoding=\"async\" width=\"640\" height=\"426\" data-id=\"11193\" src=\"https:\/\/i0.wp.com\/schrittmacherfestival.nl\/wp-content\/uploads\/2025\/03\/EXH-BATTLE_c_PatrickBergs_GEN2_2025.jpeg?resize=640%2C426&#038;ssl=1\" alt=\"\" class=\"wp-image-11193\" srcset=\"https:\/\/i0.wp.com\/schrittmacherfestival.nl\/wp-content\/uploads\/2025\/03\/EXH-BATTLE_c_PatrickBergs_GEN2_2025.jpeg?w=641&amp;ssl=1 641w, https:\/\/i0.wp.com\/schrittmacherfestival.nl\/wp-content\/uploads\/2025\/03\/EXH-BATTLE_c_PatrickBergs_GEN2_2025.jpeg?resize=300%2C200&amp;ssl=1 300w, https:\/\/i0.wp.com\/schrittmacherfestival.nl\/wp-content\/uploads\/2025\/03\/EXH-BATTLE_c_PatrickBergs_GEN2_2025.jpeg?resize=600%2C400&amp;ssl=1 600w, https:\/\/i0.wp.com\/schrittmacherfestival.nl\/wp-content\/uploads\/2025\/03\/EXH-BATTLE_c_PatrickBergs_GEN2_2025.jpeg?resize=31%2C21&amp;ssl=1 31w\" sizes=\"(max-width: 640px) 100vw, 640px\" \/><\/figure>\n<\/figure>\n\n<hr class=\"wp-block-separator has-css-opacity\"\/>\n\n<p><\/p>\n","protected":false},"excerpt":{"rendered":"<p>Exhibition Battle LUDWIG FORUM AACHEN, the spaceSa 05.04.202519.30 UhrVon 10,- \u20ac Zwei Teams, 10 T\u00e4nzer*innen mit unterschiedlichen Tanzstilen Sie treten gegeneinander und miteinander an, m\u00fcssen in drei Kategorien spontan und kreativ ihnen gestellte Aufgaben l\u00f6sen. Host Tanya \u201cKupra\u201d Kupreichnyk moderiert den Abend in ihrer unverwechselbaren Art und ihrer reichen Erfahrung aus der urbanen Tanz- und Entertainmentszene. F\u00fcr den guten Sound [&hellip;]<\/p>\n","protected":false},"author":1,"featured_media":0,"parent":0,"menu_order":0,"comment_status":"closed","ping_status":"closed","template":"","meta":{"_acf_changed":false,"footnotes":""},"class_list":["post-11196","page","type-page","status-publish","hentry"],"aioseo_notices":[],"acf":[],"jetpack_sharing_enabled":true,"_links":{"self":[{"href":"https:\/\/schrittmacherfestival.nl\/de\/wp-json\/wp\/v2\/pages\/11196","targetHints":{"allow":["GET"]}}],"collection":[{"href":"https:\/\/schrittmacherfestival.nl\/de\/wp-json\/wp\/v2\/pages"}],"about":[{"href":"https:\/\/schrittmacherfestival.nl\/de\/wp-json\/wp\/v2\/types\/page"}],"author":[{"embeddable":true,"href":"https:\/\/schrittmacherfestival.nl\/de\/wp-json\/wp\/v2\/users\/1"}],"replies":[{"embeddable":true,"href":"https:\/\/schrittmacherfestival.nl\/de\/wp-json\/wp\/v2\/comments?post=11196"}],"version-history":[{"count":3,"href":"https:\/\/schrittmacherfestival.nl\/de\/wp-json\/wp\/v2\/pages\/11196\/revisions"}],"predecessor-version":[{"id":11241,"href":"https:\/\/schrittmacherfestival.nl\/de\/wp-json\/wp\/v2\/pages\/11196\/revisions\/11241"}],"wp:attachment":[{"href":"https:\/\/schrittmacherfestival.nl\/de\/wp-json\/wp\/v2\/media?parent=11196"}],"curies":[{"name":"wp","href":"https:\/\/api.w.org\/{rel}","templated":true}]}}