{"id":1124,"date":"2021-06-04T11:57:04","date_gmt":"2021-06-04T11:57:04","guid":{"rendered":"https:\/\/schrittmacherfestival.nl\/ultima-vez-wim-vandekeybus\/"},"modified":"2021-06-14T18:10:28","modified_gmt":"2021-06-14T18:10:28","slug":"ultima-vez-wim-vandekeybus","status":"publish","type":"page","link":"https:\/\/schrittmacherfestival.nl\/de\/ultima-vez-wim-vandekeybus\/","title":{"rendered":"Ultima Vez \/ Wim Vandekeybus"},"content":{"rendered":"\n<h2 class=\"wp-block-heading\"><span style=\"color:#000000\" class=\"tadv-color\">TRACES<\/span><\/h2>\n\n\n\n<p><strong><span style=\"background-color:#f5ec5a\" class=\"tadv-background-color\"><strong><strong>THEATER HEERLEN \u2013 RABOzaal<\/strong><\/strong><\/span><\/strong><br><strong><span style=\"background-color:#f5ec5a\" class=\"tadv-background-color\">Sa 11 JUL 2021 <\/span><\/strong><br><strong><span style=\"background-color:#f5ec5a\" class=\"tadv-background-color\">20.00 Uhr <\/span><\/strong><br><strong><span style=\"background-color:#f5ec5a\" class=\"tadv-background-color\">Von \u20ac21,-<\/span><\/strong><\/p>\n\n\n\n<figure class=\"wp-block-image alignwide size-large\"><img data-recalc-dims=\"1\" fetchpriority=\"high\" decoding=\"async\" width=\"640\" height=\"260\" src=\"https:\/\/i0.wp.com\/schrittmacherfestival.nl\/wp-content\/uploads\/2021\/06\/traces.jpeg?resize=640%2C260&#038;ssl=1\" alt=\"\" class=\"wp-image-472\" srcset=\"https:\/\/i0.wp.com\/schrittmacherfestival.nl\/wp-content\/uploads\/2021\/06\/traces.jpeg?resize=1024%2C416&amp;ssl=1 1024w, https:\/\/i0.wp.com\/schrittmacherfestival.nl\/wp-content\/uploads\/2021\/06\/traces.jpeg?resize=300%2C122&amp;ssl=1 300w, https:\/\/i0.wp.com\/schrittmacherfestival.nl\/wp-content\/uploads\/2021\/06\/traces.jpeg?resize=768%2C312&amp;ssl=1 768w, https:\/\/i0.wp.com\/schrittmacherfestival.nl\/wp-content\/uploads\/2021\/06\/traces.jpeg?w=1230&amp;ssl=1 1230w\" sizes=\"(max-width: 640px) 100vw, 640px\" \/><\/figure>\n\n\n\n<hr class=\"wp-block-separator\"\/>\n\n\n\n<h1 class=\"has-black-color has-text-color wp-block-heading\"><strong>Wie viel Natur steckt noch im Menschen? Und wie viel Tier?<\/strong><\/h1>\n\n\n\n<p>Mit <em>TRACES <\/em>folgt Wim Vandekeybus bei schrit_tmacher den Spuren, die er selbst gelegt hat. Er blickt zur\u00fcck auf die Anf\u00e4nge seiner Suche \u2013 auf das Drama aus Leidenschaften und Instinkten, das Spiel der Energien und Intensit\u00e4ten.<\/p>\n\n\n\n<h2 class=\"wp-block-heading\"><span style=\"color:#000000\" class=\"tadv-color\">Spuren, die der K\u00f6rper vergessen hat<\/span><\/h2>\n\n\n\n<p>Inmitten der \u00fcberw\u00e4ltigen Naturlandschaft Rum\u00e4niens, die die letzten Urw\u00e4lder Europas beherbergt, sucht Vandekeybus nach Spuren, die \u00e4lter als der Mensch und seine Erinnerungen sind. Er sucht \u201ethe inner story\u201c \u2013 das Narrativ, das vor oder entlang der Sprache entsteht und nur im pulsierenden Rhythmus von Tanz und Musik dargestellt werden kann.<\/p>\n\n\n\n<p>Bei dieser Vorstellung bewegen sich zehn T\u00e4nzer:innen zu einem Soundtrack, der von Trixie Whitley, Shahzad Ismaily, Ben Perowsky und Daniel Mintseris komponiert wurde und mit dem Gitarristen Marc Ribot als Special Guest aufwartet. Es ist eine Suche nach den Spuren der Natur, die der K\u00f6rper vergessen hat. Risiken und Gefahren erfordern intuitive Entscheidungen, um das \u00dcberleben zu sichern.<\/p>\n\n\n\n<h2 class=\"wp-block-heading\"><span style=\"color:#000000\" class=\"tadv-color\">Fatal<\/span><\/h2>\n\n\n\n<p>Wim Vandekeybus: \u201eBei TRACES geht es um die Spannung zwischen einer Zeit, die still steht, und einer Zeit, die immer weiter voranschreitet. Es gibt eine Zeit der Tiere und eine Zeit der Menschen; eine Zeit der \u00d6kologie und eine Zeit der \u00d6konomie. Aber es sollte keine Lehrstunde zum Umweltschutz werden. Als ich noch ein Kind war, erschien mir die Welt riesengro\u00df, aber mittlerweile bin ich fast \u00fcberall gewesen. Die Welt ist zu klein f\u00fcr die Menschen, die auf und von der Erde leben m\u00fcssen. Unber\u00fchrte und nicht erschlossene Natur gibt es kaum noch. Das ist fatal und kann uns das Genick brechen.\u201c<\/p>\n\n\n\n<hr class=\"wp-block-separator\"\/>\n\n\n\n<div class=\"wp-block-buttons is-content-justification-center is-layout-flex wp-block-buttons-is-layout-flex\">\n<div class=\"wp-block-button\"><a class=\"wp-block-button__link has-black-color has-text-color has-background\" href=\"https:\/\/www.plt.nl\/bestel\/8700\" style=\"background-color:#f5ec5a\" target=\"_blank\" rel=\"noreferrer noopener\"><strong>Tickets bestellen<\/strong><\/a><\/div>\n<\/div>\n\n\n\n<hr class=\"wp-block-separator\"\/>\n\n\n\n<figure class=\"wp-block-embed aligncenter is-type-video is-provider-vimeo wp-block-embed-vimeo wp-embed-aspect-16-9 wp-has-aspect-ratio\"><div class=\"wp-block-embed__wrapper\">\n<div class=\"jetpack-video-wrapper\"><iframe title=\"Trailer TRACES\" src=\"https:\/\/player.vimeo.com\/video\/407119066?dnt=1&amp;app_id=122963\" width=\"640\" height=\"360\" frameborder=\"0\" allow=\"autoplay; fullscreen; picture-in-picture; clipboard-write\"><\/iframe><\/div>\n<\/div><\/figure>\n\n\n\n<hr class=\"wp-block-separator\"\/>\n\n\n\n<figure class=\"wp-block-gallery aligncenter columns-3 is-cropped wp-block-gallery-1 is-layout-flex wp-block-gallery-is-layout-flex\"><ul class=\"blocks-gallery-grid\"><li class=\"blocks-gallery-item\"><figure><img data-recalc-dims=\"1\" decoding=\"async\" width=\"640\" height=\"427\" src=\"https:\/\/i0.wp.com\/schrittmacherfestival.nl\/wp-content\/uploads\/2021\/06\/0_traces_dannywillems.1280x1280.jpg?resize=640%2C427&#038;ssl=1\" alt=\"\" data-id=\"477\" data-full-url=\"https:\/\/schrittmacherfestival.nl\/wp-content\/uploads\/2021\/06\/0_traces_dannywillems.1280x1280.jpg\" data-link=\"https:\/\/schrittmacherfestival.nl\/?attachment_id=477\" class=\"wp-image-477\" srcset=\"https:\/\/i0.wp.com\/schrittmacherfestival.nl\/wp-content\/uploads\/2021\/06\/0_traces_dannywillems.1280x1280.jpg?resize=1024%2C683&amp;ssl=1 1024w, https:\/\/i0.wp.com\/schrittmacherfestival.nl\/wp-content\/uploads\/2021\/06\/0_traces_dannywillems.1280x1280.jpg?resize=300%2C200&amp;ssl=1 300w, https:\/\/i0.wp.com\/schrittmacherfestival.nl\/wp-content\/uploads\/2021\/06\/0_traces_dannywillems.1280x1280.jpg?resize=768%2C512&amp;ssl=1 768w, https:\/\/i0.wp.com\/schrittmacherfestival.nl\/wp-content\/uploads\/2021\/06\/0_traces_dannywillems.1280x1280.jpg?resize=600%2C400&amp;ssl=1 600w, https:\/\/i0.wp.com\/schrittmacherfestival.nl\/wp-content\/uploads\/2021\/06\/0_traces_dannywillems.1280x1280.jpg?w=1280&amp;ssl=1 1280w\" sizes=\"(max-width: 640px) 100vw, 640px\" \/><\/figure><\/li><li class=\"blocks-gallery-item\"><figure><img data-recalc-dims=\"1\" decoding=\"async\" width=\"640\" height=\"427\" src=\"https:\/\/i0.wp.com\/schrittmacherfestival.nl\/wp-content\/uploads\/2021\/06\/10_traces_dannywillems.1280x1280.jpg?resize=640%2C427&#038;ssl=1\" alt=\"\" data-id=\"478\" data-full-url=\"https:\/\/schrittmacherfestival.nl\/wp-content\/uploads\/2021\/06\/10_traces_dannywillems.1280x1280.jpg\" data-link=\"https:\/\/schrittmacherfestival.nl\/?attachment_id=478\" class=\"wp-image-478\" srcset=\"https:\/\/i0.wp.com\/schrittmacherfestival.nl\/wp-content\/uploads\/2021\/06\/10_traces_dannywillems.1280x1280.jpg?resize=1024%2C683&amp;ssl=1 1024w, https:\/\/i0.wp.com\/schrittmacherfestival.nl\/wp-content\/uploads\/2021\/06\/10_traces_dannywillems.1280x1280.jpg?resize=300%2C200&amp;ssl=1 300w, https:\/\/i0.wp.com\/schrittmacherfestival.nl\/wp-content\/uploads\/2021\/06\/10_traces_dannywillems.1280x1280.jpg?resize=768%2C512&amp;ssl=1 768w, https:\/\/i0.wp.com\/schrittmacherfestival.nl\/wp-content\/uploads\/2021\/06\/10_traces_dannywillems.1280x1280.jpg?resize=600%2C400&amp;ssl=1 600w, https:\/\/i0.wp.com\/schrittmacherfestival.nl\/wp-content\/uploads\/2021\/06\/10_traces_dannywillems.1280x1280.jpg?w=1280&amp;ssl=1 1280w\" sizes=\"(max-width: 640px) 100vw, 640px\" \/><\/figure><\/li><li class=\"blocks-gallery-item\"><figure><img data-recalc-dims=\"1\" loading=\"lazy\" decoding=\"async\" width=\"640\" height=\"427\" src=\"https:\/\/i0.wp.com\/schrittmacherfestival.nl\/wp-content\/uploads\/2021\/06\/1_traces_dannywillems.1280x1280.jpg?resize=640%2C427&#038;ssl=1\" alt=\"\" data-id=\"479\" data-full-url=\"https:\/\/schrittmacherfestival.nl\/wp-content\/uploads\/2021\/06\/1_traces_dannywillems.1280x1280.jpg\" data-link=\"https:\/\/schrittmacherfestival.nl\/?attachment_id=479\" class=\"wp-image-479\" srcset=\"https:\/\/i0.wp.com\/schrittmacherfestival.nl\/wp-content\/uploads\/2021\/06\/1_traces_dannywillems.1280x1280.jpg?resize=1024%2C683&amp;ssl=1 1024w, https:\/\/i0.wp.com\/schrittmacherfestival.nl\/wp-content\/uploads\/2021\/06\/1_traces_dannywillems.1280x1280.jpg?resize=300%2C200&amp;ssl=1 300w, https:\/\/i0.wp.com\/schrittmacherfestival.nl\/wp-content\/uploads\/2021\/06\/1_traces_dannywillems.1280x1280.jpg?resize=768%2C512&amp;ssl=1 768w, https:\/\/i0.wp.com\/schrittmacherfestival.nl\/wp-content\/uploads\/2021\/06\/1_traces_dannywillems.1280x1280.jpg?resize=600%2C400&amp;ssl=1 600w, https:\/\/i0.wp.com\/schrittmacherfestival.nl\/wp-content\/uploads\/2021\/06\/1_traces_dannywillems.1280x1280.jpg?w=1280&amp;ssl=1 1280w\" sizes=\"(max-width: 640px) 100vw, 640px\" \/><\/figure><\/li><li class=\"blocks-gallery-item\"><figure><img data-recalc-dims=\"1\" loading=\"lazy\" decoding=\"async\" width=\"640\" height=\"427\" src=\"https:\/\/i0.wp.com\/schrittmacherfestival.nl\/wp-content\/uploads\/2021\/06\/9_traces_dannywillems.1280x1280.jpg?resize=640%2C427&#038;ssl=1\" alt=\"\" data-id=\"480\" data-full-url=\"https:\/\/schrittmacherfestival.nl\/wp-content\/uploads\/2021\/06\/9_traces_dannywillems.1280x1280.jpg\" data-link=\"https:\/\/schrittmacherfestival.nl\/?attachment_id=480\" class=\"wp-image-480\" srcset=\"https:\/\/i0.wp.com\/schrittmacherfestival.nl\/wp-content\/uploads\/2021\/06\/9_traces_dannywillems.1280x1280.jpg?resize=1024%2C683&amp;ssl=1 1024w, https:\/\/i0.wp.com\/schrittmacherfestival.nl\/wp-content\/uploads\/2021\/06\/9_traces_dannywillems.1280x1280.jpg?resize=300%2C200&amp;ssl=1 300w, https:\/\/i0.wp.com\/schrittmacherfestival.nl\/wp-content\/uploads\/2021\/06\/9_traces_dannywillems.1280x1280.jpg?resize=768%2C512&amp;ssl=1 768w, https:\/\/i0.wp.com\/schrittmacherfestival.nl\/wp-content\/uploads\/2021\/06\/9_traces_dannywillems.1280x1280.jpg?resize=600%2C400&amp;ssl=1 600w, https:\/\/i0.wp.com\/schrittmacherfestival.nl\/wp-content\/uploads\/2021\/06\/9_traces_dannywillems.1280x1280.jpg?w=1280&amp;ssl=1 1280w\" sizes=\"(max-width: 640px) 100vw, 640px\" \/><\/figure><\/li><li class=\"blocks-gallery-item\"><figure><img data-recalc-dims=\"1\" loading=\"lazy\" decoding=\"async\" width=\"640\" height=\"427\" src=\"https:\/\/i0.wp.com\/schrittmacherfestival.nl\/wp-content\/uploads\/2021\/06\/uv_traces_dannywillems18d10886.1280x1280.jpg?resize=640%2C427&#038;ssl=1\" alt=\"\" data-id=\"481\" data-full-url=\"https:\/\/schrittmacherfestival.nl\/wp-content\/uploads\/2021\/06\/uv_traces_dannywillems18d10886.1280x1280.jpg\" data-link=\"https:\/\/schrittmacherfestival.nl\/?attachment_id=481\" class=\"wp-image-481\" srcset=\"https:\/\/i0.wp.com\/schrittmacherfestival.nl\/wp-content\/uploads\/2021\/06\/uv_traces_dannywillems18d10886.1280x1280.jpg?resize=1024%2C683&amp;ssl=1 1024w, https:\/\/i0.wp.com\/schrittmacherfestival.nl\/wp-content\/uploads\/2021\/06\/uv_traces_dannywillems18d10886.1280x1280.jpg?resize=300%2C200&amp;ssl=1 300w, https:\/\/i0.wp.com\/schrittmacherfestival.nl\/wp-content\/uploads\/2021\/06\/uv_traces_dannywillems18d10886.1280x1280.jpg?resize=768%2C512&amp;ssl=1 768w, https:\/\/i0.wp.com\/schrittmacherfestival.nl\/wp-content\/uploads\/2021\/06\/uv_traces_dannywillems18d10886.1280x1280.jpg?resize=600%2C400&amp;ssl=1 600w, https:\/\/i0.wp.com\/schrittmacherfestival.nl\/wp-content\/uploads\/2021\/06\/uv_traces_dannywillems18d10886.1280x1280.jpg?w=1280&amp;ssl=1 1280w\" sizes=\"(max-width: 640px) 100vw, 640px\" \/><\/figure><\/li><li class=\"blocks-gallery-item\"><figure><img data-recalc-dims=\"1\" loading=\"lazy\" decoding=\"async\" width=\"640\" height=\"427\" src=\"https:\/\/i0.wp.com\/schrittmacherfestival.nl\/wp-content\/uploads\/2021\/06\/traces_wimvandekeybus_1.1280x1280.jpg?resize=640%2C427&#038;ssl=1\" alt=\"\" data-id=\"482\" data-full-url=\"https:\/\/schrittmacherfestival.nl\/wp-content\/uploads\/2021\/06\/traces_wimvandekeybus_1.1280x1280.jpg\" data-link=\"https:\/\/schrittmacherfestival.nl\/?attachment_id=482\" class=\"wp-image-482\" srcset=\"https:\/\/i0.wp.com\/schrittmacherfestival.nl\/wp-content\/uploads\/2021\/06\/traces_wimvandekeybus_1.1280x1280.jpg?resize=1024%2C683&amp;ssl=1 1024w, https:\/\/i0.wp.com\/schrittmacherfestival.nl\/wp-content\/uploads\/2021\/06\/traces_wimvandekeybus_1.1280x1280.jpg?resize=300%2C200&amp;ssl=1 300w, https:\/\/i0.wp.com\/schrittmacherfestival.nl\/wp-content\/uploads\/2021\/06\/traces_wimvandekeybus_1.1280x1280.jpg?resize=768%2C512&amp;ssl=1 768w, https:\/\/i0.wp.com\/schrittmacherfestival.nl\/wp-content\/uploads\/2021\/06\/traces_wimvandekeybus_1.1280x1280.jpg?resize=600%2C400&amp;ssl=1 600w, https:\/\/i0.wp.com\/schrittmacherfestival.nl\/wp-content\/uploads\/2021\/06\/traces_wimvandekeybus_1.1280x1280.jpg?w=1280&amp;ssl=1 1280w\" sizes=\"(max-width: 640px) 100vw, 640px\" \/><\/figure><\/li><li class=\"blocks-gallery-item\"><figure><img data-recalc-dims=\"1\" loading=\"lazy\" decoding=\"async\" width=\"640\" height=\"427\" src=\"https:\/\/i0.wp.com\/schrittmacherfestival.nl\/wp-content\/uploads\/2021\/06\/2_traces_wimvandekeybus.1280x1280.jpg?resize=640%2C427&#038;ssl=1\" alt=\"\" data-id=\"483\" data-full-url=\"https:\/\/schrittmacherfestival.nl\/wp-content\/uploads\/2021\/06\/2_traces_wimvandekeybus.1280x1280.jpg\" data-link=\"https:\/\/schrittmacherfestival.nl\/?attachment_id=483\" class=\"wp-image-483\" srcset=\"https:\/\/i0.wp.com\/schrittmacherfestival.nl\/wp-content\/uploads\/2021\/06\/2_traces_wimvandekeybus.1280x1280.jpg?resize=1024%2C683&amp;ssl=1 1024w, https:\/\/i0.wp.com\/schrittmacherfestival.nl\/wp-content\/uploads\/2021\/06\/2_traces_wimvandekeybus.1280x1280.jpg?resize=300%2C200&amp;ssl=1 300w, https:\/\/i0.wp.com\/schrittmacherfestival.nl\/wp-content\/uploads\/2021\/06\/2_traces_wimvandekeybus.1280x1280.jpg?resize=768%2C512&amp;ssl=1 768w, https:\/\/i0.wp.com\/schrittmacherfestival.nl\/wp-content\/uploads\/2021\/06\/2_traces_wimvandekeybus.1280x1280.jpg?resize=600%2C400&amp;ssl=1 600w, https:\/\/i0.wp.com\/schrittmacherfestival.nl\/wp-content\/uploads\/2021\/06\/2_traces_wimvandekeybus.1280x1280.jpg?w=1280&amp;ssl=1 1280w\" sizes=\"(max-width: 640px) 100vw, 640px\" \/><\/figure><\/li><li class=\"blocks-gallery-item\"><figure><img data-recalc-dims=\"1\" loading=\"lazy\" decoding=\"async\" width=\"640\" height=\"427\" src=\"https:\/\/i0.wp.com\/schrittmacherfestival.nl\/wp-content\/uploads\/2021\/06\/uv_traces_dannywillems18d13639.1280x1280.jpg?resize=640%2C427&#038;ssl=1\" alt=\"\" data-id=\"484\" data-full-url=\"https:\/\/schrittmacherfestival.nl\/wp-content\/uploads\/2021\/06\/uv_traces_dannywillems18d13639.1280x1280.jpg\" data-link=\"https:\/\/schrittmacherfestival.nl\/?attachment_id=484\" class=\"wp-image-484\" srcset=\"https:\/\/i0.wp.com\/schrittmacherfestival.nl\/wp-content\/uploads\/2021\/06\/uv_traces_dannywillems18d13639.1280x1280.jpg?resize=1024%2C683&amp;ssl=1 1024w, https:\/\/i0.wp.com\/schrittmacherfestival.nl\/wp-content\/uploads\/2021\/06\/uv_traces_dannywillems18d13639.1280x1280.jpg?resize=300%2C200&amp;ssl=1 300w, https:\/\/i0.wp.com\/schrittmacherfestival.nl\/wp-content\/uploads\/2021\/06\/uv_traces_dannywillems18d13639.1280x1280.jpg?resize=768%2C512&amp;ssl=1 768w, https:\/\/i0.wp.com\/schrittmacherfestival.nl\/wp-content\/uploads\/2021\/06\/uv_traces_dannywillems18d13639.1280x1280.jpg?resize=600%2C400&amp;ssl=1 600w, https:\/\/i0.wp.com\/schrittmacherfestival.nl\/wp-content\/uploads\/2021\/06\/uv_traces_dannywillems18d13639.1280x1280.jpg?w=1280&amp;ssl=1 1280w\" sizes=\"(max-width: 640px) 100vw, 640px\" \/><\/figure><\/li><\/ul><\/figure>\n\n\n\n<hr class=\"wp-block-separator\"\/>\n\n\n\n<p><\/p>\n","protected":false},"excerpt":{"rendered":"<p>TRACES THEATER HEERLEN \u2013 RABOzaalSa 11 JUL 2021 20.00 Uhr Von \u20ac21,- Wie viel Natur steckt noch im Menschen? Und wie viel Tier? Mit TRACES folgt Wim Vandekeybus bei schrit_tmacher den Spuren, die er selbst gelegt hat. Er blickt zur\u00fcck auf die Anf\u00e4nge seiner Suche \u2013 auf das Drama aus Leidenschaften und Instinkten, das Spiel der Energien und Intensit\u00e4ten. Spuren, [&hellip;]<\/p>\n","protected":false},"author":1,"featured_media":0,"parent":0,"menu_order":0,"comment_status":"closed","ping_status":"closed","template":"","meta":{"_acf_changed":false,"footnotes":""},"class_list":["post-1124","page","type-page","status-publish","hentry"],"aioseo_notices":[],"acf":[],"jetpack_sharing_enabled":true,"_links":{"self":[{"href":"https:\/\/schrittmacherfestival.nl\/de\/wp-json\/wp\/v2\/pages\/1124","targetHints":{"allow":["GET"]}}],"collection":[{"href":"https:\/\/schrittmacherfestival.nl\/de\/wp-json\/wp\/v2\/pages"}],"about":[{"href":"https:\/\/schrittmacherfestival.nl\/de\/wp-json\/wp\/v2\/types\/page"}],"author":[{"embeddable":true,"href":"https:\/\/schrittmacherfestival.nl\/de\/wp-json\/wp\/v2\/users\/1"}],"replies":[{"embeddable":true,"href":"https:\/\/schrittmacherfestival.nl\/de\/wp-json\/wp\/v2\/comments?post=1124"}],"version-history":[{"count":1,"href":"https:\/\/schrittmacherfestival.nl\/de\/wp-json\/wp\/v2\/pages\/1124\/revisions"}],"predecessor-version":[{"id":1127,"href":"https:\/\/schrittmacherfestival.nl\/de\/wp-json\/wp\/v2\/pages\/1124\/revisions\/1127"}],"wp:attachment":[{"href":"https:\/\/schrittmacherfestival.nl\/de\/wp-json\/wp\/v2\/media?parent=1124"}],"curies":[{"name":"wp","href":"https:\/\/api.w.org\/{rel}","templated":true}]}}