{"id":1129,"date":"2021-06-14T11:49:13","date_gmt":"2021-06-14T11:49:13","guid":{"rendered":"https:\/\/schrittmacherfestival.nl\/l-e-v\/"},"modified":"2021-07-13T15:40:44","modified_gmt":"2021-07-13T15:40:44","slug":"l-e-v","status":"publish","type":"page","link":"https:\/\/schrittmacherfestival.nl\/de\/l-e-v\/","title":{"rendered":"L-E-V"},"content":{"rendered":"\n<h2 class=\"wp-block-heading\"><span style=\"color:#000000\" class=\"tadv-color\">Chapter 3: The Brutal Journey of the Heart<\/span><\/h2>\n\n\n\n<p><span style=\"\" class=\"tadv-background-color\"><strong style=\"font-weight: bold; background-color: rgb(245, 236, 90);\">THEATER HEERLEN \u2013 RABOzaal<\/strong><\/span><br><strong><span style=\"background-color:#f5ec5a\" class=\"tadv-background-color\">Do 15 JUL 2021 <\/span><\/strong><br><strong><span style=\"background-color:#f5ec5a\" class=\"tadv-background-color\">20.00 Uhr <\/span><\/strong><br><strong><span style=\"background-color:#f5ec5a\" class=\"tadv-background-color\">Von \u20ac21,-<\/span><\/strong><\/p>\n\n\n\n<figure class=\"wp-block-image alignwide size-large\"><img data-recalc-dims=\"1\" fetchpriority=\"high\" decoding=\"async\" width=\"640\" height=\"260\" src=\"https:\/\/i0.wp.com\/schrittmacherfestival.nl\/wp-content\/uploads\/2021\/06\/LEV.jpeg?resize=640%2C260&#038;ssl=1\" alt=\"\" class=\"wp-image-1057\" srcset=\"https:\/\/i0.wp.com\/schrittmacherfestival.nl\/wp-content\/uploads\/2021\/06\/LEV.jpeg?resize=1024%2C416&amp;ssl=1 1024w, https:\/\/i0.wp.com\/schrittmacherfestival.nl\/wp-content\/uploads\/2021\/06\/LEV.jpeg?resize=300%2C122&amp;ssl=1 300w, https:\/\/i0.wp.com\/schrittmacherfestival.nl\/wp-content\/uploads\/2021\/06\/LEV.jpeg?resize=768%2C312&amp;ssl=1 768w, https:\/\/i0.wp.com\/schrittmacherfestival.nl\/wp-content\/uploads\/2021\/06\/LEV.jpeg?w=1230&amp;ssl=1 1230w\" sizes=\"(max-width: 640px) 100vw, 640px\" \/><\/figure>\n\n\n\n<hr class=\"wp-block-separator\"\/>\n\n\n\n<h2 class=\"wp-block-heading\"><span style=\"color:#000000\" class=\"tadv-color\">Die Dynamik der Technomusik verschmilzt mit explosivem Tanz<\/span><\/h2>\n\n\n\n<p><strong>In <em>OCD LOVE (2015), Love Chapter 2 (2017) <\/em>und <em>Chapter <\/em>3 (2019) thematisiert das israelische Choreografenduo Sharon Eyal &amp; Gai Behar Herzensangelegenheiten. Nach den beiden ersten Teilen ist bei der Sommerausgabe von schrit_tmacher auch Teil 3 dieser spannenden Trilogie zu sehen.<\/strong><\/p>\n\n\n\n<p>In <em>OCD LOVE <\/em>ging es um die Randgebiete der Liebe wie Liebeskummer. In <em>Chapter 2 <\/em>zeigte Eyal, dass Liebe harte Arbeit und mitunter sehr ersch\u00f6pfend sein kann. <em>Chapter 3: The Brutal Journey of the Heart (2019) <\/em>vervollst\u00e4ndigt das Triptychon und setzt den wohlbekannten energischen Stil von Eyal auf sinnliche Weise fort.<\/p>\n\n\n\n<p><em><strong><span style=\"color:#000000\" class=\"tadv-color\">Little Life <\/span><\/strong><\/em><br>Beim dritten Teil lie\u00df Eyal sich von Hanya Yanagiharas Bestseller <em>Little Life<\/em> inspirieren: \u201e&#8230; things get broken, and sometimes they get repaired, and in most cases, you realize that no matter what gets damaged, life rearranges itself to compensate for your loss, sometimes wonderfully.\u201c<\/p>\n\n\n\n<p>Die Vorstellung kombiniert Behars dynamischen Techno \u00e4u\u00dferst pr\u00e4zise mit Eyals explosivem Tanz. Mit dieser modernen Vorstellung dringt das Duo bis zum Kern, zum Herzschlag unserer Zeit und Gesellschaft vor. Die neun T\u00e4nzer und T\u00e4nzerinnen bilden eine Gruppe, die im Kontrast zum Individuum steht. Sexualit\u00e4t und Genderneutralit\u00e4t. Archaische Typen und hippe Clubg\u00e4ste. Erg\u00e4nzt wird der ausdrucksstarke, sinnliche Tanz durch die aufsehenerregenden Kost\u00fcme von Maria Granzia Chiuri, der Chefdesignerin von Dior.<\/p>\n\n\n\n<p><em><strong><span style=\"color:#000000\" class=\"tadv-color\">\u00dcber L-E-V<\/span><\/strong><\/em><br>L-E-V (\u201eHerz\u201c auf Hebr\u00e4isch) wurde 2013 von Sharon Eyal (u.a. Batsheva Dance Company) &amp; Gai Behar (Musik-\/Technoproduzent) gegr\u00fcndet. Die Werke des Duos waren auf den bedeutendsten Tanzb\u00fchnen und -festivals weltweit zu sehen \u2013 unter anderem im Sadler\u2019s Wells in London, im Joyce Theatre in New York, beim Julidans in Amsterdam, beim Singapore International Festival of Arts und im Sydney Opera House.<\/p>\n\n\n\n<p><em>\u201e\u00c4u\u00dferst originell und sehr genau umgesetzt.\u201c &#8211; Die Volkskrant ***** \u00fcber OCD LOVE.<\/em><em><\/em><\/p>\n\n\n\n<p><em><strong><span style=\"color:#000000\" class=\"tadv-color\">Credits<\/span><\/strong><\/em><br>Gestaltung: Sharon Eyal<br>Mitgestaltung: Gai Behar<br>Musik: Ori Lichtik<br>Kost\u00fcme: Maria Grazia Chiuri &#8211; Christian Dior Couture<br>T\u00e4nzer:innen: Clyde Emmanuel Archer, Gon Biran, Keren Lurie Pardes, Daniel Norgren Jensen, Rebecca <br>Mit Dank an Julidans<\/p>\n\n\n\n<hr class=\"wp-block-separator\"\/>\n\n\n\n<div class=\"wp-block-buttons is-content-justification-center is-layout-flex wp-block-buttons-is-layout-flex\">\n<div class=\"wp-block-button\"><a class=\"wp-block-button__link has-black-color has-text-color has-background\" href=\"https:\/\/www.plt.nl\/bestel\/8818\" style=\"background-color:#f5ec5a\" target=\"_blank\" rel=\"noreferrer noopener\"><strong>Tickets bestellen<\/strong><\/a><\/div>\n<\/div>\n\n\n\n<hr class=\"wp-block-separator\"\/>\n\n\n\n<figure class=\"wp-block-embed aligncenter is-type-video is-provider-youtube wp-block-embed-youtube wp-embed-aspect-16-9 wp-has-aspect-ratio\"><div class=\"wp-block-embed__wrapper\">\n<iframe  id=\"_ytid_74870\"  width=\"640\" height=\"360\"  data-origwidth=\"640\" data-origheight=\"360\" src=\"https:\/\/www.youtube.com\/embed\/DdiRb0vCgx8?enablejsapi=1&#038;autoplay=0&#038;cc_load_policy=0&#038;cc_lang_pref=&#038;iv_load_policy=1&#038;loop=0&#038;rel=1&#038;fs=1&#038;playsinline=0&#038;autohide=2&#038;theme=dark&#038;color=red&#038;controls=1&#038;disablekb=0&#038;\" class=\"__youtube_prefs__  epyt-is-override  no-lazyload\" title=\"YouTube player\"  allow=\"fullscreen; accelerometer; autoplay; clipboard-write; encrypted-media; gyroscope; picture-in-picture; web-share\" referrerpolicy=\"strict-origin-when-cross-origin\" allowfullscreen data-no-lazy=\"1\" data-skipgform_ajax_framebjll=\"\"><\/iframe>\n<\/div><\/figure>\n\n\n\n<hr class=\"wp-block-separator\"\/>\n\n\n\n<figure class=\"wp-block-gallery aligncenter columns-2 is-cropped wp-block-gallery-1 is-layout-flex wp-block-gallery-is-layout-flex\"><ul class=\"blocks-gallery-grid\"><li class=\"blocks-gallery-item\"><figure><img data-recalc-dims=\"1\" decoding=\"async\" width=\"640\" height=\"480\" src=\"https:\/\/i0.wp.com\/schrittmacherfestival.nl\/wp-content\/uploads\/2021\/06\/6_chapter_3_-_photo_by_stefan_dotter_for_dior.1280x1280.jpg?resize=640%2C480&#038;ssl=1\" alt=\"\" data-id=\"1062\" data-full-url=\"https:\/\/schrittmacherfestival.nl\/wp-content\/uploads\/2021\/06\/6_chapter_3_-_photo_by_stefan_dotter_for_dior.1280x1280.jpg\" data-link=\"https:\/\/schrittmacherfestival.nl\/?attachment_id=1062\" class=\"wp-image-1062\" srcset=\"https:\/\/i0.wp.com\/schrittmacherfestival.nl\/wp-content\/uploads\/2021\/06\/6_chapter_3_-_photo_by_stefan_dotter_for_dior.1280x1280.jpg?resize=1024%2C768&amp;ssl=1 1024w, https:\/\/i0.wp.com\/schrittmacherfestival.nl\/wp-content\/uploads\/2021\/06\/6_chapter_3_-_photo_by_stefan_dotter_for_dior.1280x1280.jpg?resize=300%2C225&amp;ssl=1 300w, https:\/\/i0.wp.com\/schrittmacherfestival.nl\/wp-content\/uploads\/2021\/06\/6_chapter_3_-_photo_by_stefan_dotter_for_dior.1280x1280.jpg?resize=768%2C576&amp;ssl=1 768w, https:\/\/i0.wp.com\/schrittmacherfestival.nl\/wp-content\/uploads\/2021\/06\/6_chapter_3_-_photo_by_stefan_dotter_for_dior.1280x1280.jpg?w=1280&amp;ssl=1 1280w\" sizes=\"(max-width: 640px) 100vw, 640px\" \/><\/figure><\/li><li class=\"blocks-gallery-item\"><figure><img data-recalc-dims=\"1\" decoding=\"async\" width=\"640\" height=\"480\" src=\"https:\/\/i0.wp.com\/schrittmacherfestival.nl\/wp-content\/uploads\/2021\/06\/3_chapter_3_-_photo_by_stefan_dotter_for_dior.1280x1280.jpg?resize=640%2C480&#038;ssl=1\" alt=\"\" data-id=\"1064\" data-full-url=\"https:\/\/schrittmacherfestival.nl\/wp-content\/uploads\/2021\/06\/3_chapter_3_-_photo_by_stefan_dotter_for_dior.1280x1280.jpg\" data-link=\"https:\/\/schrittmacherfestival.nl\/?attachment_id=1064\" class=\"wp-image-1064\" srcset=\"https:\/\/i0.wp.com\/schrittmacherfestival.nl\/wp-content\/uploads\/2021\/06\/3_chapter_3_-_photo_by_stefan_dotter_for_dior.1280x1280.jpg?resize=1024%2C768&amp;ssl=1 1024w, https:\/\/i0.wp.com\/schrittmacherfestival.nl\/wp-content\/uploads\/2021\/06\/3_chapter_3_-_photo_by_stefan_dotter_for_dior.1280x1280.jpg?resize=300%2C225&amp;ssl=1 300w, https:\/\/i0.wp.com\/schrittmacherfestival.nl\/wp-content\/uploads\/2021\/06\/3_chapter_3_-_photo_by_stefan_dotter_for_dior.1280x1280.jpg?resize=768%2C576&amp;ssl=1 768w, https:\/\/i0.wp.com\/schrittmacherfestival.nl\/wp-content\/uploads\/2021\/06\/3_chapter_3_-_photo_by_stefan_dotter_for_dior.1280x1280.jpg?w=1280&amp;ssl=1 1280w\" sizes=\"(max-width: 640px) 100vw, 640px\" \/><\/figure><\/li><\/ul><\/figure>\n\n\n\n<hr class=\"wp-block-separator\"\/>\n\n\n\n<p><\/p>\n","protected":false},"excerpt":{"rendered":"<p>Chapter 3: The Brutal Journey of the Heart THEATER HEERLEN \u2013 RABOzaalDo 15 JUL 2021 20.00 Uhr Von \u20ac21,- Die Dynamik der Technomusik verschmilzt mit explosivem Tanz In OCD LOVE (2015), Love Chapter 2 (2017) und Chapter 3 (2019) thematisiert das israelische Choreografenduo Sharon Eyal &amp; Gai Behar Herzensangelegenheiten. Nach den beiden ersten Teilen ist bei der Sommerausgabe von schrit_tmacher [&hellip;]<\/p>\n","protected":false},"author":1,"featured_media":0,"parent":0,"menu_order":0,"comment_status":"closed","ping_status":"closed","template":"","meta":{"_acf_changed":false,"footnotes":""},"class_list":["post-1129","page","type-page","status-publish","hentry"],"aioseo_notices":[],"acf":[],"jetpack_sharing_enabled":true,"_links":{"self":[{"href":"https:\/\/schrittmacherfestival.nl\/de\/wp-json\/wp\/v2\/pages\/1129","targetHints":{"allow":["GET"]}}],"collection":[{"href":"https:\/\/schrittmacherfestival.nl\/de\/wp-json\/wp\/v2\/pages"}],"about":[{"href":"https:\/\/schrittmacherfestival.nl\/de\/wp-json\/wp\/v2\/types\/page"}],"author":[{"embeddable":true,"href":"https:\/\/schrittmacherfestival.nl\/de\/wp-json\/wp\/v2\/users\/1"}],"replies":[{"embeddable":true,"href":"https:\/\/schrittmacherfestival.nl\/de\/wp-json\/wp\/v2\/comments?post=1129"}],"version-history":[{"count":5,"href":"https:\/\/schrittmacherfestival.nl\/de\/wp-json\/wp\/v2\/pages\/1129\/revisions"}],"predecessor-version":[{"id":2269,"href":"https:\/\/schrittmacherfestival.nl\/de\/wp-json\/wp\/v2\/pages\/1129\/revisions\/2269"}],"wp:attachment":[{"href":"https:\/\/schrittmacherfestival.nl\/de\/wp-json\/wp\/v2\/media?parent=1129"}],"curies":[{"name":"wp","href":"https:\/\/api.w.org\/{rel}","templated":true}]}}