{"id":1136,"date":"2021-06-09T09:07:02","date_gmt":"2021-06-09T09:07:02","guid":{"rendered":"https:\/\/schrittmacherfestival.nl\/scenaro\/"},"modified":"2021-06-15T06:07:42","modified_gmt":"2021-06-15T06:07:42","slug":"scenaro","status":"publish","type":"page","link":"https:\/\/schrittmacherfestival.nl\/de\/scenaro\/","title":{"rendered":"SCENAR!O"},"content":{"rendered":"\n<h2 class=\"wp-block-heading\"><span style=\"color:#000000\" class=\"tadv-color\">Bert Berg: A SENSITIVE CASE<\/span><\/h2>\n\n\n\n<p><strong><span style=\"background-color:#f5ec5a\" class=\"tadv-background-color\"><strong><strong>Kulturzentrum Alter Schlachthof, Eupen<\/strong><\/strong><\/span><\/strong><br><strong><span style=\"background-color:#f5ec5a\" class=\"tadv-background-color\">Do 01 JUL 2021 <\/span><\/strong><br><strong><span style=\"background-color:#f5ec5a\" class=\"tadv-background-color\">17.00 &#8211; 23.00 Uhr<\/span><\/strong> <br><strong><span style=\"background-color:#f5ec5a\" class=\"tadv-background-color\">Frei zug\u00e4nglich<\/span><\/strong><\/p>\n\n\n\n<figure class=\"wp-block-image alignwide size-large\"><img data-recalc-dims=\"1\" fetchpriority=\"high\" decoding=\"async\" width=\"640\" height=\"274\" src=\"https:\/\/i0.wp.com\/schrittmacherfestival.nl\/wp-content\/uploads\/2021\/06\/bert-berg-e1623228764493-1024x438.png?resize=640%2C274&#038;ssl=1\" alt=\"\" class=\"wp-image-688\" srcset=\"https:\/\/i0.wp.com\/schrittmacherfestival.nl\/wp-content\/uploads\/2021\/06\/bert-berg-e1623228764493.png?resize=1024%2C438&amp;ssl=1 1024w, https:\/\/i0.wp.com\/schrittmacherfestival.nl\/wp-content\/uploads\/2021\/06\/bert-berg-e1623228764493.png?resize=300%2C128&amp;ssl=1 300w, https:\/\/i0.wp.com\/schrittmacherfestival.nl\/wp-content\/uploads\/2021\/06\/bert-berg-e1623228764493.png?resize=768%2C328&amp;ssl=1 768w, https:\/\/i0.wp.com\/schrittmacherfestival.nl\/wp-content\/uploads\/2021\/06\/bert-berg-e1623228764493.png?w=1200&amp;ssl=1 1200w\" sizes=\"(max-width: 640px) 100vw, 640px\" \/><\/figure>\n\n\n\n<hr class=\"wp-block-separator\"\/>\n\n\n\n<h1 class=\"wp-block-heading\" id=\"tw-target-text\"><span style=\"color:#000000\" class=\"tadv-color\"><strong>Eine Live-Performance mit M\u00e4usefallen. F\u00fcr jedes Alter<\/strong>.<\/span><\/h1>\n\n\n\n<p>Aus M\u00e4usefallen entstehen Skulpturen \u2013 es werden Kurven, T\u00fcrme und organische Formen konstruiert. Die Bautechnik stammt aus der Kunst des Steinstapelns. In einem 8 st\u00fcndigen Aufbau-Prozess k\u00f6nnen die Zuschauer das Zusammenspiel von einem Akrobaten mit M\u00e4usefallen beobachten. Das Live-Experiment wird mit einer Frame-Lapse-Kamera gefilmt. Das Ergebnis ist ein kurzes, beschleunigtes Bild, das den Aufstieg und Fall aller an diesem Tag gemachten Dinge zeigt.<\/p>\n\n\n\n<p><br>Kreation &amp; Spiel: Bert Vanden Berghe<\/p>\n\n\n\n<hr class=\"wp-block-separator\"\/>\n\n\n\n<p><\/p>\n","protected":false},"excerpt":{"rendered":"<p>Bert Berg: A SENSITIVE CASE Kulturzentrum Alter Schlachthof, EupenDo 01 JUL 2021 17.00 &#8211; 23.00 Uhr Frei zug\u00e4nglich Eine Live-Performance mit M\u00e4usefallen. F\u00fcr jedes Alter. Aus M\u00e4usefallen entstehen Skulpturen \u2013 es werden Kurven, T\u00fcrme und organische Formen konstruiert. Die Bautechnik stammt aus der Kunst des Steinstapelns. In einem 8 st\u00fcndigen Aufbau-Prozess k\u00f6nnen die Zuschauer das Zusammenspiel von einem Akrobaten mit [&hellip;]<\/p>\n","protected":false},"author":1,"featured_media":0,"parent":0,"menu_order":0,"comment_status":"closed","ping_status":"closed","template":"","meta":{"_acf_changed":false,"footnotes":""},"class_list":["post-1136","page","type-page","status-publish","hentry"],"aioseo_notices":[],"acf":[],"jetpack_sharing_enabled":true,"_links":{"self":[{"href":"https:\/\/schrittmacherfestival.nl\/de\/wp-json\/wp\/v2\/pages\/1136","targetHints":{"allow":["GET"]}}],"collection":[{"href":"https:\/\/schrittmacherfestival.nl\/de\/wp-json\/wp\/v2\/pages"}],"about":[{"href":"https:\/\/schrittmacherfestival.nl\/de\/wp-json\/wp\/v2\/types\/page"}],"author":[{"embeddable":true,"href":"https:\/\/schrittmacherfestival.nl\/de\/wp-json\/wp\/v2\/users\/1"}],"replies":[{"embeddable":true,"href":"https:\/\/schrittmacherfestival.nl\/de\/wp-json\/wp\/v2\/comments?post=1136"}],"version-history":[{"count":1,"href":"https:\/\/schrittmacherfestival.nl\/de\/wp-json\/wp\/v2\/pages\/1136\/revisions"}],"predecessor-version":[{"id":1138,"href":"https:\/\/schrittmacherfestival.nl\/de\/wp-json\/wp\/v2\/pages\/1136\/revisions\/1138"}],"wp:attachment":[{"href":"https:\/\/schrittmacherfestival.nl\/de\/wp-json\/wp\/v2\/media?parent=1136"}],"curies":[{"name":"wp","href":"https:\/\/api.w.org\/{rel}","templated":true}]}}