{"id":11386,"date":"2025-05-19T05:55:47","date_gmt":"2025-05-19T05:55:47","guid":{"rendered":"https:\/\/schrittmacherfestival.nl\/ink\/"},"modified":"2026-02-25T12:53:54","modified_gmt":"2026-02-25T12:53:54","slug":"ink","status":"publish","type":"page","link":"https:\/\/schrittmacherfestival.nl\/de\/ink\/","title":{"rendered":"INK"},"content":{"rendered":"\n<h1 class=\"wp-block-heading has-black-color has-text-color\" id=\"hofesh-shechter-company-gbr\">Huang Yi Studio + (TW) &amp; Ryoichi Kurokawa (JP)<\/h1>\n\n<p><strong><strong>Theater Heerlen &#8211; Grote Zaal<\/strong><\/strong><br\/><strong>Di 24.02.2026 + Mi 25.02.2026<\/strong><br\/><strong>20.00 Uhr<\/strong><br\/><strong>17,50 \u20ac &#8211; 40,00 \u20ac<\/strong><\/p>\n\n<figure class=\"wp-block-image alignwide size-large\"><img data-recalc-dims=\"1\" height=\"267\" width=\"640\" decoding=\"async\" src=\"https:\/\/i0.wp.com\/schrittmacherfestival.nl\/wp-content\/uploads\/2025\/12\/DSC2302%EF%BD%9C%E6%94%9D%E5%BD%B1%E9%A1%8F%E7%BF%A0%E8%90%B1_SummerYen-e1765185502919-1024x427.png?resize=640%2C267&#038;ssl=1\" alt=\"\" class=\"wp-image-11908\"\/><\/figure>\n\n<hr class=\"wp-block-separator has-css-opacity\"\/>\n\n<h2 class=\"wp-block-heading\"><strong><strong>Er\u00f6ffnung des Festivals Heerlen<\/strong><\/strong><\/h2>\n\n<p> <\/p>\n\n<p> <\/p>\n\n<p>Das schrit_tmacher Festival 2026 startet mit \u201eINK\u201d, einer faszinierenden Arbeit von Choreograf Huang Yi Studio und Medienk\u00fcnstler Ryoichi Kurokawa, inspiriert von der Kalligrafie Tong Yang-Tzes. Tanz, Robotik und Bildkunst verschmelzen zu einer poetischen Begegnung von Tradition und Zukunft. T\u00e4nzer*innen bewegen sich zwischen feinen Zeichen, mal kraftvoll, mal flie\u00dfend. Ein Roboter zeichnet ihre Bewegungen nach, die Kurokawa in leuchtende Spuren und holografische Projektionen verwandelt. So entstehen lebendige Gem\u00e4lde im Moment. \u201eINK\u201c ist eine \u00fcberw\u00e4ltigende Fusion von analog und digital und von Mensch und Maschine. Ein spektakul\u00e4rer Festivalauftakt.<\/p>\n\n<p> <\/p>\n\n<p>Duration: ~ 60 min. no interval<\/p>\n\n<p><strong>Di 24.02.2026 + Mi 25.02.2026<\/strong><br\/>19:00, Kleine Zaal<br\/>Introduction [NL]<br\/>4,00 \u20ac reservation required<br\/><br\/><strong>Di 24.02.2026<\/strong><br\/>21:00, T&amp;P Lounge<\/p>\n\n<p><strong>Mi 25.02.2026<\/strong><br\/>21:00, DSM Theatercaf\u00e9<br\/>Aftertalk [EN]<em><br\/><\/em>Free<\/p>\n\n<p><strong>Di 24.02. &#8211; So 29.03.2026<br\/><\/strong><a href=\"https:\/\/schrittmacherfestival.nl\/de\/ai-the-expo\/\" title=\"\">Ai: the expo<\/a><br\/><em>Discovery Museum<\/em><\/p>\n\n<p><strong>Mi 25.02.2026\u00a0(abgesagt)<\/strong><br\/><a href=\"https:\/\/schrittmacherfestival.nl\/de\/dance-workshops\/\" title=\"\">Dance workshop<\/a> <br\/><em>Theater Heerlen &#8211; RABOzaal<\/em><\/p>\n\n<p>The performance is made possible by the generous support of the Ministry of Culture (Taiwan).<\/p>\n\n<figure class=\"wp-block-image size-medium is-resized\"><img data-recalc-dims=\"1\" decoding=\"async\" width=\"300\" height=\"89\" src=\"https:\/\/i0.wp.com\/schrittmacherfestival.nl\/wp-content\/uploads\/2026\/02\/china.png?resize=300%2C89&#038;ssl=1\" alt=\"\" class=\"wp-image-13735\" style=\"aspect-ratio:3.0253378378378377;width:150px\" srcset=\"https:\/\/i0.wp.com\/schrittmacherfestival.nl\/wp-content\/uploads\/2026\/02\/china.png?resize=300%2C89&amp;ssl=1 300w, https:\/\/i0.wp.com\/schrittmacherfestival.nl\/wp-content\/uploads\/2026\/02\/china.png?resize=31%2C9&amp;ssl=1 31w, https:\/\/i0.wp.com\/schrittmacherfestival.nl\/wp-content\/uploads\/2026\/02\/china.png?w=366&amp;ssl=1 366w\" sizes=\"(max-width: 300px) 100vw, 300px\" \/><\/figure>\n\n<hr class=\"wp-block-separator has-css-opacity\"\/>\n\n<div class=\"wp-block-buttons is-horizontal is-content-justification-center is-layout-flex wp-container-core-buttons-is-layout-499968f5 wp-block-buttons-is-layout-flex\">\n<div class=\"wp-block-button\"><a class=\"wp-block-button__link has-white-color has-black-background-color has-text-color has-background wp-element-button\" href=\"https:\/\/bestellen.plt.nl\/bestel\/13027\" target=\"_blank\" rel=\"noreferrer noopener\"><strong>Tickets Di 24.02 | 20.00 Uhr<\/strong><\/a><\/div>\n\n\n\n<div class=\"wp-block-button\"><a class=\"wp-block-button__link has-white-color has-black-background-color has-text-color has-background wp-element-button\" href=\"https:\/\/bestellen.plt.nl\/bestel\/13600\" target=\"_blank\" rel=\"noreferrer noopener\"><strong>Tickets  Mi 25.02 | 20.00 Uhr<\/strong><\/a><\/div>\n<\/div>\n\n<hr class=\"wp-block-separator has-css-opacity\"\/>\n\n<figure class=\"wp-block-gallery has-nested-images columns-default is-cropped wp-block-gallery-1 is-layout-flex wp-block-gallery-is-layout-flex\">\n<figure class=\"wp-block-image size-large\"><img data-recalc-dims=\"1\" height=\"427\" width=\"640\" decoding=\"async\" data-id=\"11914\" src=\"https:\/\/i0.wp.com\/schrittmacherfestival.nl\/wp-content\/uploads\/2025\/12\/DSC0165-Lin-Chun-Yung%C2%A9-Summer-Yen.jpeg?resize=640%2C427&#038;ssl=1\" alt=\"\" class=\"wp-image-11914\"\/><\/figure>\n\n\n\n<figure class=\"wp-block-image size-large\"><img data-recalc-dims=\"1\" height=\"427\" width=\"640\" decoding=\"async\" data-id=\"11382\" src=\"https:\/\/i0.wp.com\/schrittmacherfestival.nl\/wp-content\/uploads\/2025\/05\/DSC2302%EF%BD%9C%E6%94%9D%E5%BD%B1%E9%A1%8F%E7%BF%A0%E8%90%B1_SummerYen.png?resize=640%2C427&#038;ssl=1\" alt=\"\" class=\"wp-image-11382\"\/><\/figure>\n<\/figure>\n\n<hr class=\"wp-block-separator has-css-opacity\"\/>\n\n<p><\/p>\n","protected":false},"excerpt":{"rendered":"<p>Huang Yi Studio + (TW) &amp; Ryoichi Kurokawa (JP) Theater Heerlen &#8211; Grote ZaalDi 24.02.2026 + Mi 25.02.202620.00 Uhr17,50 \u20ac &#8211; 40,00 \u20ac Er\u00f6ffnung des Festivals Heerlen Das schrit_tmacher Festival 2026 startet mit \u201eINK\u201d, einer faszinierenden Arbeit von Choreograf Huang Yi Studio und Medienk\u00fcnstler Ryoichi Kurokawa, inspiriert von der Kalligrafie Tong Yang-Tzes. Tanz, Robotik und Bildkunst verschmelzen zu einer poetischen [&hellip;]<\/p>\n","protected":false},"author":1,"featured_media":0,"parent":0,"menu_order":0,"comment_status":"closed","ping_status":"closed","template":"","meta":{"_acf_changed":false,"footnotes":""},"class_list":["post-11386","page","type-page","status-publish","hentry"],"aioseo_notices":[],"acf":[],"jetpack_sharing_enabled":true,"_links":{"self":[{"href":"https:\/\/schrittmacherfestival.nl\/de\/wp-json\/wp\/v2\/pages\/11386","targetHints":{"allow":["GET"]}}],"collection":[{"href":"https:\/\/schrittmacherfestival.nl\/de\/wp-json\/wp\/v2\/pages"}],"about":[{"href":"https:\/\/schrittmacherfestival.nl\/de\/wp-json\/wp\/v2\/types\/page"}],"author":[{"embeddable":true,"href":"https:\/\/schrittmacherfestival.nl\/de\/wp-json\/wp\/v2\/users\/1"}],"replies":[{"embeddable":true,"href":"https:\/\/schrittmacherfestival.nl\/de\/wp-json\/wp\/v2\/comments?post=11386"}],"version-history":[{"count":22,"href":"https:\/\/schrittmacherfestival.nl\/de\/wp-json\/wp\/v2\/pages\/11386\/revisions"}],"predecessor-version":[{"id":13833,"href":"https:\/\/schrittmacherfestival.nl\/de\/wp-json\/wp\/v2\/pages\/11386\/revisions\/13833"}],"wp:attachment":[{"href":"https:\/\/schrittmacherfestival.nl\/de\/wp-json\/wp\/v2\/media?parent=11386"}],"curies":[{"name":"wp","href":"https:\/\/api.w.org\/{rel}","templated":true}]}}