{"id":11416,"date":"2025-05-19T06:07:09","date_gmt":"2025-05-19T06:07:09","guid":{"rendered":"https:\/\/schrittmacherfestival.nl\/in-c\/"},"modified":"2026-02-12T10:17:49","modified_gmt":"2026-02-12T10:17:49","slug":"in-c","status":"publish","type":"page","link":"https:\/\/schrittmacherfestival.nl\/de\/in-c\/","title":{"rendered":"In C"},"content":{"rendered":"\n<h1 class=\"wp-block-heading has-black-color has-text-color\" id=\"hofesh-shechter-company-gbr\"><strong>Sasha Waltz &amp; Guests (DE) &amp; Philzuid<\/strong><\/h1>\n\n<p><strong>Theater Heerlen &#8211; Grote Zaal<\/strong><br\/><strong><strong>Do 05.03.2026<\/strong><\/strong><br\/><strong>20.00 Uhr<\/strong><br\/><strong>16,50 \u20ac &#8211; 38,00 \u20ac<\/strong><\/p>\n\n<figure class=\"wp-block-image alignwide size-full\"><img data-recalc-dims=\"1\" decoding=\"async\" src=\"https:\/\/i0.wp.com\/schrittmacherfestival.nl\/wp-content\/uploads\/2025\/05\/in-c_sasha-waltz-guests_terry-riley_ensemble2%C2%A9jo-glinka-2021-e1765189861462.jpg?w=640&#038;ssl=1\" alt=\"\" class=\"wp-image-11406\"\/><\/figure>\n\n<hr class=\"wp-block-separator has-css-opacity\"\/>\n\n<h2 class=\"wp-block-heading\"> <\/h2>\n\n<p> <\/p>\n\n<p>1964 komponierte Terry Riley das revolution\u00e4re Werk \u201eIn C\u201c, das als erstes St\u00fcck minimalistischer Musik gilt. Es besteht aus 53 musikalischen Mustern, die in fester Reihenfolge gespielt werden. Choreografin Sasha Waltz \u00fcbertrug dieses Prinzip auf den Tanz: Ihr \u201eIn C\u201c umfasst 53 choreografische Figuren, die die T\u00e4nzer*innen nacheinander durchlaufen. Jeder entscheidet selbst, wann er oder sie zur n\u00e4chsten Figur \u00fcbergeht, bleibt dabei jedoch in Beziehung zur Gruppe und zu den acht Live-Musiker*innen. So entsteht ein sich st\u00e4ndig wandelndes, einzigartiges Geflecht aus Bewegung und Klang.<\/p>\n\n<p> <\/p>\n\n<p> <\/p>\n\n<p> <\/p>\n\n<p>Duration:<em> <\/em>~ 60 min. no interval<\/p>\n\n<p><strong>Do 05.03.2026<\/strong><br\/>19:00, T&amp;P Lounge<br\/>Introduction [NL]<br\/>\u20ac 4,00, reservation required\u00a0<\/p>\n\n<p><br\/><strong>Do 05.03.2026<\/strong><br\/>21:00, DSM Theatercaf\u00e9<br\/>Aftertalk [NL\/EN]<em><br\/><\/em>Free<\/p>\n\n<p><strong>Do 05.03.2026<\/strong><br\/>12:30, Theater Heerlen, DSM Theatercaf\u00e9<br\/><a href=\"https:\/\/schrittmacherfestival.nl\/de\/masterclass-in-c\/\" title=\"\">Masterclass in C<\/a><br\/>Apple Pie Matinee<br\/>10,00\u00a0\u20ac<\/p>\n\n<p><strong>Do 05.03.2026<\/strong><br\/>Educational program (schools only)<\/p>\n\n<p><strong>Fr 06.03.2026<br\/><\/strong><a href=\"https:\/\/schrittmacherfestival.nl\/de\/dance-workshops\/\" title=\"\">Dance workshop<\/a><\/p>\n\n<p>Music Published \/ Licensed by:<br\/>\u00a9 G. Schirmer, New York \/ Albersen Verhuur B.V., \u2019s-Gravenhage.<\/p>\n\n<p>\u201cA production of Sasha Waltz &amp; Guests. Made in Radialsystem. Sasha Waltz &amp; Guests is supported by the Senate Department for Culture and Social Cohesion.\u201d<\/p>\n\n<hr class=\"wp-block-separator has-css-opacity\"\/>\n\n<div class=\"wp-block-buttons is-horizontal is-content-justification-center is-layout-flex wp-container-core-buttons-is-layout-499968f5 wp-block-buttons-is-layout-flex\">\n<div class=\"wp-block-button\"><a class=\"wp-block-button__link has-white-color has-black-background-color has-text-color has-background wp-element-button\" href=\"https:\/\/bestellen.plt.nl\/bestel\/13201\" target=\"_blank\" rel=\"noreferrer noopener\"><strong>Tickets Do 05.03 | 20.00 Uhr<\/strong><\/a><\/div>\n<\/div>\n\n<hr class=\"wp-block-separator has-css-opacity\"\/>\n\n<div class=\"wp-block-jetpack-tiled-gallery aligncenter is-style-rectangular\"><div class=\"\"><div class=\"tiled-gallery__gallery\"><div class=\"tiled-gallery__row\"><div class=\"tiled-gallery__col\" style=\"flex-basis:66.78097%\"><figure class=\"tiled-gallery__item\"><img decoding=\"async\" srcset=\"https:\/\/i0.wp.com\/schrittmacherfestival.nl\/wp-content\/uploads\/2025\/05\/in-c_sasha-waltz-guests_terry-riley_zaratiana-randrianantenaina%C2%A9yanina-isla-1024x683.jpg?strip=info&#038;w=600&#038;ssl=1 600w,https:\/\/i0.wp.com\/schrittmacherfestival.nl\/wp-content\/uploads\/2025\/05\/in-c_sasha-waltz-guests_terry-riley_zaratiana-randrianantenaina%C2%A9yanina-isla-1024x683.jpg?strip=info&#038;w=900&#038;ssl=1 900w,https:\/\/i0.wp.com\/schrittmacherfestival.nl\/wp-content\/uploads\/2025\/05\/in-c_sasha-waltz-guests_terry-riley_zaratiana-randrianantenaina%C2%A9yanina-isla-1024x683.jpg?strip=info&#038;w=1200&#038;ssl=1 1200w,https:\/\/i0.wp.com\/schrittmacherfestival.nl\/wp-content\/uploads\/2025\/05\/in-c_sasha-waltz-guests_terry-riley_zaratiana-randrianantenaina%C2%A9yanina-isla-1024x683.jpg?strip=info&#038;w=1500&#038;ssl=1 1500w,https:\/\/i0.wp.com\/schrittmacherfestival.nl\/wp-content\/uploads\/2025\/05\/in-c_sasha-waltz-guests_terry-riley_zaratiana-randrianantenaina%C2%A9yanina-isla-1024x683.jpg?strip=info&#038;w=1800&#038;ssl=1 1800w,https:\/\/i0.wp.com\/schrittmacherfestival.nl\/wp-content\/uploads\/2025\/05\/in-c_sasha-waltz-guests_terry-riley_zaratiana-randrianantenaina%C2%A9yanina-isla-1024x683.jpg?strip=info&#038;w=2000&#038;ssl=1 2000w\" alt=\"\" data-height=\"1707\" data-id=\"11394\" data-link=\"https:\/\/schrittmacherfestival.nl\/?attachment_id=11394\" data-url=\"https:\/\/schrittmacherfestival.nl\/wp-content\/uploads\/2025\/05\/in-c_sasha-waltz-guests_terry-riley_zaratiana-randrianantenaina\u00a9yanina-isla-1024x683.jpg\" data-width=\"2560\" src=\"https:\/\/i0.wp.com\/schrittmacherfestival.nl\/wp-content\/uploads\/2025\/05\/in-c_sasha-waltz-guests_terry-riley_zaratiana-randrianantenaina%C2%A9yanina-isla-1024x683.jpg?ssl=1\" data-amp-layout=\"responsive\"\/><\/figure><\/div><div class=\"tiled-gallery__col\" style=\"flex-basis:33.21903%\"><figure class=\"tiled-gallery__item\"><img decoding=\"async\" srcset=\"https:\/\/i0.wp.com\/schrittmacherfestival.nl\/wp-content\/uploads\/2025\/05\/in-c_sasha-waltz-guests_terry-riley_davide-di-pretoro_hwanhee-hwang_edivaldo-ernesto%C2%A9yanina-isla-1-1024x683.jpg?strip=info&#038;w=600&#038;ssl=1 600w,https:\/\/i0.wp.com\/schrittmacherfestival.nl\/wp-content\/uploads\/2025\/05\/in-c_sasha-waltz-guests_terry-riley_davide-di-pretoro_hwanhee-hwang_edivaldo-ernesto%C2%A9yanina-isla-1-1024x683.jpg?strip=info&#038;w=900&#038;ssl=1 900w,https:\/\/i0.wp.com\/schrittmacherfestival.nl\/wp-content\/uploads\/2025\/05\/in-c_sasha-waltz-guests_terry-riley_davide-di-pretoro_hwanhee-hwang_edivaldo-ernesto%C2%A9yanina-isla-1-1024x683.jpg?strip=info&#038;w=1200&#038;ssl=1 1200w,https:\/\/i0.wp.com\/schrittmacherfestival.nl\/wp-content\/uploads\/2025\/05\/in-c_sasha-waltz-guests_terry-riley_davide-di-pretoro_hwanhee-hwang_edivaldo-ernesto%C2%A9yanina-isla-1-1024x683.jpg?strip=info&#038;w=1500&#038;ssl=1 1500w,https:\/\/i0.wp.com\/schrittmacherfestival.nl\/wp-content\/uploads\/2025\/05\/in-c_sasha-waltz-guests_terry-riley_davide-di-pretoro_hwanhee-hwang_edivaldo-ernesto%C2%A9yanina-isla-1-1024x683.jpg?strip=info&#038;w=1800&#038;ssl=1 1800w,https:\/\/i0.wp.com\/schrittmacherfestival.nl\/wp-content\/uploads\/2025\/05\/in-c_sasha-waltz-guests_terry-riley_davide-di-pretoro_hwanhee-hwang_edivaldo-ernesto%C2%A9yanina-isla-1-1024x683.jpg?strip=info&#038;w=2000&#038;ssl=1 2000w\" alt=\"\" data-height=\"1706\" data-id=\"11392\" data-link=\"https:\/\/schrittmacherfestival.nl\/?attachment_id=11392\" data-url=\"https:\/\/schrittmacherfestival.nl\/wp-content\/uploads\/2025\/05\/in-c_sasha-waltz-guests_terry-riley_davide-di-pretoro_hwanhee-hwang_edivaldo-ernesto\u00a9yanina-isla-1-1024x683.jpg\" data-width=\"2560\" src=\"https:\/\/i0.wp.com\/schrittmacherfestival.nl\/wp-content\/uploads\/2025\/05\/in-c_sasha-waltz-guests_terry-riley_davide-di-pretoro_hwanhee-hwang_edivaldo-ernesto%C2%A9yanina-isla-1-1024x683.jpg?ssl=1\" data-amp-layout=\"responsive\"\/><\/figure><figure class=\"tiled-gallery__item\"><img decoding=\"async\" srcset=\"https:\/\/i0.wp.com\/schrittmacherfestival.nl\/wp-content\/uploads\/2025\/05\/in-c_sasha-waltz-guests_terry-riley_edivaldo-ernesto%C2%A9yanina-isla-1024x683.jpg?strip=info&#038;w=600&#038;ssl=1 600w,https:\/\/i0.wp.com\/schrittmacherfestival.nl\/wp-content\/uploads\/2025\/05\/in-c_sasha-waltz-guests_terry-riley_edivaldo-ernesto%C2%A9yanina-isla-1024x683.jpg?strip=info&#038;w=900&#038;ssl=1 900w,https:\/\/i0.wp.com\/schrittmacherfestival.nl\/wp-content\/uploads\/2025\/05\/in-c_sasha-waltz-guests_terry-riley_edivaldo-ernesto%C2%A9yanina-isla-1024x683.jpg?strip=info&#038;w=1200&#038;ssl=1 1200w,https:\/\/i0.wp.com\/schrittmacherfestival.nl\/wp-content\/uploads\/2025\/05\/in-c_sasha-waltz-guests_terry-riley_edivaldo-ernesto%C2%A9yanina-isla-1024x683.jpg?strip=info&#038;w=1500&#038;ssl=1 1500w,https:\/\/i0.wp.com\/schrittmacherfestival.nl\/wp-content\/uploads\/2025\/05\/in-c_sasha-waltz-guests_terry-riley_edivaldo-ernesto%C2%A9yanina-isla-1024x683.jpg?strip=info&#038;w=1800&#038;ssl=1 1800w,https:\/\/i0.wp.com\/schrittmacherfestival.nl\/wp-content\/uploads\/2025\/05\/in-c_sasha-waltz-guests_terry-riley_edivaldo-ernesto%C2%A9yanina-isla-1024x683.jpg?strip=info&#038;w=2000&#038;ssl=1 2000w\" alt=\"\" data-height=\"1707\" data-id=\"11398\" data-link=\"https:\/\/schrittmacherfestival.nl\/?attachment_id=11398\" data-url=\"https:\/\/schrittmacherfestival.nl\/wp-content\/uploads\/2025\/05\/in-c_sasha-waltz-guests_terry-riley_edivaldo-ernesto\u00a9yanina-isla-1024x683.jpg\" data-width=\"2560\" src=\"https:\/\/i0.wp.com\/schrittmacherfestival.nl\/wp-content\/uploads\/2025\/05\/in-c_sasha-waltz-guests_terry-riley_edivaldo-ernesto%C2%A9yanina-isla-1024x683.jpg?ssl=1\" data-amp-layout=\"responsive\"\/><\/figure><\/div><\/div><div class=\"tiled-gallery__row\"><div class=\"tiled-gallery__col\" style=\"flex-basis:33.22257%\"><figure class=\"tiled-gallery__item\"><img decoding=\"async\" srcset=\"https:\/\/i0.wp.com\/schrittmacherfestival.nl\/wp-content\/uploads\/2025\/05\/in-c_sasha-waltz-guests_terry-riley_ensemble_jo-glinka-2021_2044-1024x683.jpg?strip=info&#038;w=600&#038;ssl=1 600w,https:\/\/i0.wp.com\/schrittmacherfestival.nl\/wp-content\/uploads\/2025\/05\/in-c_sasha-waltz-guests_terry-riley_ensemble_jo-glinka-2021_2044-1024x683.jpg?strip=info&#038;w=900&#038;ssl=1 900w,https:\/\/i0.wp.com\/schrittmacherfestival.nl\/wp-content\/uploads\/2025\/05\/in-c_sasha-waltz-guests_terry-riley_ensemble_jo-glinka-2021_2044-1024x683.jpg?strip=info&#038;w=1200&#038;ssl=1 1200w,https:\/\/i0.wp.com\/schrittmacherfestival.nl\/wp-content\/uploads\/2025\/05\/in-c_sasha-waltz-guests_terry-riley_ensemble_jo-glinka-2021_2044-1024x683.jpg?strip=info&#038;w=1500&#038;ssl=1 1500w,https:\/\/i0.wp.com\/schrittmacherfestival.nl\/wp-content\/uploads\/2025\/05\/in-c_sasha-waltz-guests_terry-riley_ensemble_jo-glinka-2021_2044-1024x683.jpg?strip=info&#038;w=1800&#038;ssl=1 1800w,https:\/\/i0.wp.com\/schrittmacherfestival.nl\/wp-content\/uploads\/2025\/05\/in-c_sasha-waltz-guests_terry-riley_ensemble_jo-glinka-2021_2044-1024x683.jpg?strip=info&#038;w=2000&#038;ssl=1 2000w\" alt=\"\" data-height=\"1417\" data-id=\"11396\" data-link=\"https:\/\/schrittmacherfestival.nl\/?attachment_id=11396\" data-url=\"https:\/\/schrittmacherfestival.nl\/wp-content\/uploads\/2025\/05\/in-c_sasha-waltz-guests_terry-riley_ensemble_jo-glinka-2021_2044-1024x683.jpg\" data-width=\"2126\" src=\"https:\/\/i0.wp.com\/schrittmacherfestival.nl\/wp-content\/uploads\/2025\/05\/in-c_sasha-waltz-guests_terry-riley_ensemble_jo-glinka-2021_2044-1024x683.jpg?ssl=1\" data-amp-layout=\"responsive\"\/><\/figure><figure class=\"tiled-gallery__item\"><img decoding=\"async\" srcset=\"https:\/\/i0.wp.com\/schrittmacherfestival.nl\/wp-content\/uploads\/2025\/05\/in-c_sasha-waltz-guests_terry-riley_ensemble-4%C2%A9jo-glinka-2021-1024x682.jpg?strip=info&#038;w=600&#038;ssl=1 600w,https:\/\/i0.wp.com\/schrittmacherfestival.nl\/wp-content\/uploads\/2025\/05\/in-c_sasha-waltz-guests_terry-riley_ensemble-4%C2%A9jo-glinka-2021-1024x682.jpg?strip=info&#038;w=900&#038;ssl=1 900w,https:\/\/i0.wp.com\/schrittmacherfestival.nl\/wp-content\/uploads\/2025\/05\/in-c_sasha-waltz-guests_terry-riley_ensemble-4%C2%A9jo-glinka-2021-1024x682.jpg?strip=info&#038;w=1200&#038;ssl=1 1200w,https:\/\/i0.wp.com\/schrittmacherfestival.nl\/wp-content\/uploads\/2025\/05\/in-c_sasha-waltz-guests_terry-riley_ensemble-4%C2%A9jo-glinka-2021-1024x682.jpg?strip=info&#038;w=1500&#038;ssl=1 1500w,https:\/\/i0.wp.com\/schrittmacherfestival.nl\/wp-content\/uploads\/2025\/05\/in-c_sasha-waltz-guests_terry-riley_ensemble-4%C2%A9jo-glinka-2021-1024x682.jpg?strip=info&#038;w=1772&#038;ssl=1 1772w\" alt=\"\" data-height=\"1181\" data-id=\"11400\" data-link=\"https:\/\/schrittmacherfestival.nl\/?attachment_id=11400\" data-url=\"https:\/\/schrittmacherfestival.nl\/wp-content\/uploads\/2025\/05\/in-c_sasha-waltz-guests_terry-riley_ensemble-4\u00a9jo-glinka-2021-1024x682.jpg\" data-width=\"1772\" src=\"https:\/\/i0.wp.com\/schrittmacherfestival.nl\/wp-content\/uploads\/2025\/05\/in-c_sasha-waltz-guests_terry-riley_ensemble-4%C2%A9jo-glinka-2021-1024x682.jpg?ssl=1\" data-amp-layout=\"responsive\"\/><\/figure><\/div><div class=\"tiled-gallery__col\" style=\"flex-basis:66.77743%\"><figure class=\"tiled-gallery__item\"><img decoding=\"async\" srcset=\"https:\/\/i0.wp.com\/schrittmacherfestival.nl\/wp-content\/uploads\/2025\/05\/in-c_sasha-waltz-guests_terry-riley_ensemble%C2%A9yanina-isla_0603-1024x683.jpg?strip=info&#038;w=600&#038;ssl=1 600w,https:\/\/i0.wp.com\/schrittmacherfestival.nl\/wp-content\/uploads\/2025\/05\/in-c_sasha-waltz-guests_terry-riley_ensemble%C2%A9yanina-isla_0603-1024x683.jpg?strip=info&#038;w=900&#038;ssl=1 900w,https:\/\/i0.wp.com\/schrittmacherfestival.nl\/wp-content\/uploads\/2025\/05\/in-c_sasha-waltz-guests_terry-riley_ensemble%C2%A9yanina-isla_0603-1024x683.jpg?strip=info&#038;w=1200&#038;ssl=1 1200w,https:\/\/i0.wp.com\/schrittmacherfestival.nl\/wp-content\/uploads\/2025\/05\/in-c_sasha-waltz-guests_terry-riley_ensemble%C2%A9yanina-isla_0603-1024x683.jpg?strip=info&#038;w=1500&#038;ssl=1 1500w,https:\/\/i0.wp.com\/schrittmacherfestival.nl\/wp-content\/uploads\/2025\/05\/in-c_sasha-waltz-guests_terry-riley_ensemble%C2%A9yanina-isla_0603-1024x683.jpg?strip=info&#038;w=1800&#038;ssl=1 1800w,https:\/\/i0.wp.com\/schrittmacherfestival.nl\/wp-content\/uploads\/2025\/05\/in-c_sasha-waltz-guests_terry-riley_ensemble%C2%A9yanina-isla_0603-1024x683.jpg?strip=info&#038;w=2000&#038;ssl=1 2000w\" alt=\"\" data-height=\"1707\" data-id=\"11402\" data-link=\"https:\/\/schrittmacherfestival.nl\/?attachment_id=11402\" data-url=\"https:\/\/schrittmacherfestival.nl\/wp-content\/uploads\/2025\/05\/in-c_sasha-waltz-guests_terry-riley_ensemble\u00a9yanina-isla_0603-1024x683.jpg\" data-width=\"2560\" src=\"https:\/\/i0.wp.com\/schrittmacherfestival.nl\/wp-content\/uploads\/2025\/05\/in-c_sasha-waltz-guests_terry-riley_ensemble%C2%A9yanina-isla_0603-1024x683.jpg?ssl=1\" data-amp-layout=\"responsive\"\/><\/figure><\/div><\/div><div class=\"tiled-gallery__row\"><div class=\"tiled-gallery__col\" style=\"flex-basis:49.98928%\"><figure class=\"tiled-gallery__item\"><img decoding=\"async\" srcset=\"https:\/\/i0.wp.com\/schrittmacherfestival.nl\/wp-content\/uploads\/2025\/05\/in-c_sasha-waltz-guests_terry-riley_ensemble%C2%A9yanina-isla-1-1024x683.jpg?strip=info&#038;w=600&#038;ssl=1 600w,https:\/\/i0.wp.com\/schrittmacherfestival.nl\/wp-content\/uploads\/2025\/05\/in-c_sasha-waltz-guests_terry-riley_ensemble%C2%A9yanina-isla-1-1024x683.jpg?strip=info&#038;w=900&#038;ssl=1 900w,https:\/\/i0.wp.com\/schrittmacherfestival.nl\/wp-content\/uploads\/2025\/05\/in-c_sasha-waltz-guests_terry-riley_ensemble%C2%A9yanina-isla-1-1024x683.jpg?strip=info&#038;w=1200&#038;ssl=1 1200w,https:\/\/i0.wp.com\/schrittmacherfestival.nl\/wp-content\/uploads\/2025\/05\/in-c_sasha-waltz-guests_terry-riley_ensemble%C2%A9yanina-isla-1-1024x683.jpg?strip=info&#038;w=1500&#038;ssl=1 1500w,https:\/\/i0.wp.com\/schrittmacherfestival.nl\/wp-content\/uploads\/2025\/05\/in-c_sasha-waltz-guests_terry-riley_ensemble%C2%A9yanina-isla-1-1024x683.jpg?strip=info&#038;w=1800&#038;ssl=1 1800w,https:\/\/i0.wp.com\/schrittmacherfestival.nl\/wp-content\/uploads\/2025\/05\/in-c_sasha-waltz-guests_terry-riley_ensemble%C2%A9yanina-isla-1-1024x683.jpg?strip=info&#038;w=2000&#038;ssl=1 2000w\" alt=\"\" data-height=\"1707\" data-id=\"11404\" data-link=\"https:\/\/schrittmacherfestival.nl\/?attachment_id=11404\" data-url=\"https:\/\/schrittmacherfestival.nl\/wp-content\/uploads\/2025\/05\/in-c_sasha-waltz-guests_terry-riley_ensemble\u00a9yanina-isla-1-1024x683.jpg\" data-width=\"2560\" src=\"https:\/\/i0.wp.com\/schrittmacherfestival.nl\/wp-content\/uploads\/2025\/05\/in-c_sasha-waltz-guests_terry-riley_ensemble%C2%A9yanina-isla-1-1024x683.jpg?ssl=1\" data-amp-layout=\"responsive\"\/><\/figure><\/div><div class=\"tiled-gallery__col\" style=\"flex-basis:50.01072%\"><figure class=\"tiled-gallery__item\"><img decoding=\"async\" srcset=\"https:\/\/i0.wp.com\/schrittmacherfestival.nl\/wp-content\/uploads\/2025\/05\/in-c_sasha-waltz-guests_terry-riley_ensemble2%C2%A9jo-glinka-2021-1024x683.jpg?strip=info&#038;w=600&#038;ssl=1 600w,https:\/\/i0.wp.com\/schrittmacherfestival.nl\/wp-content\/uploads\/2025\/05\/in-c_sasha-waltz-guests_terry-riley_ensemble2%C2%A9jo-glinka-2021-1024x683.jpg?strip=info&#038;w=900&#038;ssl=1 900w,https:\/\/i0.wp.com\/schrittmacherfestival.nl\/wp-content\/uploads\/2025\/05\/in-c_sasha-waltz-guests_terry-riley_ensemble2%C2%A9jo-glinka-2021-1024x683.jpg?strip=info&#038;w=1200&#038;ssl=1 1200w,https:\/\/i0.wp.com\/schrittmacherfestival.nl\/wp-content\/uploads\/2025\/05\/in-c_sasha-waltz-guests_terry-riley_ensemble2%C2%A9jo-glinka-2021-1024x683.jpg?strip=info&#038;w=1500&#038;ssl=1 1500w,https:\/\/i0.wp.com\/schrittmacherfestival.nl\/wp-content\/uploads\/2025\/05\/in-c_sasha-waltz-guests_terry-riley_ensemble2%C2%A9jo-glinka-2021-1024x683.jpg?strip=info&#038;w=1800&#038;ssl=1 1800w,https:\/\/i0.wp.com\/schrittmacherfestival.nl\/wp-content\/uploads\/2025\/05\/in-c_sasha-waltz-guests_terry-riley_ensemble2%C2%A9jo-glinka-2021-1024x683.jpg?strip=info&#038;w=2000&#038;ssl=1 2000w\" alt=\"\" data-height=\"1417\" data-id=\"11406\" data-link=\"https:\/\/schrittmacherfestival.nl\/?attachment_id=11406\" data-url=\"https:\/\/schrittmacherfestival.nl\/wp-content\/uploads\/2025\/05\/in-c_sasha-waltz-guests_terry-riley_ensemble2\u00a9jo-glinka-2021-1024x683.jpg\" data-width=\"2126\" src=\"https:\/\/i0.wp.com\/schrittmacherfestival.nl\/wp-content\/uploads\/2025\/05\/in-c_sasha-waltz-guests_terry-riley_ensemble2%C2%A9jo-glinka-2021-1024x683.jpg?ssl=1\" data-amp-layout=\"responsive\"\/><\/figure><\/div><\/div><div class=\"tiled-gallery__row\"><div class=\"tiled-gallery__col\" style=\"flex-basis:40.88000%\"><figure class=\"tiled-gallery__item\"><img decoding=\"async\" srcset=\"https:\/\/i0.wp.com\/schrittmacherfestival.nl\/wp-content\/uploads\/2025\/05\/in-c_sasha-waltz-guests_terry-riley_hwanhee-hwang%C2%A9yanina-isla-1024x683.jpg?strip=info&#038;w=600&#038;ssl=1 600w,https:\/\/i0.wp.com\/schrittmacherfestival.nl\/wp-content\/uploads\/2025\/05\/in-c_sasha-waltz-guests_terry-riley_hwanhee-hwang%C2%A9yanina-isla-1024x683.jpg?strip=info&#038;w=900&#038;ssl=1 900w,https:\/\/i0.wp.com\/schrittmacherfestival.nl\/wp-content\/uploads\/2025\/05\/in-c_sasha-waltz-guests_terry-riley_hwanhee-hwang%C2%A9yanina-isla-1024x683.jpg?strip=info&#038;w=1200&#038;ssl=1 1200w,https:\/\/i0.wp.com\/schrittmacherfestival.nl\/wp-content\/uploads\/2025\/05\/in-c_sasha-waltz-guests_terry-riley_hwanhee-hwang%C2%A9yanina-isla-1024x683.jpg?strip=info&#038;w=1500&#038;ssl=1 1500w,https:\/\/i0.wp.com\/schrittmacherfestival.nl\/wp-content\/uploads\/2025\/05\/in-c_sasha-waltz-guests_terry-riley_hwanhee-hwang%C2%A9yanina-isla-1024x683.jpg?strip=info&#038;w=1800&#038;ssl=1 1800w,https:\/\/i0.wp.com\/schrittmacherfestival.nl\/wp-content\/uploads\/2025\/05\/in-c_sasha-waltz-guests_terry-riley_hwanhee-hwang%C2%A9yanina-isla-1024x683.jpg?strip=info&#038;w=2000&#038;ssl=1 2000w\" alt=\"\" data-height=\"1706\" data-id=\"11412\" data-link=\"https:\/\/schrittmacherfestival.nl\/?attachment_id=11412\" data-url=\"https:\/\/schrittmacherfestival.nl\/wp-content\/uploads\/2025\/05\/in-c_sasha-waltz-guests_terry-riley_hwanhee-hwang\u00a9yanina-isla-1024x683.jpg\" data-width=\"2560\" src=\"https:\/\/i0.wp.com\/schrittmacherfestival.nl\/wp-content\/uploads\/2025\/05\/in-c_sasha-waltz-guests_terry-riley_hwanhee-hwang%C2%A9yanina-isla-1024x683.jpg?ssl=1\" data-amp-layout=\"responsive\"\/><\/figure><\/div><div class=\"tiled-gallery__col\" style=\"flex-basis:40.88000%\"><figure class=\"tiled-gallery__item\"><img decoding=\"async\" srcset=\"https:\/\/i0.wp.com\/schrittmacherfestival.nl\/wp-content\/uploads\/2025\/05\/in-c_sasha-waltz-guests_terry-riley_melissa-figuereido_zaratiana-randrianantenaina_annapaola-leso_joel-suarez-gomez%C2%A9yanina-isla-1024x683.jpg?strip=info&#038;w=600&#038;ssl=1 600w,https:\/\/i0.wp.com\/schrittmacherfestival.nl\/wp-content\/uploads\/2025\/05\/in-c_sasha-waltz-guests_terry-riley_melissa-figuereido_zaratiana-randrianantenaina_annapaola-leso_joel-suarez-gomez%C2%A9yanina-isla-1024x683.jpg?strip=info&#038;w=900&#038;ssl=1 900w,https:\/\/i0.wp.com\/schrittmacherfestival.nl\/wp-content\/uploads\/2025\/05\/in-c_sasha-waltz-guests_terry-riley_melissa-figuereido_zaratiana-randrianantenaina_annapaola-leso_joel-suarez-gomez%C2%A9yanina-isla-1024x683.jpg?strip=info&#038;w=1200&#038;ssl=1 1200w,https:\/\/i0.wp.com\/schrittmacherfestival.nl\/wp-content\/uploads\/2025\/05\/in-c_sasha-waltz-guests_terry-riley_melissa-figuereido_zaratiana-randrianantenaina_annapaola-leso_joel-suarez-gomez%C2%A9yanina-isla-1024x683.jpg?strip=info&#038;w=1500&#038;ssl=1 1500w,https:\/\/i0.wp.com\/schrittmacherfestival.nl\/wp-content\/uploads\/2025\/05\/in-c_sasha-waltz-guests_terry-riley_melissa-figuereido_zaratiana-randrianantenaina_annapaola-leso_joel-suarez-gomez%C2%A9yanina-isla-1024x683.jpg?strip=info&#038;w=1800&#038;ssl=1 1800w,https:\/\/i0.wp.com\/schrittmacherfestival.nl\/wp-content\/uploads\/2025\/05\/in-c_sasha-waltz-guests_terry-riley_melissa-figuereido_zaratiana-randrianantenaina_annapaola-leso_joel-suarez-gomez%C2%A9yanina-isla-1024x683.jpg?strip=info&#038;w=2000&#038;ssl=1 2000w\" alt=\"\" data-height=\"1706\" data-id=\"11408\" data-link=\"https:\/\/schrittmacherfestival.nl\/?attachment_id=11408\" data-url=\"https:\/\/schrittmacherfestival.nl\/wp-content\/uploads\/2025\/05\/in-c_sasha-waltz-guests_terry-riley_melissa-figuereido_zaratiana-randrianantenaina_annapaola-leso_joel-suarez-gomez\u00a9yanina-isla-1024x683.jpg\" data-width=\"2560\" src=\"https:\/\/i0.wp.com\/schrittmacherfestival.nl\/wp-content\/uploads\/2025\/05\/in-c_sasha-waltz-guests_terry-riley_melissa-figuereido_zaratiana-randrianantenaina_annapaola-leso_joel-suarez-gomez%C2%A9yanina-isla-1024x683.jpg?ssl=1\" data-amp-layout=\"responsive\"\/><\/figure><\/div><div class=\"tiled-gallery__col\" style=\"flex-basis:18.23999%\"><figure class=\"tiled-gallery__item\"><img decoding=\"async\" srcset=\"https:\/\/i0.wp.com\/schrittmacherfestival.nl\/wp-content\/uploads\/2025\/05\/in-c_sasha-waltz-guests_terry-riley_orlando-rodriguez%C2%A9jo-glinka-2021-683x1024.jpg?strip=info&#038;w=600&#038;ssl=1 600w,https:\/\/i0.wp.com\/schrittmacherfestival.nl\/wp-content\/uploads\/2025\/05\/in-c_sasha-waltz-guests_terry-riley_orlando-rodriguez%C2%A9jo-glinka-2021-683x1024.jpg?strip=info&#038;w=900&#038;ssl=1 900w,https:\/\/i0.wp.com\/schrittmacherfestival.nl\/wp-content\/uploads\/2025\/05\/in-c_sasha-waltz-guests_terry-riley_orlando-rodriguez%C2%A9jo-glinka-2021-683x1024.jpg?strip=info&#038;w=1200&#038;ssl=1 1200w,https:\/\/i0.wp.com\/schrittmacherfestival.nl\/wp-content\/uploads\/2025\/05\/in-c_sasha-waltz-guests_terry-riley_orlando-rodriguez%C2%A9jo-glinka-2021-683x1024.jpg?strip=info&#038;w=1417&#038;ssl=1 1417w\" alt=\"\" data-height=\"2126\" data-id=\"11410\" data-link=\"https:\/\/schrittmacherfestival.nl\/?attachment_id=11410\" data-url=\"https:\/\/schrittmacherfestival.nl\/wp-content\/uploads\/2025\/05\/in-c_sasha-waltz-guests_terry-riley_orlando-rodriguez\u00a9jo-glinka-2021-683x1024.jpg\" data-width=\"1417\" src=\"https:\/\/i0.wp.com\/schrittmacherfestival.nl\/wp-content\/uploads\/2025\/05\/in-c_sasha-waltz-guests_terry-riley_orlando-rodriguez%C2%A9jo-glinka-2021-683x1024.jpg?ssl=1\" data-amp-layout=\"responsive\"\/><\/figure><\/div><\/div><\/div><\/div><\/div><br>\n\n<hr class=\"wp-block-separator has-css-opacity\"\/>\n","protected":false},"excerpt":{"rendered":"<p>Sasha Waltz &amp; Guests (DE) &amp; Philzuid Theater Heerlen &#8211; Grote ZaalDo 05.03.202620.00 Uhr16,50 \u20ac &#8211; 38,00 \u20ac 1964 komponierte Terry Riley das revolution\u00e4re Werk \u201eIn C\u201c, das als erstes St\u00fcck minimalistischer Musik gilt. Es besteht aus 53 musikalischen Mustern, die in fester Reihenfolge gespielt werden. Choreografin Sasha Waltz \u00fcbertrug dieses Prinzip auf den Tanz: Ihr \u201eIn C\u201c umfasst 53 [&hellip;]<\/p>\n","protected":false},"author":1,"featured_media":0,"parent":0,"menu_order":0,"comment_status":"closed","ping_status":"closed","template":"","meta":{"_acf_changed":false,"footnotes":""},"class_list":["post-11416","page","type-page","status-publish","hentry"],"aioseo_notices":[],"acf":[],"jetpack_sharing_enabled":true,"_links":{"self":[{"href":"https:\/\/schrittmacherfestival.nl\/de\/wp-json\/wp\/v2\/pages\/11416","targetHints":{"allow":["GET"]}}],"collection":[{"href":"https:\/\/schrittmacherfestival.nl\/de\/wp-json\/wp\/v2\/pages"}],"about":[{"href":"https:\/\/schrittmacherfestival.nl\/de\/wp-json\/wp\/v2\/types\/page"}],"author":[{"embeddable":true,"href":"https:\/\/schrittmacherfestival.nl\/de\/wp-json\/wp\/v2\/users\/1"}],"replies":[{"embeddable":true,"href":"https:\/\/schrittmacherfestival.nl\/de\/wp-json\/wp\/v2\/comments?post=11416"}],"version-history":[{"count":9,"href":"https:\/\/schrittmacherfestival.nl\/de\/wp-json\/wp\/v2\/pages\/11416\/revisions"}],"predecessor-version":[{"id":13743,"href":"https:\/\/schrittmacherfestival.nl\/de\/wp-json\/wp\/v2\/pages\/11416\/revisions\/13743"}],"wp:attachment":[{"href":"https:\/\/schrittmacherfestival.nl\/de\/wp-json\/wp\/v2\/media?parent=11416"}],"curies":[{"name":"wp","href":"https:\/\/api.w.org\/{rel}","templated":true}]}}