{"id":11458,"date":"2025-05-19T06:31:07","date_gmt":"2025-05-19T06:31:07","guid":{"rendered":"https:\/\/schrittmacherfestival.nl\/16-17\/"},"modified":"2025-12-08T11:58:53","modified_gmt":"2025-12-08T11:58:53","slug":"16-17","status":"publish","type":"page","link":"https:\/\/schrittmacherfestival.nl\/de\/16-17\/","title":{"rendered":"16 &amp; 17"},"content":{"rendered":"\n<h1 class=\"wp-block-heading has-black-color has-text-color\" id=\"hofesh-shechter-company-gbr\"><strong>TAO Dance Theater (CN)<\/strong><\/h1>\n\n<p><strong>Theater Heerlen<\/strong><br\/><strong><strong>Di 10.03.2026<\/strong><\/strong><br\/><strong>20.00 Uhr<\/strong><br\/><strong>16,50 \u20ac &#8211; 38,00 \u20ac<\/strong><\/p>\n\n<figure class=\"wp-block-image alignwide size-full\"><img data-recalc-dims=\"1\" fetchpriority=\"high\" decoding=\"async\" width=\"640\" height=\"267\" src=\"https:\/\/i0.wp.com\/schrittmacherfestival.nl\/wp-content\/uploads\/2025\/12\/WechatIMG62212-scaled-e1765194488945.webp?resize=640%2C267&#038;ssl=1\" alt=\"\" class=\"wp-image-12020\" srcset=\"https:\/\/i0.wp.com\/schrittmacherfestival.nl\/wp-content\/uploads\/2025\/12\/WechatIMG62212-scaled-e1765194488945.webp?w=1200&amp;ssl=1 1200w, https:\/\/i0.wp.com\/schrittmacherfestival.nl\/wp-content\/uploads\/2025\/12\/WechatIMG62212-scaled-e1765194488945.webp?resize=300%2C125&amp;ssl=1 300w, https:\/\/i0.wp.com\/schrittmacherfestival.nl\/wp-content\/uploads\/2025\/12\/WechatIMG62212-scaled-e1765194488945.webp?resize=1024%2C427&amp;ssl=1 1024w, https:\/\/i0.wp.com\/schrittmacherfestival.nl\/wp-content\/uploads\/2025\/12\/WechatIMG62212-scaled-e1765194488945.webp?resize=768%2C320&amp;ssl=1 768w, https:\/\/i0.wp.com\/schrittmacherfestival.nl\/wp-content\/uploads\/2025\/12\/WechatIMG62212-scaled-e1765194488945.webp?resize=31%2C13&amp;ssl=1 31w\" sizes=\"(max-width: 640px) 100vw, 640px\" \/><\/figure>\n\n<hr class=\"wp-block-separator has-css-opacity\"\/>\n\n<h2 class=\"wp-block-heading\"> <\/h2>\n\n<p>Der chinesische Choreograf Tao Ye verbindet mit seinem TAO Dance Theater Tradition und Zukunft, K\u00f6rper und Seele. Beim schrit_tmacher Festival zeigt er \u201e16\u201c &amp; \u201e17\u201c aus seiner gefeierten \u201eSeries of Numbers\u201c, ausgezeichnet mit dem Silbernen L\u00f6wen der Biennale di Venezia 2023. In \u201e16\u201c bewegen sich sechzehn T\u00e4nzer*innen wie ein einziger Drache \u2013 flie\u00dfend und spiralig, inspiriert vom traditionellen Loong Dance. \u201e17\u201c f\u00fchrt diesen Dialog fort, indem es Bewegung und Klang verschmelzt: T\u00e4nzer*innen synchronisieren Atem, Rhythmus und Stimme zu einer hypnotischen, sich st\u00e4ndig wandelnden Choreografie.<\/p>\n\n<p> <\/p>\n\n<p> <\/p>\n\n<p> <\/p>\n\n<p> <\/p>\n\n<p>Duration:<em> <\/em>~ 75 min. incl. interval<\/p>\n\n<p><strong>di 10.03.2026<\/strong><br\/>19:00, Kleine Zaal<br\/>Introduction [NL]<br\/>4,00 \u20ac, reservation required\u00a0<\/p>\n\n<p><br\/><strong>Di 10.03.2026<\/strong>21:15, DSM Theatercaf\u00e9<br\/>Aftertalk [NL\/EN]<em><br\/><\/em>Free<\/p>\n\n<hr class=\"wp-block-separator has-css-opacity\"\/>\n\n<div class=\"wp-block-buttons is-horizontal is-content-justification-center is-layout-flex wp-container-core-buttons-is-layout-499968f5 wp-block-buttons-is-layout-flex\">\n<div class=\"wp-block-button\"><a class=\"wp-block-button__link has-white-color has-black-background-color has-text-color has-background wp-element-button\" href=\"https:\/\/bestellen.plt.nl\/bestel\/13423\" target=\"_blank\" rel=\"noreferrer noopener\"><strong>Tickets Do 10.03 | 20.00 Uhr<\/strong><\/a><\/div>\n<\/div>\n\n<hr class=\"wp-block-separator has-css-opacity\"\/>\n\n<div class=\"wp-block-jetpack-tiled-gallery aligncenter is-style-rectangular\"><div class=\"\"><div class=\"tiled-gallery__gallery\"><div class=\"tiled-gallery__row\"><div class=\"tiled-gallery__col\" style=\"flex-basis:56.07034%\"><figure class=\"tiled-gallery__item\"><img decoding=\"async\" srcset=\"https:\/\/i0.wp.com\/schrittmacherfestival.nl\/wp-content\/uploads\/2025\/05\/WechatIMG62212-683x1024.jpg?strip=info&#038;w=600&#038;ssl=1 600w,https:\/\/i0.wp.com\/schrittmacherfestival.nl\/wp-content\/uploads\/2025\/05\/WechatIMG62212-683x1024.jpg?strip=info&#038;w=900&#038;ssl=1 900w,https:\/\/i0.wp.com\/schrittmacherfestival.nl\/wp-content\/uploads\/2025\/05\/WechatIMG62212-683x1024.jpg?strip=info&#038;w=1200&#038;ssl=1 1200w,https:\/\/i0.wp.com\/schrittmacherfestival.nl\/wp-content\/uploads\/2025\/05\/WechatIMG62212-683x1024.jpg?strip=info&#038;w=1500&#038;ssl=1 1500w,https:\/\/i0.wp.com\/schrittmacherfestival.nl\/wp-content\/uploads\/2025\/05\/WechatIMG62212-683x1024.jpg?strip=info&#038;w=1707&#038;ssl=1 1707w\" alt=\"\" data-height=\"2560\" data-id=\"11452\" data-link=\"https:\/\/schrittmacherfestival.nl\/?attachment_id=11452\" data-url=\"https:\/\/schrittmacherfestival.nl\/wp-content\/uploads\/2025\/05\/WechatIMG62212-683x1024.jpg\" data-width=\"1707\" src=\"https:\/\/i0.wp.com\/schrittmacherfestival.nl\/wp-content\/uploads\/2025\/05\/WechatIMG62212-683x1024.jpg?ssl=1\" data-amp-layout=\"responsive\"\/><\/figure><\/div><div class=\"tiled-gallery__col\" style=\"flex-basis:43.92966%\"><figure class=\"tiled-gallery__item\"><img decoding=\"async\" srcset=\"https:\/\/i0.wp.com\/schrittmacherfestival.nl\/wp-content\/uploads\/2025\/05\/WechatIMG61112-1-1024x683.jpg?strip=info&#038;w=600&#038;ssl=1 600w,https:\/\/i0.wp.com\/schrittmacherfestival.nl\/wp-content\/uploads\/2025\/05\/WechatIMG61112-1-1024x683.jpg?strip=info&#038;w=900&#038;ssl=1 900w,https:\/\/i0.wp.com\/schrittmacherfestival.nl\/wp-content\/uploads\/2025\/05\/WechatIMG61112-1-1024x683.jpg?strip=info&#038;w=1200&#038;ssl=1 1200w,https:\/\/i0.wp.com\/schrittmacherfestival.nl\/wp-content\/uploads\/2025\/05\/WechatIMG61112-1-1024x683.jpg?strip=info&#038;w=1500&#038;ssl=1 1500w,https:\/\/i0.wp.com\/schrittmacherfestival.nl\/wp-content\/uploads\/2025\/05\/WechatIMG61112-1-1024x683.jpg?strip=info&#038;w=1800&#038;ssl=1 1800w,https:\/\/i0.wp.com\/schrittmacherfestival.nl\/wp-content\/uploads\/2025\/05\/WechatIMG61112-1-1024x683.jpg?strip=info&#038;w=2000&#038;ssl=1 2000w\" alt=\"\" data-height=\"1706\" data-id=\"11448\" data-link=\"https:\/\/schrittmacherfestival.nl\/?attachment_id=11448\" data-url=\"https:\/\/schrittmacherfestival.nl\/wp-content\/uploads\/2025\/05\/WechatIMG61112-1-1024x683.jpg\" data-width=\"2560\" src=\"https:\/\/i0.wp.com\/schrittmacherfestival.nl\/wp-content\/uploads\/2025\/05\/WechatIMG61112-1-1024x683.jpg?ssl=1\" data-amp-layout=\"responsive\"\/><\/figure><figure class=\"tiled-gallery__item\"><img decoding=\"async\" srcset=\"https:\/\/i0.wp.com\/schrittmacherfestival.nl\/wp-content\/uploads\/2025\/05\/1006_2.jpg?strip=info&#038;w=600&#038;ssl=1 600w,https:\/\/i0.wp.com\/schrittmacherfestival.nl\/wp-content\/uploads\/2025\/05\/1006_2.jpg?strip=info&#038;w=640&#038;ssl=1 640w\" alt=\"\" data-height=\"360\" data-id=\"11450\" data-link=\"https:\/\/schrittmacherfestival.nl\/?attachment_id=11450\" data-url=\"https:\/\/schrittmacherfestival.nl\/wp-content\/uploads\/2025\/05\/1006_2.jpg\" data-width=\"640\" src=\"https:\/\/i0.wp.com\/schrittmacherfestival.nl\/wp-content\/uploads\/2025\/05\/1006_2.jpg?ssl=1\" data-amp-layout=\"responsive\"\/><\/figure><figure class=\"tiled-gallery__item\"><img decoding=\"async\" srcset=\"https:\/\/i0.wp.com\/schrittmacherfestival.nl\/wp-content\/uploads\/2025\/05\/WechatIMG60712-1024x683.jpg?strip=info&#038;w=600&#038;ssl=1 600w,https:\/\/i0.wp.com\/schrittmacherfestival.nl\/wp-content\/uploads\/2025\/05\/WechatIMG60712-1024x683.jpg?strip=info&#038;w=900&#038;ssl=1 900w,https:\/\/i0.wp.com\/schrittmacherfestival.nl\/wp-content\/uploads\/2025\/05\/WechatIMG60712-1024x683.jpg?strip=info&#038;w=1200&#038;ssl=1 1200w,https:\/\/i0.wp.com\/schrittmacherfestival.nl\/wp-content\/uploads\/2025\/05\/WechatIMG60712-1024x683.jpg?strip=info&#038;w=1500&#038;ssl=1 1500w,https:\/\/i0.wp.com\/schrittmacherfestival.nl\/wp-content\/uploads\/2025\/05\/WechatIMG60712-1024x683.jpg?strip=info&#038;w=1800&#038;ssl=1 1800w,https:\/\/i0.wp.com\/schrittmacherfestival.nl\/wp-content\/uploads\/2025\/05\/WechatIMG60712-1024x683.jpg?strip=info&#038;w=2000&#038;ssl=1 2000w\" alt=\"\" data-height=\"1707\" data-id=\"11454\" data-link=\"https:\/\/schrittmacherfestival.nl\/?attachment_id=11454\" data-url=\"https:\/\/schrittmacherfestival.nl\/wp-content\/uploads\/2025\/05\/WechatIMG60712-1024x683.jpg\" data-width=\"2560\" src=\"https:\/\/i0.wp.com\/schrittmacherfestival.nl\/wp-content\/uploads\/2025\/05\/WechatIMG60712-1024x683.jpg?ssl=1\" data-amp-layout=\"responsive\"\/><\/figure><\/div><\/div><\/div><\/div><\/div><br>\n\n<hr class=\"wp-block-separator has-css-opacity\"\/>\n","protected":false},"excerpt":{"rendered":"<p>TAO Dance Theater (CN) Theater HeerlenDi 10.03.202620.00 Uhr16,50 \u20ac &#8211; 38,00 \u20ac Der chinesische Choreograf Tao Ye verbindet mit seinem TAO Dance Theater Tradition und Zukunft, K\u00f6rper und Seele. Beim schrit_tmacher Festival zeigt er \u201e16\u201c &amp; \u201e17\u201c aus seiner gefeierten \u201eSeries of Numbers\u201c, ausgezeichnet mit dem Silbernen L\u00f6wen der Biennale di Venezia 2023. In \u201e16\u201c bewegen sich sechzehn T\u00e4nzer*innen wie [&hellip;]<\/p>\n","protected":false},"author":1,"featured_media":0,"parent":0,"menu_order":0,"comment_status":"closed","ping_status":"closed","template":"","meta":{"_acf_changed":false,"footnotes":""},"class_list":["post-11458","page","type-page","status-publish","hentry"],"aioseo_notices":[],"acf":[],"jetpack_sharing_enabled":true,"_links":{"self":[{"href":"https:\/\/schrittmacherfestival.nl\/de\/wp-json\/wp\/v2\/pages\/11458","targetHints":{"allow":["GET"]}}],"collection":[{"href":"https:\/\/schrittmacherfestival.nl\/de\/wp-json\/wp\/v2\/pages"}],"about":[{"href":"https:\/\/schrittmacherfestival.nl\/de\/wp-json\/wp\/v2\/types\/page"}],"author":[{"embeddable":true,"href":"https:\/\/schrittmacherfestival.nl\/de\/wp-json\/wp\/v2\/users\/1"}],"replies":[{"embeddable":true,"href":"https:\/\/schrittmacherfestival.nl\/de\/wp-json\/wp\/v2\/comments?post=11458"}],"version-history":[{"count":7,"href":"https:\/\/schrittmacherfestival.nl\/de\/wp-json\/wp\/v2\/pages\/11458\/revisions"}],"predecessor-version":[{"id":12025,"href":"https:\/\/schrittmacherfestival.nl\/de\/wp-json\/wp\/v2\/pages\/11458\/revisions\/12025"}],"wp:attachment":[{"href":"https:\/\/schrittmacherfestival.nl\/de\/wp-json\/wp\/v2\/media?parent=11458"}],"curies":[{"name":"wp","href":"https:\/\/api.w.org\/{rel}","templated":true}]}}