{"id":11507,"date":"2025-05-19T07:03:14","date_gmt":"2025-05-19T07:03:14","guid":{"rendered":"https:\/\/schrittmacherfestival.nl\/tellus\/"},"modified":"2025-12-18T07:26:05","modified_gmt":"2025-12-18T07:26:05","slug":"tellus","status":"publish","type":"page","link":"https:\/\/schrittmacherfestival.nl\/de\/tellus\/","title":{"rendered":"TELLUS"},"content":{"rendered":"\n<h1 class=\"wp-block-heading has-black-color has-text-color\" id=\"hofesh-shechter-company-gbr\"><strong><strong>Dickson Mbi Company (GB)<\/strong><\/strong><\/h1>\n\n<p><strong>Theater Kerkrade &#8211; Grote Zaal<\/strong><br\/><strong><strong>Di 17.03.2026<\/strong><\/strong><br\/><strong>20.00 Uhr<\/strong><br\/><strong>15,00 \u20ac &#8211; 34,50 \u20ac<\/strong><\/p>\n\n<figure class=\"wp-block-image alignwide size-full\"><img data-recalc-dims=\"1\" fetchpriority=\"high\" decoding=\"async\" width=\"640\" height=\"267\" src=\"https:\/\/i0.wp.com\/schrittmacherfestival.nl\/wp-content\/uploads\/2025\/05\/Dickson-Mbi-Ipswich-RD-Malachy-Luckie-23-scaled-e1747562887960.webp?resize=640%2C267&#038;ssl=1\" alt=\"\" class=\"wp-image-11503\" srcset=\"https:\/\/i0.wp.com\/schrittmacherfestival.nl\/wp-content\/uploads\/2025\/05\/Dickson-Mbi-Ipswich-RD-Malachy-Luckie-23-scaled-e1747562887960.webp?w=1200&amp;ssl=1 1200w, https:\/\/i0.wp.com\/schrittmacherfestival.nl\/wp-content\/uploads\/2025\/05\/Dickson-Mbi-Ipswich-RD-Malachy-Luckie-23-scaled-e1747562887960.webp?resize=300%2C125&amp;ssl=1 300w, https:\/\/i0.wp.com\/schrittmacherfestival.nl\/wp-content\/uploads\/2025\/05\/Dickson-Mbi-Ipswich-RD-Malachy-Luckie-23-scaled-e1747562887960.webp?resize=1024%2C427&amp;ssl=1 1024w, https:\/\/i0.wp.com\/schrittmacherfestival.nl\/wp-content\/uploads\/2025\/05\/Dickson-Mbi-Ipswich-RD-Malachy-Luckie-23-scaled-e1747562887960.webp?resize=768%2C320&amp;ssl=1 768w\" sizes=\"(max-width: 640px) 100vw, 640px\" \/><\/figure>\n\n<hr class=\"wp-block-separator has-css-opacity\"\/>\n\n<h2 class=\"wp-block-heading\"><strong>Koproduktion mit<\/strong><\/h2>\n\n<h2 class=\"wp-block-heading\"> <\/h2>\n\n<p>Der Olivier Award-Preistr\u00e4ger Dickson Mbi kehrt mit der niederl\u00e4ndischen Premiere seines neuen St\u00fccks \u201eTELLUS\u201c, das in Koproduktion mit dem Festival entstanden ist, zum schrit_tmacher Festival zur\u00fcck. Der in Kamerun geborene, in London lebende Choreograf l\u00e4sst sich von mutigen Frauen und vom Mythos der Wasserg\u00f6ttin Mami Water inspirieren. \u201eTELLUS\u201c ist eine Entschuldigung an unsere M\u00fctter und an die Erde \u2013 und ein Aufruf zur Erneuerung. Im letzten Jahr beschrieb \u201eThe List\u201c Mbi als \u201eeinen der Choreografen, die den zeitgen\u00f6ssischen Tanz zu einer Superstar-Kunstform gemacht haben \u2013 neben Pina Bausch, Akram Khan und Matthew Bourne\u201c.<\/p>\n\n<p> <\/p>\n\n<p> <\/p>\n\n<p>Duration:<em> <\/em>~ 60 min. no interval\u00a0<\/p>\n\n<p><strong>Di 17.03.2026<\/strong><br\/>19:00, MFzaal<br\/>Introduction [NL]<br\/>\u20ac 4,00, reservation required<\/p>\n\n<p><br\/><strong>Di 17.03.2026<\/strong><br\/>21:00, Foyer Theater Kerkrade<br\/>Aftertalk [NL\/EN]<em><br\/><\/em>Free<\/p>\n\n<p><strong>Mi 18.03.2026<\/strong><br\/>Markt Kerkrade<strong><br\/><\/strong><a href=\"https:\/\/schrittmacherfestival.nl\/de\/open-air-dance-workshops\/\" title=\"\">Open air dance workshop<\/a><br\/>Free<\/p>\n\n<hr class=\"wp-block-separator has-css-opacity\"\/>\n\n<div class=\"wp-block-buttons is-horizontal is-content-justification-center is-layout-flex wp-container-core-buttons-is-layout-499968f5 wp-block-buttons-is-layout-flex\">\n<div class=\"wp-block-button\"><a class=\"wp-block-button__link has-white-color has-black-background-color has-text-color has-background wp-element-button\" href=\"https:\/\/bestellen.plt.nl\/bestel\/12967\" target=\"_blank\" rel=\"noreferrer noopener\"><strong>Tickets Di 17.03 | 20.00 Uhr<\/strong><\/a><\/div>\n<\/div>\n\n<hr class=\"wp-block-separator has-css-opacity\"\/>\n\n<div class=\"wp-block-jetpack-tiled-gallery aligncenter is-style-rectangular\"><div class=\"\"><div class=\"tiled-gallery__gallery\"><div class=\"tiled-gallery__row\"><div class=\"tiled-gallery__col\" style=\"flex-basis:66.78742%\"><figure class=\"tiled-gallery__item\"><img decoding=\"async\" srcset=\"https:\/\/i0.wp.com\/schrittmacherfestival.nl\/wp-content\/uploads\/2025\/05\/Dickson-Mbi-Ipswich-RD-Malachy-Luckie-16-1024x683.jpg?strip=info&#038;w=600&#038;ssl=1 600w,https:\/\/i0.wp.com\/schrittmacherfestival.nl\/wp-content\/uploads\/2025\/05\/Dickson-Mbi-Ipswich-RD-Malachy-Luckie-16-1024x683.jpg?strip=info&#038;w=900&#038;ssl=1 900w,https:\/\/i0.wp.com\/schrittmacherfestival.nl\/wp-content\/uploads\/2025\/05\/Dickson-Mbi-Ipswich-RD-Malachy-Luckie-16-1024x683.jpg?strip=info&#038;w=1200&#038;ssl=1 1200w,https:\/\/i0.wp.com\/schrittmacherfestival.nl\/wp-content\/uploads\/2025\/05\/Dickson-Mbi-Ipswich-RD-Malachy-Luckie-16-1024x683.jpg?strip=info&#038;w=1500&#038;ssl=1 1500w,https:\/\/i0.wp.com\/schrittmacherfestival.nl\/wp-content\/uploads\/2025\/05\/Dickson-Mbi-Ipswich-RD-Malachy-Luckie-16-1024x683.jpg?strip=info&#038;w=1800&#038;ssl=1 1800w,https:\/\/i0.wp.com\/schrittmacherfestival.nl\/wp-content\/uploads\/2025\/05\/Dickson-Mbi-Ipswich-RD-Malachy-Luckie-16-1024x683.jpg?strip=info&#038;w=2000&#038;ssl=1 2000w\" alt=\"\" data-height=\"1707\" data-id=\"11492\" data-link=\"https:\/\/schrittmacherfestival.nl\/?attachment_id=11492\" data-url=\"https:\/\/schrittmacherfestival.nl\/wp-content\/uploads\/2025\/05\/Dickson-Mbi-Ipswich-RD-Malachy-Luckie-16-1024x683.jpg\" data-width=\"2560\" src=\"https:\/\/i0.wp.com\/schrittmacherfestival.nl\/wp-content\/uploads\/2025\/05\/Dickson-Mbi-Ipswich-RD-Malachy-Luckie-16-1024x683.jpg?ssl=1\" data-amp-layout=\"responsive\"\/><\/figure><\/div><div class=\"tiled-gallery__col\" style=\"flex-basis:33.21258%\"><figure class=\"tiled-gallery__item\"><img decoding=\"async\" srcset=\"https:\/\/i0.wp.com\/schrittmacherfestival.nl\/wp-content\/uploads\/2025\/05\/Dickson-Mbi-Ipswich-RD-Malachy-Luckie-23-1-1024x683.jpg?strip=info&#038;w=600&#038;ssl=1 600w,https:\/\/i0.wp.com\/schrittmacherfestival.nl\/wp-content\/uploads\/2025\/05\/Dickson-Mbi-Ipswich-RD-Malachy-Luckie-23-1-1024x683.jpg?strip=info&#038;w=900&#038;ssl=1 900w,https:\/\/i0.wp.com\/schrittmacherfestival.nl\/wp-content\/uploads\/2025\/05\/Dickson-Mbi-Ipswich-RD-Malachy-Luckie-23-1-1024x683.jpg?strip=info&#038;w=1200&#038;ssl=1 1200w,https:\/\/i0.wp.com\/schrittmacherfestival.nl\/wp-content\/uploads\/2025\/05\/Dickson-Mbi-Ipswich-RD-Malachy-Luckie-23-1-1024x683.jpg?strip=info&#038;w=1500&#038;ssl=1 1500w,https:\/\/i0.wp.com\/schrittmacherfestival.nl\/wp-content\/uploads\/2025\/05\/Dickson-Mbi-Ipswich-RD-Malachy-Luckie-23-1-1024x683.jpg?strip=info&#038;w=1800&#038;ssl=1 1800w,https:\/\/i0.wp.com\/schrittmacherfestival.nl\/wp-content\/uploads\/2025\/05\/Dickson-Mbi-Ipswich-RD-Malachy-Luckie-23-1-1024x683.jpg?strip=info&#038;w=2000&#038;ssl=1 2000w\" alt=\"\" data-height=\"1707\" data-id=\"11490\" data-link=\"https:\/\/schrittmacherfestival.nl\/?attachment_id=11490\" data-url=\"https:\/\/schrittmacherfestival.nl\/wp-content\/uploads\/2025\/05\/Dickson-Mbi-Ipswich-RD-Malachy-Luckie-23-1-1024x683.jpg\" data-width=\"2560\" src=\"https:\/\/i0.wp.com\/schrittmacherfestival.nl\/wp-content\/uploads\/2025\/05\/Dickson-Mbi-Ipswich-RD-Malachy-Luckie-23-1-1024x683.jpg?ssl=1\" data-amp-layout=\"responsive\"\/><\/figure><figure class=\"tiled-gallery__item\"><img decoding=\"async\" srcset=\"https:\/\/i0.wp.com\/schrittmacherfestival.nl\/wp-content\/uploads\/2025\/05\/Dickson-Mbi-Ipswich-RD-Malachy-Luckie-21-1024x683.jpg?strip=info&#038;w=600&#038;ssl=1 600w,https:\/\/i0.wp.com\/schrittmacherfestival.nl\/wp-content\/uploads\/2025\/05\/Dickson-Mbi-Ipswich-RD-Malachy-Luckie-21-1024x683.jpg?strip=info&#038;w=900&#038;ssl=1 900w,https:\/\/i0.wp.com\/schrittmacherfestival.nl\/wp-content\/uploads\/2025\/05\/Dickson-Mbi-Ipswich-RD-Malachy-Luckie-21-1024x683.jpg?strip=info&#038;w=1200&#038;ssl=1 1200w,https:\/\/i0.wp.com\/schrittmacherfestival.nl\/wp-content\/uploads\/2025\/05\/Dickson-Mbi-Ipswich-RD-Malachy-Luckie-21-1024x683.jpg?strip=info&#038;w=1500&#038;ssl=1 1500w,https:\/\/i0.wp.com\/schrittmacherfestival.nl\/wp-content\/uploads\/2025\/05\/Dickson-Mbi-Ipswich-RD-Malachy-Luckie-21-1024x683.jpg?strip=info&#038;w=1800&#038;ssl=1 1800w,https:\/\/i0.wp.com\/schrittmacherfestival.nl\/wp-content\/uploads\/2025\/05\/Dickson-Mbi-Ipswich-RD-Malachy-Luckie-21-1024x683.jpg?strip=info&#038;w=2000&#038;ssl=1 2000w\" alt=\"\" data-height=\"1707\" data-id=\"11498\" data-link=\"https:\/\/schrittmacherfestival.nl\/?attachment_id=11498\" data-url=\"https:\/\/schrittmacherfestival.nl\/wp-content\/uploads\/2025\/05\/Dickson-Mbi-Ipswich-RD-Malachy-Luckie-21-1024x683.jpg\" data-width=\"2560\" src=\"https:\/\/i0.wp.com\/schrittmacherfestival.nl\/wp-content\/uploads\/2025\/05\/Dickson-Mbi-Ipswich-RD-Malachy-Luckie-21-1024x683.jpg?ssl=1\" data-amp-layout=\"responsive\"\/><\/figure><\/div><\/div><div class=\"tiled-gallery__row\"><div class=\"tiled-gallery__col\" style=\"flex-basis:33.33333%\"><figure class=\"tiled-gallery__item\"><img decoding=\"async\" srcset=\"https:\/\/i0.wp.com\/schrittmacherfestival.nl\/wp-content\/uploads\/2025\/05\/Dickson-Tellus-rehearsal-Heerlen-schrit_tmacher-photo-Luc-Lodder-59-1024x683.jpg?strip=info&#038;w=600&#038;ssl=1 600w,https:\/\/i0.wp.com\/schrittmacherfestival.nl\/wp-content\/uploads\/2025\/05\/Dickson-Tellus-rehearsal-Heerlen-schrit_tmacher-photo-Luc-Lodder-59-1024x683.jpg?strip=info&#038;w=900&#038;ssl=1 900w,https:\/\/i0.wp.com\/schrittmacherfestival.nl\/wp-content\/uploads\/2025\/05\/Dickson-Tellus-rehearsal-Heerlen-schrit_tmacher-photo-Luc-Lodder-59-1024x683.jpg?strip=info&#038;w=1200&#038;ssl=1 1200w,https:\/\/i0.wp.com\/schrittmacherfestival.nl\/wp-content\/uploads\/2025\/05\/Dickson-Tellus-rehearsal-Heerlen-schrit_tmacher-photo-Luc-Lodder-59-1024x683.jpg?strip=info&#038;w=1500&#038;ssl=1 1500w,https:\/\/i0.wp.com\/schrittmacherfestival.nl\/wp-content\/uploads\/2025\/05\/Dickson-Tellus-rehearsal-Heerlen-schrit_tmacher-photo-Luc-Lodder-59-1024x683.jpg?strip=info&#038;w=1800&#038;ssl=1 1800w,https:\/\/i0.wp.com\/schrittmacherfestival.nl\/wp-content\/uploads\/2025\/05\/Dickson-Tellus-rehearsal-Heerlen-schrit_tmacher-photo-Luc-Lodder-59-1024x683.jpg?strip=info&#038;w=2000&#038;ssl=1 2000w\" alt=\"\" data-height=\"1707\" data-id=\"11496\" data-link=\"https:\/\/schrittmacherfestival.nl\/?attachment_id=11496\" data-url=\"https:\/\/schrittmacherfestival.nl\/wp-content\/uploads\/2025\/05\/Dickson-Tellus-rehearsal-Heerlen-schrit_tmacher-photo-Luc-Lodder-59-1024x683.jpg\" data-width=\"2560\" src=\"https:\/\/i0.wp.com\/schrittmacherfestival.nl\/wp-content\/uploads\/2025\/05\/Dickson-Tellus-rehearsal-Heerlen-schrit_tmacher-photo-Luc-Lodder-59-1024x683.jpg?ssl=1\" data-amp-layout=\"responsive\"\/><\/figure><\/div><div class=\"tiled-gallery__col\" style=\"flex-basis:33.33333%\"><figure class=\"tiled-gallery__item\"><img decoding=\"async\" srcset=\"https:\/\/i0.wp.com\/schrittmacherfestival.nl\/wp-content\/uploads\/2025\/05\/Dickson-Tellus-rehearsal-Heerlen-schrit_tmacher-photo-Luc-Lodder-57-1024x683.jpg?strip=info&#038;w=600&#038;ssl=1 600w,https:\/\/i0.wp.com\/schrittmacherfestival.nl\/wp-content\/uploads\/2025\/05\/Dickson-Tellus-rehearsal-Heerlen-schrit_tmacher-photo-Luc-Lodder-57-1024x683.jpg?strip=info&#038;w=900&#038;ssl=1 900w,https:\/\/i0.wp.com\/schrittmacherfestival.nl\/wp-content\/uploads\/2025\/05\/Dickson-Tellus-rehearsal-Heerlen-schrit_tmacher-photo-Luc-Lodder-57-1024x683.jpg?strip=info&#038;w=1200&#038;ssl=1 1200w,https:\/\/i0.wp.com\/schrittmacherfestival.nl\/wp-content\/uploads\/2025\/05\/Dickson-Tellus-rehearsal-Heerlen-schrit_tmacher-photo-Luc-Lodder-57-1024x683.jpg?strip=info&#038;w=1500&#038;ssl=1 1500w,https:\/\/i0.wp.com\/schrittmacherfestival.nl\/wp-content\/uploads\/2025\/05\/Dickson-Tellus-rehearsal-Heerlen-schrit_tmacher-photo-Luc-Lodder-57-1024x683.jpg?strip=info&#038;w=1800&#038;ssl=1 1800w,https:\/\/i0.wp.com\/schrittmacherfestival.nl\/wp-content\/uploads\/2025\/05\/Dickson-Tellus-rehearsal-Heerlen-schrit_tmacher-photo-Luc-Lodder-57-1024x683.jpg?strip=info&#038;w=2000&#038;ssl=1 2000w\" alt=\"\" data-height=\"1707\" data-id=\"11494\" data-link=\"https:\/\/schrittmacherfestival.nl\/?attachment_id=11494\" data-url=\"https:\/\/schrittmacherfestival.nl\/wp-content\/uploads\/2025\/05\/Dickson-Tellus-rehearsal-Heerlen-schrit_tmacher-photo-Luc-Lodder-57-1024x683.jpg\" data-width=\"2560\" src=\"https:\/\/i0.wp.com\/schrittmacherfestival.nl\/wp-content\/uploads\/2025\/05\/Dickson-Tellus-rehearsal-Heerlen-schrit_tmacher-photo-Luc-Lodder-57-1024x683.jpg?ssl=1\" data-amp-layout=\"responsive\"\/><\/figure><\/div><div class=\"tiled-gallery__col\" style=\"flex-basis:33.33333%\"><figure class=\"tiled-gallery__item\"><img decoding=\"async\" srcset=\"https:\/\/i0.wp.com\/schrittmacherfestival.nl\/wp-content\/uploads\/2025\/05\/Dickson-Tellus-rehearsal-Heerlen-schrit_tmacher-photo-Luc-Lodder-5-1-1024x683.jpg?strip=info&#038;w=600&#038;ssl=1 600w,https:\/\/i0.wp.com\/schrittmacherfestival.nl\/wp-content\/uploads\/2025\/05\/Dickson-Tellus-rehearsal-Heerlen-schrit_tmacher-photo-Luc-Lodder-5-1-1024x683.jpg?strip=info&#038;w=900&#038;ssl=1 900w,https:\/\/i0.wp.com\/schrittmacherfestival.nl\/wp-content\/uploads\/2025\/05\/Dickson-Tellus-rehearsal-Heerlen-schrit_tmacher-photo-Luc-Lodder-5-1-1024x683.jpg?strip=info&#038;w=1200&#038;ssl=1 1200w,https:\/\/i0.wp.com\/schrittmacherfestival.nl\/wp-content\/uploads\/2025\/05\/Dickson-Tellus-rehearsal-Heerlen-schrit_tmacher-photo-Luc-Lodder-5-1-1024x683.jpg?strip=info&#038;w=1500&#038;ssl=1 1500w,https:\/\/i0.wp.com\/schrittmacherfestival.nl\/wp-content\/uploads\/2025\/05\/Dickson-Tellus-rehearsal-Heerlen-schrit_tmacher-photo-Luc-Lodder-5-1-1024x683.jpg?strip=info&#038;w=1800&#038;ssl=1 1800w,https:\/\/i0.wp.com\/schrittmacherfestival.nl\/wp-content\/uploads\/2025\/05\/Dickson-Tellus-rehearsal-Heerlen-schrit_tmacher-photo-Luc-Lodder-5-1-1024x683.jpg?strip=info&#038;w=2000&#038;ssl=1 2000w\" alt=\"\" data-height=\"1707\" data-id=\"11500\" data-link=\"https:\/\/schrittmacherfestival.nl\/?attachment_id=11500\" data-url=\"https:\/\/schrittmacherfestival.nl\/wp-content\/uploads\/2025\/05\/Dickson-Tellus-rehearsal-Heerlen-schrit_tmacher-photo-Luc-Lodder-5-1-1024x683.jpg\" data-width=\"2560\" src=\"https:\/\/i0.wp.com\/schrittmacherfestival.nl\/wp-content\/uploads\/2025\/05\/Dickson-Tellus-rehearsal-Heerlen-schrit_tmacher-photo-Luc-Lodder-5-1-1024x683.jpg?ssl=1\" data-amp-layout=\"responsive\"\/><\/figure><\/div><\/div><\/div><\/div><\/div><br>\n\n<hr class=\"wp-block-separator has-css-opacity\"\/>\n\n<p><\/p>\n","protected":false},"excerpt":{"rendered":"<p>Dickson Mbi Company (GB) Theater Kerkrade &#8211; Grote ZaalDi 17.03.202620.00 Uhr15,00 \u20ac &#8211; 34,50 \u20ac Koproduktion mit Der Olivier Award-Preistr\u00e4ger Dickson Mbi kehrt mit der niederl\u00e4ndischen Premiere seines neuen St\u00fccks \u201eTELLUS\u201c, das in Koproduktion mit dem Festival entstanden ist, zum schrit_tmacher Festival zur\u00fcck. Der in Kamerun geborene, in London lebende Choreograf l\u00e4sst sich von mutigen Frauen und vom Mythos der [&hellip;]<\/p>\n","protected":false},"author":1,"featured_media":0,"parent":0,"menu_order":0,"comment_status":"closed","ping_status":"closed","template":"","meta":{"_acf_changed":false,"footnotes":""},"class_list":["post-11507","page","type-page","status-publish","hentry"],"aioseo_notices":[],"acf":[],"jetpack_sharing_enabled":true,"_links":{"self":[{"href":"https:\/\/schrittmacherfestival.nl\/de\/wp-json\/wp\/v2\/pages\/11507","targetHints":{"allow":["GET"]}}],"collection":[{"href":"https:\/\/schrittmacherfestival.nl\/de\/wp-json\/wp\/v2\/pages"}],"about":[{"href":"https:\/\/schrittmacherfestival.nl\/de\/wp-json\/wp\/v2\/types\/page"}],"author":[{"embeddable":true,"href":"https:\/\/schrittmacherfestival.nl\/de\/wp-json\/wp\/v2\/users\/1"}],"replies":[{"embeddable":true,"href":"https:\/\/schrittmacherfestival.nl\/de\/wp-json\/wp\/v2\/comments?post=11507"}],"version-history":[{"count":7,"href":"https:\/\/schrittmacherfestival.nl\/de\/wp-json\/wp\/v2\/pages\/11507\/revisions"}],"predecessor-version":[{"id":13248,"href":"https:\/\/schrittmacherfestival.nl\/de\/wp-json\/wp\/v2\/pages\/11507\/revisions\/13248"}],"wp:attachment":[{"href":"https:\/\/schrittmacherfestival.nl\/de\/wp-json\/wp\/v2\/media?parent=11507"}],"curies":[{"name":"wp","href":"https:\/\/api.w.org\/{rel}","templated":true}]}}