{"id":11588,"date":"2025-05-19T09:28:43","date_gmt":"2025-05-19T09:28:43","guid":{"rendered":"https:\/\/schrittmacherfestival.nl\/licht\/"},"modified":"2026-03-02T10:26:06","modified_gmt":"2026-03-02T10:26:06","slug":"licht","status":"publish","type":"page","link":"https:\/\/schrittmacherfestival.nl\/de\/licht\/","title":{"rendered":"LiCHT (2+)"},"content":{"rendered":"\n<h1 class=\"wp-block-heading has-black-color has-text-color\" id=\"hofesh-shechter-company-gbr\"><strong><strong>DadoDans | Gaia Gonnelli (NL\/IT)<\/strong><\/strong><\/h1>\n\n<p><strong>Theater Heerlen &#8211; LIMBURGzaal<\/strong><br\/><strong><strong>So 22.03.2026<\/strong><\/strong><br\/><strong>11.00 Uhr<\/strong><br\/><strong>12,50 \u20ac<\/strong><\/p>\n\n<figure class=\"wp-block-image alignwide size-full\"><img data-recalc-dims=\"1\" fetchpriority=\"high\" decoding=\"async\" width=\"640\" height=\"267\" src=\"https:\/\/i0.wp.com\/schrittmacherfestival.nl\/wp-content\/uploads\/2026\/01\/DADO-Banner-Hres-scaled-e1767694352829.jpg?resize=640%2C267&#038;ssl=1\" alt=\"\" class=\"wp-image-13435\" srcset=\"https:\/\/i0.wp.com\/schrittmacherfestival.nl\/wp-content\/uploads\/2026\/01\/DADO-Banner-Hres-scaled-e1767694352829.jpg?w=1200&amp;ssl=1 1200w, https:\/\/i0.wp.com\/schrittmacherfestival.nl\/wp-content\/uploads\/2026\/01\/DADO-Banner-Hres-scaled-e1767694352829.jpg?resize=300%2C125&amp;ssl=1 300w, https:\/\/i0.wp.com\/schrittmacherfestival.nl\/wp-content\/uploads\/2026\/01\/DADO-Banner-Hres-scaled-e1767694352829.jpg?resize=1024%2C427&amp;ssl=1 1024w, https:\/\/i0.wp.com\/schrittmacherfestival.nl\/wp-content\/uploads\/2026\/01\/DADO-Banner-Hres-scaled-e1767694352829.jpg?resize=768%2C320&amp;ssl=1 768w, https:\/\/i0.wp.com\/schrittmacherfestival.nl\/wp-content\/uploads\/2026\/01\/DADO-Banner-Hres-scaled-e1767694352829.jpg?resize=31%2C13&amp;ssl=1 31w\" sizes=\"(max-width: 640px) 100vw, 640px\" \/><\/figure>\n\n<hr class=\"wp-block-separator has-css-opacity\"\/>\n\n<h2 class=\"wp-block-heading\"> <\/h2>\n\n<p>In \u201eLiCHT\u201c erforschen Choreografin Gaia Gonnelli und DadoDans eine Welt aus Licht und Spiegelung. Eine T\u00e4nzerin und eine Luftakrobatin lassen Licht lebendig werden \u2013 es leuchtet, blendet, verbirgt und enth\u00fcllt die Farben der Welt. Dank des Lichts k\u00f6nnen wir uns selbst und andere auf neue Weise sehen und erfahren. In einem Spiel aus Verh\u00fcllen und Enth\u00fcllen erleben die Allerkleinsten ein Abenteuer voller Staunen und Zauber.<\/p>\n\n<p> <\/p>\n\n<p>Duration: ~ 45 min. no interval<\/p>\n\n<hr class=\"wp-block-separator has-css-opacity\"\/>\n\n<div class=\"wp-block-buttons is-horizontal is-content-justification-center is-layout-flex wp-container-core-buttons-is-layout-499968f5 wp-block-buttons-is-layout-flex\">\n<div class=\"wp-block-button\"><a class=\"wp-block-button__link has-white-color has-black-background-color has-text-color has-background wp-element-button\" href=\"https:\/\/bestellen.plt.nl\/bestel\/13081\" target=\"_blank\" rel=\"noreferrer noopener\"><strong>Tickets So 22.03 | 11.00 Uhr<\/strong><\/a><\/div>\n<\/div>\n\n<hr class=\"wp-block-separator has-css-opacity\"\/>\n\n<figure class=\"wp-block-embed is-type-video is-provider-vimeo wp-block-embed-vimeo wp-embed-aspect-16-9 wp-has-aspect-ratio\"><div class=\"wp-block-embed__wrapper\">\r\n<div class=\"jetpack-video-wrapper\"><iframe title=\"LiCHT teaser DEF\" src=\"https:\/\/player.vimeo.com\/video\/1148886461?h=e5cb846528&amp;dnt=1&amp;app_id=122963\" width=\"640\" height=\"360\" frameborder=\"0\" allow=\"autoplay; fullscreen; picture-in-picture; clipboard-write; encrypted-media; web-share\" referrerpolicy=\"strict-origin-when-cross-origin\"><\/iframe><\/div>\r\n<\/div><\/figure><br>\n\n<hr class=\"wp-block-separator has-css-opacity\"\/>\n\n<div class=\"wp-block-jetpack-tiled-gallery aligncenter is-style-rectangular\"><div class=\"\"><div class=\"tiled-gallery__gallery\"><div class=\"tiled-gallery__row\"><div class=\"tiled-gallery__col\" style=\"flex-basis:54.51803%\"><figure class=\"tiled-gallery__item\"><img decoding=\"async\" srcset=\"https:\/\/i0.wp.com\/schrittmacherfestival.nl\/wp-content\/uploads\/2026\/01\/DADO-Poster-Socials-4x5-1-819x1024.jpg?strip=info&#038;w=600&#038;ssl=1 600w,https:\/\/i0.wp.com\/schrittmacherfestival.nl\/wp-content\/uploads\/2026\/01\/DADO-Poster-Socials-4x5-1-819x1024.jpg?strip=info&#038;w=900&#038;ssl=1 900w,https:\/\/i0.wp.com\/schrittmacherfestival.nl\/wp-content\/uploads\/2026\/01\/DADO-Poster-Socials-4x5-1-819x1024.jpg?strip=info&#038;w=1200&#038;ssl=1 1200w,https:\/\/i0.wp.com\/schrittmacherfestival.nl\/wp-content\/uploads\/2026\/01\/DADO-Poster-Socials-4x5-1-819x1024.jpg?strip=info&#038;w=1500&#038;ssl=1 1500w,https:\/\/i0.wp.com\/schrittmacherfestival.nl\/wp-content\/uploads\/2026\/01\/DADO-Poster-Socials-4x5-1-819x1024.jpg?strip=info&#038;w=1800&#038;ssl=1 1800w,https:\/\/i0.wp.com\/schrittmacherfestival.nl\/wp-content\/uploads\/2026\/01\/DADO-Poster-Socials-4x5-1-819x1024.jpg?strip=info&#038;w=2000&#038;ssl=1 2000w\" alt=\"\" data-height=\"2560\" data-id=\"13434\" data-link=\"https:\/\/schrittmacherfestival.nl\/licht\/dado-poster-socials-4x5\/\" data-url=\"https:\/\/schrittmacherfestival.nl\/wp-content\/uploads\/2026\/01\/DADO-Poster-Socials-4x5-1-819x1024.jpg\" data-width=\"2048\" src=\"https:\/\/i0.wp.com\/schrittmacherfestival.nl\/wp-content\/uploads\/2026\/01\/DADO-Poster-Socials-4x5-1-819x1024.jpg?ssl=1\" data-amp-layout=\"responsive\"\/><\/figure><\/div><div class=\"tiled-gallery__col\" style=\"flex-basis:45.48197%\"><figure class=\"tiled-gallery__item\"><img decoding=\"async\" srcset=\"https:\/\/i0.wp.com\/schrittmacherfestival.nl\/wp-content\/uploads\/2026\/01\/03-Socials-5529-socials-683x1024.jpg?strip=info&#038;w=600&#038;ssl=1 600w,https:\/\/i0.wp.com\/schrittmacherfestival.nl\/wp-content\/uploads\/2026\/01\/03-Socials-5529-socials-683x1024.jpg?strip=info&#038;w=900&#038;ssl=1 900w,https:\/\/i0.wp.com\/schrittmacherfestival.nl\/wp-content\/uploads\/2026\/01\/03-Socials-5529-socials-683x1024.jpg?strip=info&#038;w=1200&#038;ssl=1 1200w,https:\/\/i0.wp.com\/schrittmacherfestival.nl\/wp-content\/uploads\/2026\/01\/03-Socials-5529-socials-683x1024.jpg?strip=info&#038;w=1500&#038;ssl=1 1500w,https:\/\/i0.wp.com\/schrittmacherfestival.nl\/wp-content\/uploads\/2026\/01\/03-Socials-5529-socials-683x1024.jpg?strip=info&#038;w=1708&#038;ssl=1 1708w\" alt=\"\" data-height=\"2560\" data-id=\"13433\" data-link=\"https:\/\/schrittmacherfestival.nl\/licht\/03-socials-5529-socials\/\" data-url=\"https:\/\/schrittmacherfestival.nl\/wp-content\/uploads\/2026\/01\/03-Socials-5529-socials-683x1024.jpg\" data-width=\"1708\" src=\"https:\/\/i0.wp.com\/schrittmacherfestival.nl\/wp-content\/uploads\/2026\/01\/03-Socials-5529-socials-683x1024.jpg?ssl=1\" data-amp-layout=\"responsive\"\/><\/figure><\/div><\/div><div class=\"tiled-gallery__row\"><div class=\"tiled-gallery__col\" style=\"flex-basis:72.41257%\"><figure class=\"tiled-gallery__item\"><img decoding=\"async\" srcset=\"https:\/\/i0.wp.com\/schrittmacherfestival.nl\/wp-content\/uploads\/2026\/01\/DADO-Banner-Hres-1024x538.jpg?strip=info&#038;w=600&#038;ssl=1 600w,https:\/\/i0.wp.com\/schrittmacherfestival.nl\/wp-content\/uploads\/2026\/01\/DADO-Banner-Hres-1024x538.jpg?strip=info&#038;w=900&#038;ssl=1 900w,https:\/\/i0.wp.com\/schrittmacherfestival.nl\/wp-content\/uploads\/2026\/01\/DADO-Banner-Hres-1024x538.jpg?strip=info&#038;w=1200&#038;ssl=1 1200w,https:\/\/i0.wp.com\/schrittmacherfestival.nl\/wp-content\/uploads\/2026\/01\/DADO-Banner-Hres-1024x538.jpg?strip=info&#038;w=1500&#038;ssl=1 1500w,https:\/\/i0.wp.com\/schrittmacherfestival.nl\/wp-content\/uploads\/2026\/01\/DADO-Banner-Hres-1024x538.jpg?strip=info&#038;w=1800&#038;ssl=1 1800w,https:\/\/i0.wp.com\/schrittmacherfestival.nl\/wp-content\/uploads\/2026\/01\/DADO-Banner-Hres-1024x538.jpg?strip=info&#038;w=2000&#038;ssl=1 2000w\" alt=\"\" data-height=\"1344\" data-id=\"13435\" data-link=\"https:\/\/schrittmacherfestival.nl\/licht\/dado-banner-hres\/\" data-url=\"https:\/\/schrittmacherfestival.nl\/wp-content\/uploads\/2026\/01\/DADO-Banner-Hres-1024x538.jpg\" data-width=\"2560\" src=\"https:\/\/i0.wp.com\/schrittmacherfestival.nl\/wp-content\/uploads\/2026\/01\/DADO-Banner-Hres-1024x538.jpg?ssl=1\" data-amp-layout=\"responsive\"\/><\/figure><\/div><div class=\"tiled-gallery__col\" style=\"flex-basis:27.58743%\"><figure class=\"tiled-gallery__item\"><img decoding=\"async\" srcset=\"https:\/\/i0.wp.com\/schrittmacherfestival.nl\/wp-content\/uploads\/2026\/03\/LiCHT-DaDoDans-%C2%A9benvanduin-13-740x1024.jpg?strip=info&#038;w=600&#038;ssl=1 600w,https:\/\/i0.wp.com\/schrittmacherfestival.nl\/wp-content\/uploads\/2026\/03\/LiCHT-DaDoDans-%C2%A9benvanduin-13-740x1024.jpg?strip=info&#038;w=900&#038;ssl=1 900w,https:\/\/i0.wp.com\/schrittmacherfestival.nl\/wp-content\/uploads\/2026\/03\/LiCHT-DaDoDans-%C2%A9benvanduin-13-740x1024.jpg?strip=info&#038;w=1000&#038;ssl=1 1000w\" alt=\"\" data-height=\"1383\" data-id=\"13845\" data-link=\"https:\/\/schrittmacherfestival.nl\/licht\/licht-dadodans-benvanduin-13\/\" data-url=\"https:\/\/schrittmacherfestival.nl\/wp-content\/uploads\/2026\/03\/LiCHT-DaDoDans-\u00a9benvanduin-13-740x1024.jpg\" data-width=\"1000\" src=\"https:\/\/i0.wp.com\/schrittmacherfestival.nl\/wp-content\/uploads\/2026\/03\/LiCHT-DaDoDans-%C2%A9benvanduin-13-740x1024.jpg?ssl=1\" data-amp-layout=\"responsive\"\/><\/figure><\/div><\/div><div class=\"tiled-gallery__row\"><div class=\"tiled-gallery__col\" style=\"flex-basis:34.07326%\"><figure class=\"tiled-gallery__item\"><img decoding=\"async\" srcset=\"https:\/\/i0.wp.com\/schrittmacherfestival.nl\/wp-content\/uploads\/2026\/03\/LiCHT-DaDoDans-%C2%A9benvanduin-15-1024x631.jpg?strip=info&#038;w=600&#038;ssl=1 600w,https:\/\/i0.wp.com\/schrittmacherfestival.nl\/wp-content\/uploads\/2026\/03\/LiCHT-DaDoDans-%C2%A9benvanduin-15-1024x631.jpg?strip=info&#038;w=900&#038;ssl=1 900w,https:\/\/i0.wp.com\/schrittmacherfestival.nl\/wp-content\/uploads\/2026\/03\/LiCHT-DaDoDans-%C2%A9benvanduin-15-1024x631.jpg?strip=info&#038;w=1200&#038;ssl=1 1200w,https:\/\/i0.wp.com\/schrittmacherfestival.nl\/wp-content\/uploads\/2026\/03\/LiCHT-DaDoDans-%C2%A9benvanduin-15-1024x631.jpg?strip=info&#038;w=1500&#038;ssl=1 1500w,https:\/\/i0.wp.com\/schrittmacherfestival.nl\/wp-content\/uploads\/2026\/03\/LiCHT-DaDoDans-%C2%A9benvanduin-15-1024x631.jpg?strip=info&#038;w=1624&#038;ssl=1 1624w\" alt=\"\" data-height=\"1000\" data-id=\"13847\" data-link=\"https:\/\/schrittmacherfestival.nl\/licht\/licht-dadodans-benvanduin-15\/\" data-url=\"https:\/\/schrittmacherfestival.nl\/wp-content\/uploads\/2026\/03\/LiCHT-DaDoDans-\u00a9benvanduin-15-1024x631.jpg\" data-width=\"1624\" src=\"https:\/\/i0.wp.com\/schrittmacherfestival.nl\/wp-content\/uploads\/2026\/03\/LiCHT-DaDoDans-%C2%A9benvanduin-15-1024x631.jpg?ssl=1\" data-amp-layout=\"responsive\"\/><\/figure><figure class=\"tiled-gallery__item\"><img decoding=\"async\" srcset=\"https:\/\/i0.wp.com\/schrittmacherfestival.nl\/wp-content\/uploads\/2026\/03\/LiCHT-DaDoDans-%C2%A9benvanduin-34-1024x683.jpg?strip=info&#038;w=600&#038;ssl=1 600w,https:\/\/i0.wp.com\/schrittmacherfestival.nl\/wp-content\/uploads\/2026\/03\/LiCHT-DaDoDans-%C2%A9benvanduin-34-1024x683.jpg?strip=info&#038;w=900&#038;ssl=1 900w,https:\/\/i0.wp.com\/schrittmacherfestival.nl\/wp-content\/uploads\/2026\/03\/LiCHT-DaDoDans-%C2%A9benvanduin-34-1024x683.jpg?strip=info&#038;w=1200&#038;ssl=1 1200w,https:\/\/i0.wp.com\/schrittmacherfestival.nl\/wp-content\/uploads\/2026\/03\/LiCHT-DaDoDans-%C2%A9benvanduin-34-1024x683.jpg?strip=info&#038;w=1500&#038;ssl=1 1500w\" alt=\"\" data-height=\"1000\" data-id=\"13848\" data-link=\"https:\/\/schrittmacherfestival.nl\/licht\/licht-dadodans-benvanduin-34\/\" data-url=\"https:\/\/schrittmacherfestival.nl\/wp-content\/uploads\/2026\/03\/LiCHT-DaDoDans-\u00a9benvanduin-34-1024x683.jpg\" data-width=\"1500\" src=\"https:\/\/i0.wp.com\/schrittmacherfestival.nl\/wp-content\/uploads\/2026\/03\/LiCHT-DaDoDans-%C2%A9benvanduin-34-1024x683.jpg?ssl=1\" data-amp-layout=\"responsive\"\/><\/figure><\/div><div class=\"tiled-gallery__col\" style=\"flex-basis:65.92674%\"><figure class=\"tiled-gallery__item\"><img decoding=\"async\" srcset=\"https:\/\/i0.wp.com\/schrittmacherfestival.nl\/wp-content\/uploads\/2026\/03\/LiCHT-DaDoDans-%C2%A9benvanduin-30-1024x683.jpg?strip=info&#038;w=600&#038;ssl=1 600w,https:\/\/i0.wp.com\/schrittmacherfestival.nl\/wp-content\/uploads\/2026\/03\/LiCHT-DaDoDans-%C2%A9benvanduin-30-1024x683.jpg?strip=info&#038;w=900&#038;ssl=1 900w,https:\/\/i0.wp.com\/schrittmacherfestival.nl\/wp-content\/uploads\/2026\/03\/LiCHT-DaDoDans-%C2%A9benvanduin-30-1024x683.jpg?strip=info&#038;w=1200&#038;ssl=1 1200w,https:\/\/i0.wp.com\/schrittmacherfestival.nl\/wp-content\/uploads\/2026\/03\/LiCHT-DaDoDans-%C2%A9benvanduin-30-1024x683.jpg?strip=info&#038;w=1500&#038;ssl=1 1500w\" alt=\"\" data-height=\"1000\" data-id=\"13846\" data-link=\"https:\/\/schrittmacherfestival.nl\/licht\/licht-dadodans-benvanduin-30\/\" data-url=\"https:\/\/schrittmacherfestival.nl\/wp-content\/uploads\/2026\/03\/LiCHT-DaDoDans-\u00a9benvanduin-30-1024x683.jpg\" data-width=\"1500\" src=\"https:\/\/i0.wp.com\/schrittmacherfestival.nl\/wp-content\/uploads\/2026\/03\/LiCHT-DaDoDans-%C2%A9benvanduin-30-1024x683.jpg?ssl=1\" data-amp-layout=\"responsive\"\/><\/figure><\/div><\/div><\/div><\/div><\/div><br>\n\n<hr class=\"wp-block-separator has-css-opacity\"\/>\n","protected":false},"excerpt":{"rendered":"<p>DadoDans | Gaia Gonnelli (NL\/IT) Theater Heerlen &#8211; LIMBURGzaalSo 22.03.202611.00 Uhr12,50 \u20ac In \u201eLiCHT\u201c erforschen Choreografin Gaia Gonnelli und DadoDans eine Welt aus Licht und Spiegelung. Eine T\u00e4nzerin und eine Luftakrobatin lassen Licht lebendig werden \u2013 es leuchtet, blendet, verbirgt und enth\u00fcllt die Farben der Welt. Dank des Lichts k\u00f6nnen wir uns selbst und andere auf neue Weise sehen und [&hellip;]<\/p>\n","protected":false},"author":1,"featured_media":0,"parent":0,"menu_order":0,"comment_status":"closed","ping_status":"closed","template":"","meta":{"_acf_changed":false,"footnotes":""},"class_list":["post-11588","page","type-page","status-publish","hentry"],"aioseo_notices":[],"acf":[],"jetpack_sharing_enabled":true,"_links":{"self":[{"href":"https:\/\/schrittmacherfestival.nl\/de\/wp-json\/wp\/v2\/pages\/11588","targetHints":{"allow":["GET"]}}],"collection":[{"href":"https:\/\/schrittmacherfestival.nl\/de\/wp-json\/wp\/v2\/pages"}],"about":[{"href":"https:\/\/schrittmacherfestival.nl\/de\/wp-json\/wp\/v2\/types\/page"}],"author":[{"embeddable":true,"href":"https:\/\/schrittmacherfestival.nl\/de\/wp-json\/wp\/v2\/users\/1"}],"replies":[{"embeddable":true,"href":"https:\/\/schrittmacherfestival.nl\/de\/wp-json\/wp\/v2\/comments?post=11588"}],"version-history":[{"count":8,"href":"https:\/\/schrittmacherfestival.nl\/de\/wp-json\/wp\/v2\/pages\/11588\/revisions"}],"predecessor-version":[{"id":13853,"href":"https:\/\/schrittmacherfestival.nl\/de\/wp-json\/wp\/v2\/pages\/11588\/revisions\/13853"}],"wp:attachment":[{"href":"https:\/\/schrittmacherfestival.nl\/de\/wp-json\/wp\/v2\/media?parent=11588"}],"curies":[{"name":"wp","href":"https:\/\/api.w.org\/{rel}","templated":true}]}}