{"id":1162,"date":"2021-06-09T10:00:00","date_gmt":"2021-06-09T10:00:00","guid":{"rendered":"https:\/\/schrittmacherfestival.nl\/sister-2\/"},"modified":"2021-10-27T10:24:07","modified_gmt":"2021-10-27T10:24:07","slug":"sister-2","status":"publish","type":"page","link":"https:\/\/schrittmacherfestival.nl\/de\/sister-2\/","title":{"rendered":"Sister"},"content":{"rendered":"\n<h2 class=\"wp-block-heading\"><span style=\"color:#000000\" class=\"tadv-color\">Roshanak Morrowatian<\/span><\/h2>\n\n\n\n<p><strong><span style=\"background-color:#f5ec5a\" class=\"tadv-background-color\"><strong>Maanplein 12, Heerlen<\/strong><\/span><\/strong><br><strong><span style=\"background-color:#f5ec5a\" class=\"tadv-background-color\">Mi 07 JUL 2021 <\/span><\/strong><br><strong><span style=\"background-color:#f5ec5a\" class=\"tadv-background-color\">19.30 Uhr <\/span><\/strong><br><strong><span style=\"background-color:#f5ec5a\" class=\"tadv-background-color\">\u20ac 7,50<\/span><\/strong> <\/p>\n\n\n\n<figure class=\"wp-block-image alignwide size-large\"><img data-recalc-dims=\"1\" fetchpriority=\"high\" decoding=\"async\" width=\"640\" height=\"260\" src=\"https:\/\/i0.wp.com\/schrittmacherfestival.nl\/wp-content\/uploads\/2021\/06\/sisters.jpg?resize=640%2C260&#038;ssl=1\" alt=\"\" class=\"wp-image-1502\" srcset=\"https:\/\/i0.wp.com\/schrittmacherfestival.nl\/wp-content\/uploads\/2021\/06\/sisters.jpg?resize=1024%2C416&amp;ssl=1 1024w, https:\/\/i0.wp.com\/schrittmacherfestival.nl\/wp-content\/uploads\/2021\/06\/sisters.jpg?resize=300%2C122&amp;ssl=1 300w, https:\/\/i0.wp.com\/schrittmacherfestival.nl\/wp-content\/uploads\/2021\/06\/sisters.jpg?resize=768%2C312&amp;ssl=1 768w, https:\/\/i0.wp.com\/schrittmacherfestival.nl\/wp-content\/uploads\/2021\/06\/sisters.jpg?w=1230&amp;ssl=1 1230w\" sizes=\"(max-width: 640px) 100vw, 640px\" \/><\/figure>\n\n\n\n<hr class=\"wp-block-separator\"\/>\n\n\n\n<h1 class=\"wp-block-heading\"><span style=\"color:#000000\" class=\"tadv-color\">Eine Hommage an das \u00dcberleben von Kindern in Gebieten politischer und sozialer Unruhen.<\/span><\/h1>\n\n\n\n<p><em>Sister<\/em> ist eine Installations-Performance, eine lebensgro\u00dfe Wachsskulptur eines schmelzenden M\u00e4dchens, die den \u00dcberlebenswillen von Kindern w\u00fcrdigt, die in Regionen leben, die von politischen und sozialen Unruhen dominiert werden. Roshanak Morrowatian entwickelte die Choreografie f\u00fcr einen k\u00fcnstlichen K\u00f6rper, dessen einzige Form der Bewegung das Schmelzen ist. Das Schmelzen steht symbolisch f\u00fcr den Verlust der Unschuld, aber auch f\u00fcr das Ungreifbare, denn das Wachs verwandelt sich und nimmt eine neue Form an, um zu \u00fcberleben.&nbsp;<\/p>\n\n\n\n<p><strong><span style=\"color:#000000\" class=\"tadv-color\">Credits:<\/span><\/strong><br>Konzept und Regie: Roshanak Morrowatian<br>Kooperationspartner: Mami Izumi<br>Produktion\/Design\/Set: Julina Vanille Bezold und Fabian von Spreckelsen<br>Video: Laisvie Andrea Ochoa Gaevska<br>Ton: Rutger Zuydervelt<br>Lichtdesign: Jean-Lou Cagler<br>Produktion: SALLY Tanzensemble Maastricht<br>Eine Koproduktion von: schrit_tmacher festival, Nederlandse Dansdagen und VIA ZUID Talentontwikkeling&nbsp;podiumkunsten Limburg&nbsp;<\/p>\n\n\n\n<p><br><strong><span style=\"color:#000000\" class=\"tadv-color\">Unterst\u00fctzung und F\u00f6rderung:<\/span><\/strong><br>Prins Bernhard Cultuurfonds, VSB Fonds, Brand Cultuurfonds, Elisabeth Strouven fonds, We Are Public, Norma Corona Fonds.<\/p>\n\n\n\n<p id=\"tw-target-text\">Danke an Weller und Heerlen Mijn Stad<\/p>\n\n\n\n<p id=\"tw-target-text\">Teilweise erm\u00f6glicht durch den Prinz Bernhard Kulturfonds Limburg.<\/p>\n\n\n\n<p>Dauer: ~ 45 Min<\/p>\n\n\n\n<p><span style=\"background-color:#f5ec5a\" class=\"tadv-background-color\">Hinweis: In dieser Auff\u00fchrung wird grelles Licht verwendet. F\u00fcr Besucher:innen werden dunkle, desinfizierte Sonnenbrillen angeboten.<\/span><\/p>\n\n\n\n<hr class=\"wp-block-separator\"\/>\n\n\n\n<div class=\"wp-block-buttons is-content-justification-center is-layout-flex wp-block-buttons-is-layout-flex\">\n<div class=\"wp-block-button\"><a class=\"wp-block-button__link has-black-color has-text-color has-background\" href=\"https:\/\/www.plt.nl\/bestel\/8758\" style=\"background-color:#f5ec5a\" target=\"_blank\" rel=\"noreferrer noopener\"><strong>Tickets bestellen<\/strong><\/a><\/div>\n<\/div>\n\n\n\n<hr class=\"wp-block-separator\"\/>\n\n\n\n<div class=\"wp-block-image\"><figure class=\"aligncenter size-large\"><img data-recalc-dims=\"1\" decoding=\"async\" width=\"640\" height=\"960\" src=\"https:\/\/i0.wp.com\/schrittmacherfestival.nl\/wp-content\/uploads\/2021\/06\/Sister_photo-by-Afagh-Morrowatian.jpg?resize=640%2C960&#038;ssl=1\" alt=\"\" class=\"wp-image-1158\" srcset=\"https:\/\/i0.wp.com\/schrittmacherfestival.nl\/wp-content\/uploads\/2021\/06\/Sister_photo-by-Afagh-Morrowatian-scaled.jpg?resize=683%2C1024&amp;ssl=1 683w, https:\/\/i0.wp.com\/schrittmacherfestival.nl\/wp-content\/uploads\/2021\/06\/Sister_photo-by-Afagh-Morrowatian-scaled.jpg?resize=200%2C300&amp;ssl=1 200w, https:\/\/i0.wp.com\/schrittmacherfestival.nl\/wp-content\/uploads\/2021\/06\/Sister_photo-by-Afagh-Morrowatian-scaled.jpg?resize=768%2C1152&amp;ssl=1 768w, https:\/\/i0.wp.com\/schrittmacherfestival.nl\/wp-content\/uploads\/2021\/06\/Sister_photo-by-Afagh-Morrowatian-scaled.jpg?resize=1024%2C1536&amp;ssl=1 1024w, https:\/\/i0.wp.com\/schrittmacherfestival.nl\/wp-content\/uploads\/2021\/06\/Sister_photo-by-Afagh-Morrowatian-scaled.jpg?resize=1365%2C2048&amp;ssl=1 1365w, https:\/\/i0.wp.com\/schrittmacherfestival.nl\/wp-content\/uploads\/2021\/06\/Sister_photo-by-Afagh-Morrowatian-scaled.jpg?w=1707&amp;ssl=1 1707w, https:\/\/i0.wp.com\/schrittmacherfestival.nl\/wp-content\/uploads\/2021\/06\/Sister_photo-by-Afagh-Morrowatian-scaled.jpg?w=1280&amp;ssl=1 1280w\" sizes=\"(max-width: 640px) 100vw, 640px\" \/><\/figure><\/div>\n\n\n\n<hr class=\"wp-block-separator\"\/>\n\n\n\n<p><\/p>\n","protected":false},"excerpt":{"rendered":"<p>Roshanak Morrowatian Maanplein 12, HeerlenMi 07 JUL 2021 19.30 Uhr \u20ac 7,50 Eine Hommage an das \u00dcberleben von Kindern in Gebieten politischer und sozialer Unruhen. Sister ist eine Installations-Performance, eine lebensgro\u00dfe Wachsskulptur eines schmelzenden M\u00e4dchens, die den \u00dcberlebenswillen von Kindern w\u00fcrdigt, die in Regionen leben, die von politischen und sozialen Unruhen dominiert werden. Roshanak Morrowatian entwickelte die Choreografie f\u00fcr einen [&hellip;]<\/p>\n","protected":false},"author":1,"featured_media":0,"parent":0,"menu_order":0,"comment_status":"closed","ping_status":"closed","template":"","meta":{"_acf_changed":false,"footnotes":""},"class_list":["post-1162","page","type-page","status-publish","hentry"],"aioseo_notices":[],"acf":[],"jetpack_sharing_enabled":true,"_links":{"self":[{"href":"https:\/\/schrittmacherfestival.nl\/de\/wp-json\/wp\/v2\/pages\/1162","targetHints":{"allow":["GET"]}}],"collection":[{"href":"https:\/\/schrittmacherfestival.nl\/de\/wp-json\/wp\/v2\/pages"}],"about":[{"href":"https:\/\/schrittmacherfestival.nl\/de\/wp-json\/wp\/v2\/types\/page"}],"author":[{"embeddable":true,"href":"https:\/\/schrittmacherfestival.nl\/de\/wp-json\/wp\/v2\/users\/1"}],"replies":[{"embeddable":true,"href":"https:\/\/schrittmacherfestival.nl\/de\/wp-json\/wp\/v2\/comments?post=1162"}],"version-history":[{"count":7,"href":"https:\/\/schrittmacherfestival.nl\/de\/wp-json\/wp\/v2\/pages\/1162\/revisions"}],"predecessor-version":[{"id":2392,"href":"https:\/\/schrittmacherfestival.nl\/de\/wp-json\/wp\/v2\/pages\/1162\/revisions\/2392"}],"wp:attachment":[{"href":"https:\/\/schrittmacherfestival.nl\/de\/wp-json\/wp\/v2\/media?parent=1162"}],"curies":[{"name":"wp","href":"https:\/\/api.w.org\/{rel}","templated":true}]}}