{"id":11651,"date":"2025-05-19T10:53:56","date_gmt":"2025-05-19T10:53:56","guid":{"rendered":"https:\/\/schrittmacherfestival.nl\/skydiver-3\/"},"modified":"2025-12-09T09:48:33","modified_gmt":"2025-12-09T09:48:33","slug":"skydiver-3","status":"publish","type":"page","link":"https:\/\/schrittmacherfestival.nl\/de\/skydiver-3\/","title":{"rendered":"SKYDIVER (3+)"},"content":{"rendered":"\n<h1 class=\"wp-block-heading has-black-color has-text-color\" id=\"hofesh-shechter-company-gbr\"><strong>Xenia Aidonopoulou (GR)<\/strong><\/h1>\n\n<p><strong>Theater Heerlen &#8211; LIMBURGzaal<\/strong><br\/><strong><strong>So 01.03.2026<\/strong><\/strong><br\/><strong>12.30 + 14.30 Uhr<\/strong><br\/><strong>12,50 \u20ac<\/strong><\/p>\n\n<figure class=\"wp-block-image alignwide size-full\"><img data-recalc-dims=\"1\" fetchpriority=\"high\" decoding=\"async\" width=\"640\" height=\"267\" src=\"https:\/\/i0.wp.com\/schrittmacherfestival.nl\/wp-content\/uploads\/2025\/05\/Skydiver-lead-Jimage-by-Nikolas-Louka-JPEG-scaled-e1747564101339.webp?resize=640%2C267&#038;ssl=1\" alt=\"\" class=\"wp-image-11647\" srcset=\"https:\/\/i0.wp.com\/schrittmacherfestival.nl\/wp-content\/uploads\/2025\/05\/Skydiver-lead-Jimage-by-Nikolas-Louka-JPEG-scaled-e1747564101339.webp?w=1200&amp;ssl=1 1200w, https:\/\/i0.wp.com\/schrittmacherfestival.nl\/wp-content\/uploads\/2025\/05\/Skydiver-lead-Jimage-by-Nikolas-Louka-JPEG-scaled-e1747564101339.webp?resize=300%2C125&amp;ssl=1 300w, https:\/\/i0.wp.com\/schrittmacherfestival.nl\/wp-content\/uploads\/2025\/05\/Skydiver-lead-Jimage-by-Nikolas-Louka-JPEG-scaled-e1747564101339.webp?resize=1024%2C427&amp;ssl=1 1024w, https:\/\/i0.wp.com\/schrittmacherfestival.nl\/wp-content\/uploads\/2025\/05\/Skydiver-lead-Jimage-by-Nikolas-Louka-JPEG-scaled-e1747564101339.webp?resize=768%2C320&amp;ssl=1 768w\" sizes=\"(max-width: 640px) 100vw, 640px\" \/><\/figure>\n\n<hr class=\"wp-block-separator has-css-opacity\"\/>\n\n<h2 class=\"wp-block-heading\"> <\/h2>\n\n<p>In \u201eSKYDIVER\u201c der preisgekr\u00f6nten griechischen Choreografin Xenia Aidonopoulou beginnt eine magische Reise durch flauschige Wolken. V\u00f6gel und Schmetterlinge flattern vorbei, w\u00e4hrend sich eine Traumwelt \u00fcber uns entfaltet. Mit Bewegung, Klang und bezaubernden Bildern wird der Himmel zu einem Ort voller Fantasie. Fliegst du mit?<\/p>\n\n<p> <\/p>\n\n<p> <\/p>\n\n<p>Duration: ~ 45 min. no interval<\/p>\n\n<p><strong>Mo 02.03. + Di 03.03.2026<\/strong><br\/>10:00 + 13:00, Theater Heerlen \/ LIMBURGzaal<br\/>School performances\u00a0\u00a0<\/p>\n\n<hr class=\"wp-block-separator has-css-opacity\"\/>\n\n<div class=\"wp-block-buttons is-horizontal is-content-justification-center is-layout-flex wp-container-core-buttons-is-layout-499968f5 wp-block-buttons-is-layout-flex\">\n<div class=\"wp-block-button\"><a class=\"wp-block-button__link has-white-color has-black-background-color has-text-color has-background wp-element-button\" href=\"https:\/\/bestellen.plt.nl\/bestel\/13211\" target=\"_blank\" rel=\"noreferrer noopener\"><strong>Tickets So 01.03 | 12.30 Uhr<\/strong><\/a><\/div>\n\n\n\n<div class=\"wp-block-button\"><a class=\"wp-block-button__link has-white-color has-black-background-color has-text-color has-background wp-element-button\" href=\"https:\/\/bestellen.plt.nl\/bestel\/13212\" target=\"_blank\" rel=\"noreferrer noopener\"><strong>Tickets So 01.03 | 14.30 Uhr<\/strong><\/a><\/div>\n<\/div>\n\n<hr class=\"wp-block-separator has-css-opacity\"\/>\n\n<div class=\"wp-block-jetpack-tiled-gallery aligncenter is-style-rectangular\"><div class=\"\"><div class=\"tiled-gallery__gallery\"><div class=\"tiled-gallery__row\"><div class=\"tiled-gallery__col\" style=\"flex-basis:66.77447%\"><figure class=\"tiled-gallery__item\"><img decoding=\"async\" srcset=\"https:\/\/i0.wp.com\/schrittmacherfestival.nl\/wp-content\/uploads\/2025\/05\/Skydiver_SED_PhotoCredit-RosiePowell-138-1024x683.jpg?strip=info&#038;w=600&#038;ssl=1 600w,https:\/\/i0.wp.com\/schrittmacherfestival.nl\/wp-content\/uploads\/2025\/05\/Skydiver_SED_PhotoCredit-RosiePowell-138-1024x683.jpg?strip=info&#038;w=900&#038;ssl=1 900w,https:\/\/i0.wp.com\/schrittmacherfestival.nl\/wp-content\/uploads\/2025\/05\/Skydiver_SED_PhotoCredit-RosiePowell-138-1024x683.jpg?strip=info&#038;w=1200&#038;ssl=1 1200w,https:\/\/i0.wp.com\/schrittmacherfestival.nl\/wp-content\/uploads\/2025\/05\/Skydiver_SED_PhotoCredit-RosiePowell-138-1024x683.jpg?strip=info&#038;w=1500&#038;ssl=1 1500w,https:\/\/i0.wp.com\/schrittmacherfestival.nl\/wp-content\/uploads\/2025\/05\/Skydiver_SED_PhotoCredit-RosiePowell-138-1024x683.jpg?strip=info&#038;w=1800&#038;ssl=1 1800w,https:\/\/i0.wp.com\/schrittmacherfestival.nl\/wp-content\/uploads\/2025\/05\/Skydiver_SED_PhotoCredit-RosiePowell-138-1024x683.jpg?strip=info&#038;w=2000&#038;ssl=1 2000w\" alt=\"\" data-height=\"1708\" data-id=\"11636\" data-link=\"https:\/\/schrittmacherfestival.nl\/?attachment_id=11636\" data-url=\"https:\/\/schrittmacherfestival.nl\/wp-content\/uploads\/2025\/05\/Skydiver_SED_PhotoCredit-RosiePowell-138-1024x683.jpg\" data-width=\"2560\" src=\"https:\/\/i0.wp.com\/schrittmacherfestival.nl\/wp-content\/uploads\/2025\/05\/Skydiver_SED_PhotoCredit-RosiePowell-138-1024x683.jpg?ssl=1\" data-amp-layout=\"responsive\"\/><\/figure><\/div><div class=\"tiled-gallery__col\" style=\"flex-basis:33.22553%\"><figure class=\"tiled-gallery__item\"><img decoding=\"async\" srcset=\"https:\/\/i0.wp.com\/schrittmacherfestival.nl\/wp-content\/uploads\/2025\/05\/Skydiver_SED_PhotoCredit-RosiePowell-153-1024x683.jpg?strip=info&#038;w=600&#038;ssl=1 600w,https:\/\/i0.wp.com\/schrittmacherfestival.nl\/wp-content\/uploads\/2025\/05\/Skydiver_SED_PhotoCredit-RosiePowell-153-1024x683.jpg?strip=info&#038;w=900&#038;ssl=1 900w,https:\/\/i0.wp.com\/schrittmacherfestival.nl\/wp-content\/uploads\/2025\/05\/Skydiver_SED_PhotoCredit-RosiePowell-153-1024x683.jpg?strip=info&#038;w=1200&#038;ssl=1 1200w,https:\/\/i0.wp.com\/schrittmacherfestival.nl\/wp-content\/uploads\/2025\/05\/Skydiver_SED_PhotoCredit-RosiePowell-153-1024x683.jpg?strip=info&#038;w=1500&#038;ssl=1 1500w,https:\/\/i0.wp.com\/schrittmacherfestival.nl\/wp-content\/uploads\/2025\/05\/Skydiver_SED_PhotoCredit-RosiePowell-153-1024x683.jpg?strip=info&#038;w=1800&#038;ssl=1 1800w,https:\/\/i0.wp.com\/schrittmacherfestival.nl\/wp-content\/uploads\/2025\/05\/Skydiver_SED_PhotoCredit-RosiePowell-153-1024x683.jpg?strip=info&#038;w=2000&#038;ssl=1 2000w\" alt=\"\" data-height=\"1707\" data-id=\"11638\" data-link=\"https:\/\/schrittmacherfestival.nl\/?attachment_id=11638\" data-url=\"https:\/\/schrittmacherfestival.nl\/wp-content\/uploads\/2025\/05\/Skydiver_SED_PhotoCredit-RosiePowell-153-1024x683.jpg\" data-width=\"2560\" src=\"https:\/\/i0.wp.com\/schrittmacherfestival.nl\/wp-content\/uploads\/2025\/05\/Skydiver_SED_PhotoCredit-RosiePowell-153-1024x683.jpg?ssl=1\" data-amp-layout=\"responsive\"\/><\/figure><figure class=\"tiled-gallery__item\"><img decoding=\"async\" srcset=\"https:\/\/i0.wp.com\/schrittmacherfestival.nl\/wp-content\/uploads\/2025\/05\/Skydiver-lead-Jimage-by-Nikolas-Louka-JPEG-1-1024x683.jpg?strip=info&#038;w=600&#038;ssl=1 600w,https:\/\/i0.wp.com\/schrittmacherfestival.nl\/wp-content\/uploads\/2025\/05\/Skydiver-lead-Jimage-by-Nikolas-Louka-JPEG-1-1024x683.jpg?strip=info&#038;w=900&#038;ssl=1 900w,https:\/\/i0.wp.com\/schrittmacherfestival.nl\/wp-content\/uploads\/2025\/05\/Skydiver-lead-Jimage-by-Nikolas-Louka-JPEG-1-1024x683.jpg?strip=info&#038;w=1200&#038;ssl=1 1200w,https:\/\/i0.wp.com\/schrittmacherfestival.nl\/wp-content\/uploads\/2025\/05\/Skydiver-lead-Jimage-by-Nikolas-Louka-JPEG-1-1024x683.jpg?strip=info&#038;w=1500&#038;ssl=1 1500w,https:\/\/i0.wp.com\/schrittmacherfestival.nl\/wp-content\/uploads\/2025\/05\/Skydiver-lead-Jimage-by-Nikolas-Louka-JPEG-1-1024x683.jpg?strip=info&#038;w=1800&#038;ssl=1 1800w,https:\/\/i0.wp.com\/schrittmacherfestival.nl\/wp-content\/uploads\/2025\/05\/Skydiver-lead-Jimage-by-Nikolas-Louka-JPEG-1-1024x683.jpg?strip=info&#038;w=2000&#038;ssl=1 2000w\" alt=\"\" data-height=\"1707\" data-id=\"11632\" data-link=\"https:\/\/schrittmacherfestival.nl\/?attachment_id=11632\" data-url=\"https:\/\/schrittmacherfestival.nl\/wp-content\/uploads\/2025\/05\/Skydiver-lead-Jimage-by-Nikolas-Louka-JPEG-1-1024x683.jpg\" data-width=\"2560\" src=\"https:\/\/i0.wp.com\/schrittmacherfestival.nl\/wp-content\/uploads\/2025\/05\/Skydiver-lead-Jimage-by-Nikolas-Louka-JPEG-1-1024x683.jpg?ssl=1\" data-amp-layout=\"responsive\"\/><\/figure><\/div><\/div><div class=\"tiled-gallery__row\"><div class=\"tiled-gallery__col\" style=\"flex-basis:25.00000%\"><figure class=\"tiled-gallery__item\"><img decoding=\"async\" srcset=\"https:\/\/i0.wp.com\/schrittmacherfestival.nl\/wp-content\/uploads\/2025\/05\/Skydiver_SED_PhotoCredit-RosiePowell-119-1024x683.jpg?strip=info&#038;w=600&#038;ssl=1 600w,https:\/\/i0.wp.com\/schrittmacherfestival.nl\/wp-content\/uploads\/2025\/05\/Skydiver_SED_PhotoCredit-RosiePowell-119-1024x683.jpg?strip=info&#038;w=900&#038;ssl=1 900w,https:\/\/i0.wp.com\/schrittmacherfestival.nl\/wp-content\/uploads\/2025\/05\/Skydiver_SED_PhotoCredit-RosiePowell-119-1024x683.jpg?strip=info&#038;w=1200&#038;ssl=1 1200w,https:\/\/i0.wp.com\/schrittmacherfestival.nl\/wp-content\/uploads\/2025\/05\/Skydiver_SED_PhotoCredit-RosiePowell-119-1024x683.jpg?strip=info&#038;w=1500&#038;ssl=1 1500w,https:\/\/i0.wp.com\/schrittmacherfestival.nl\/wp-content\/uploads\/2025\/05\/Skydiver_SED_PhotoCredit-RosiePowell-119-1024x683.jpg?strip=info&#038;w=1800&#038;ssl=1 1800w,https:\/\/i0.wp.com\/schrittmacherfestival.nl\/wp-content\/uploads\/2025\/05\/Skydiver_SED_PhotoCredit-RosiePowell-119-1024x683.jpg?strip=info&#038;w=2000&#038;ssl=1 2000w\" alt=\"\" data-height=\"1708\" data-id=\"11634\" data-link=\"https:\/\/schrittmacherfestival.nl\/?attachment_id=11634\" data-url=\"https:\/\/schrittmacherfestival.nl\/wp-content\/uploads\/2025\/05\/Skydiver_SED_PhotoCredit-RosiePowell-119-1024x683.jpg\" data-width=\"2560\" src=\"https:\/\/i0.wp.com\/schrittmacherfestival.nl\/wp-content\/uploads\/2025\/05\/Skydiver_SED_PhotoCredit-RosiePowell-119-1024x683.jpg?ssl=1\" data-amp-layout=\"responsive\"\/><\/figure><\/div><div class=\"tiled-gallery__col\" style=\"flex-basis:25.00000%\"><figure class=\"tiled-gallery__item\"><img decoding=\"async\" srcset=\"https:\/\/i0.wp.com\/schrittmacherfestival.nl\/wp-content\/uploads\/2025\/05\/Skydiver_SED_PhotoCredit-RosiePowell-77-1024x683.jpg?strip=info&#038;w=600&#038;ssl=1 600w,https:\/\/i0.wp.com\/schrittmacherfestival.nl\/wp-content\/uploads\/2025\/05\/Skydiver_SED_PhotoCredit-RosiePowell-77-1024x683.jpg?strip=info&#038;w=900&#038;ssl=1 900w,https:\/\/i0.wp.com\/schrittmacherfestival.nl\/wp-content\/uploads\/2025\/05\/Skydiver_SED_PhotoCredit-RosiePowell-77-1024x683.jpg?strip=info&#038;w=1200&#038;ssl=1 1200w,https:\/\/i0.wp.com\/schrittmacherfestival.nl\/wp-content\/uploads\/2025\/05\/Skydiver_SED_PhotoCredit-RosiePowell-77-1024x683.jpg?strip=info&#038;w=1500&#038;ssl=1 1500w,https:\/\/i0.wp.com\/schrittmacherfestival.nl\/wp-content\/uploads\/2025\/05\/Skydiver_SED_PhotoCredit-RosiePowell-77-1024x683.jpg?strip=info&#038;w=1800&#038;ssl=1 1800w,https:\/\/i0.wp.com\/schrittmacherfestival.nl\/wp-content\/uploads\/2025\/05\/Skydiver_SED_PhotoCredit-RosiePowell-77-1024x683.jpg?strip=info&#038;w=2000&#038;ssl=1 2000w\" alt=\"\" data-height=\"1708\" data-id=\"11640\" data-link=\"https:\/\/schrittmacherfestival.nl\/?attachment_id=11640\" data-url=\"https:\/\/schrittmacherfestival.nl\/wp-content\/uploads\/2025\/05\/Skydiver_SED_PhotoCredit-RosiePowell-77-1024x683.jpg\" data-width=\"2560\" src=\"https:\/\/i0.wp.com\/schrittmacherfestival.nl\/wp-content\/uploads\/2025\/05\/Skydiver_SED_PhotoCredit-RosiePowell-77-1024x683.jpg?ssl=1\" data-amp-layout=\"responsive\"\/><\/figure><\/div><div class=\"tiled-gallery__col\" style=\"flex-basis:25.00000%\"><figure class=\"tiled-gallery__item\"><img decoding=\"async\" srcset=\"https:\/\/i0.wp.com\/schrittmacherfestival.nl\/wp-content\/uploads\/2025\/05\/Skydiver_SED_PhotoCredit-RosiePowell-149-1024x683.jpg?strip=info&#038;w=600&#038;ssl=1 600w,https:\/\/i0.wp.com\/schrittmacherfestival.nl\/wp-content\/uploads\/2025\/05\/Skydiver_SED_PhotoCredit-RosiePowell-149-1024x683.jpg?strip=info&#038;w=900&#038;ssl=1 900w,https:\/\/i0.wp.com\/schrittmacherfestival.nl\/wp-content\/uploads\/2025\/05\/Skydiver_SED_PhotoCredit-RosiePowell-149-1024x683.jpg?strip=info&#038;w=1200&#038;ssl=1 1200w,https:\/\/i0.wp.com\/schrittmacherfestival.nl\/wp-content\/uploads\/2025\/05\/Skydiver_SED_PhotoCredit-RosiePowell-149-1024x683.jpg?strip=info&#038;w=1500&#038;ssl=1 1500w,https:\/\/i0.wp.com\/schrittmacherfestival.nl\/wp-content\/uploads\/2025\/05\/Skydiver_SED_PhotoCredit-RosiePowell-149-1024x683.jpg?strip=info&#038;w=1800&#038;ssl=1 1800w,https:\/\/i0.wp.com\/schrittmacherfestival.nl\/wp-content\/uploads\/2025\/05\/Skydiver_SED_PhotoCredit-RosiePowell-149-1024x683.jpg?strip=info&#038;w=2000&#038;ssl=1 2000w\" alt=\"\" data-height=\"1708\" data-id=\"11642\" data-link=\"https:\/\/schrittmacherfestival.nl\/?attachment_id=11642\" data-url=\"https:\/\/schrittmacherfestival.nl\/wp-content\/uploads\/2025\/05\/Skydiver_SED_PhotoCredit-RosiePowell-149-1024x683.jpg\" data-width=\"2560\" src=\"https:\/\/i0.wp.com\/schrittmacherfestival.nl\/wp-content\/uploads\/2025\/05\/Skydiver_SED_PhotoCredit-RosiePowell-149-1024x683.jpg?ssl=1\" data-amp-layout=\"responsive\"\/><\/figure><\/div><div class=\"tiled-gallery__col\" style=\"flex-basis:25.00000%\"><figure class=\"tiled-gallery__item\"><img decoding=\"async\" srcset=\"https:\/\/i0.wp.com\/schrittmacherfestival.nl\/wp-content\/uploads\/2025\/05\/Skydiver_SED_PhotoCredit-RosiePowell-116-1024x683.jpg?strip=info&#038;w=600&#038;ssl=1 600w,https:\/\/i0.wp.com\/schrittmacherfestival.nl\/wp-content\/uploads\/2025\/05\/Skydiver_SED_PhotoCredit-RosiePowell-116-1024x683.jpg?strip=info&#038;w=900&#038;ssl=1 900w,https:\/\/i0.wp.com\/schrittmacherfestival.nl\/wp-content\/uploads\/2025\/05\/Skydiver_SED_PhotoCredit-RosiePowell-116-1024x683.jpg?strip=info&#038;w=1200&#038;ssl=1 1200w,https:\/\/i0.wp.com\/schrittmacherfestival.nl\/wp-content\/uploads\/2025\/05\/Skydiver_SED_PhotoCredit-RosiePowell-116-1024x683.jpg?strip=info&#038;w=1500&#038;ssl=1 1500w,https:\/\/i0.wp.com\/schrittmacherfestival.nl\/wp-content\/uploads\/2025\/05\/Skydiver_SED_PhotoCredit-RosiePowell-116-1024x683.jpg?strip=info&#038;w=1800&#038;ssl=1 1800w,https:\/\/i0.wp.com\/schrittmacherfestival.nl\/wp-content\/uploads\/2025\/05\/Skydiver_SED_PhotoCredit-RosiePowell-116-1024x683.jpg?strip=info&#038;w=2000&#038;ssl=1 2000w\" alt=\"\" data-height=\"1708\" data-id=\"11643\" data-link=\"https:\/\/schrittmacherfestival.nl\/?attachment_id=11643\" data-url=\"https:\/\/schrittmacherfestival.nl\/wp-content\/uploads\/2025\/05\/Skydiver_SED_PhotoCredit-RosiePowell-116-1024x683.jpg\" data-width=\"2560\" src=\"https:\/\/i0.wp.com\/schrittmacherfestival.nl\/wp-content\/uploads\/2025\/05\/Skydiver_SED_PhotoCredit-RosiePowell-116-1024x683.jpg?ssl=1\" data-amp-layout=\"responsive\"\/><\/figure><\/div><\/div><\/div><\/div><\/div><br>\n\n<hr class=\"wp-block-separator has-css-opacity\"\/>\n","protected":false},"excerpt":{"rendered":"<p>Xenia Aidonopoulou (GR) Theater Heerlen &#8211; LIMBURGzaalSo 01.03.202612.30 + 14.30 Uhr12,50 \u20ac In \u201eSKYDIVER\u201c der preisgekr\u00f6nten griechischen Choreografin Xenia Aidonopoulou beginnt eine magische Reise durch flauschige Wolken. V\u00f6gel und Schmetterlinge flattern vorbei, w\u00e4hrend sich eine Traumwelt \u00fcber uns entfaltet. Mit Bewegung, Klang und bezaubernden Bildern wird der Himmel zu einem Ort voller Fantasie. Fliegst du mit? Duration: ~ 45 min. [&hellip;]<\/p>\n","protected":false},"author":1,"featured_media":0,"parent":0,"menu_order":0,"comment_status":"closed","ping_status":"closed","template":"","meta":{"_acf_changed":false,"footnotes":""},"class_list":["post-11651","page","type-page","status-publish","hentry"],"aioseo_notices":[],"acf":[],"jetpack_sharing_enabled":true,"_links":{"self":[{"href":"https:\/\/schrittmacherfestival.nl\/de\/wp-json\/wp\/v2\/pages\/11651","targetHints":{"allow":["GET"]}}],"collection":[{"href":"https:\/\/schrittmacherfestival.nl\/de\/wp-json\/wp\/v2\/pages"}],"about":[{"href":"https:\/\/schrittmacherfestival.nl\/de\/wp-json\/wp\/v2\/types\/page"}],"author":[{"embeddable":true,"href":"https:\/\/schrittmacherfestival.nl\/de\/wp-json\/wp\/v2\/users\/1"}],"replies":[{"embeddable":true,"href":"https:\/\/schrittmacherfestival.nl\/de\/wp-json\/wp\/v2\/comments?post=11651"}],"version-history":[{"count":3,"href":"https:\/\/schrittmacherfestival.nl\/de\/wp-json\/wp\/v2\/pages\/11651\/revisions"}],"predecessor-version":[{"id":12230,"href":"https:\/\/schrittmacherfestival.nl\/de\/wp-json\/wp\/v2\/pages\/11651\/revisions\/12230"}],"wp:attachment":[{"href":"https:\/\/schrittmacherfestival.nl\/de\/wp-json\/wp\/v2\/media?parent=11651"}],"curies":[{"name":"wp","href":"https:\/\/api.w.org\/{rel}","templated":true}]}}