{"id":11668,"date":"2025-05-19T11:02:59","date_gmt":"2025-05-19T11:02:59","guid":{"rendered":"https:\/\/schrittmacherfestival.nl\/des-chimeres-dans-la-tete-8\/"},"modified":"2026-01-26T09:08:05","modified_gmt":"2026-01-26T09:08:05","slug":"des-chimeres-dans-la-tete-8","status":"publish","type":"page","link":"https:\/\/schrittmacherfestival.nl\/de\/des-chimeres-dans-la-tete-8\/","title":{"rendered":"Des chim\u00e8res dans la t\u00eate \/ Hersenspinsels (8+)"},"content":{"rendered":"\n<h1 class=\"wp-block-heading has-black-color has-text-color\" id=\"hofesh-shechter-company-gbr\"><strong>Ballet du Nord (FR)<\/strong><\/h1>\n\n<p><strong>Theater Heerlen &#8211; Grote Zaal<\/strong><br\/><strong><strong>So 01.03.2026<\/strong><\/strong><br\/><strong>14.00 Uhr<\/strong><br\/><strong>18,50 \u20ac \/ Jugendliche bis 18 Jahre: 14,50 \u20ac<\/strong><\/p>\n\n<figure class=\"wp-block-image alignwide size-full\"><img data-recalc-dims=\"1\" fetchpriority=\"high\" decoding=\"async\" width=\"640\" height=\"267\" src=\"https:\/\/i0.wp.com\/schrittmacherfestival.nl\/wp-content\/uploads\/2025\/12\/CHIMERES-HERVE-PLUMET-3-H-scaled-e1765189373373.jpg?resize=640%2C267&#038;ssl=1\" alt=\"\" class=\"wp-image-11975\" srcset=\"https:\/\/i0.wp.com\/schrittmacherfestival.nl\/wp-content\/uploads\/2025\/12\/CHIMERES-HERVE-PLUMET-3-H-scaled-e1765189373373.jpg?w=1200&amp;ssl=1 1200w, https:\/\/i0.wp.com\/schrittmacherfestival.nl\/wp-content\/uploads\/2025\/12\/CHIMERES-HERVE-PLUMET-3-H-scaled-e1765189373373.jpg?resize=300%2C125&amp;ssl=1 300w, https:\/\/i0.wp.com\/schrittmacherfestival.nl\/wp-content\/uploads\/2025\/12\/CHIMERES-HERVE-PLUMET-3-H-scaled-e1765189373373.jpg?resize=1024%2C427&amp;ssl=1 1024w, https:\/\/i0.wp.com\/schrittmacherfestival.nl\/wp-content\/uploads\/2025\/12\/CHIMERES-HERVE-PLUMET-3-H-scaled-e1765189373373.jpg?resize=768%2C320&amp;ssl=1 768w, https:\/\/i0.wp.com\/schrittmacherfestival.nl\/wp-content\/uploads\/2025\/12\/CHIMERES-HERVE-PLUMET-3-H-scaled-e1765189373373.jpg?resize=31%2C13&amp;ssl=1 31w\" sizes=\"(max-width: 640px) 100vw, 640px\" \/><\/figure>\n\n<hr class=\"wp-block-separator has-css-opacity\"\/>\n\n<h2 class=\"wp-block-heading\"><strong>NL-Premiere<\/strong><\/h2>\n\n<h2 class=\"wp-block-heading\"> <\/h2>\n\n<p>\u201eDes chim\u00e8res dans la t\u00eate\u201c vom Ballet du Nord, CCN &amp; Vous ! ist eine poetische, humorvolle Tanzauff\u00fchrung, in der Fantasie Gestalt annimmt. Auf einer riesigen Leinwand erscheinen Figuren, Wesen und Traumgestalten. Drei T\u00e4nzer*innen, teils verborgen, erg\u00e4nzen diese Visionen mit Armen, Beinen und Gesten und erwecken sie so zum Leben. Mit Einfallsreichtum und Witz hinterfragt das St\u00fcck die Wahrnehmung: Siehst du wirklich, was du siehst oder was tats\u00e4chlich existiert? F\u00fcr Erwachsene und Kinder ab 8 Jahren. Gezeigt im Theater Heerlen im Rahmen des schrit_tmacher Familientages.<\/p>\n\n<p> <\/p>\n\n<p> <\/p>\n\n<p>Duration:<em> <\/em>~ 50 min. no interval<\/p>\n\n<p><strong>So 01.03.2026<\/strong><br\/>Family Day<\/p>\n\n<hr class=\"wp-block-separator has-css-opacity\"\/>\n\n<div class=\"wp-block-buttons is-horizontal is-content-justification-center is-layout-flex wp-container-core-buttons-is-layout-499968f5 wp-block-buttons-is-layout-flex\">\n<div class=\"wp-block-button\"><a class=\"wp-block-button__link has-white-color has-black-background-color has-text-color has-background wp-element-button\" href=\"https:\/\/bestellen.plt.nl\/bestel\/12880\" target=\"_blank\" rel=\"noreferrer noopener\"><strong>Tickets So 01.03 | 14.00 Uhr<\/strong><\/a><\/div>\n<\/div>\n\n<hr class=\"wp-block-separator has-css-opacity\"\/>\n\n<figure class=\"wp-block-embed is-type-video is-provider-vimeo wp-block-embed-vimeo wp-embed-aspect-16-9 wp-has-aspect-ratio\"><div class=\"wp-block-embed__wrapper\">\r\n<div class=\"jetpack-video-wrapper\"><iframe title=\"Des chim\u00e8res dans la t\u00eate - cr\u00e9ation 2023 (teaser HD)\" src=\"https:\/\/player.vimeo.com\/video\/878572628?dnt=1&amp;app_id=122963\" width=\"640\" height=\"360\" frameborder=\"0\" allow=\"autoplay; fullscreen; picture-in-picture; clipboard-write; encrypted-media; web-share\" referrerpolicy=\"strict-origin-when-cross-origin\"><\/iframe><\/div>\r\n<\/div><\/figure><br>\n\n<hr class=\"wp-block-separator has-css-opacity\"\/>\n\n<div class=\"wp-block-jetpack-tiled-gallery aligncenter is-style-rectangular\"><div class=\"\"><div class=\"tiled-gallery__gallery\"><div class=\"tiled-gallery__row\"><div class=\"tiled-gallery__col\" style=\"flex-basis:33.66220%\"><figure class=\"tiled-gallery__item\"><img decoding=\"async\" srcset=\"https:\/\/i0.wp.com\/schrittmacherfestival.nl\/wp-content\/uploads\/2025\/05\/CHIMERES-HERVE-PLUMET-1-H-768x1024.jpg?strip=info&#038;w=600&#038;ssl=1 600w,https:\/\/i0.wp.com\/schrittmacherfestival.nl\/wp-content\/uploads\/2025\/05\/CHIMERES-HERVE-PLUMET-1-H-768x1024.jpg?strip=info&#038;w=900&#038;ssl=1 900w,https:\/\/i0.wp.com\/schrittmacherfestival.nl\/wp-content\/uploads\/2025\/05\/CHIMERES-HERVE-PLUMET-1-H-768x1024.jpg?strip=info&#038;w=1200&#038;ssl=1 1200w,https:\/\/i0.wp.com\/schrittmacherfestival.nl\/wp-content\/uploads\/2025\/05\/CHIMERES-HERVE-PLUMET-1-H-768x1024.jpg?strip=info&#038;w=1500&#038;ssl=1 1500w,https:\/\/i0.wp.com\/schrittmacherfestival.nl\/wp-content\/uploads\/2025\/05\/CHIMERES-HERVE-PLUMET-1-H-768x1024.jpg?strip=info&#038;w=1800&#038;ssl=1 1800w,https:\/\/i0.wp.com\/schrittmacherfestival.nl\/wp-content\/uploads\/2025\/05\/CHIMERES-HERVE-PLUMET-1-H-768x1024.jpg?strip=info&#038;w=1920&#038;ssl=1 1920w\" alt=\"\" data-height=\"2560\" data-id=\"11657\" data-link=\"https:\/\/schrittmacherfestival.nl\/?attachment_id=11657\" data-url=\"https:\/\/schrittmacherfestival.nl\/wp-content\/uploads\/2025\/05\/CHIMERES-HERVE-PLUMET-1-H-768x1024.jpg\" data-width=\"1920\" src=\"https:\/\/i0.wp.com\/schrittmacherfestival.nl\/wp-content\/uploads\/2025\/05\/CHIMERES-HERVE-PLUMET-1-H-768x1024.jpg?ssl=1\" data-amp-layout=\"responsive\"\/><\/figure><\/div><div class=\"tiled-gallery__col\" style=\"flex-basis:36.34679%\"><figure class=\"tiled-gallery__item\"><img decoding=\"async\" srcset=\"https:\/\/i0.wp.com\/schrittmacherfestival.nl\/wp-content\/uploads\/2025\/05\/CHIMERES-HERVE-PLUMET-2-L-2-1024x731.jpg?strip=info&#038;w=600&#038;ssl=1 600w,https:\/\/i0.wp.com\/schrittmacherfestival.nl\/wp-content\/uploads\/2025\/05\/CHIMERES-HERVE-PLUMET-2-L-2-1024x731.jpg?strip=info&#038;w=900&#038;ssl=1 900w,https:\/\/i0.wp.com\/schrittmacherfestival.nl\/wp-content\/uploads\/2025\/05\/CHIMERES-HERVE-PLUMET-2-L-2-1024x731.jpg?strip=info&#038;w=1200&#038;ssl=1 1200w,https:\/\/i0.wp.com\/schrittmacherfestival.nl\/wp-content\/uploads\/2025\/05\/CHIMERES-HERVE-PLUMET-2-L-2-1024x731.jpg?strip=info&#038;w=1500&#038;ssl=1 1500w,https:\/\/i0.wp.com\/schrittmacherfestival.nl\/wp-content\/uploads\/2025\/05\/CHIMERES-HERVE-PLUMET-2-L-2-1024x731.jpg?strip=info&#038;w=1800&#038;ssl=1 1800w,https:\/\/i0.wp.com\/schrittmacherfestival.nl\/wp-content\/uploads\/2025\/05\/CHIMERES-HERVE-PLUMET-2-L-2-1024x731.jpg?strip=info&#038;w=2000&#038;ssl=1 2000w\" alt=\"\" data-height=\"1829\" data-id=\"11661\" data-link=\"https:\/\/schrittmacherfestival.nl\/?attachment_id=11661\" data-url=\"https:\/\/schrittmacherfestival.nl\/wp-content\/uploads\/2025\/05\/CHIMERES-HERVE-PLUMET-2-L-2-1024x731.jpg\" data-width=\"2560\" src=\"https:\/\/i0.wp.com\/schrittmacherfestival.nl\/wp-content\/uploads\/2025\/05\/CHIMERES-HERVE-PLUMET-2-L-2-1024x731.jpg?ssl=1\" data-amp-layout=\"responsive\"\/><\/figure><figure class=\"tiled-gallery__item\"><img decoding=\"async\" srcset=\"https:\/\/i0.wp.com\/schrittmacherfestival.nl\/wp-content\/uploads\/2025\/05\/CHIMERES-HERVE-PLUMET-4-L-1-1024x518.jpg?strip=info&#038;w=600&#038;ssl=1 600w,https:\/\/i0.wp.com\/schrittmacherfestival.nl\/wp-content\/uploads\/2025\/05\/CHIMERES-HERVE-PLUMET-4-L-1-1024x518.jpg?strip=info&#038;w=900&#038;ssl=1 900w,https:\/\/i0.wp.com\/schrittmacherfestival.nl\/wp-content\/uploads\/2025\/05\/CHIMERES-HERVE-PLUMET-4-L-1-1024x518.jpg?strip=info&#038;w=1200&#038;ssl=1 1200w,https:\/\/i0.wp.com\/schrittmacherfestival.nl\/wp-content\/uploads\/2025\/05\/CHIMERES-HERVE-PLUMET-4-L-1-1024x518.jpg?strip=info&#038;w=1500&#038;ssl=1 1500w,https:\/\/i0.wp.com\/schrittmacherfestival.nl\/wp-content\/uploads\/2025\/05\/CHIMERES-HERVE-PLUMET-4-L-1-1024x518.jpg?strip=info&#038;w=1800&#038;ssl=1 1800w,https:\/\/i0.wp.com\/schrittmacherfestival.nl\/wp-content\/uploads\/2025\/05\/CHIMERES-HERVE-PLUMET-4-L-1-1024x518.jpg?strip=info&#038;w=2000&#038;ssl=1 2000w\" alt=\"\" data-height=\"1296\" data-id=\"11655\" data-link=\"https:\/\/schrittmacherfestival.nl\/?attachment_id=11655\" data-url=\"https:\/\/schrittmacherfestival.nl\/wp-content\/uploads\/2025\/05\/CHIMERES-HERVE-PLUMET-4-L-1-1024x518.jpg\" data-width=\"2560\" src=\"https:\/\/i0.wp.com\/schrittmacherfestival.nl\/wp-content\/uploads\/2025\/05\/CHIMERES-HERVE-PLUMET-4-L-1-1024x518.jpg?ssl=1\" data-amp-layout=\"responsive\"\/><\/figure><\/div><div class=\"tiled-gallery__col\" style=\"flex-basis:29.99101%\"><figure class=\"tiled-gallery__item\"><img decoding=\"async\" srcset=\"https:\/\/i0.wp.com\/schrittmacherfestival.nl\/wp-content\/uploads\/2025\/05\/CHIMERES-HERVE-PLUMET-3-H-683x1024.jpg?strip=info&#038;w=600&#038;ssl=1 600w,https:\/\/i0.wp.com\/schrittmacherfestival.nl\/wp-content\/uploads\/2025\/05\/CHIMERES-HERVE-PLUMET-3-H-683x1024.jpg?strip=info&#038;w=900&#038;ssl=1 900w,https:\/\/i0.wp.com\/schrittmacherfestival.nl\/wp-content\/uploads\/2025\/05\/CHIMERES-HERVE-PLUMET-3-H-683x1024.jpg?strip=info&#038;w=1200&#038;ssl=1 1200w,https:\/\/i0.wp.com\/schrittmacherfestival.nl\/wp-content\/uploads\/2025\/05\/CHIMERES-HERVE-PLUMET-3-H-683x1024.jpg?strip=info&#038;w=1500&#038;ssl=1 1500w,https:\/\/i0.wp.com\/schrittmacherfestival.nl\/wp-content\/uploads\/2025\/05\/CHIMERES-HERVE-PLUMET-3-H-683x1024.jpg?strip=info&#038;w=1709&#038;ssl=1 1709w\" alt=\"\" data-height=\"2560\" data-id=\"11659\" data-link=\"https:\/\/schrittmacherfestival.nl\/?attachment_id=11659\" data-url=\"https:\/\/schrittmacherfestival.nl\/wp-content\/uploads\/2025\/05\/CHIMERES-HERVE-PLUMET-3-H-683x1024.jpg\" data-width=\"1709\" src=\"https:\/\/i0.wp.com\/schrittmacherfestival.nl\/wp-content\/uploads\/2025\/05\/CHIMERES-HERVE-PLUMET-3-H-683x1024.jpg?ssl=1\" data-amp-layout=\"responsive\"\/><\/figure><\/div><\/div><\/div><\/div><\/div><br>\n\n<hr class=\"wp-block-separator has-css-opacity\"\/>\n","protected":false},"excerpt":{"rendered":"<p>Ballet du Nord (FR) Theater Heerlen &#8211; Grote ZaalSo 01.03.202614.00 Uhr18,50 \u20ac \/ Jugendliche bis 18 Jahre: 14,50 \u20ac NL-Premiere \u201eDes chim\u00e8res dans la t\u00eate\u201c vom Ballet du Nord, CCN &amp; Vous ! ist eine poetische, humorvolle Tanzauff\u00fchrung, in der Fantasie Gestalt annimmt. Auf einer riesigen Leinwand erscheinen Figuren, Wesen und Traumgestalten. Drei T\u00e4nzer*innen, teils verborgen, erg\u00e4nzen diese Visionen mit [&hellip;]<\/p>\n","protected":false},"author":1,"featured_media":0,"parent":0,"menu_order":0,"comment_status":"closed","ping_status":"closed","template":"","meta":{"_acf_changed":false,"footnotes":""},"class_list":["post-11668","page","type-page","status-publish","hentry"],"aioseo_notices":[],"acf":[],"jetpack_sharing_enabled":true,"_links":{"self":[{"href":"https:\/\/schrittmacherfestival.nl\/de\/wp-json\/wp\/v2\/pages\/11668","targetHints":{"allow":["GET"]}}],"collection":[{"href":"https:\/\/schrittmacherfestival.nl\/de\/wp-json\/wp\/v2\/pages"}],"about":[{"href":"https:\/\/schrittmacherfestival.nl\/de\/wp-json\/wp\/v2\/types\/page"}],"author":[{"embeddable":true,"href":"https:\/\/schrittmacherfestival.nl\/de\/wp-json\/wp\/v2\/users\/1"}],"replies":[{"embeddable":true,"href":"https:\/\/schrittmacherfestival.nl\/de\/wp-json\/wp\/v2\/comments?post=11668"}],"version-history":[{"count":5,"href":"https:\/\/schrittmacherfestival.nl\/de\/wp-json\/wp\/v2\/pages\/11668\/revisions"}],"predecessor-version":[{"id":13564,"href":"https:\/\/schrittmacherfestival.nl\/de\/wp-json\/wp\/v2\/pages\/11668\/revisions\/13564"}],"wp:attachment":[{"href":"https:\/\/schrittmacherfestival.nl\/de\/wp-json\/wp\/v2\/media?parent=11668"}],"curies":[{"name":"wp","href":"https:\/\/api.w.org\/{rel}","templated":true}]}}