{"id":11961,"date":"2025-12-08T10:16:09","date_gmt":"2025-12-08T10:16:09","guid":{"rendered":"https:\/\/schrittmacherfestival.nl\/hype-the-pain\/"},"modified":"2025-12-18T11:13:58","modified_gmt":"2025-12-18T11:13:58","slug":"hype-the-pain","status":"publish","type":"page","link":"https:\/\/schrittmacherfestival.nl\/de\/hype-the-pain\/","title":{"rendered":"Hype the Pain"},"content":{"rendered":"\n<h1 class=\"wp-block-heading has-black-color has-text-color\" id=\"hofesh-shechter-company-gbr\"><strong><strong>Miller de\u2019 Nobili <\/strong>(DE)<\/strong><\/h1>\n\n<p><strong>Ludwig Forum Aachen \/ Mulde<\/strong><br\/><strong><strong><strong>Sa 28.02.2026 + So 01.03.2026<\/strong><\/strong><\/strong><br\/><strong>20.00 Uhr<\/strong><br\/><strong>24,00 \u20ac &#8211; 32,00 \u20ac<\/strong><\/p>\n\n<figure class=\"wp-block-image alignwide size-full\"><img data-recalc-dims=\"1\" fetchpriority=\"high\" decoding=\"async\" width=\"640\" height=\"267\" src=\"https:\/\/i0.wp.com\/schrittmacherfestival.nl\/wp-content\/uploads\/2025\/12\/mdn_hype_the_pain_klaus_gigga-2123-scaled-e1765188166146.jpg?resize=640%2C267&#038;ssl=1\" alt=\"\" class=\"wp-image-11944\" srcset=\"https:\/\/i0.wp.com\/schrittmacherfestival.nl\/wp-content\/uploads\/2025\/12\/mdn_hype_the_pain_klaus_gigga-2123-scaled-e1765188166146.jpg?w=1200&amp;ssl=1 1200w, https:\/\/i0.wp.com\/schrittmacherfestival.nl\/wp-content\/uploads\/2025\/12\/mdn_hype_the_pain_klaus_gigga-2123-scaled-e1765188166146.jpg?resize=300%2C125&amp;ssl=1 300w, https:\/\/i0.wp.com\/schrittmacherfestival.nl\/wp-content\/uploads\/2025\/12\/mdn_hype_the_pain_klaus_gigga-2123-scaled-e1765188166146.jpg?resize=1024%2C427&amp;ssl=1 1024w, https:\/\/i0.wp.com\/schrittmacherfestival.nl\/wp-content\/uploads\/2025\/12\/mdn_hype_the_pain_klaus_gigga-2123-scaled-e1765188166146.jpg?resize=768%2C320&amp;ssl=1 768w, https:\/\/i0.wp.com\/schrittmacherfestival.nl\/wp-content\/uploads\/2025\/12\/mdn_hype_the_pain_klaus_gigga-2123-scaled-e1765188166146.jpg?resize=31%2C13&amp;ssl=1 31w\" sizes=\"(max-width: 640px) 100vw, 640px\" \/><\/figure>\n\n<hr class=\"wp-block-separator has-css-opacity\"\/>\n\n<h2 class=\"wp-block-heading\"><strong>Festivaler\u00f6ffnung Aachen<\/strong><\/h2>\n\n<p>Das schrit_tmacher Festival 2026 er\u00f6ffnet in Aachen mit der neuen Produktion \u201eHype the Pain\u201d der Kompanie Miller de\u2019 Nobili, Gewinner des Dresden City Arts Award 2025. \u201eHype the Pain\u201d &#8211; ein Raum, in dem Ironie zum Bew\u00e4ltigungsmechanismus wird, wo Fake News sich schneller verbreiten als Fakten und fl\u00fcchtige Bilder unbemerkt Ideologien formen. Lachen verdeckt den Schmerz in einer voreingenommenen Welt. Gemeinsam mit f\u00fcnf T\u00e4nzer*innen, die Breaking, Urban Styles und zeitgen\u00f6ssischen Tanz mit theatralen Formen verbinden, erforschen Maria Chiara de\u2019 Nobili &amp; Alexander Miller, wie Online-Humor unsere Gef\u00fchle und \u00dcberzeugungen pr\u00e4gt.<\/p>\n\n<p>Duration: ~ 60 min. no interval<\/p>\n\n<p><strong>Sa + So<\/strong> <strong>28.02. + 01.03.2026<\/strong><br\/>19:00, space<br\/>Introduction [DE]<br\/>Free<\/p>\n\n<p><br\/><strong>Sa. 28.02.2026<br\/><\/strong>21:00, Foyer<br\/>Opening party<br\/>Free<\/p>\n\n<p><strong>Sa 28.02.2026 + So 01.03.2026<\/strong><br\/>20:15, Mulde<br\/>Aftertalk [EN\/DE]<br\/>Free<\/p>\n\n<p><strong>Fr 27.02.2026<\/strong><br\/><em>Elisenbrunnen Aachen, Rotunde<\/em><br\/><a href=\"https:\/\/schrittmacherfestival.nl\/de\/open-air-dance-workshops\/\" title=\"\">Open air dance workshop<\/a><br\/>Free<\/p>\n\n<p><strong>So 01.03.2026<\/strong><br\/>14:00, <em>VHS Aachen<\/em><br\/><a href=\"https:\/\/schrittmacherfestival.nl\/de\/dance-workshops\/\" title=\"\">Dance workshop<\/a><\/p>\n\n<hr class=\"wp-block-separator has-css-opacity\"\/>\n\n<div class=\"wp-block-buttons is-horizontal is-content-justification-center is-layout-flex wp-container-core-buttons-is-layout-499968f5 wp-block-buttons-is-layout-flex\">\n<div class=\"wp-block-button\"><a class=\"wp-block-button__link has-white-color has-black-background-color has-text-color has-background wp-element-button\" href=\"https:\/\/bestellen.plt.nl\/bestel\/13768\" target=\"_blank\" rel=\"noreferrer noopener\"><strong>Tickets Sa 28.02 | 20.00 Uhr<\/strong><\/a><\/div>\n\n\n\n<div class=\"wp-block-button\"><a class=\"wp-block-button__link has-white-color has-black-background-color has-text-color has-background wp-element-button\" href=\"https:\/\/bestellen.plt.nl\/bestel\/13769\" target=\"_blank\" rel=\"noreferrer noopener\"><strong>Tickets So 01.03 | 20.00 Uhr<\/strong><\/a><\/div>\n<\/div>\n\n<hr class=\"wp-block-separator has-css-opacity\"\/>\n\n<figure class=\"wp-block-embed is-type-video is-provider-vimeo wp-block-embed-vimeo wp-embed-aspect-16-9 wp-has-aspect-ratio\"><div class=\"wp-block-embed__wrapper\">\r\n<div class=\"jetpack-video-wrapper\"><iframe title=\"Hype the Pain Trailer\" src=\"https:\/\/player.vimeo.com\/video\/1140147254?dnt=1&amp;app_id=122963\" width=\"640\" height=\"360\" frameborder=\"0\" allow=\"autoplay; fullscreen; picture-in-picture; clipboard-write; encrypted-media; web-share\" referrerpolicy=\"strict-origin-when-cross-origin\"><\/iframe><\/div>\r\n<\/div><\/figure><br>\n\n<hr class=\"wp-block-separator has-css-opacity\"\/>\n\n<div class=\"wp-block-jetpack-tiled-gallery aligncenter is-style-rectangular\"><div class=\"\"><div class=\"tiled-gallery__gallery\"><div class=\"tiled-gallery__row\"><div class=\"tiled-gallery__col\" style=\"flex-basis:66.78800%\"><figure class=\"tiled-gallery__item\"><img decoding=\"async\" srcset=\"https:\/\/i0.wp.com\/schrittmacherfestival.nl\/wp-content\/uploads\/2025\/12\/mdn_hype_the_pain_klaus_gigga-2361-1-1024x683.jpg?strip=info&#038;w=600&#038;ssl=1 600w,https:\/\/i0.wp.com\/schrittmacherfestival.nl\/wp-content\/uploads\/2025\/12\/mdn_hype_the_pain_klaus_gigga-2361-1-1024x683.jpg?strip=info&#038;w=900&#038;ssl=1 900w,https:\/\/i0.wp.com\/schrittmacherfestival.nl\/wp-content\/uploads\/2025\/12\/mdn_hype_the_pain_klaus_gigga-2361-1-1024x683.jpg?strip=info&#038;w=1200&#038;ssl=1 1200w,https:\/\/i0.wp.com\/schrittmacherfestival.nl\/wp-content\/uploads\/2025\/12\/mdn_hype_the_pain_klaus_gigga-2361-1-1024x683.jpg?strip=info&#038;w=1500&#038;ssl=1 1500w,https:\/\/i0.wp.com\/schrittmacherfestival.nl\/wp-content\/uploads\/2025\/12\/mdn_hype_the_pain_klaus_gigga-2361-1-1024x683.jpg?strip=info&#038;w=1800&#038;ssl=1 1800w,https:\/\/i0.wp.com\/schrittmacherfestival.nl\/wp-content\/uploads\/2025\/12\/mdn_hype_the_pain_klaus_gigga-2361-1-1024x683.jpg?strip=info&#038;w=2000&#038;ssl=1 2000w\" alt=\"\" data-height=\"1707\" data-id=\"11952\" data-link=\"https:\/\/schrittmacherfestival.nl\/?attachment_id=11952\" data-url=\"https:\/\/schrittmacherfestival.nl\/wp-content\/uploads\/2025\/12\/mdn_hype_the_pain_klaus_gigga-2361-1-1024x683.jpg\" data-width=\"2560\" src=\"https:\/\/i0.wp.com\/schrittmacherfestival.nl\/wp-content\/uploads\/2025\/12\/mdn_hype_the_pain_klaus_gigga-2361-1-1024x683.jpg?ssl=1\" data-amp-layout=\"responsive\"\/><\/figure><\/div><div class=\"tiled-gallery__col\" style=\"flex-basis:33.21200%\"><figure class=\"tiled-gallery__item\"><img decoding=\"async\" srcset=\"https:\/\/i0.wp.com\/schrittmacherfestival.nl\/wp-content\/uploads\/2025\/12\/mdn_hype_the_pain_klaus_gigga-2686-1024x683.jpg?strip=info&#038;w=600&#038;ssl=1 600w,https:\/\/i0.wp.com\/schrittmacherfestival.nl\/wp-content\/uploads\/2025\/12\/mdn_hype_the_pain_klaus_gigga-2686-1024x683.jpg?strip=info&#038;w=900&#038;ssl=1 900w,https:\/\/i0.wp.com\/schrittmacherfestival.nl\/wp-content\/uploads\/2025\/12\/mdn_hype_the_pain_klaus_gigga-2686-1024x683.jpg?strip=info&#038;w=1200&#038;ssl=1 1200w,https:\/\/i0.wp.com\/schrittmacherfestival.nl\/wp-content\/uploads\/2025\/12\/mdn_hype_the_pain_klaus_gigga-2686-1024x683.jpg?strip=info&#038;w=1500&#038;ssl=1 1500w,https:\/\/i0.wp.com\/schrittmacherfestival.nl\/wp-content\/uploads\/2025\/12\/mdn_hype_the_pain_klaus_gigga-2686-1024x683.jpg?strip=info&#038;w=1800&#038;ssl=1 1800w,https:\/\/i0.wp.com\/schrittmacherfestival.nl\/wp-content\/uploads\/2025\/12\/mdn_hype_the_pain_klaus_gigga-2686-1024x683.jpg?strip=info&#038;w=2000&#038;ssl=1 2000w\" alt=\"\" data-height=\"1707\" data-id=\"11948\" data-link=\"https:\/\/schrittmacherfestival.nl\/?attachment_id=11948\" data-url=\"https:\/\/schrittmacherfestival.nl\/wp-content\/uploads\/2025\/12\/mdn_hype_the_pain_klaus_gigga-2686-1024x683.jpg\" data-width=\"2560\" src=\"https:\/\/i0.wp.com\/schrittmacherfestival.nl\/wp-content\/uploads\/2025\/12\/mdn_hype_the_pain_klaus_gigga-2686-1024x683.jpg?ssl=1\" data-amp-layout=\"responsive\"\/><\/figure><figure class=\"tiled-gallery__item\"><img decoding=\"async\" srcset=\"https:\/\/i0.wp.com\/schrittmacherfestival.nl\/wp-content\/uploads\/2025\/12\/mdn_hype_the_pain_klaus_gigga-0866-1024x683.jpg?strip=info&#038;w=600&#038;ssl=1 600w,https:\/\/i0.wp.com\/schrittmacherfestival.nl\/wp-content\/uploads\/2025\/12\/mdn_hype_the_pain_klaus_gigga-0866-1024x683.jpg?strip=info&#038;w=900&#038;ssl=1 900w,https:\/\/i0.wp.com\/schrittmacherfestival.nl\/wp-content\/uploads\/2025\/12\/mdn_hype_the_pain_klaus_gigga-0866-1024x683.jpg?strip=info&#038;w=1200&#038;ssl=1 1200w,https:\/\/i0.wp.com\/schrittmacherfestival.nl\/wp-content\/uploads\/2025\/12\/mdn_hype_the_pain_klaus_gigga-0866-1024x683.jpg?strip=info&#038;w=1500&#038;ssl=1 1500w,https:\/\/i0.wp.com\/schrittmacherfestival.nl\/wp-content\/uploads\/2025\/12\/mdn_hype_the_pain_klaus_gigga-0866-1024x683.jpg?strip=info&#038;w=1800&#038;ssl=1 1800w,https:\/\/i0.wp.com\/schrittmacherfestival.nl\/wp-content\/uploads\/2025\/12\/mdn_hype_the_pain_klaus_gigga-0866-1024x683.jpg?strip=info&#038;w=2000&#038;ssl=1 2000w\" alt=\"\" data-height=\"1707\" data-id=\"11950\" data-link=\"https:\/\/schrittmacherfestival.nl\/?attachment_id=11950\" data-url=\"https:\/\/schrittmacherfestival.nl\/wp-content\/uploads\/2025\/12\/mdn_hype_the_pain_klaus_gigga-0866-1024x683.jpg\" data-width=\"2560\" src=\"https:\/\/i0.wp.com\/schrittmacherfestival.nl\/wp-content\/uploads\/2025\/12\/mdn_hype_the_pain_klaus_gigga-0866-1024x683.jpg?ssl=1\" data-amp-layout=\"responsive\"\/><\/figure><\/div><\/div><div class=\"tiled-gallery__row\"><div class=\"tiled-gallery__col\" style=\"flex-basis:52.74173%\"><figure class=\"tiled-gallery__item\"><img decoding=\"async\" srcset=\"https:\/\/i0.wp.com\/schrittmacherfestival.nl\/wp-content\/uploads\/2025\/12\/mdn_hype_the_pain_klaus_gigga-1083-1024x683.jpg?strip=info&#038;w=600&#038;ssl=1 600w,https:\/\/i0.wp.com\/schrittmacherfestival.nl\/wp-content\/uploads\/2025\/12\/mdn_hype_the_pain_klaus_gigga-1083-1024x683.jpg?strip=info&#038;w=900&#038;ssl=1 900w,https:\/\/i0.wp.com\/schrittmacherfestival.nl\/wp-content\/uploads\/2025\/12\/mdn_hype_the_pain_klaus_gigga-1083-1024x683.jpg?strip=info&#038;w=1200&#038;ssl=1 1200w,https:\/\/i0.wp.com\/schrittmacherfestival.nl\/wp-content\/uploads\/2025\/12\/mdn_hype_the_pain_klaus_gigga-1083-1024x683.jpg?strip=info&#038;w=1500&#038;ssl=1 1500w,https:\/\/i0.wp.com\/schrittmacherfestival.nl\/wp-content\/uploads\/2025\/12\/mdn_hype_the_pain_klaus_gigga-1083-1024x683.jpg?strip=info&#038;w=1800&#038;ssl=1 1800w,https:\/\/i0.wp.com\/schrittmacherfestival.nl\/wp-content\/uploads\/2025\/12\/mdn_hype_the_pain_klaus_gigga-1083-1024x683.jpg?strip=info&#038;w=2000&#038;ssl=1 2000w\" alt=\"\" data-height=\"1707\" data-id=\"11949\" data-link=\"https:\/\/schrittmacherfestival.nl\/?attachment_id=11949\" data-url=\"https:\/\/schrittmacherfestival.nl\/wp-content\/uploads\/2025\/12\/mdn_hype_the_pain_klaus_gigga-1083-1024x683.jpg\" data-width=\"2560\" src=\"https:\/\/i0.wp.com\/schrittmacherfestival.nl\/wp-content\/uploads\/2025\/12\/mdn_hype_the_pain_klaus_gigga-1083-1024x683.jpg?ssl=1\" data-amp-layout=\"responsive\"\/><\/figure><figure class=\"tiled-gallery__item\"><img decoding=\"async\" srcset=\"https:\/\/i0.wp.com\/schrittmacherfestival.nl\/wp-content\/uploads\/2025\/12\/mdn_hype_the_pain_klaus_gigga-1435-1024x683.jpg?strip=info&#038;w=600&#038;ssl=1 600w,https:\/\/i0.wp.com\/schrittmacherfestival.nl\/wp-content\/uploads\/2025\/12\/mdn_hype_the_pain_klaus_gigga-1435-1024x683.jpg?strip=info&#038;w=900&#038;ssl=1 900w,https:\/\/i0.wp.com\/schrittmacherfestival.nl\/wp-content\/uploads\/2025\/12\/mdn_hype_the_pain_klaus_gigga-1435-1024x683.jpg?strip=info&#038;w=1200&#038;ssl=1 1200w,https:\/\/i0.wp.com\/schrittmacherfestival.nl\/wp-content\/uploads\/2025\/12\/mdn_hype_the_pain_klaus_gigga-1435-1024x683.jpg?strip=info&#038;w=1500&#038;ssl=1 1500w,https:\/\/i0.wp.com\/schrittmacherfestival.nl\/wp-content\/uploads\/2025\/12\/mdn_hype_the_pain_klaus_gigga-1435-1024x683.jpg?strip=info&#038;w=1800&#038;ssl=1 1800w,https:\/\/i0.wp.com\/schrittmacherfestival.nl\/wp-content\/uploads\/2025\/12\/mdn_hype_the_pain_klaus_gigga-1435-1024x683.jpg?strip=info&#038;w=2000&#038;ssl=1 2000w\" alt=\"\" data-height=\"1707\" data-id=\"11947\" data-link=\"https:\/\/schrittmacherfestival.nl\/?attachment_id=11947\" data-url=\"https:\/\/schrittmacherfestival.nl\/wp-content\/uploads\/2025\/12\/mdn_hype_the_pain_klaus_gigga-1435-1024x683.jpg\" data-width=\"2560\" src=\"https:\/\/i0.wp.com\/schrittmacherfestival.nl\/wp-content\/uploads\/2025\/12\/mdn_hype_the_pain_klaus_gigga-1435-1024x683.jpg?ssl=1\" data-amp-layout=\"responsive\"\/><\/figure><\/div><div class=\"tiled-gallery__col\" style=\"flex-basis:47.25827%\"><figure class=\"tiled-gallery__item\"><img decoding=\"async\" srcset=\"https:\/\/i0.wp.com\/schrittmacherfestival.nl\/wp-content\/uploads\/2025\/12\/mdn_hype_the_pain_klaus_gigga-1509-683x1024.jpg?strip=info&#038;w=600&#038;ssl=1 600w,https:\/\/i0.wp.com\/schrittmacherfestival.nl\/wp-content\/uploads\/2025\/12\/mdn_hype_the_pain_klaus_gigga-1509-683x1024.jpg?strip=info&#038;w=900&#038;ssl=1 900w,https:\/\/i0.wp.com\/schrittmacherfestival.nl\/wp-content\/uploads\/2025\/12\/mdn_hype_the_pain_klaus_gigga-1509-683x1024.jpg?strip=info&#038;w=1200&#038;ssl=1 1200w,https:\/\/i0.wp.com\/schrittmacherfestival.nl\/wp-content\/uploads\/2025\/12\/mdn_hype_the_pain_klaus_gigga-1509-683x1024.jpg?strip=info&#038;w=1500&#038;ssl=1 1500w,https:\/\/i0.wp.com\/schrittmacherfestival.nl\/wp-content\/uploads\/2025\/12\/mdn_hype_the_pain_klaus_gigga-1509-683x1024.jpg?strip=info&#038;w=1707&#038;ssl=1 1707w\" alt=\"\" data-height=\"2560\" data-id=\"11951\" data-link=\"https:\/\/schrittmacherfestival.nl\/?attachment_id=11951\" data-url=\"https:\/\/schrittmacherfestival.nl\/wp-content\/uploads\/2025\/12\/mdn_hype_the_pain_klaus_gigga-1509-683x1024.jpg\" data-width=\"1707\" src=\"https:\/\/i0.wp.com\/schrittmacherfestival.nl\/wp-content\/uploads\/2025\/12\/mdn_hype_the_pain_klaus_gigga-1509-683x1024.jpg?ssl=1\" data-amp-layout=\"responsive\"\/><\/figure><\/div><\/div><div class=\"tiled-gallery__row\"><div class=\"tiled-gallery__col\" style=\"flex-basis:33.33333%\"><figure class=\"tiled-gallery__item\"><img decoding=\"async\" srcset=\"https:\/\/i0.wp.com\/schrittmacherfestival.nl\/wp-content\/uploads\/2025\/12\/mdn_hype_the_pain_klaus_gigga-1635-1024x683.jpg?strip=info&#038;w=600&#038;ssl=1 600w,https:\/\/i0.wp.com\/schrittmacherfestival.nl\/wp-content\/uploads\/2025\/12\/mdn_hype_the_pain_klaus_gigga-1635-1024x683.jpg?strip=info&#038;w=900&#038;ssl=1 900w,https:\/\/i0.wp.com\/schrittmacherfestival.nl\/wp-content\/uploads\/2025\/12\/mdn_hype_the_pain_klaus_gigga-1635-1024x683.jpg?strip=info&#038;w=1200&#038;ssl=1 1200w,https:\/\/i0.wp.com\/schrittmacherfestival.nl\/wp-content\/uploads\/2025\/12\/mdn_hype_the_pain_klaus_gigga-1635-1024x683.jpg?strip=info&#038;w=1500&#038;ssl=1 1500w,https:\/\/i0.wp.com\/schrittmacherfestival.nl\/wp-content\/uploads\/2025\/12\/mdn_hype_the_pain_klaus_gigga-1635-1024x683.jpg?strip=info&#038;w=1800&#038;ssl=1 1800w,https:\/\/i0.wp.com\/schrittmacherfestival.nl\/wp-content\/uploads\/2025\/12\/mdn_hype_the_pain_klaus_gigga-1635-1024x683.jpg?strip=info&#038;w=2000&#038;ssl=1 2000w\" alt=\"\" data-height=\"1707\" data-id=\"11953\" data-link=\"https:\/\/schrittmacherfestival.nl\/?attachment_id=11953\" data-url=\"https:\/\/schrittmacherfestival.nl\/wp-content\/uploads\/2025\/12\/mdn_hype_the_pain_klaus_gigga-1635-1024x683.jpg\" data-width=\"2560\" src=\"https:\/\/i0.wp.com\/schrittmacherfestival.nl\/wp-content\/uploads\/2025\/12\/mdn_hype_the_pain_klaus_gigga-1635-1024x683.jpg?ssl=1\" data-amp-layout=\"responsive\"\/><\/figure><\/div><div class=\"tiled-gallery__col\" style=\"flex-basis:33.33333%\"><figure class=\"tiled-gallery__item\"><img decoding=\"async\" srcset=\"https:\/\/i0.wp.com\/schrittmacherfestival.nl\/wp-content\/uploads\/2025\/12\/mdn_hype_the_pain_klaus_gigga-1805-1024x683.jpg?strip=info&#038;w=600&#038;ssl=1 600w,https:\/\/i0.wp.com\/schrittmacherfestival.nl\/wp-content\/uploads\/2025\/12\/mdn_hype_the_pain_klaus_gigga-1805-1024x683.jpg?strip=info&#038;w=900&#038;ssl=1 900w,https:\/\/i0.wp.com\/schrittmacherfestival.nl\/wp-content\/uploads\/2025\/12\/mdn_hype_the_pain_klaus_gigga-1805-1024x683.jpg?strip=info&#038;w=1200&#038;ssl=1 1200w,https:\/\/i0.wp.com\/schrittmacherfestival.nl\/wp-content\/uploads\/2025\/12\/mdn_hype_the_pain_klaus_gigga-1805-1024x683.jpg?strip=info&#038;w=1500&#038;ssl=1 1500w,https:\/\/i0.wp.com\/schrittmacherfestival.nl\/wp-content\/uploads\/2025\/12\/mdn_hype_the_pain_klaus_gigga-1805-1024x683.jpg?strip=info&#038;w=1800&#038;ssl=1 1800w,https:\/\/i0.wp.com\/schrittmacherfestival.nl\/wp-content\/uploads\/2025\/12\/mdn_hype_the_pain_klaus_gigga-1805-1024x683.jpg?strip=info&#038;w=2000&#038;ssl=1 2000w\" alt=\"\" data-height=\"1707\" data-id=\"11954\" data-link=\"https:\/\/schrittmacherfestival.nl\/?attachment_id=11954\" data-url=\"https:\/\/schrittmacherfestival.nl\/wp-content\/uploads\/2025\/12\/mdn_hype_the_pain_klaus_gigga-1805-1024x683.jpg\" data-width=\"2560\" src=\"https:\/\/i0.wp.com\/schrittmacherfestival.nl\/wp-content\/uploads\/2025\/12\/mdn_hype_the_pain_klaus_gigga-1805-1024x683.jpg?ssl=1\" data-amp-layout=\"responsive\"\/><\/figure><\/div><div class=\"tiled-gallery__col\" style=\"flex-basis:33.33333%\"><figure class=\"tiled-gallery__item\"><img decoding=\"async\" srcset=\"https:\/\/i0.wp.com\/schrittmacherfestival.nl\/wp-content\/uploads\/2025\/12\/mdn_hype_the_pain_klaus_gigga-1999-1024x683.jpg?strip=info&#038;w=600&#038;ssl=1 600w,https:\/\/i0.wp.com\/schrittmacherfestival.nl\/wp-content\/uploads\/2025\/12\/mdn_hype_the_pain_klaus_gigga-1999-1024x683.jpg?strip=info&#038;w=900&#038;ssl=1 900w,https:\/\/i0.wp.com\/schrittmacherfestival.nl\/wp-content\/uploads\/2025\/12\/mdn_hype_the_pain_klaus_gigga-1999-1024x683.jpg?strip=info&#038;w=1200&#038;ssl=1 1200w,https:\/\/i0.wp.com\/schrittmacherfestival.nl\/wp-content\/uploads\/2025\/12\/mdn_hype_the_pain_klaus_gigga-1999-1024x683.jpg?strip=info&#038;w=1500&#038;ssl=1 1500w,https:\/\/i0.wp.com\/schrittmacherfestival.nl\/wp-content\/uploads\/2025\/12\/mdn_hype_the_pain_klaus_gigga-1999-1024x683.jpg?strip=info&#038;w=1800&#038;ssl=1 1800w,https:\/\/i0.wp.com\/schrittmacherfestival.nl\/wp-content\/uploads\/2025\/12\/mdn_hype_the_pain_klaus_gigga-1999-1024x683.jpg?strip=info&#038;w=2000&#038;ssl=1 2000w\" alt=\"\" data-height=\"1707\" data-id=\"11955\" data-link=\"https:\/\/schrittmacherfestival.nl\/?attachment_id=11955\" data-url=\"https:\/\/schrittmacherfestival.nl\/wp-content\/uploads\/2025\/12\/mdn_hype_the_pain_klaus_gigga-1999-1024x683.jpg\" data-width=\"2560\" src=\"https:\/\/i0.wp.com\/schrittmacherfestival.nl\/wp-content\/uploads\/2025\/12\/mdn_hype_the_pain_klaus_gigga-1999-1024x683.jpg?ssl=1\" data-amp-layout=\"responsive\"\/><\/figure><\/div><\/div><\/div><\/div><\/div><br>\n\n<hr class=\"wp-block-separator has-css-opacity\"\/>\n","protected":false},"excerpt":{"rendered":"<p>Miller de\u2019 Nobili (DE) Ludwig Forum Aachen \/ MuldeSa 28.02.2026 + So 01.03.202620.00 Uhr24,00 \u20ac &#8211; 32,00 \u20ac Festivaler\u00f6ffnung Aachen Das schrit_tmacher Festival 2026 er\u00f6ffnet in Aachen mit der neuen Produktion \u201eHype the Pain\u201d der Kompanie Miller de\u2019 Nobili, Gewinner des Dresden City Arts Award 2025. \u201eHype the Pain\u201d &#8211; ein Raum, in dem Ironie zum Bew\u00e4ltigungsmechanismus wird, wo Fake [&hellip;]<\/p>\n","protected":false},"author":1,"featured_media":0,"parent":0,"menu_order":0,"comment_status":"closed","ping_status":"closed","template":"","meta":{"_acf_changed":false,"footnotes":""},"class_list":["post-11961","page","type-page","status-publish","hentry"],"aioseo_notices":[],"acf":[],"jetpack_sharing_enabled":true,"_links":{"self":[{"href":"https:\/\/schrittmacherfestival.nl\/de\/wp-json\/wp\/v2\/pages\/11961","targetHints":{"allow":["GET"]}}],"collection":[{"href":"https:\/\/schrittmacherfestival.nl\/de\/wp-json\/wp\/v2\/pages"}],"about":[{"href":"https:\/\/schrittmacherfestival.nl\/de\/wp-json\/wp\/v2\/types\/page"}],"author":[{"embeddable":true,"href":"https:\/\/schrittmacherfestival.nl\/de\/wp-json\/wp\/v2\/users\/1"}],"replies":[{"embeddable":true,"href":"https:\/\/schrittmacherfestival.nl\/de\/wp-json\/wp\/v2\/comments?post=11961"}],"version-history":[{"count":4,"href":"https:\/\/schrittmacherfestival.nl\/de\/wp-json\/wp\/v2\/pages\/11961\/revisions"}],"predecessor-version":[{"id":13328,"href":"https:\/\/schrittmacherfestival.nl\/de\/wp-json\/wp\/v2\/pages\/11961\/revisions\/13328"}],"wp:attachment":[{"href":"https:\/\/schrittmacherfestival.nl\/de\/wp-json\/wp\/v2\/media?parent=11961"}],"curies":[{"name":"wp","href":"https:\/\/api.w.org\/{rel}","templated":true}]}}