{"id":1200,"date":"2021-06-03T17:01:33","date_gmt":"2021-06-03T17:01:33","guid":{"rendered":"https:\/\/schrittmacherfestival.nl\/cinderella\/"},"modified":"2021-06-17T11:53:48","modified_gmt":"2021-06-17T11:53:48","slug":"cinderella","status":"publish","type":"page","link":"https:\/\/schrittmacherfestival.nl\/de\/cinderella\/","title":{"rendered":"Cinderella"},"content":{"rendered":"\n<h2 class=\"wp-block-heading\"><span style=\"color:#000000\" class=\"tadv-color\">De Stilte (NED) \/ <strong>5 Jahre<\/strong> +<\/span><\/h2>\n\n\n\n<p><strong><span style=\"background-color:#f5ec5a\" class=\"tadv-background-color\"><strong>THEATER HEERLEN \u2013 RABOzaal Toneel op toneel<\/strong><\/span><\/strong><br><strong><span style=\"background-color:#f5ec5a\" class=\"tadv-background-color\">So 27 JUN 2021 <\/span><\/strong><br><strong><span style=\"background-color:#f5ec5a\" class=\"tadv-background-color\">14.30 Uhr <\/span><\/strong><br><strong><span style=\"background-color:#f5ec5a\" class=\"tadv-background-color\">Von \u20ac11,-<\/span><\/strong><\/p>\n\n\n\n<figure class=\"wp-block-image alignwide size-large\"><img data-recalc-dims=\"1\" fetchpriority=\"high\" decoding=\"async\" width=\"640\" height=\"260\" src=\"https:\/\/i0.wp.com\/schrittmacherfestival.nl\/wp-content\/uploads\/2021\/06\/cinderella.png?resize=640%2C260&#038;ssl=1\" alt=\"\" class=\"wp-image-225\" srcset=\"https:\/\/i0.wp.com\/schrittmacherfestival.nl\/wp-content\/uploads\/2021\/06\/cinderella.png?resize=1024%2C416&amp;ssl=1 1024w, https:\/\/i0.wp.com\/schrittmacherfestival.nl\/wp-content\/uploads\/2021\/06\/cinderella.png?resize=300%2C122&amp;ssl=1 300w, https:\/\/i0.wp.com\/schrittmacherfestival.nl\/wp-content\/uploads\/2021\/06\/cinderella.png?resize=768%2C312&amp;ssl=1 768w, https:\/\/i0.wp.com\/schrittmacherfestival.nl\/wp-content\/uploads\/2021\/06\/cinderella.png?w=1230&amp;ssl=1 1230w\" sizes=\"(max-width: 640px) 100vw, 640px\" \/><\/figure>\n\n\n\n<hr class=\"wp-block-separator\"\/>\n\n\n\n<h2 class=\"wp-block-heading\" id=\"tw-target-text\"><span style=\"color:#000000\" class=\"tadv-color\">Etwas mit einem Schuh<\/span><\/h2>\n\n\n\n<p>Das Tanzensemble De Stilte bietet mit Cinderella eine originelle Bearbeitung des M\u00e4rchens von Charles Perrault. Mit Klaviermusik \u2013 einer Bearbeitung von Prokofjews Cinderella \u2013 die live vom Klavierduo Mephisto aufgef\u00fchrt wird. Wie eine begeisterte Choreografin sagt eine Schauspielerin, was auf der B\u00fchne geschehen soll und die Kinder sitzen auf der B\u00fchne in direkter N\u00e4he. \u201eStell das Klavier um! Nimm die gl\u00e4sernen Schuhe!\u201c Es werden Fragmente wiederholt und die Regisseurin zweifelt zunehmend am richtigen Ablauf. Sie kennt die Geschichte nicht mehr\u2026 Wer hilft ihr weiter?<\/p>\n\n\n\n<p id=\"tw-target-text\">Im Anschluss an die Vorstellung findet um 15.45 Uhr ein Workshop statt. Hier k\u00f6nnen Sie sich <a href=\"https:\/\/www.plt.nl\/programma\/workshop-generation2-5-10-jaar-de-stilte\/27-06-2021-15-45\" target=\"_blank\" rel=\"noreferrer noopener\">registrieren<\/a>.<\/p>\n\n\n\n<p>Dauer: ~ 55 min. ohne Pause<\/p>\n\n\n\n<hr class=\"wp-block-separator\"\/>\n\n\n\n<div class=\"wp-block-buttons is-content-justification-center is-layout-flex wp-block-buttons-is-layout-flex\">\n<div class=\"wp-block-button\"><a class=\"wp-block-button__link has-black-color has-text-color has-background\" href=\"https:\/\/www.plt.nl\/bestel\/6582\" style=\"background-color:#f5ec5a\" target=\"_blank\" rel=\"noreferrer noopener\"><strong>Tickets bestellen<\/strong><\/a><\/div>\n<\/div>\n\n\n\n<hr class=\"wp-block-separator aligncenter\"\/>\n\n\n\n<figure class=\"wp-block-embed aligncenter is-type-video is-provider-youtube wp-block-embed-youtube wp-embed-aspect-16-9 wp-has-aspect-ratio\"><div class=\"wp-block-embed__wrapper\">\n<iframe  id=\"_ytid_13184\"  width=\"640\" height=\"360\"  data-origwidth=\"640\" data-origheight=\"360\" src=\"https:\/\/www.youtube.com\/embed\/5FY2farxKN4?enablejsapi=1&#038;autoplay=0&#038;cc_load_policy=0&#038;cc_lang_pref=&#038;iv_load_policy=1&#038;loop=0&#038;rel=1&#038;fs=1&#038;playsinline=0&#038;autohide=2&#038;theme=dark&#038;color=red&#038;controls=1&#038;disablekb=0&#038;\" class=\"__youtube_prefs__  epyt-is-override  no-lazyload\" title=\"YouTube player\"  allow=\"fullscreen; accelerometer; autoplay; clipboard-write; encrypted-media; gyroscope; picture-in-picture; web-share\" referrerpolicy=\"strict-origin-when-cross-origin\" allowfullscreen data-no-lazy=\"1\" data-skipgform_ajax_framebjll=\"\"><\/iframe>\n<\/div><\/figure>\n\n\n\n<hr class=\"wp-block-separator\"\/>\n\n\n\n<figure class=\"wp-block-gallery aligncenter columns-3 is-cropped wp-block-gallery-1 is-layout-flex wp-block-gallery-is-layout-flex\"><ul class=\"blocks-gallery-grid\"><li class=\"blocks-gallery-item\"><figure><img data-recalc-dims=\"1\" decoding=\"async\" width=\"640\" height=\"448\" src=\"https:\/\/i0.wp.com\/schrittmacherfestival.nl\/wp-content\/uploads\/2021\/06\/img_4385_foto_hans_gerritsen.1280x1280.png?resize=640%2C448&#038;ssl=1\" alt=\"\" data-id=\"278\" data-full-url=\"https:\/\/schrittmacherfestival.nl\/wp-content\/uploads\/2021\/06\/img_4385_foto_hans_gerritsen.1280x1280.png\" data-link=\"https:\/\/schrittmacherfestival.nl\/cinderella\/img_4385_foto_hans_gerritsen-1280x1280\/\" class=\"wp-image-278\" srcset=\"https:\/\/i0.wp.com\/schrittmacherfestival.nl\/wp-content\/uploads\/2021\/06\/img_4385_foto_hans_gerritsen.1280x1280.png?resize=1024%2C717&amp;ssl=1 1024w, https:\/\/i0.wp.com\/schrittmacherfestival.nl\/wp-content\/uploads\/2021\/06\/img_4385_foto_hans_gerritsen.1280x1280.png?resize=300%2C210&amp;ssl=1 300w, https:\/\/i0.wp.com\/schrittmacherfestival.nl\/wp-content\/uploads\/2021\/06\/img_4385_foto_hans_gerritsen.1280x1280.png?resize=768%2C538&amp;ssl=1 768w, https:\/\/i0.wp.com\/schrittmacherfestival.nl\/wp-content\/uploads\/2021\/06\/img_4385_foto_hans_gerritsen.1280x1280.png?w=1280&amp;ssl=1 1280w\" sizes=\"(max-width: 640px) 100vw, 640px\" \/><\/figure><\/li><li class=\"blocks-gallery-item\"><figure><img data-recalc-dims=\"1\" decoding=\"async\" width=\"640\" height=\"444\" src=\"https:\/\/i0.wp.com\/schrittmacherfestival.nl\/wp-content\/uploads\/2021\/06\/img_4266_foto_hans_gerritsen.1280x1280.png?resize=640%2C444&#038;ssl=1\" alt=\"\" data-id=\"275\" data-full-url=\"https:\/\/schrittmacherfestival.nl\/wp-content\/uploads\/2021\/06\/img_4266_foto_hans_gerritsen.1280x1280.png\" data-link=\"https:\/\/schrittmacherfestival.nl\/cinderella\/img_4266_foto_hans_gerritsen-1280x1280\/\" class=\"wp-image-275\" srcset=\"https:\/\/i0.wp.com\/schrittmacherfestival.nl\/wp-content\/uploads\/2021\/06\/img_4266_foto_hans_gerritsen.1280x1280.png?resize=1024%2C711&amp;ssl=1 1024w, https:\/\/i0.wp.com\/schrittmacherfestival.nl\/wp-content\/uploads\/2021\/06\/img_4266_foto_hans_gerritsen.1280x1280.png?resize=300%2C208&amp;ssl=1 300w, https:\/\/i0.wp.com\/schrittmacherfestival.nl\/wp-content\/uploads\/2021\/06\/img_4266_foto_hans_gerritsen.1280x1280.png?resize=768%2C533&amp;ssl=1 768w, https:\/\/i0.wp.com\/schrittmacherfestival.nl\/wp-content\/uploads\/2021\/06\/img_4266_foto_hans_gerritsen.1280x1280.png?w=1280&amp;ssl=1 1280w\" sizes=\"(max-width: 640px) 100vw, 640px\" \/><\/figure><\/li><li class=\"blocks-gallery-item\"><figure><img data-recalc-dims=\"1\" loading=\"lazy\" decoding=\"async\" width=\"640\" height=\"451\" src=\"https:\/\/i0.wp.com\/schrittmacherfestival.nl\/wp-content\/uploads\/2021\/06\/9sep5363_foto_hans_gerritsen.1280x1280.png?resize=640%2C451&#038;ssl=1\" alt=\"\" data-id=\"274\" data-full-url=\"https:\/\/schrittmacherfestival.nl\/wp-content\/uploads\/2021\/06\/9sep5363_foto_hans_gerritsen.1280x1280.png\" data-link=\"https:\/\/schrittmacherfestival.nl\/cinderella\/9sep5363_foto_hans_gerritsen-1280x1280\/\" class=\"wp-image-274\" srcset=\"https:\/\/i0.wp.com\/schrittmacherfestival.nl\/wp-content\/uploads\/2021\/06\/9sep5363_foto_hans_gerritsen.1280x1280.png?resize=1024%2C722&amp;ssl=1 1024w, https:\/\/i0.wp.com\/schrittmacherfestival.nl\/wp-content\/uploads\/2021\/06\/9sep5363_foto_hans_gerritsen.1280x1280.png?resize=300%2C211&amp;ssl=1 300w, https:\/\/i0.wp.com\/schrittmacherfestival.nl\/wp-content\/uploads\/2021\/06\/9sep5363_foto_hans_gerritsen.1280x1280.png?resize=768%2C541&amp;ssl=1 768w, https:\/\/i0.wp.com\/schrittmacherfestival.nl\/wp-content\/uploads\/2021\/06\/9sep5363_foto_hans_gerritsen.1280x1280.png?w=1280&amp;ssl=1 1280w\" sizes=\"(max-width: 640px) 100vw, 640px\" \/><\/figure><\/li><li class=\"blocks-gallery-item\"><figure><img data-recalc-dims=\"1\" loading=\"lazy\" decoding=\"async\" width=\"640\" height=\"460\" src=\"https:\/\/i0.wp.com\/schrittmacherfestival.nl\/wp-content\/uploads\/2021\/06\/img_4386_foto_hans_gerritsen.1280x1280.png?resize=640%2C460&#038;ssl=1\" alt=\"\" data-id=\"276\" data-full-url=\"https:\/\/schrittmacherfestival.nl\/wp-content\/uploads\/2021\/06\/img_4386_foto_hans_gerritsen.1280x1280.png\" data-link=\"https:\/\/schrittmacherfestival.nl\/cinderella\/img_4386_foto_hans_gerritsen-1280x1280\/\" class=\"wp-image-276\" srcset=\"https:\/\/i0.wp.com\/schrittmacherfestival.nl\/wp-content\/uploads\/2021\/06\/img_4386_foto_hans_gerritsen.1280x1280.png?resize=1024%2C736&amp;ssl=1 1024w, https:\/\/i0.wp.com\/schrittmacherfestival.nl\/wp-content\/uploads\/2021\/06\/img_4386_foto_hans_gerritsen.1280x1280.png?resize=300%2C216&amp;ssl=1 300w, https:\/\/i0.wp.com\/schrittmacherfestival.nl\/wp-content\/uploads\/2021\/06\/img_4386_foto_hans_gerritsen.1280x1280.png?resize=768%2C552&amp;ssl=1 768w, https:\/\/i0.wp.com\/schrittmacherfestival.nl\/wp-content\/uploads\/2021\/06\/img_4386_foto_hans_gerritsen.1280x1280.png?w=1280&amp;ssl=1 1280w\" sizes=\"(max-width: 640px) 100vw, 640px\" \/><\/figure><\/li><li class=\"blocks-gallery-item\"><figure><img data-recalc-dims=\"1\" loading=\"lazy\" decoding=\"async\" width=\"640\" height=\"434\" src=\"https:\/\/i0.wp.com\/schrittmacherfestival.nl\/wp-content\/uploads\/2021\/06\/9sep5410_foto_hans_gerritsen.1280x1280.png?resize=640%2C434&#038;ssl=1\" alt=\"\" data-id=\"277\" data-full-url=\"https:\/\/schrittmacherfestival.nl\/wp-content\/uploads\/2021\/06\/9sep5410_foto_hans_gerritsen.1280x1280.png\" data-link=\"https:\/\/schrittmacherfestival.nl\/cinderella\/9sep5410_foto_hans_gerritsen-1280x1280\/\" class=\"wp-image-277\" srcset=\"https:\/\/i0.wp.com\/schrittmacherfestival.nl\/wp-content\/uploads\/2021\/06\/9sep5410_foto_hans_gerritsen.1280x1280.png?resize=1024%2C694&amp;ssl=1 1024w, https:\/\/i0.wp.com\/schrittmacherfestival.nl\/wp-content\/uploads\/2021\/06\/9sep5410_foto_hans_gerritsen.1280x1280.png?resize=300%2C203&amp;ssl=1 300w, https:\/\/i0.wp.com\/schrittmacherfestival.nl\/wp-content\/uploads\/2021\/06\/9sep5410_foto_hans_gerritsen.1280x1280.png?resize=768%2C521&amp;ssl=1 768w, https:\/\/i0.wp.com\/schrittmacherfestival.nl\/wp-content\/uploads\/2021\/06\/9sep5410_foto_hans_gerritsen.1280x1280.png?w=1280&amp;ssl=1 1280w\" sizes=\"(max-width: 640px) 100vw, 640px\" \/><\/figure><\/li><\/ul><\/figure>\n\n\n\n<hr class=\"wp-block-separator\"\/>\n\n\n\n<p><\/p>\n","protected":false},"excerpt":{"rendered":"<p>De Stilte (NED) \/ 5 Jahre + THEATER HEERLEN \u2013 RABOzaal Toneel op toneelSo 27 JUN 2021 14.30 Uhr Von \u20ac11,- Etwas mit einem Schuh Das Tanzensemble De Stilte bietet mit Cinderella eine originelle Bearbeitung des M\u00e4rchens von Charles Perrault. Mit Klaviermusik \u2013 einer Bearbeitung von Prokofjews Cinderella \u2013 die live vom Klavierduo Mephisto aufgef\u00fchrt wird. Wie eine begeisterte Choreografin [&hellip;]<\/p>\n","protected":false},"author":1,"featured_media":0,"parent":0,"menu_order":0,"comment_status":"closed","ping_status":"closed","template":"","meta":{"_acf_changed":false,"footnotes":""},"class_list":["post-1200","page","type-page","status-publish","hentry"],"aioseo_notices":[],"acf":[],"jetpack_sharing_enabled":true,"_links":{"self":[{"href":"https:\/\/schrittmacherfestival.nl\/de\/wp-json\/wp\/v2\/pages\/1200","targetHints":{"allow":["GET"]}}],"collection":[{"href":"https:\/\/schrittmacherfestival.nl\/de\/wp-json\/wp\/v2\/pages"}],"about":[{"href":"https:\/\/schrittmacherfestival.nl\/de\/wp-json\/wp\/v2\/types\/page"}],"author":[{"embeddable":true,"href":"https:\/\/schrittmacherfestival.nl\/de\/wp-json\/wp\/v2\/users\/1"}],"replies":[{"embeddable":true,"href":"https:\/\/schrittmacherfestival.nl\/de\/wp-json\/wp\/v2\/comments?post=1200"}],"version-history":[{"count":4,"href":"https:\/\/schrittmacherfestival.nl\/de\/wp-json\/wp\/v2\/pages\/1200\/revisions"}],"predecessor-version":[{"id":1325,"href":"https:\/\/schrittmacherfestival.nl\/de\/wp-json\/wp\/v2\/pages\/1200\/revisions\/1325"}],"wp:attachment":[{"href":"https:\/\/schrittmacherfestival.nl\/de\/wp-json\/wp\/v2\/media?parent=1200"}],"curies":[{"name":"wp","href":"https:\/\/api.w.org\/{rel}","templated":true}]}}