{"id":12146,"date":"2025-12-08T14:23:11","date_gmt":"2025-12-08T14:23:11","guid":{"rendered":"https:\/\/schrittmacherfestival.nl\/vortex\/"},"modified":"2025-12-18T11:31:38","modified_gmt":"2025-12-18T11:31:38","slug":"vortex","status":"publish","type":"page","link":"https:\/\/schrittmacherfestival.nl\/de\/vortex\/","title":{"rendered":"VORTEX"},"content":{"rendered":"\n<h1 class=\"wp-block-heading has-black-color has-text-color\" id=\"hofesh-shechter-company-gbr\"><strong>Humanhood Dance Company <\/strong>(GB\/ES)<\/h1>\n\n<p><strong>Theater Aachen<\/strong><br\/><strong><strong><strong>Fr 20.03.2026 + Sa 21.03.2026<\/strong><\/strong><\/strong><br\/><strong>20.00 Uhr<\/strong><br\/><strong>24,00 \u20ac &#8211; 41,00 \u20ac<\/strong><\/p>\n\n<figure class=\"wp-block-image alignwide size-full\"><img data-recalc-dims=\"1\" fetchpriority=\"high\" decoding=\"async\" width=\"640\" height=\"267\" src=\"https:\/\/i0.wp.com\/schrittmacherfestival.nl\/wp-content\/uploads\/2025\/12\/Thomas.Vilhelm_VORTEX4-scaled-e1765201890333.jpg?resize=640%2C267&#038;ssl=1\" alt=\"\" class=\"wp-image-12106\" srcset=\"https:\/\/i0.wp.com\/schrittmacherfestival.nl\/wp-content\/uploads\/2025\/12\/Thomas.Vilhelm_VORTEX4-scaled-e1765201890333.jpg?w=1200&amp;ssl=1 1200w, https:\/\/i0.wp.com\/schrittmacherfestival.nl\/wp-content\/uploads\/2025\/12\/Thomas.Vilhelm_VORTEX4-scaled-e1765201890333.jpg?resize=300%2C125&amp;ssl=1 300w, https:\/\/i0.wp.com\/schrittmacherfestival.nl\/wp-content\/uploads\/2025\/12\/Thomas.Vilhelm_VORTEX4-scaled-e1765201890333.jpg?resize=1024%2C427&amp;ssl=1 1024w, https:\/\/i0.wp.com\/schrittmacherfestival.nl\/wp-content\/uploads\/2025\/12\/Thomas.Vilhelm_VORTEX4-scaled-e1765201890333.jpg?resize=768%2C320&amp;ssl=1 768w, https:\/\/i0.wp.com\/schrittmacherfestival.nl\/wp-content\/uploads\/2025\/12\/Thomas.Vilhelm_VORTEX4-scaled-e1765201890333.jpg?resize=31%2C13&amp;ssl=1 31w\" sizes=\"(max-width: 640px) 100vw, 640px\" \/><\/figure>\n\n<hr class=\"wp-block-separator has-css-opacity\"\/>\n\n<p>\u201eVORTEX\u201d ist die neue Tanzproduktion von Julia Robert &amp; Rudi Cole, deren St\u00fccke bereits auf der Biennale von Venedig, dem Festival Grec Barcelona, bei Sadler\u2019s Wells London, SIDance Seoul, CINARS Kanada und dem Loja International Festival in Ecuador gezeigt wurden. Ihre kraftvolle Neuproduktion zeigt, wie wir Menschen tiefe Reserven an unerschlossener Widerstandsf\u00e4higkeit in uns selbst aktivieren k\u00f6nnen, um uns in jedem scheinbaren Chaos anzupassen, zu verwandeln und weiterzuentwickeln. Die  Grenzen zwischen K\u00f6rper und Energie l\u00f6sen sich auf und kanalisieren die zyklischen Kr\u00e4fte, die unsere Existenz pr\u00e4gen.<\/p>\n\n<p>Duration:<em> <\/em>~ 60 min. no interval<\/p>\n\n<p><strong>Fr 20.03.2026 + Sa 21.03.2026<br\/><\/strong>19:00,\u00a0Introduction [DE]<\/p>\n\n<p><strong>Fr 20.03.2026 + Sa 21.03.2026<br\/><\/strong>21:15, Aftertalk [DE\/EN]<br\/>Free<\/p>\n\n<p><strong>Sa 21.03.2026<br\/><\/strong>15:00, Rotunde Elisenbrunnen<br\/><a href=\"https:\/\/schrittmacherfestival.nl\/de\/open-air-dance-workshops\/\" title=\"\">Open Air dance workshop<\/a><br\/>Free<\/p>\n\n<p><strong>So 22.03.2026<br\/><\/strong>11:00 &#8211; 17:00, VHS Aachen<br\/><a href=\"https:\/\/schrittmacherfestival.nl\/de\/dance-workshops\/\" title=\"\">Dance workshop (semi)professionals<\/a><br\/>59,00 \u20ac<\/p>\n\n<hr class=\"wp-block-separator has-css-opacity\"\/>\n\n<div class=\"wp-block-buttons is-horizontal is-content-justification-center is-layout-flex wp-container-core-buttons-is-layout-499968f5 wp-block-buttons-is-layout-flex\">\n<div class=\"wp-block-button\"><a class=\"wp-block-button__link has-white-color has-black-background-color has-text-color has-background wp-element-button\" href=\"https:\/\/bestellen.plt.nl\/bestel\/13834\" target=\"_blank\" rel=\"noreferrer noopener\"><strong>Tickets Fr 20.03 | 20.00 Uhr<\/strong><\/a><\/div>\n\n\n\n<div class=\"wp-block-button\"><a class=\"wp-block-button__link has-white-color has-black-background-color has-text-color has-background wp-element-button\" href=\"https:\/\/bestellen.plt.nl\/bestel\/13835\" target=\"_blank\" rel=\"noreferrer noopener\"><strong>Tickets Sa 21.03 | 20.00 Uhr<\/strong><\/a><\/div>\n<\/div>\n\n<hr class=\"wp-block-separator has-css-opacity\"\/>\n\n<figure class=\"wp-block-embed is-type-video is-provider-youtube wp-block-embed-youtube wp-embed-aspect-16-9 wp-has-aspect-ratio\"><div class=\"wp-block-embed__wrapper\">\r\n<iframe  id=\"_ytid_48544\"  width=\"640\" height=\"360\"  data-origwidth=\"640\" data-origheight=\"360\" src=\"https:\/\/www.youtube.com\/embed\/Yioy-pN6E9I?enablejsapi=1&#038;list=RDYioy-pN6E9I&#038;autoplay=0&#038;cc_load_policy=0&#038;cc_lang_pref=&#038;iv_load_policy=1&#038;loop=0&#038;rel=1&#038;fs=1&#038;playsinline=0&#038;autohide=2&#038;theme=dark&#038;color=red&#038;controls=1&#038;disablekb=0&#038;\" class=\"__youtube_prefs__  epyt-is-override  no-lazyload\" title=\"YouTube player\"  allow=\"fullscreen; accelerometer; autoplay; clipboard-write; encrypted-media; gyroscope; picture-in-picture; web-share\" referrerpolicy=\"strict-origin-when-cross-origin\" allowfullscreen data-no-lazy=\"1\" data-skipgform_ajax_framebjll=\"\"><\/iframe>\n<\/div><\/figure><br>\n\n<hr class=\"wp-block-separator has-css-opacity\"\/>\n\n<div class=\"wp-block-jetpack-tiled-gallery aligncenter is-style-rectangular\"><div class=\"\"><div class=\"tiled-gallery__gallery\"><div class=\"tiled-gallery__row\"><div class=\"tiled-gallery__col\" style=\"flex-basis:67.88821%\"><figure class=\"tiled-gallery__item\"><img decoding=\"async\" srcset=\"https:\/\/i0.wp.com\/schrittmacherfestival.nl\/wp-content\/uploads\/2025\/12\/Anna-Fabrega_Vortex_076-1-1024x681.jpg?strip=info&#038;w=600&#038;ssl=1 600w,https:\/\/i0.wp.com\/schrittmacherfestival.nl\/wp-content\/uploads\/2025\/12\/Anna-Fabrega_Vortex_076-1-1024x681.jpg?strip=info&#038;w=900&#038;ssl=1 900w,https:\/\/i0.wp.com\/schrittmacherfestival.nl\/wp-content\/uploads\/2025\/12\/Anna-Fabrega_Vortex_076-1-1024x681.jpg?strip=info&#038;w=1200&#038;ssl=1 1200w,https:\/\/i0.wp.com\/schrittmacherfestival.nl\/wp-content\/uploads\/2025\/12\/Anna-Fabrega_Vortex_076-1-1024x681.jpg?strip=info&#038;w=1500&#038;ssl=1 1500w,https:\/\/i0.wp.com\/schrittmacherfestival.nl\/wp-content\/uploads\/2025\/12\/Anna-Fabrega_Vortex_076-1-1024x681.jpg?strip=info&#038;w=1800&#038;ssl=1 1800w,https:\/\/i0.wp.com\/schrittmacherfestival.nl\/wp-content\/uploads\/2025\/12\/Anna-Fabrega_Vortex_076-1-1024x681.jpg?strip=info&#038;w=2000&#038;ssl=1 2000w\" alt=\"\" data-height=\"1703\" data-id=\"12137\" data-link=\"https:\/\/schrittmacherfestival.nl\/vortex\/anna-fabrega_vortex_076-2\/\" data-url=\"https:\/\/schrittmacherfestival.nl\/wp-content\/uploads\/2025\/12\/Anna-Fabrega_Vortex_076-1-1024x681.jpg\" data-width=\"2560\" src=\"https:\/\/i0.wp.com\/schrittmacherfestival.nl\/wp-content\/uploads\/2025\/12\/Anna-Fabrega_Vortex_076-1-1024x681.jpg?ssl=1\" data-amp-layout=\"responsive\"\/><\/figure><\/div><div class=\"tiled-gallery__col\" style=\"flex-basis:32.11179%\"><figure class=\"tiled-gallery__item\"><img decoding=\"async\" srcset=\"https:\/\/i0.wp.com\/schrittmacherfestival.nl\/wp-content\/uploads\/2025\/12\/Von-Fox-Productions-1-1-727x1024.jpg?strip=info&#038;w=600&#038;ssl=1 600w,https:\/\/i0.wp.com\/schrittmacherfestival.nl\/wp-content\/uploads\/2025\/12\/Von-Fox-Productions-1-1-727x1024.jpg?strip=info&#038;w=900&#038;ssl=1 900w,https:\/\/i0.wp.com\/schrittmacherfestival.nl\/wp-content\/uploads\/2025\/12\/Von-Fox-Productions-1-1-727x1024.jpg?strip=info&#038;w=1200&#038;ssl=1 1200w,https:\/\/i0.wp.com\/schrittmacherfestival.nl\/wp-content\/uploads\/2025\/12\/Von-Fox-Productions-1-1-727x1024.jpg?strip=info&#038;w=1453&#038;ssl=1 1453w\" alt=\"\" data-height=\"2048\" data-id=\"12134\" data-link=\"https:\/\/schrittmacherfestival.nl\/vortex\/von-fox-productions-1-2\/\" data-url=\"https:\/\/schrittmacherfestival.nl\/wp-content\/uploads\/2025\/12\/Von-Fox-Productions-1-1-727x1024.jpg\" data-width=\"1453\" src=\"https:\/\/i0.wp.com\/schrittmacherfestival.nl\/wp-content\/uploads\/2025\/12\/Von-Fox-Productions-1-1-727x1024.jpg?ssl=1\" data-amp-layout=\"responsive\"\/><\/figure><\/div><\/div><div class=\"tiled-gallery__row\"><div class=\"tiled-gallery__col\" style=\"flex-basis:58.45652%\"><figure class=\"tiled-gallery__item\"><img decoding=\"async\" srcset=\"https:\/\/i0.wp.com\/schrittmacherfestival.nl\/wp-content\/uploads\/2025\/12\/Von-Fox-Productions-3-1-712x1024.jpg?strip=info&#038;w=600&#038;ssl=1 600w,https:\/\/i0.wp.com\/schrittmacherfestival.nl\/wp-content\/uploads\/2025\/12\/Von-Fox-Productions-3-1-712x1024.jpg?strip=info&#038;w=900&#038;ssl=1 900w,https:\/\/i0.wp.com\/schrittmacherfestival.nl\/wp-content\/uploads\/2025\/12\/Von-Fox-Productions-3-1-712x1024.jpg?strip=info&#038;w=1200&#038;ssl=1 1200w,https:\/\/i0.wp.com\/schrittmacherfestival.nl\/wp-content\/uploads\/2025\/12\/Von-Fox-Productions-3-1-712x1024.jpg?strip=info&#038;w=1424&#038;ssl=1 1424w\" alt=\"\" data-height=\"2048\" data-id=\"12135\" data-link=\"https:\/\/schrittmacherfestival.nl\/vortex\/von-fox-productions-3-2\/\" data-url=\"https:\/\/schrittmacherfestival.nl\/wp-content\/uploads\/2025\/12\/Von-Fox-Productions-3-1-712x1024.jpg\" data-width=\"1424\" src=\"https:\/\/i0.wp.com\/schrittmacherfestival.nl\/wp-content\/uploads\/2025\/12\/Von-Fox-Productions-3-1-712x1024.jpg?ssl=1\" data-amp-layout=\"responsive\"\/><\/figure><\/div><div class=\"tiled-gallery__col\" style=\"flex-basis:41.54348%\"><figure class=\"tiled-gallery__item\"><img decoding=\"async\" srcset=\"https:\/\/i0.wp.com\/schrittmacherfestival.nl\/wp-content\/uploads\/2025\/12\/Thomas.Vilhelm_VORTEX1-1-1024x651.jpg?strip=info&#038;w=600&#038;ssl=1 600w,https:\/\/i0.wp.com\/schrittmacherfestival.nl\/wp-content\/uploads\/2025\/12\/Thomas.Vilhelm_VORTEX1-1-1024x651.jpg?strip=info&#038;w=900&#038;ssl=1 900w,https:\/\/i0.wp.com\/schrittmacherfestival.nl\/wp-content\/uploads\/2025\/12\/Thomas.Vilhelm_VORTEX1-1-1024x651.jpg?strip=info&#038;w=1200&#038;ssl=1 1200w,https:\/\/i0.wp.com\/schrittmacherfestival.nl\/wp-content\/uploads\/2025\/12\/Thomas.Vilhelm_VORTEX1-1-1024x651.jpg?strip=info&#038;w=1500&#038;ssl=1 1500w,https:\/\/i0.wp.com\/schrittmacherfestival.nl\/wp-content\/uploads\/2025\/12\/Thomas.Vilhelm_VORTEX1-1-1024x651.jpg?strip=info&#038;w=1800&#038;ssl=1 1800w,https:\/\/i0.wp.com\/schrittmacherfestival.nl\/wp-content\/uploads\/2025\/12\/Thomas.Vilhelm_VORTEX1-1-1024x651.jpg?strip=info&#038;w=2000&#038;ssl=1 2000w\" alt=\"\" data-height=\"1628\" data-id=\"12138\" data-link=\"https:\/\/schrittmacherfestival.nl\/vortex\/thomas-vilhelm_vortex1-2\/\" data-url=\"https:\/\/schrittmacherfestival.nl\/wp-content\/uploads\/2025\/12\/Thomas.Vilhelm_VORTEX1-1-1024x651.jpg\" data-width=\"2560\" src=\"https:\/\/i0.wp.com\/schrittmacherfestival.nl\/wp-content\/uploads\/2025\/12\/Thomas.Vilhelm_VORTEX1-1-1024x651.jpg?ssl=1\" data-amp-layout=\"responsive\"\/><\/figure><figure class=\"tiled-gallery__item\"><img decoding=\"async\" srcset=\"https:\/\/i0.wp.com\/schrittmacherfestival.nl\/wp-content\/uploads\/2025\/12\/Raul.Sasan_VORTEX3-1-1024x720.jpg?strip=info&#038;w=600&#038;ssl=1 600w,https:\/\/i0.wp.com\/schrittmacherfestival.nl\/wp-content\/uploads\/2025\/12\/Raul.Sasan_VORTEX3-1-1024x720.jpg?strip=info&#038;w=900&#038;ssl=1 900w,https:\/\/i0.wp.com\/schrittmacherfestival.nl\/wp-content\/uploads\/2025\/12\/Raul.Sasan_VORTEX3-1-1024x720.jpg?strip=info&#038;w=1200&#038;ssl=1 1200w,https:\/\/i0.wp.com\/schrittmacherfestival.nl\/wp-content\/uploads\/2025\/12\/Raul.Sasan_VORTEX3-1-1024x720.jpg?strip=info&#038;w=1500&#038;ssl=1 1500w,https:\/\/i0.wp.com\/schrittmacherfestival.nl\/wp-content\/uploads\/2025\/12\/Raul.Sasan_VORTEX3-1-1024x720.jpg?strip=info&#038;w=1800&#038;ssl=1 1800w,https:\/\/i0.wp.com\/schrittmacherfestival.nl\/wp-content\/uploads\/2025\/12\/Raul.Sasan_VORTEX3-1-1024x720.jpg?strip=info&#038;w=2000&#038;ssl=1 2000w\" alt=\"\" data-height=\"1800\" data-id=\"12136\" data-link=\"https:\/\/schrittmacherfestival.nl\/vortex\/raul-sasan_vortex3-2\/\" data-url=\"https:\/\/schrittmacherfestival.nl\/wp-content\/uploads\/2025\/12\/Raul.Sasan_VORTEX3-1-1024x720.jpg\" data-width=\"2560\" src=\"https:\/\/i0.wp.com\/schrittmacherfestival.nl\/wp-content\/uploads\/2025\/12\/Raul.Sasan_VORTEX3-1-1024x720.jpg?ssl=1\" data-amp-layout=\"responsive\"\/><\/figure><figure class=\"tiled-gallery__item\"><img decoding=\"async\" srcset=\"https:\/\/i0.wp.com\/schrittmacherfestival.nl\/wp-content\/uploads\/2025\/12\/Raul.Sasan_VORTEX2-1-1024x683.jpg?strip=info&#038;w=600&#038;ssl=1 600w,https:\/\/i0.wp.com\/schrittmacherfestival.nl\/wp-content\/uploads\/2025\/12\/Raul.Sasan_VORTEX2-1-1024x683.jpg?strip=info&#038;w=900&#038;ssl=1 900w,https:\/\/i0.wp.com\/schrittmacherfestival.nl\/wp-content\/uploads\/2025\/12\/Raul.Sasan_VORTEX2-1-1024x683.jpg?strip=info&#038;w=1200&#038;ssl=1 1200w,https:\/\/i0.wp.com\/schrittmacherfestival.nl\/wp-content\/uploads\/2025\/12\/Raul.Sasan_VORTEX2-1-1024x683.jpg?strip=info&#038;w=1500&#038;ssl=1 1500w,https:\/\/i0.wp.com\/schrittmacherfestival.nl\/wp-content\/uploads\/2025\/12\/Raul.Sasan_VORTEX2-1-1024x683.jpg?strip=info&#038;w=1800&#038;ssl=1 1800w,https:\/\/i0.wp.com\/schrittmacherfestival.nl\/wp-content\/uploads\/2025\/12\/Raul.Sasan_VORTEX2-1-1024x683.jpg?strip=info&#038;w=2000&#038;ssl=1 2000w\" alt=\"\" data-height=\"1706\" data-id=\"12140\" data-link=\"https:\/\/schrittmacherfestival.nl\/vortex\/raul-sasan_vortex2-2\/\" data-url=\"https:\/\/schrittmacherfestival.nl\/wp-content\/uploads\/2025\/12\/Raul.Sasan_VORTEX2-1-1024x683.jpg\" data-width=\"2560\" src=\"https:\/\/i0.wp.com\/schrittmacherfestival.nl\/wp-content\/uploads\/2025\/12\/Raul.Sasan_VORTEX2-1-1024x683.jpg?ssl=1\" data-amp-layout=\"responsive\"\/><\/figure><\/div><\/div><div class=\"tiled-gallery__row\"><div class=\"tiled-gallery__col\" style=\"flex-basis:100.00000%\"><figure class=\"tiled-gallery__item\"><img decoding=\"async\" srcset=\"https:\/\/i0.wp.com\/schrittmacherfestival.nl\/wp-content\/uploads\/2025\/12\/Raul.Sasan_VORTE9-1-1024x683.jpg?strip=info&#038;w=600&#038;ssl=1 600w,https:\/\/i0.wp.com\/schrittmacherfestival.nl\/wp-content\/uploads\/2025\/12\/Raul.Sasan_VORTE9-1-1024x683.jpg?strip=info&#038;w=900&#038;ssl=1 900w,https:\/\/i0.wp.com\/schrittmacherfestival.nl\/wp-content\/uploads\/2025\/12\/Raul.Sasan_VORTE9-1-1024x683.jpg?strip=info&#038;w=1200&#038;ssl=1 1200w,https:\/\/i0.wp.com\/schrittmacherfestival.nl\/wp-content\/uploads\/2025\/12\/Raul.Sasan_VORTE9-1-1024x683.jpg?strip=info&#038;w=1500&#038;ssl=1 1500w,https:\/\/i0.wp.com\/schrittmacherfestival.nl\/wp-content\/uploads\/2025\/12\/Raul.Sasan_VORTE9-1-1024x683.jpg?strip=info&#038;w=1800&#038;ssl=1 1800w,https:\/\/i0.wp.com\/schrittmacherfestival.nl\/wp-content\/uploads\/2025\/12\/Raul.Sasan_VORTE9-1-1024x683.jpg?strip=info&#038;w=2000&#038;ssl=1 2000w\" alt=\"\" data-height=\"1706\" data-id=\"12139\" data-link=\"https:\/\/schrittmacherfestival.nl\/vortex\/raul-sasan_vorte9-2\/\" data-url=\"https:\/\/schrittmacherfestival.nl\/wp-content\/uploads\/2025\/12\/Raul.Sasan_VORTE9-1-1024x683.jpg\" data-width=\"2560\" src=\"https:\/\/i0.wp.com\/schrittmacherfestival.nl\/wp-content\/uploads\/2025\/12\/Raul.Sasan_VORTE9-1-1024x683.jpg?ssl=1\" data-amp-layout=\"responsive\"\/><\/figure><\/div><\/div><\/div><\/div><\/div><br>\n\n<hr class=\"wp-block-separator has-css-opacity\"\/>\n","protected":false},"excerpt":{"rendered":"<p>Humanhood Dance Company (GB\/ES) Theater AachenFr 20.03.2026 + Sa 21.03.202620.00 Uhr24,00 \u20ac &#8211; 41,00 \u20ac \u201eVORTEX\u201d ist die neue Tanzproduktion von Julia Robert &amp; Rudi Cole, deren St\u00fccke bereits auf der Biennale von Venedig, dem Festival Grec Barcelona, bei Sadler\u2019s Wells London, SIDance Seoul, CINARS Kanada und dem Loja International Festival in Ecuador gezeigt wurden. Ihre kraftvolle Neuproduktion zeigt, wie [&hellip;]<\/p>\n","protected":false},"author":1,"featured_media":0,"parent":0,"menu_order":0,"comment_status":"closed","ping_status":"closed","template":"","meta":{"_acf_changed":false,"footnotes":""},"class_list":["post-12146","page","type-page","status-publish","hentry"],"aioseo_notices":[],"acf":[],"jetpack_sharing_enabled":true,"_links":{"self":[{"href":"https:\/\/schrittmacherfestival.nl\/de\/wp-json\/wp\/v2\/pages\/12146","targetHints":{"allow":["GET"]}}],"collection":[{"href":"https:\/\/schrittmacherfestival.nl\/de\/wp-json\/wp\/v2\/pages"}],"about":[{"href":"https:\/\/schrittmacherfestival.nl\/de\/wp-json\/wp\/v2\/types\/page"}],"author":[{"embeddable":true,"href":"https:\/\/schrittmacherfestival.nl\/de\/wp-json\/wp\/v2\/users\/1"}],"replies":[{"embeddable":true,"href":"https:\/\/schrittmacherfestival.nl\/de\/wp-json\/wp\/v2\/comments?post=12146"}],"version-history":[{"count":4,"href":"https:\/\/schrittmacherfestival.nl\/de\/wp-json\/wp\/v2\/pages\/12146\/revisions"}],"predecessor-version":[{"id":13343,"href":"https:\/\/schrittmacherfestival.nl\/de\/wp-json\/wp\/v2\/pages\/12146\/revisions\/13343"}],"wp:attachment":[{"href":"https:\/\/schrittmacherfestival.nl\/de\/wp-json\/wp\/v2\/media?parent=12146"}],"curies":[{"name":"wp","href":"https:\/\/api.w.org\/{rel}","templated":true}]}}