{"id":12173,"date":"2025-12-08T14:49:22","date_gmt":"2025-12-08T14:49:22","guid":{"rendered":"https:\/\/schrittmacherfestival.nl\/rhino\/"},"modified":"2026-01-12T11:47:25","modified_gmt":"2026-01-12T11:47:25","slug":"rhino","status":"publish","type":"page","link":"https:\/\/schrittmacherfestival.nl\/de\/rhino\/","title":{"rendered":"Rhino"},"content":{"rendered":"\n<h1 class=\"wp-block-heading has-black-color has-text-color\" id=\"hofesh-shechter-company-gbr\"><strong>Out Innerspace Dance Theatre<\/strong> (CA)<\/h1>\n\n<p><strong>Theater Aachen<\/strong><br\/><strong><strong><strong>Fr 27.03.2026 + Sa 28.03.2026<\/strong><\/strong><\/strong><br\/><strong>20.00 Uhr<\/strong><br\/><strong>24,00 \u20ac &#8211; 41,00 \u20ac<\/strong><\/p>\n\n<figure class=\"wp-block-image alignwide size-full\"><img data-recalc-dims=\"1\" fetchpriority=\"high\" decoding=\"async\" width=\"640\" height=\"267\" src=\"https:\/\/i0.wp.com\/schrittmacherfestival.nl\/wp-content\/uploads\/2025\/12\/Rhino-by-Out-Innerspace-Photo-of-Aiden-Cass-Jade-Chong-Tiffany-Tregarthen-by-Mark-Kelly-DIGITALMAIN-e1765204802859.png?resize=640%2C267&#038;ssl=1\" alt=\"\" class=\"wp-image-12167\" srcset=\"https:\/\/i0.wp.com\/schrittmacherfestival.nl\/wp-content\/uploads\/2025\/12\/Rhino-by-Out-Innerspace-Photo-of-Aiden-Cass-Jade-Chong-Tiffany-Tregarthen-by-Mark-Kelly-DIGITALMAIN-e1765204802859.png?w=1200&amp;ssl=1 1200w, https:\/\/i0.wp.com\/schrittmacherfestival.nl\/wp-content\/uploads\/2025\/12\/Rhino-by-Out-Innerspace-Photo-of-Aiden-Cass-Jade-Chong-Tiffany-Tregarthen-by-Mark-Kelly-DIGITALMAIN-e1765204802859.png?resize=300%2C125&amp;ssl=1 300w, https:\/\/i0.wp.com\/schrittmacherfestival.nl\/wp-content\/uploads\/2025\/12\/Rhino-by-Out-Innerspace-Photo-of-Aiden-Cass-Jade-Chong-Tiffany-Tregarthen-by-Mark-Kelly-DIGITALMAIN-e1765204802859.png?resize=1024%2C427&amp;ssl=1 1024w, https:\/\/i0.wp.com\/schrittmacherfestival.nl\/wp-content\/uploads\/2025\/12\/Rhino-by-Out-Innerspace-Photo-of-Aiden-Cass-Jade-Chong-Tiffany-Tregarthen-by-Mark-Kelly-DIGITALMAIN-e1765204802859.png?resize=768%2C320&amp;ssl=1 768w, https:\/\/i0.wp.com\/schrittmacherfestival.nl\/wp-content\/uploads\/2025\/12\/Rhino-by-Out-Innerspace-Photo-of-Aiden-Cass-Jade-Chong-Tiffany-Tregarthen-by-Mark-Kelly-DIGITALMAIN-e1765204802859.png?resize=31%2C13&amp;ssl=1 31w\" sizes=\"(max-width: 640px) 100vw, 640px\" \/><\/figure>\n\n<hr class=\"wp-block-separator has-css-opacity\"\/>\n\n<h2 class=\"wp-block-heading\"><strong>DE Premiere<\/strong><\/h2>\n\n<p>\u201eRhino\u201c zeigt eine ungew\u00f6hnliche Konstellation von Charakteren, jenseits ihrer Bl\u00fctezeit, die sich fragen, ob ihre besten Tage hinter ihnen liegen. Eine Gratwanderung zwischen Kom\u00f6die und Trag\u00f6die mit Blick auf das, was f\u00fcr das Bestehen im Laufe der Zeit und das drohende Aussterben unserer Tr\u00e4ume wesentlich ist. Das von Tiffany Tregarthen und David Raymond gegr\u00fcndete Out Innerspace, ausgezeichnet als Associate Artist of Agora de la Danse und stark gepr\u00e4gt durch die langj\u00e4hrige Zusammenarbeit mit der Ausnahmechoreografin Crystal Pite (Kidd Pivot), geh\u00f6rt zu den besten und innovativsten Tanzkompanien Kanadas.<\/p>\n\n<p>Duration: ~ 60 min. no interval<\/p>\n\n<p><strong>Fr 27.03.2026 + Sa 28.03.2026<br\/><\/strong>19:00,\u00a0Introduction [DE]<br\/>Free<\/p>\n\n<p><strong>Fr 27.03.2026 + Sa 28.03.2026<br\/><\/strong>21:15, Aftertalk [DE\/EN]<br\/>Free<\/p>\n\n<p><strong>Sa 28.03.2026<\/strong><br\/>11:00 &#8211; 13.00, Theater Aachen, Main Stage<strong><br\/><\/strong><a href=\"https:\/\/schrittmacherfestival.nl\/de\/dance-workshops\/\" title=\"\">Dance workshop \u201cObject and Physical Theatre\u201d<\/a><br\/><em>Open level, no experience necessary<\/em><br\/>28,00 \u20ac<\/p>\n\n<p><strong>Sa 28.03.2026<\/strong><br\/>Spiegelfoyer<br\/><a href=\"https:\/\/schrittmacherfestival.nl\/de\/schrit_tmacher-party\/\" title=\"\">schrit_tmacher Party<\/a><br\/>Free<\/p>\n\n<hr class=\"wp-block-separator has-css-opacity\"\/>\n\n<div class=\"wp-block-buttons is-horizontal is-content-justification-center is-layout-flex wp-container-core-buttons-is-layout-499968f5 wp-block-buttons-is-layout-flex\">\n<div class=\"wp-block-button\"><a class=\"wp-block-button__link has-white-color has-black-background-color has-text-color has-background wp-element-button\" href=\"https:\/\/bestellen.plt.nl\/bestel\/13836\" target=\"_blank\" rel=\"noreferrer noopener\"><strong>Tickets Fr 27.03 | 20.00 Uhr<\/strong><\/a><\/div>\n\n\n\n<div class=\"wp-block-button\"><a class=\"wp-block-button__link has-white-color has-black-background-color has-text-color has-background wp-element-button\" href=\"https:\/\/bestellen.plt.nl\/bestel\/13837\" target=\"_blank\" rel=\"noreferrer noopener\"><strong>Tickets Sa 28.03 | 20.00 Uhr<\/strong><\/a><\/div>\n<\/div>\n\n<hr class=\"wp-block-separator has-css-opacity\"\/>\n\n<figure class=\"wp-block-embed is-type-video is-provider-youtube wp-block-embed-youtube wp-embed-aspect-16-9 wp-has-aspect-ratio\"><div class=\"wp-block-embed__wrapper\">\r\n<iframe  id=\"_ytid_39930\"  width=\"640\" height=\"360\"  data-origwidth=\"640\" data-origheight=\"360\" src=\"https:\/\/www.youtube.com\/embed\/v_SksZHHkN4?enablejsapi=1&#038;autoplay=0&#038;cc_load_policy=0&#038;cc_lang_pref=&#038;iv_load_policy=1&#038;loop=0&#038;rel=1&#038;fs=1&#038;playsinline=0&#038;autohide=2&#038;theme=dark&#038;color=red&#038;controls=1&#038;disablekb=0&#038;\" class=\"__youtube_prefs__  epyt-is-override  no-lazyload\" title=\"YouTube player\"  allow=\"fullscreen; accelerometer; autoplay; clipboard-write; encrypted-media; gyroscope; picture-in-picture; web-share\" referrerpolicy=\"strict-origin-when-cross-origin\" allowfullscreen data-no-lazy=\"1\" data-skipgform_ajax_framebjll=\"\"><\/iframe>\n<\/div><\/figure><br>\n\n<hr class=\"wp-block-separator has-css-opacity\"\/>\n\n<div class=\"wp-block-jetpack-tiled-gallery aligncenter is-style-rectangular\"><div class=\"\"><div class=\"tiled-gallery__gallery\"><div class=\"tiled-gallery__row\"><div class=\"tiled-gallery__col\" style=\"flex-basis:47.63277%\"><figure class=\"tiled-gallery__item\"><img decoding=\"async\" srcset=\"https:\/\/i0.wp.com\/schrittmacherfestival.nl\/wp-content\/uploads\/2025\/12\/Rhino-by-Out-Innerspace-Photo-of-Jade-Chong-by-Mark-Kelly-DIGITAL--683x1024.png?strip=info&#038;w=600&#038;ssl=1 600w,https:\/\/i0.wp.com\/schrittmacherfestival.nl\/wp-content\/uploads\/2025\/12\/Rhino-by-Out-Innerspace-Photo-of-Jade-Chong-by-Mark-Kelly-DIGITAL--683x1024.png?strip=info&#038;w=900&#038;ssl=1 900w,https:\/\/i0.wp.com\/schrittmacherfestival.nl\/wp-content\/uploads\/2025\/12\/Rhino-by-Out-Innerspace-Photo-of-Jade-Chong-by-Mark-Kelly-DIGITAL--683x1024.png?strip=info&#038;w=1200&#038;ssl=1 1200w\" alt=\"\" data-height=\"1800\" data-id=\"12183\" data-link=\"https:\/\/schrittmacherfestival.nl\/rhino\/rhino-by-out-innerspace-photo-of-jade-chong-by-mark-kelly-digital\/\" data-url=\"https:\/\/schrittmacherfestival.nl\/wp-content\/uploads\/2025\/12\/Rhino-by-Out-Innerspace-Photo-of-Jade-Chong-by-Mark-Kelly-DIGITAL--683x1024.png\" data-width=\"1200\" src=\"https:\/\/i0.wp.com\/schrittmacherfestival.nl\/wp-content\/uploads\/2025\/12\/Rhino-by-Out-Innerspace-Photo-of-Jade-Chong-by-Mark-Kelly-DIGITAL--683x1024.png?ssl=1\" data-amp-layout=\"responsive\"\/><\/figure><\/div><div class=\"tiled-gallery__col\" style=\"flex-basis:52.36723%\"><figure class=\"tiled-gallery__item\"><img decoding=\"async\" srcset=\"https:\/\/i0.wp.com\/schrittmacherfestival.nl\/wp-content\/uploads\/2025\/12\/Rhino-by-Out-Innerspace-Photo-of-David-Raymond-by-Mark-Kelly-DIGITAL-2.png?strip=info&#038;w=600 600w,https:\/\/i0.wp.com\/schrittmacherfestival.nl\/wp-content\/uploads\/2025\/12\/Rhino-by-Out-Innerspace-Photo-of-David-Raymond-by-Mark-Kelly-DIGITAL-2.png?strip=info&#038;w=900 900w,https:\/\/i0.wp.com\/schrittmacherfestival.nl\/wp-content\/uploads\/2025\/12\/Rhino-by-Out-Innerspace-Photo-of-David-Raymond-by-Mark-Kelly-DIGITAL-2.png?strip=info&#038;w=1200 1200w\" alt=\"\" data-height=\"1637\" data-id=\"12182\" data-link=\"https:\/\/schrittmacherfestival.nl\/rhino\/rhino-by-out-innerspace-photo-of-david-raymond-by-mark-kelly-digital\/\" data-url=\"https:\/\/i0.wp.com\/schrittmacherfestival.nl\/wp-content\/uploads\/2025\/12\/Rhino-by-Out-Innerspace-Photo-of-David-Raymond-by-Mark-Kelly-DIGITAL-2.png?fit=640%2C873&amp;ssl=1\" data-width=\"1200\" src=\"https:\/\/i0.wp.com\/schrittmacherfestival.nl\/wp-content\/uploads\/2025\/12\/Rhino-by-Out-Innerspace-Photo-of-David-Raymond-by-Mark-Kelly-DIGITAL-2.png\" data-amp-layout=\"responsive\"\/><\/figure><\/div><\/div><div class=\"tiled-gallery__row\"><div class=\"tiled-gallery__col\" style=\"flex-basis:43.06086%\"><figure class=\"tiled-gallery__item\"><img decoding=\"async\" srcset=\"https:\/\/i0.wp.com\/schrittmacherfestival.nl\/wp-content\/uploads\/2025\/12\/Rhino-by-Out-Innerspace-Photo-of-David-Harvey-by-Mark-Kelly-2-DIGITAL-1024x683.png?strip=info&#038;w=600&#038;ssl=1 600w,https:\/\/i0.wp.com\/schrittmacherfestival.nl\/wp-content\/uploads\/2025\/12\/Rhino-by-Out-Innerspace-Photo-of-David-Harvey-by-Mark-Kelly-2-DIGITAL-1024x683.png?strip=info&#038;w=900&#038;ssl=1 900w,https:\/\/i0.wp.com\/schrittmacherfestival.nl\/wp-content\/uploads\/2025\/12\/Rhino-by-Out-Innerspace-Photo-of-David-Harvey-by-Mark-Kelly-2-DIGITAL-1024x683.png?strip=info&#038;w=1200&#038;ssl=1 1200w\" alt=\"\" data-height=\"800\" data-id=\"12179\" data-link=\"https:\/\/schrittmacherfestival.nl\/rhino\/rhino-by-out-innerspace-photo-of-david-harvey-by-mark-kelly-2-digital\/\" data-url=\"https:\/\/schrittmacherfestival.nl\/wp-content\/uploads\/2025\/12\/Rhino-by-Out-Innerspace-Photo-of-David-Harvey-by-Mark-Kelly-2-DIGITAL-1024x683.png\" data-width=\"1200\" src=\"https:\/\/i0.wp.com\/schrittmacherfestival.nl\/wp-content\/uploads\/2025\/12\/Rhino-by-Out-Innerspace-Photo-of-David-Harvey-by-Mark-Kelly-2-DIGITAL-1024x683.png?ssl=1\" data-amp-layout=\"responsive\"\/><\/figure><figure class=\"tiled-gallery__item\"><img decoding=\"async\" srcset=\"https:\/\/i0.wp.com\/schrittmacherfestival.nl\/wp-content\/uploads\/2025\/12\/Rhino-by-Out-Innerspace-Photo-of-Adam-Khazhmuradov-by-Mark-Kelly-2-DIGITAL-1024x674.png?strip=info&#038;w=600&#038;ssl=1 600w,https:\/\/i0.wp.com\/schrittmacherfestival.nl\/wp-content\/uploads\/2025\/12\/Rhino-by-Out-Innerspace-Photo-of-Adam-Khazhmuradov-by-Mark-Kelly-2-DIGITAL-1024x674.png?strip=info&#038;w=900&#038;ssl=1 900w,https:\/\/i0.wp.com\/schrittmacherfestival.nl\/wp-content\/uploads\/2025\/12\/Rhino-by-Out-Innerspace-Photo-of-Adam-Khazhmuradov-by-Mark-Kelly-2-DIGITAL-1024x674.png?strip=info&#038;w=1200&#038;ssl=1 1200w\" alt=\"\" data-height=\"790\" data-id=\"12180\" data-link=\"https:\/\/schrittmacherfestival.nl\/rhino\/rhino-by-out-innerspace-photo-of-adam-khazhmuradov-by-mark-kelly-2-digital\/\" data-url=\"https:\/\/schrittmacherfestival.nl\/wp-content\/uploads\/2025\/12\/Rhino-by-Out-Innerspace-Photo-of-Adam-Khazhmuradov-by-Mark-Kelly-2-DIGITAL-1024x674.png\" data-width=\"1200\" src=\"https:\/\/i0.wp.com\/schrittmacherfestival.nl\/wp-content\/uploads\/2025\/12\/Rhino-by-Out-Innerspace-Photo-of-Adam-Khazhmuradov-by-Mark-Kelly-2-DIGITAL-1024x674.png?ssl=1\" data-amp-layout=\"responsive\"\/><\/figure><figure class=\"tiled-gallery__item\"><img decoding=\"async\" srcset=\"https:\/\/i0.wp.com\/schrittmacherfestival.nl\/wp-content\/uploads\/2025\/12\/Rhino-by-Out-Innerspace-Photo-of-Adam-Khazhmuradov-by-Mark-Kelly-1-DIGITAL-1024x655.png?strip=info&#038;w=600&#038;ssl=1 600w,https:\/\/i0.wp.com\/schrittmacherfestival.nl\/wp-content\/uploads\/2025\/12\/Rhino-by-Out-Innerspace-Photo-of-Adam-Khazhmuradov-by-Mark-Kelly-1-DIGITAL-1024x655.png?strip=info&#038;w=900&#038;ssl=1 900w,https:\/\/i0.wp.com\/schrittmacherfestival.nl\/wp-content\/uploads\/2025\/12\/Rhino-by-Out-Innerspace-Photo-of-Adam-Khazhmuradov-by-Mark-Kelly-1-DIGITAL-1024x655.png?strip=info&#038;w=1200&#038;ssl=1 1200w\" alt=\"\" data-height=\"768\" data-id=\"12181\" data-link=\"https:\/\/schrittmacherfestival.nl\/rhino\/rhino-by-out-innerspace-photo-of-adam-khazhmuradov-by-mark-kelly-1-digital\/\" data-url=\"https:\/\/schrittmacherfestival.nl\/wp-content\/uploads\/2025\/12\/Rhino-by-Out-Innerspace-Photo-of-Adam-Khazhmuradov-by-Mark-Kelly-1-DIGITAL-1024x655.png\" data-width=\"1200\" src=\"https:\/\/i0.wp.com\/schrittmacherfestival.nl\/wp-content\/uploads\/2025\/12\/Rhino-by-Out-Innerspace-Photo-of-Adam-Khazhmuradov-by-Mark-Kelly-1-DIGITAL-1024x655.png?ssl=1\" data-amp-layout=\"responsive\"\/><\/figure><\/div><div class=\"tiled-gallery__col\" style=\"flex-basis:56.93914%\"><figure class=\"tiled-gallery__item\"><img decoding=\"async\" srcset=\"https:\/\/i0.wp.com\/schrittmacherfestival.nl\/wp-content\/uploads\/2025\/12\/Rhino-by-Out-Innerspace-Photo-by-Mark-Kelly-Video-Design-by-Eric-Chad-DIGITAL-683x1024.png?strip=info&#038;w=600&#038;ssl=1 600w,https:\/\/i0.wp.com\/schrittmacherfestival.nl\/wp-content\/uploads\/2025\/12\/Rhino-by-Out-Innerspace-Photo-by-Mark-Kelly-Video-Design-by-Eric-Chad-DIGITAL-683x1024.png?strip=info&#038;w=900&#038;ssl=1 900w,https:\/\/i0.wp.com\/schrittmacherfestival.nl\/wp-content\/uploads\/2025\/12\/Rhino-by-Out-Innerspace-Photo-by-Mark-Kelly-Video-Design-by-Eric-Chad-DIGITAL-683x1024.png?strip=info&#038;w=1200&#038;ssl=1 1200w\" alt=\"\" data-height=\"1800\" data-id=\"12184\" data-link=\"https:\/\/schrittmacherfestival.nl\/rhino\/rhino-by-out-innerspace-photo-by-mark-kelly-video-design-by-eric-chad-digital\/\" data-url=\"https:\/\/schrittmacherfestival.nl\/wp-content\/uploads\/2025\/12\/Rhino-by-Out-Innerspace-Photo-by-Mark-Kelly-Video-Design-by-Eric-Chad-DIGITAL-683x1024.png\" data-width=\"1200\" src=\"https:\/\/i0.wp.com\/schrittmacherfestival.nl\/wp-content\/uploads\/2025\/12\/Rhino-by-Out-Innerspace-Photo-by-Mark-Kelly-Video-Design-by-Eric-Chad-DIGITAL-683x1024.png?ssl=1\" data-amp-layout=\"responsive\"\/><\/figure><\/div><\/div><div class=\"tiled-gallery__row\"><div class=\"tiled-gallery__col\" style=\"flex-basis:35.31479%\"><figure class=\"tiled-gallery__item\"><img decoding=\"async\" srcset=\"https:\/\/i0.wp.com\/schrittmacherfestival.nl\/wp-content\/uploads\/2025\/12\/Rhino-by-Out-Innerspace-Photo-by-Mark-Kelly-DIGITAL-837x1024.png?strip=info&#038;w=600&#038;ssl=1 600w,https:\/\/i0.wp.com\/schrittmacherfestival.nl\/wp-content\/uploads\/2025\/12\/Rhino-by-Out-Innerspace-Photo-by-Mark-Kelly-DIGITAL-837x1024.png?strip=info&#038;w=900&#038;ssl=1 900w,https:\/\/i0.wp.com\/schrittmacherfestival.nl\/wp-content\/uploads\/2025\/12\/Rhino-by-Out-Innerspace-Photo-by-Mark-Kelly-DIGITAL-837x1024.png?strip=info&#038;w=1200&#038;ssl=1 1200w\" alt=\"\" data-height=\"1468\" data-id=\"12185\" data-link=\"https:\/\/schrittmacherfestival.nl\/rhino\/rhino-by-out-innerspace-photo-by-mark-kelly-digital\/\" data-url=\"https:\/\/schrittmacherfestival.nl\/wp-content\/uploads\/2025\/12\/Rhino-by-Out-Innerspace-Photo-by-Mark-Kelly-DIGITAL-837x1024.png\" data-width=\"1200\" src=\"https:\/\/i0.wp.com\/schrittmacherfestival.nl\/wp-content\/uploads\/2025\/12\/Rhino-by-Out-Innerspace-Photo-by-Mark-Kelly-DIGITAL-837x1024.png?ssl=1\" data-amp-layout=\"responsive\"\/><\/figure><\/div><div class=\"tiled-gallery__col\" style=\"flex-basis:64.68521%\"><figure class=\"tiled-gallery__item\"><img decoding=\"async\" srcset=\"https:\/\/i0.wp.com\/schrittmacherfestival.nl\/wp-content\/uploads\/2025\/12\/Rhino-by-Out-Innerspace-Photo-of-Aiden-Cass-Jade-Chong-Tiffany-Tregarthen-by-Mark-Kelly-DIGITALMAIN-1-1024x683.png?strip=info&#038;w=600&#038;ssl=1 600w,https:\/\/i0.wp.com\/schrittmacherfestival.nl\/wp-content\/uploads\/2025\/12\/Rhino-by-Out-Innerspace-Photo-of-Aiden-Cass-Jade-Chong-Tiffany-Tregarthen-by-Mark-Kelly-DIGITALMAIN-1-1024x683.png?strip=info&#038;w=900&#038;ssl=1 900w,https:\/\/i0.wp.com\/schrittmacherfestival.nl\/wp-content\/uploads\/2025\/12\/Rhino-by-Out-Innerspace-Photo-of-Aiden-Cass-Jade-Chong-Tiffany-Tregarthen-by-Mark-Kelly-DIGITALMAIN-1-1024x683.png?strip=info&#038;w=1200&#038;ssl=1 1200w\" alt=\"\" data-height=\"800\" data-id=\"12186\" data-link=\"https:\/\/schrittmacherfestival.nl\/rhino\/rhino-by-out-innerspace-photo-of-aiden-cass-jade-chong-tiffany-tregarthen-by-mark-kelly-digitalmain-2\/\" data-url=\"https:\/\/schrittmacherfestival.nl\/wp-content\/uploads\/2025\/12\/Rhino-by-Out-Innerspace-Photo-of-Aiden-Cass-Jade-Chong-Tiffany-Tregarthen-by-Mark-Kelly-DIGITALMAIN-1-1024x683.png\" data-width=\"1200\" src=\"https:\/\/i0.wp.com\/schrittmacherfestival.nl\/wp-content\/uploads\/2025\/12\/Rhino-by-Out-Innerspace-Photo-of-Aiden-Cass-Jade-Chong-Tiffany-Tregarthen-by-Mark-Kelly-DIGITALMAIN-1-1024x683.png?ssl=1\" data-amp-layout=\"responsive\"\/><\/figure><\/div><\/div><\/div><\/div><\/div><br>\n\n<hr class=\"wp-block-separator has-css-opacity\"\/>\n","protected":false},"excerpt":{"rendered":"<p>Out Innerspace Dance Theatre (CA) Theater AachenFr 27.03.2026 + Sa 28.03.202620.00 Uhr24,00 \u20ac &#8211; 41,00 \u20ac DE Premiere \u201eRhino\u201c zeigt eine ungew\u00f6hnliche Konstellation von Charakteren, jenseits ihrer Bl\u00fctezeit, die sich fragen, ob ihre besten Tage hinter ihnen liegen. Eine Gratwanderung zwischen Kom\u00f6die und Trag\u00f6die mit Blick auf das, was f\u00fcr das Bestehen im Laufe der Zeit und das drohende Aussterben [&hellip;]<\/p>\n","protected":false},"author":1,"featured_media":0,"parent":0,"menu_order":0,"comment_status":"closed","ping_status":"closed","template":"","meta":{"_acf_changed":false,"footnotes":""},"class_list":["post-12173","page","type-page","status-publish","hentry"],"aioseo_notices":[],"acf":[],"jetpack_sharing_enabled":true,"_links":{"self":[{"href":"https:\/\/schrittmacherfestival.nl\/de\/wp-json\/wp\/v2\/pages\/12173","targetHints":{"allow":["GET"]}}],"collection":[{"href":"https:\/\/schrittmacherfestival.nl\/de\/wp-json\/wp\/v2\/pages"}],"about":[{"href":"https:\/\/schrittmacherfestival.nl\/de\/wp-json\/wp\/v2\/types\/page"}],"author":[{"embeddable":true,"href":"https:\/\/schrittmacherfestival.nl\/de\/wp-json\/wp\/v2\/users\/1"}],"replies":[{"embeddable":true,"href":"https:\/\/schrittmacherfestival.nl\/de\/wp-json\/wp\/v2\/comments?post=12173"}],"version-history":[{"count":8,"href":"https:\/\/schrittmacherfestival.nl\/de\/wp-json\/wp\/v2\/pages\/12173\/revisions"}],"predecessor-version":[{"id":13503,"href":"https:\/\/schrittmacherfestival.nl\/de\/wp-json\/wp\/v2\/pages\/12173\/revisions\/13503"}],"wp:attachment":[{"href":"https:\/\/schrittmacherfestival.nl\/de\/wp-json\/wp\/v2\/media?parent=12173"}],"curies":[{"name":"wp","href":"https:\/\/api.w.org\/{rel}","templated":true}]}}