{"id":12209,"date":"2025-12-09T09:07:37","date_gmt":"2025-12-09T09:07:37","guid":{"rendered":"https:\/\/schrittmacherfestival.nl\/female-edition\/"},"modified":"2025-12-18T11:36:37","modified_gmt":"2025-12-18T11:36:37","slug":"female-edition","status":"publish","type":"page","link":"https:\/\/schrittmacherfestival.nl\/de\/female-edition\/","title":{"rendered":"FEMALE* Edition"},"content":{"rendered":"\n<h1 class=\"wp-block-heading has-black-color has-text-color\" id=\"hofesh-shechter-company-gbr\"><strong>Exhibition Battle<\/strong><\/h1>\n\n<p><strong>Ludwig Forum Aachen \/ Mulde<\/strong><br\/><strong><strong>Sa 07.03.2026<\/strong><\/strong><br\/><strong>19.00 Uhr<br\/>10,00 \u20ac &#8211; 18,00 \u20ac \/ Family &amp; Friends (4 Pers.): 36,00 \u20ac &#8211; 44,00 \u20ac<\/strong><\/p>\n\n<figure class=\"wp-block-image alignwide size-large\"><img data-recalc-dims=\"1\" fetchpriority=\"high\" decoding=\"async\" width=\"640\" height=\"267\" src=\"https:\/\/i0.wp.com\/schrittmacherfestival.nl\/wp-content\/uploads\/2025\/12\/ExhibitionBattle_c_Mato_Schaefer_02-scaled-e1765270024933-1024x427.jpg?resize=640%2C267&#038;ssl=1\" alt=\"\" class=\"wp-image-12199\" srcset=\"https:\/\/i0.wp.com\/schrittmacherfestival.nl\/wp-content\/uploads\/2025\/12\/ExhibitionBattle_c_Mato_Schaefer_02-scaled-e1765270024933.jpg?resize=1024%2C427&amp;ssl=1 1024w, https:\/\/i0.wp.com\/schrittmacherfestival.nl\/wp-content\/uploads\/2025\/12\/ExhibitionBattle_c_Mato_Schaefer_02-scaled-e1765270024933.jpg?resize=300%2C125&amp;ssl=1 300w, https:\/\/i0.wp.com\/schrittmacherfestival.nl\/wp-content\/uploads\/2025\/12\/ExhibitionBattle_c_Mato_Schaefer_02-scaled-e1765270024933.jpg?resize=768%2C320&amp;ssl=1 768w, https:\/\/i0.wp.com\/schrittmacherfestival.nl\/wp-content\/uploads\/2025\/12\/ExhibitionBattle_c_Mato_Schaefer_02-scaled-e1765270024933.jpg?resize=31%2C13&amp;ssl=1 31w, https:\/\/i0.wp.com\/schrittmacherfestival.nl\/wp-content\/uploads\/2025\/12\/ExhibitionBattle_c_Mato_Schaefer_02-scaled-e1765270024933.jpg?w=1200&amp;ssl=1 1200w\" sizes=\"(max-width: 640px) 100vw, 640px\" \/><\/figure>\n\n<hr class=\"wp-block-separator has-css-opacity\"\/>\n\n<p>Dieses Jahr startet das Exhibition Battle erstmals in einer Female* Edition! Zwei Teams, acht starke Frauen* mit unterschiedlichen, urbanen Tanzstilen, zeigen in drei Kategorien spontan, was sie drauf haben \u2013 gemeinsam und gegeneinander. Dabei geht\u2019s nicht nur ums Gewinnen, sondern um Support, Empowerment und Sichtbarkeit f\u00fcr T\u00e4nzer*innen. Am Ende z\u00e4hlt die Energie im Raum \u2013 das Publikum entscheidet live, wer die Crowd am meisten begeistert!<\/p>\n\n<p>Duration: ~ 120 min. incl. interval<\/p>\n\n<p><strong>Sa 07.03.2026<\/strong><br\/>18:00, space<br\/>Introduction [DE]<br\/>Free<\/p>\n\n<hr class=\"wp-block-separator has-css-opacity\"\/>\n\n<div class=\"wp-block-buttons is-horizontal is-content-justification-center is-layout-flex wp-container-core-buttons-is-layout-499968f5 wp-block-buttons-is-layout-flex\">\n<div class=\"wp-block-button\"><a class=\"wp-block-button__link has-white-color has-black-background-color has-text-color has-background wp-element-button\" href=\"https:\/\/bestellen.plt.nl\/bestel\/13767\" target=\"_blank\" rel=\"noreferrer noopener\"><strong>Tickets Sa 07.03 | 19.00 Uhr<\/strong><\/a><\/div>\n<\/div>\n\n<hr class=\"wp-block-separator has-css-opacity\"\/>\n\n<figure class=\"wp-block-gallery has-nested-images columns-default is-cropped wp-block-gallery-1 is-layout-flex wp-block-gallery-is-layout-flex\">\n<figure class=\"wp-block-image size-large\"><img data-recalc-dims=\"1\" decoding=\"async\" width=\"640\" height=\"427\" data-id=\"12205\" src=\"https:\/\/i0.wp.com\/schrittmacherfestival.nl\/wp-content\/uploads\/2025\/12\/ExhibitionBattle_c_Mato_Schaefer_01.jpg?resize=640%2C427&#038;ssl=1\" alt=\"\" class=\"wp-image-12205\" srcset=\"https:\/\/i0.wp.com\/schrittmacherfestival.nl\/wp-content\/uploads\/2025\/12\/ExhibitionBattle_c_Mato_Schaefer_01-scaled.jpg?resize=1024%2C683&amp;ssl=1 1024w, https:\/\/i0.wp.com\/schrittmacherfestival.nl\/wp-content\/uploads\/2025\/12\/ExhibitionBattle_c_Mato_Schaefer_01-scaled.jpg?resize=300%2C200&amp;ssl=1 300w, https:\/\/i0.wp.com\/schrittmacherfestival.nl\/wp-content\/uploads\/2025\/12\/ExhibitionBattle_c_Mato_Schaefer_01-scaled.jpg?resize=768%2C512&amp;ssl=1 768w, https:\/\/i0.wp.com\/schrittmacherfestival.nl\/wp-content\/uploads\/2025\/12\/ExhibitionBattle_c_Mato_Schaefer_01-scaled.jpg?resize=1536%2C1024&amp;ssl=1 1536w, https:\/\/i0.wp.com\/schrittmacherfestival.nl\/wp-content\/uploads\/2025\/12\/ExhibitionBattle_c_Mato_Schaefer_01-scaled.jpg?resize=2048%2C1365&amp;ssl=1 2048w, https:\/\/i0.wp.com\/schrittmacherfestival.nl\/wp-content\/uploads\/2025\/12\/ExhibitionBattle_c_Mato_Schaefer_01-scaled.jpg?resize=600%2C400&amp;ssl=1 600w, https:\/\/i0.wp.com\/schrittmacherfestival.nl\/wp-content\/uploads\/2025\/12\/ExhibitionBattle_c_Mato_Schaefer_01-scaled.jpg?resize=31%2C21&amp;ssl=1 31w, https:\/\/i0.wp.com\/schrittmacherfestival.nl\/wp-content\/uploads\/2025\/12\/ExhibitionBattle_c_Mato_Schaefer_01-scaled.jpg?w=1280&amp;ssl=1 1280w, https:\/\/i0.wp.com\/schrittmacherfestival.nl\/wp-content\/uploads\/2025\/12\/ExhibitionBattle_c_Mato_Schaefer_01-scaled.jpg?w=1920&amp;ssl=1 1920w\" sizes=\"(max-width: 640px) 100vw, 640px\" \/><\/figure>\n\n\n\n<figure class=\"wp-block-image size-large\"><img data-recalc-dims=\"1\" decoding=\"async\" width=\"640\" height=\"427\" data-id=\"12206\" src=\"https:\/\/i0.wp.com\/schrittmacherfestival.nl\/wp-content\/uploads\/2025\/12\/ExhibitionBattle_c_Mato_Schaefer_02-1.jpg?resize=640%2C427&#038;ssl=1\" alt=\"\" class=\"wp-image-12206\" srcset=\"https:\/\/i0.wp.com\/schrittmacherfestival.nl\/wp-content\/uploads\/2025\/12\/ExhibitionBattle_c_Mato_Schaefer_02-1-scaled.jpg?resize=1024%2C683&amp;ssl=1 1024w, https:\/\/i0.wp.com\/schrittmacherfestival.nl\/wp-content\/uploads\/2025\/12\/ExhibitionBattle_c_Mato_Schaefer_02-1-scaled.jpg?resize=300%2C200&amp;ssl=1 300w, https:\/\/i0.wp.com\/schrittmacherfestival.nl\/wp-content\/uploads\/2025\/12\/ExhibitionBattle_c_Mato_Schaefer_02-1-scaled.jpg?resize=768%2C512&amp;ssl=1 768w, https:\/\/i0.wp.com\/schrittmacherfestival.nl\/wp-content\/uploads\/2025\/12\/ExhibitionBattle_c_Mato_Schaefer_02-1-scaled.jpg?resize=1536%2C1024&amp;ssl=1 1536w, https:\/\/i0.wp.com\/schrittmacherfestival.nl\/wp-content\/uploads\/2025\/12\/ExhibitionBattle_c_Mato_Schaefer_02-1-scaled.jpg?resize=2048%2C1365&amp;ssl=1 2048w, https:\/\/i0.wp.com\/schrittmacherfestival.nl\/wp-content\/uploads\/2025\/12\/ExhibitionBattle_c_Mato_Schaefer_02-1-scaled.jpg?resize=600%2C400&amp;ssl=1 600w, https:\/\/i0.wp.com\/schrittmacherfestival.nl\/wp-content\/uploads\/2025\/12\/ExhibitionBattle_c_Mato_Schaefer_02-1-scaled.jpg?resize=31%2C21&amp;ssl=1 31w, https:\/\/i0.wp.com\/schrittmacherfestival.nl\/wp-content\/uploads\/2025\/12\/ExhibitionBattle_c_Mato_Schaefer_02-1-scaled.jpg?w=1280&amp;ssl=1 1280w, https:\/\/i0.wp.com\/schrittmacherfestival.nl\/wp-content\/uploads\/2025\/12\/ExhibitionBattle_c_Mato_Schaefer_02-1-scaled.jpg?w=1920&amp;ssl=1 1920w\" sizes=\"(max-width: 640px) 100vw, 640px\" \/><\/figure>\n<\/figure>\n\n<hr class=\"wp-block-separator has-css-opacity\"\/>\n","protected":false},"excerpt":{"rendered":"<p>Exhibition Battle Ludwig Forum Aachen \/ MuldeSa 07.03.202619.00 Uhr10,00 \u20ac &#8211; 18,00 \u20ac \/ Family &amp; Friends (4 Pers.): 36,00 \u20ac &#8211; 44,00 \u20ac Dieses Jahr startet das Exhibition Battle erstmals in einer Female* Edition! Zwei Teams, acht starke Frauen* mit unterschiedlichen, urbanen Tanzstilen, zeigen in drei Kategorien spontan, was sie drauf haben \u2013 gemeinsam und gegeneinander. Dabei geht\u2019s nicht [&hellip;]<\/p>\n","protected":false},"author":1,"featured_media":0,"parent":0,"menu_order":0,"comment_status":"closed","ping_status":"closed","template":"","meta":{"_acf_changed":false,"footnotes":""},"class_list":["post-12209","page","type-page","status-publish","hentry"],"aioseo_notices":[],"acf":[],"jetpack_sharing_enabled":true,"_links":{"self":[{"href":"https:\/\/schrittmacherfestival.nl\/de\/wp-json\/wp\/v2\/pages\/12209","targetHints":{"allow":["GET"]}}],"collection":[{"href":"https:\/\/schrittmacherfestival.nl\/de\/wp-json\/wp\/v2\/pages"}],"about":[{"href":"https:\/\/schrittmacherfestival.nl\/de\/wp-json\/wp\/v2\/types\/page"}],"author":[{"embeddable":true,"href":"https:\/\/schrittmacherfestival.nl\/de\/wp-json\/wp\/v2\/users\/1"}],"replies":[{"embeddable":true,"href":"https:\/\/schrittmacherfestival.nl\/de\/wp-json\/wp\/v2\/comments?post=12209"}],"version-history":[{"count":5,"href":"https:\/\/schrittmacherfestival.nl\/de\/wp-json\/wp\/v2\/pages\/12209\/revisions"}],"predecessor-version":[{"id":13347,"href":"https:\/\/schrittmacherfestival.nl\/de\/wp-json\/wp\/v2\/pages\/12209\/revisions\/13347"}],"wp:attachment":[{"href":"https:\/\/schrittmacherfestival.nl\/de\/wp-json\/wp\/v2\/media?parent=12209"}],"curies":[{"name":"wp","href":"https:\/\/api.w.org\/{rel}","templated":true}]}}