{"id":12245,"date":"2025-12-09T10:01:51","date_gmt":"2025-12-09T10:01:51","guid":{"rendered":"https:\/\/schrittmacherfestival.nl\/vaeter-12\/"},"modified":"2025-12-18T11:38:16","modified_gmt":"2025-12-18T11:38:16","slug":"vaeter-12","status":"publish","type":"page","link":"https:\/\/schrittmacherfestival.nl\/de\/vaeter-12\/","title":{"rendered":"V\u00c4TER (12+)"},"content":{"rendered":"\n<h1 class=\"wp-block-heading has-black-color has-text-color\" id=\"hofesh-shechter-company-gbr\"><strong>Hennermanns Horde <\/strong>(DE)<\/h1>\n\n<p><strong>Ludwig Forum Aachen \/ space<\/strong><br\/><strong><strong>Fr 13.03.2026<\/strong><\/strong><br\/><strong>18.00 Uhr<br\/>10,00 \u20ac &#8211; 18,00 \u20ac \/ Family &amp; Friends (4 Pers.): 36,00 \u20ac &#8211; 44,00 \u20ac<\/strong><\/p>\n\n<figure class=\"wp-block-image alignwide size-large\"><img data-recalc-dims=\"1\" fetchpriority=\"high\" decoding=\"async\" width=\"640\" height=\"267\" src=\"https:\/\/i0.wp.com\/schrittmacherfestival.nl\/wp-content\/uploads\/2025\/12\/VATER_c_Daniel-Blattmann-2-e1765270219664-1024x427.jpg?resize=640%2C267&#038;ssl=1\" alt=\"\" class=\"wp-image-12200\" srcset=\"https:\/\/i0.wp.com\/schrittmacherfestival.nl\/wp-content\/uploads\/2025\/12\/VATER_c_Daniel-Blattmann-2-e1765270219664.jpg?resize=1024%2C427&amp;ssl=1 1024w, https:\/\/i0.wp.com\/schrittmacherfestival.nl\/wp-content\/uploads\/2025\/12\/VATER_c_Daniel-Blattmann-2-e1765270219664.jpg?resize=300%2C125&amp;ssl=1 300w, https:\/\/i0.wp.com\/schrittmacherfestival.nl\/wp-content\/uploads\/2025\/12\/VATER_c_Daniel-Blattmann-2-e1765270219664.jpg?resize=768%2C320&amp;ssl=1 768w, https:\/\/i0.wp.com\/schrittmacherfestival.nl\/wp-content\/uploads\/2025\/12\/VATER_c_Daniel-Blattmann-2-e1765270219664.jpg?resize=31%2C13&amp;ssl=1 31w, https:\/\/i0.wp.com\/schrittmacherfestival.nl\/wp-content\/uploads\/2025\/12\/VATER_c_Daniel-Blattmann-2-e1765270219664.jpg?w=1200&amp;ssl=1 1200w\" sizes=\"(max-width: 640px) 100vw, 640px\" \/><\/figure>\n\n<hr class=\"wp-block-separator has-css-opacity\"\/>\n\n<p>Die Urban Dance Performance \u201eV\u00c4TER\u201c fragt, was Vaterschaft heute bedeutet. Ist sie ein Ideal, eine Erinnerung oder einfach Realit\u00e4t? Es werden Familiensituationen und Konstellationen verhandelt, alte und moderne V\u00e4termodelle \u00fcberdacht und Bilder gesucht, die die Jugendlichen in ihrer Realit\u00e4t abholen. Die B\u00fchne mit einem einzelnen Sofa dient als Wohnzimmer, R\u00fcckzugsort, Treffpunkt einer Familie oder wird zur Standardeinstellung der Lieblings-Sitcom. An diesem Ort wird alles verhandelt \u2013 selbst Darth Vader darf hier nicht fehlen.<\/p>\n\n<p>Duration: 60 min. no interval<\/p>\n\n<p><strong>Fr 13.03.2026 <br\/><\/strong>10:00, Ludwig Forum Aachen \/ space<br\/>school performance<\/p>\n\n<hr class=\"wp-block-separator has-css-opacity\"\/>\n\n<div class=\"wp-block-buttons is-horizontal is-content-justification-center is-layout-flex wp-container-core-buttons-is-layout-499968f5 wp-block-buttons-is-layout-flex\">\n<div class=\"wp-block-button\"><a class=\"wp-block-button__link has-white-color has-black-background-color has-text-color has-background wp-element-button\" href=\"https:\/\/bestellen.plt.nl\/bestel\/13765\" target=\"_blank\" rel=\"noreferrer noopener\"><strong>Tickets Fr 13.03 | 18.00 Uhr<\/strong><\/a><\/div>\n<\/div>\n\n<hr class=\"wp-block-separator has-css-opacity\"\/>\n\n<figure class=\"wp-block-gallery has-nested-images columns-default is-cropped wp-block-gallery-1 is-layout-flex wp-block-gallery-is-layout-flex\">\n<figure class=\"wp-block-image size-large\"><img data-recalc-dims=\"1\" decoding=\"async\" width=\"640\" height=\"427\" data-id=\"12238\" src=\"https:\/\/i0.wp.com\/schrittmacherfestival.nl\/wp-content\/uploads\/2025\/12\/VATER_c_Daniel-Blattmann.jpg?resize=640%2C427&#038;ssl=1\" alt=\"\" class=\"wp-image-12238\" srcset=\"https:\/\/i0.wp.com\/schrittmacherfestival.nl\/wp-content\/uploads\/2025\/12\/VATER_c_Daniel-Blattmann.jpg?resize=1024%2C683&amp;ssl=1 1024w, https:\/\/i0.wp.com\/schrittmacherfestival.nl\/wp-content\/uploads\/2025\/12\/VATER_c_Daniel-Blattmann.jpg?resize=300%2C200&amp;ssl=1 300w, https:\/\/i0.wp.com\/schrittmacherfestival.nl\/wp-content\/uploads\/2025\/12\/VATER_c_Daniel-Blattmann.jpg?resize=768%2C512&amp;ssl=1 768w, https:\/\/i0.wp.com\/schrittmacherfestival.nl\/wp-content\/uploads\/2025\/12\/VATER_c_Daniel-Blattmann.jpg?resize=600%2C400&amp;ssl=1 600w, https:\/\/i0.wp.com\/schrittmacherfestival.nl\/wp-content\/uploads\/2025\/12\/VATER_c_Daniel-Blattmann.jpg?resize=31%2C21&amp;ssl=1 31w, https:\/\/i0.wp.com\/schrittmacherfestival.nl\/wp-content\/uploads\/2025\/12\/VATER_c_Daniel-Blattmann.jpg?w=1200&amp;ssl=1 1200w\" sizes=\"(max-width: 640px) 100vw, 640px\" \/><\/figure>\n\n\n\n<figure class=\"wp-block-image size-large\"><img data-recalc-dims=\"1\" decoding=\"async\" width=\"640\" height=\"427\" data-id=\"12240\" src=\"https:\/\/i0.wp.com\/schrittmacherfestival.nl\/wp-content\/uploads\/2025\/12\/VATER_c_Daniel-Blattmann-1.jpg?resize=640%2C427&#038;ssl=1\" alt=\"\" class=\"wp-image-12240\" srcset=\"https:\/\/i0.wp.com\/schrittmacherfestival.nl\/wp-content\/uploads\/2025\/12\/VATER_c_Daniel-Blattmann-1.jpg?resize=1024%2C683&amp;ssl=1 1024w, https:\/\/i0.wp.com\/schrittmacherfestival.nl\/wp-content\/uploads\/2025\/12\/VATER_c_Daniel-Blattmann-1.jpg?resize=300%2C200&amp;ssl=1 300w, https:\/\/i0.wp.com\/schrittmacherfestival.nl\/wp-content\/uploads\/2025\/12\/VATER_c_Daniel-Blattmann-1.jpg?resize=768%2C512&amp;ssl=1 768w, https:\/\/i0.wp.com\/schrittmacherfestival.nl\/wp-content\/uploads\/2025\/12\/VATER_c_Daniel-Blattmann-1.jpg?resize=600%2C400&amp;ssl=1 600w, https:\/\/i0.wp.com\/schrittmacherfestival.nl\/wp-content\/uploads\/2025\/12\/VATER_c_Daniel-Blattmann-1.jpg?resize=31%2C21&amp;ssl=1 31w, https:\/\/i0.wp.com\/schrittmacherfestival.nl\/wp-content\/uploads\/2025\/12\/VATER_c_Daniel-Blattmann-1.jpg?w=1200&amp;ssl=1 1200w\" sizes=\"(max-width: 640px) 100vw, 640px\" \/><\/figure>\n\n\n\n<figure class=\"wp-block-image size-large\"><img data-recalc-dims=\"1\" loading=\"lazy\" decoding=\"async\" width=\"640\" height=\"376\" data-id=\"12239\" src=\"https:\/\/i0.wp.com\/schrittmacherfestival.nl\/wp-content\/uploads\/2025\/12\/VATER_c_Daniel-Blattmann-2-1.jpg?resize=640%2C376&#038;ssl=1\" alt=\"\" class=\"wp-image-12239\" srcset=\"https:\/\/i0.wp.com\/schrittmacherfestival.nl\/wp-content\/uploads\/2025\/12\/VATER_c_Daniel-Blattmann-2-1.jpg?resize=1024%2C602&amp;ssl=1 1024w, https:\/\/i0.wp.com\/schrittmacherfestival.nl\/wp-content\/uploads\/2025\/12\/VATER_c_Daniel-Blattmann-2-1.jpg?resize=300%2C177&amp;ssl=1 300w, https:\/\/i0.wp.com\/schrittmacherfestival.nl\/wp-content\/uploads\/2025\/12\/VATER_c_Daniel-Blattmann-2-1.jpg?resize=768%2C452&amp;ssl=1 768w, https:\/\/i0.wp.com\/schrittmacherfestival.nl\/wp-content\/uploads\/2025\/12\/VATER_c_Daniel-Blattmann-2-1.jpg?resize=31%2C18&amp;ssl=1 31w, https:\/\/i0.wp.com\/schrittmacherfestival.nl\/wp-content\/uploads\/2025\/12\/VATER_c_Daniel-Blattmann-2-1.jpg?w=1200&amp;ssl=1 1200w\" sizes=\"(max-width: 640px) 100vw, 640px\" \/><\/figure>\n<\/figure>\n\n<hr class=\"wp-block-separator has-css-opacity\"\/>\n","protected":false},"excerpt":{"rendered":"<p>Hennermanns Horde (DE) Ludwig Forum Aachen \/ spaceFr 13.03.202618.00 Uhr10,00 \u20ac &#8211; 18,00 \u20ac \/ Family &amp; Friends (4 Pers.): 36,00 \u20ac &#8211; 44,00 \u20ac Die Urban Dance Performance \u201eV\u00c4TER\u201c fragt, was Vaterschaft heute bedeutet. Ist sie ein Ideal, eine Erinnerung oder einfach Realit\u00e4t? Es werden Familiensituationen und Konstellationen verhandelt, alte und moderne V\u00e4termodelle \u00fcberdacht und Bilder gesucht, die die [&hellip;]<\/p>\n","protected":false},"author":1,"featured_media":0,"parent":0,"menu_order":0,"comment_status":"closed","ping_status":"closed","template":"","meta":{"_acf_changed":false,"footnotes":""},"class_list":["post-12245","page","type-page","status-publish","hentry"],"aioseo_notices":[],"acf":[],"jetpack_sharing_enabled":true,"_links":{"self":[{"href":"https:\/\/schrittmacherfestival.nl\/de\/wp-json\/wp\/v2\/pages\/12245","targetHints":{"allow":["GET"]}}],"collection":[{"href":"https:\/\/schrittmacherfestival.nl\/de\/wp-json\/wp\/v2\/pages"}],"about":[{"href":"https:\/\/schrittmacherfestival.nl\/de\/wp-json\/wp\/v2\/types\/page"}],"author":[{"embeddable":true,"href":"https:\/\/schrittmacherfestival.nl\/de\/wp-json\/wp\/v2\/users\/1"}],"replies":[{"embeddable":true,"href":"https:\/\/schrittmacherfestival.nl\/de\/wp-json\/wp\/v2\/comments?post=12245"}],"version-history":[{"count":2,"href":"https:\/\/schrittmacherfestival.nl\/de\/wp-json\/wp\/v2\/pages\/12245\/revisions"}],"predecessor-version":[{"id":13349,"href":"https:\/\/schrittmacherfestival.nl\/de\/wp-json\/wp\/v2\/pages\/12245\/revisions\/13349"}],"wp:attachment":[{"href":"https:\/\/schrittmacherfestival.nl\/de\/wp-json\/wp\/v2\/media?parent=12245"}],"curies":[{"name":"wp","href":"https:\/\/api.w.org\/{rel}","templated":true}]}}