{"id":12258,"date":"2025-12-09T10:19:42","date_gmt":"2025-12-09T10:19:42","guid":{"rendered":"https:\/\/schrittmacherfestival.nl\/be-girl-10\/"},"modified":"2025-12-18T11:40:17","modified_gmt":"2025-12-18T11:40:17","slug":"be-girl-10","status":"publish","type":"page","link":"https:\/\/schrittmacherfestival.nl\/de\/be-girl-10\/","title":{"rendered":"BE.Girl (10+)"},"content":{"rendered":"\n<h1 class=\"wp-block-heading has-black-color has-text-color\" id=\"hofesh-shechter-company-gbr\"><strong>Cie du Uzumaki\u00a0(FR)<\/strong><\/h1>\n\n<p><strong>Ludwig Forum Aachen \/ space<\/strong><br\/><strong>Sa 21.03.2026<\/strong><br\/><strong>17.00 Uhr<br\/>10,00 \u20ac &#8211; 18,00\u00a0\u20ac \/ Family &amp; Friends (4 Pers.): 36,00 \u20ac &#8211; 44,00 \u20ac<\/strong><\/p>\n\n<figure class=\"wp-block-image alignwide size-large\"><img data-recalc-dims=\"1\" fetchpriority=\"high\" decoding=\"async\" width=\"640\" height=\"267\" src=\"https:\/\/i0.wp.com\/schrittmacherfestival.nl\/wp-content\/uploads\/2025\/12\/BE.Girl_c_Ville-Elancourt-scaled-e1765270387151-1024x427.jpg?resize=640%2C267&#038;ssl=1\" alt=\"\" class=\"wp-image-12201\" srcset=\"https:\/\/i0.wp.com\/schrittmacherfestival.nl\/wp-content\/uploads\/2025\/12\/BE.Girl_c_Ville-Elancourt-scaled-e1765270387151.jpg?resize=1024%2C427&amp;ssl=1 1024w, https:\/\/i0.wp.com\/schrittmacherfestival.nl\/wp-content\/uploads\/2025\/12\/BE.Girl_c_Ville-Elancourt-scaled-e1765270387151.jpg?resize=300%2C125&amp;ssl=1 300w, https:\/\/i0.wp.com\/schrittmacherfestival.nl\/wp-content\/uploads\/2025\/12\/BE.Girl_c_Ville-Elancourt-scaled-e1765270387151.jpg?resize=768%2C320&amp;ssl=1 768w, https:\/\/i0.wp.com\/schrittmacherfestival.nl\/wp-content\/uploads\/2025\/12\/BE.Girl_c_Ville-Elancourt-scaled-e1765270387151.jpg?resize=31%2C13&amp;ssl=1 31w, https:\/\/i0.wp.com\/schrittmacherfestival.nl\/wp-content\/uploads\/2025\/12\/BE.Girl_c_Ville-Elancourt-scaled-e1765270387151.jpg?w=1200&amp;ssl=1 1200w\" sizes=\"(max-width: 640px) 100vw, 640px\" \/><\/figure>\n\n<hr class=\"wp-block-separator has-css-opacity\"\/>\n\n<p>\u201eBE.Girl\u201c, koproduziert durch das Choreografische Zentrum von La Rochelle (Kader Attou), unter der choreografischen Leitung von Valentine Nagata-Ramos und den Kompositionen von Alexandre Dai Castaing, richtet sich vor allem an ein jugendliches Publikum. Es ist eine beeindruckende Choreografie eines rein weiblichen Quintetts aus B-Girls, die Fu\u00dfarbeit, geerdete Bewegungsabl\u00e4ufe und akrobatische Bewegungen zu einer flie\u00dfenden Komposition verweben und somit beweisen: Die Schwerkraft l\u00e4sst sich mit Anmut beherrschen.<\/p>\n\n<p>Duration: ~ 55 min no interval<\/p>\n\n<hr class=\"wp-block-separator has-css-opacity\"\/>\n\n<div class=\"wp-block-buttons is-horizontal is-content-justification-center is-layout-flex wp-container-core-buttons-is-layout-499968f5 wp-block-buttons-is-layout-flex\">\n<div class=\"wp-block-button\"><a class=\"wp-block-button__link has-white-color has-black-background-color has-text-color has-background wp-element-button\" href=\"https:\/\/bestellen.plt.nl\/bestel\/13766\" target=\"_blank\" rel=\"noreferrer noopener\"><strong>Tickets Sa 21.03 | 17.00 Uhr<\/strong><\/a><\/div>\n<\/div>\n\n<hr class=\"wp-block-separator has-css-opacity\"\/>\n\n<figure class=\"wp-block-gallery has-nested-images columns-default is-cropped wp-block-gallery-1 is-layout-flex wp-block-gallery-is-layout-flex\">\n<figure class=\"wp-block-image size-large\"><img data-recalc-dims=\"1\" decoding=\"async\" width=\"640\" height=\"427\" data-id=\"12256\" src=\"https:\/\/i0.wp.com\/schrittmacherfestival.nl\/wp-content\/uploads\/2025\/12\/BE.Girl_c_JL-Chouteau.jpg?resize=640%2C427&#038;ssl=1\" alt=\"\" class=\"wp-image-12256\" srcset=\"https:\/\/i0.wp.com\/schrittmacherfestival.nl\/wp-content\/uploads\/2025\/12\/BE.Girl_c_JL-Chouteau-scaled.jpg?resize=1024%2C683&amp;ssl=1 1024w, https:\/\/i0.wp.com\/schrittmacherfestival.nl\/wp-content\/uploads\/2025\/12\/BE.Girl_c_JL-Chouteau-scaled.jpg?resize=300%2C200&amp;ssl=1 300w, https:\/\/i0.wp.com\/schrittmacherfestival.nl\/wp-content\/uploads\/2025\/12\/BE.Girl_c_JL-Chouteau-scaled.jpg?resize=768%2C512&amp;ssl=1 768w, https:\/\/i0.wp.com\/schrittmacherfestival.nl\/wp-content\/uploads\/2025\/12\/BE.Girl_c_JL-Chouteau-scaled.jpg?resize=1536%2C1024&amp;ssl=1 1536w, https:\/\/i0.wp.com\/schrittmacherfestival.nl\/wp-content\/uploads\/2025\/12\/BE.Girl_c_JL-Chouteau-scaled.jpg?resize=2048%2C1365&amp;ssl=1 2048w, https:\/\/i0.wp.com\/schrittmacherfestival.nl\/wp-content\/uploads\/2025\/12\/BE.Girl_c_JL-Chouteau-scaled.jpg?resize=600%2C400&amp;ssl=1 600w, https:\/\/i0.wp.com\/schrittmacherfestival.nl\/wp-content\/uploads\/2025\/12\/BE.Girl_c_JL-Chouteau-scaled.jpg?resize=31%2C21&amp;ssl=1 31w, https:\/\/i0.wp.com\/schrittmacherfestival.nl\/wp-content\/uploads\/2025\/12\/BE.Girl_c_JL-Chouteau-scaled.jpg?w=1280&amp;ssl=1 1280w, https:\/\/i0.wp.com\/schrittmacherfestival.nl\/wp-content\/uploads\/2025\/12\/BE.Girl_c_JL-Chouteau-scaled.jpg?w=1920&amp;ssl=1 1920w\" sizes=\"(max-width: 640px) 100vw, 640px\" \/><\/figure>\n\n\n\n<figure class=\"wp-block-image size-large\"><img data-recalc-dims=\"1\" decoding=\"async\" width=\"640\" height=\"283\" data-id=\"12255\" src=\"https:\/\/i0.wp.com\/schrittmacherfestival.nl\/wp-content\/uploads\/2025\/12\/BE.Girl_c_Ville-Elancourt-1.jpg?resize=640%2C283&#038;ssl=1\" alt=\"\" class=\"wp-image-12255\" srcset=\"https:\/\/i0.wp.com\/schrittmacherfestival.nl\/wp-content\/uploads\/2025\/12\/BE.Girl_c_Ville-Elancourt-1-scaled.jpg?resize=1024%2C453&amp;ssl=1 1024w, https:\/\/i0.wp.com\/schrittmacherfestival.nl\/wp-content\/uploads\/2025\/12\/BE.Girl_c_Ville-Elancourt-1-scaled.jpg?resize=300%2C133&amp;ssl=1 300w, https:\/\/i0.wp.com\/schrittmacherfestival.nl\/wp-content\/uploads\/2025\/12\/BE.Girl_c_Ville-Elancourt-1-scaled.jpg?resize=768%2C340&amp;ssl=1 768w, https:\/\/i0.wp.com\/schrittmacherfestival.nl\/wp-content\/uploads\/2025\/12\/BE.Girl_c_Ville-Elancourt-1-scaled.jpg?resize=1536%2C680&amp;ssl=1 1536w, https:\/\/i0.wp.com\/schrittmacherfestival.nl\/wp-content\/uploads\/2025\/12\/BE.Girl_c_Ville-Elancourt-1-scaled.jpg?resize=2048%2C906&amp;ssl=1 2048w, https:\/\/i0.wp.com\/schrittmacherfestival.nl\/wp-content\/uploads\/2025\/12\/BE.Girl_c_Ville-Elancourt-1-scaled.jpg?resize=31%2C14&amp;ssl=1 31w, https:\/\/i0.wp.com\/schrittmacherfestival.nl\/wp-content\/uploads\/2025\/12\/BE.Girl_c_Ville-Elancourt-1-scaled.jpg?w=1280&amp;ssl=1 1280w, https:\/\/i0.wp.com\/schrittmacherfestival.nl\/wp-content\/uploads\/2025\/12\/BE.Girl_c_Ville-Elancourt-1-scaled.jpg?w=1920&amp;ssl=1 1920w\" sizes=\"(max-width: 640px) 100vw, 640px\" \/><\/figure>\n<\/figure>\n\n<hr class=\"wp-block-separator has-css-opacity\"\/>\n","protected":false},"excerpt":{"rendered":"<p>Cie du Uzumaki\u00a0(FR) Ludwig Forum Aachen \/ spaceSa 21.03.202617.00 Uhr10,00 \u20ac &#8211; 18,00\u00a0\u20ac \/ Family &amp; Friends (4 Pers.): 36,00 \u20ac &#8211; 44,00 \u20ac \u201eBE.Girl\u201c, koproduziert durch das Choreografische Zentrum von La Rochelle (Kader Attou), unter der choreografischen Leitung von Valentine Nagata-Ramos und den Kompositionen von Alexandre Dai Castaing, richtet sich vor allem an ein jugendliches Publikum. Es ist eine [&hellip;]<\/p>\n","protected":false},"author":1,"featured_media":0,"parent":0,"menu_order":0,"comment_status":"closed","ping_status":"closed","template":"","meta":{"_acf_changed":false,"footnotes":""},"class_list":["post-12258","page","type-page","status-publish","hentry"],"aioseo_notices":[],"acf":[],"jetpack_sharing_enabled":true,"_links":{"self":[{"href":"https:\/\/schrittmacherfestival.nl\/de\/wp-json\/wp\/v2\/pages\/12258","targetHints":{"allow":["GET"]}}],"collection":[{"href":"https:\/\/schrittmacherfestival.nl\/de\/wp-json\/wp\/v2\/pages"}],"about":[{"href":"https:\/\/schrittmacherfestival.nl\/de\/wp-json\/wp\/v2\/types\/page"}],"author":[{"embeddable":true,"href":"https:\/\/schrittmacherfestival.nl\/de\/wp-json\/wp\/v2\/users\/1"}],"replies":[{"embeddable":true,"href":"https:\/\/schrittmacherfestival.nl\/de\/wp-json\/wp\/v2\/comments?post=12258"}],"version-history":[{"count":2,"href":"https:\/\/schrittmacherfestival.nl\/de\/wp-json\/wp\/v2\/pages\/12258\/revisions"}],"predecessor-version":[{"id":13351,"href":"https:\/\/schrittmacherfestival.nl\/de\/wp-json\/wp\/v2\/pages\/12258\/revisions\/13351"}],"wp:attachment":[{"href":"https:\/\/schrittmacherfestival.nl\/de\/wp-json\/wp\/v2\/media?parent=12258"}],"curies":[{"name":"wp","href":"https:\/\/api.w.org\/{rel}","templated":true}]}}