{"id":1228,"date":"2021-06-03T18:57:02","date_gmt":"2021-06-03T18:57:02","guid":{"rendered":"https:\/\/schrittmacherfestival.nl\/cunningham\/"},"modified":"2021-06-15T12:20:52","modified_gmt":"2021-06-15T12:20:52","slug":"cunningham","status":"publish","type":"page","link":"https:\/\/schrittmacherfestival.nl\/de\/cunningham\/","title":{"rendered":"Cunningham"},"content":{"rendered":"\n<h2 class=\"wp-block-heading\"><span style=\"color:#000000\" class=\"tadv-color\">Regie: Alla Kovgan,<\/span> <span style=\"color:#000000\" class=\"tadv-color\">mit niederl\u00e4ndischen Untertiteln, geeignet f\u00fcr alle Altersgruppen<\/span><\/h2>\n\n\n\n<p><strong><span style=\"background-color:#f5ec5a\" class=\"tadv-background-color\"><strong>Filmhuis De Spiegel<\/strong><\/span><\/strong><br><strong><span style=\"background-color:#f5ec5a\" class=\"tadv-background-color\">Mi 23 JUN 2021 <\/span><\/strong><br><strong><span style=\"background-color:#f5ec5a\" class=\"tadv-background-color\">14.00 Uhr <\/span><\/strong><br><strong><span style=\"background-color:#f5ec5a\" class=\"tadv-background-color\">\u20ac8,50<\/span><\/strong><\/p>\n\n\n\n<figure class=\"wp-block-image alignwide size-large\"><img data-recalc-dims=\"1\" fetchpriority=\"high\" decoding=\"async\" width=\"640\" height=\"261\" src=\"https:\/\/i0.wp.com\/schrittmacherfestival.nl\/wp-content\/uploads\/2021\/06\/Cunningham-film-1746x981-c-center-e1622744042651-1024x417.jpeg?resize=640%2C261&#038;ssl=1\" alt=\"\" class=\"wp-image-317\" srcset=\"https:\/\/i0.wp.com\/schrittmacherfestival.nl\/wp-content\/uploads\/2021\/06\/Cunningham-film-1746x981-c-center-e1622744042651.jpeg?resize=1024%2C417&amp;ssl=1 1024w, https:\/\/i0.wp.com\/schrittmacherfestival.nl\/wp-content\/uploads\/2021\/06\/Cunningham-film-1746x981-c-center-e1622744042651.jpeg?resize=300%2C122&amp;ssl=1 300w, https:\/\/i0.wp.com\/schrittmacherfestival.nl\/wp-content\/uploads\/2021\/06\/Cunningham-film-1746x981-c-center-e1622744042651.jpeg?resize=768%2C313&amp;ssl=1 768w, https:\/\/i0.wp.com\/schrittmacherfestival.nl\/wp-content\/uploads\/2021\/06\/Cunningham-film-1746x981-c-center-e1622744042651.jpeg?w=1230&amp;ssl=1 1230w\" sizes=\"(max-width: 640px) 100vw, 640px\" \/><\/figure>\n\n\n\n<hr class=\"wp-block-separator\"\/>\n\n\n\n<p>Letztes Jahr war der hundertste Geburtstag des legend\u00e4ren amerikanischen Choreografen Merce Cunningham. Diese Dokumentation zeigt Cunninghams Karriere, die drei\u00dfig Jahre (1944-1972) lang von Wagemut und Entdeckungslust gepr\u00e4gt war, von seinen Anf\u00e4ngen als erfolgloser T\u00e4nzer im New York der Nachkriegszeit bis zu seinem Durchbruch als einer der weltweit vision\u00e4rsten und einflussreichsten Choreografen.<\/p>\n\n\n\n<p>Die Bezeichnung \u201eAvantgardist\u201c lehnte er ab und wollte nur als \u201eT\u00e4nzer\u201c wahrgenommen werden. F\u00fcr Merce Cunningham (1919-2009) war Tanzen einfach eine Angelegenheit von \u201eMenschen, die sich auf unterschiedliche Arten bewegen\u201c. Eine Bedeutung wollte der einflussreiche T\u00e4nzer und Choreograf dem nicht schenken, die Interpretation \u00fcberlie\u00df er vielmehr dem Publikum. Diese sprachliche Zur\u00fcckhaltung stand in scharfem Kontrast zur grenzenlosen Analyse, der Cunningham sich in seiner siebzig Jahre w\u00e4hrenden Karriere unterzog. Er versuchte, Elemente des klassischen und modernen Tanzes miteinander zu kombinieren. Da er der Auffassung war, dass jede Bewegung des menschlichen K\u00f6rpers Tanz sein konnte, konnten auch alle T\u00e4nzer sein.<\/p>\n\n\n\n<p>Cunninghams radikale Ansichten, seine intensive Neugier und die sich daraus ergebende st\u00e4ndige Suche werden in dieser Dokumentation \u00e4u\u00dferst findungsreich in Szene gesetzt. Monologe von und Interviews mit Cunningham und den Menschen, mit denen er zusammenarbeitete, untermalen diese Montage aus Archivbildern und Tanzfragmenten. Mehrfach ist auch der Komponist John Cage zu sehen und zu h\u00f6ren, in dem Cunningham einen professionellen Seelenverwandten gefunden hatte.<\/p>\n\n\n\n<hr class=\"wp-block-separator\"\/>\n\n\n\n<div class=\"wp-block-buttons is-content-justification-center is-layout-flex wp-block-buttons-is-layout-flex\">\n<div class=\"wp-block-button\"><a class=\"wp-block-button__link has-black-color has-text-color has-background\" href=\"https:\/\/tickets.filmhuisdespiegel.nl\/shop\/tickets.php?showid=3322\" style=\"background-color:#f5ec5a\" target=\"_blank\" rel=\"noreferrer noopener\"><strong>Tickets bestellen<\/strong><\/a><\/div>\n<\/div>\n\n\n\n<hr class=\"wp-block-separator aligncenter\"\/>\n\n\n\n<figure class=\"wp-block-embed aligncenter is-type-video is-provider-youtube wp-block-embed-youtube wp-embed-aspect-16-9 wp-has-aspect-ratio\"><div class=\"wp-block-embed__wrapper\">\n<iframe  id=\"_ytid_16417\"  width=\"640\" height=\"360\"  data-origwidth=\"640\" data-origheight=\"360\" src=\"https:\/\/www.youtube.com\/embed\/Mav5hF9pks4?enablejsapi=1&#038;autoplay=0&#038;cc_load_policy=0&#038;cc_lang_pref=&#038;iv_load_policy=1&#038;loop=0&#038;rel=1&#038;fs=1&#038;playsinline=0&#038;autohide=2&#038;theme=dark&#038;color=red&#038;controls=1&#038;disablekb=0&#038;\" class=\"__youtube_prefs__  epyt-is-override  no-lazyload\" title=\"YouTube player\"  allow=\"fullscreen; accelerometer; autoplay; clipboard-write; encrypted-media; gyroscope; picture-in-picture; web-share\" referrerpolicy=\"strict-origin-when-cross-origin\" allowfullscreen data-no-lazy=\"1\" data-skipgform_ajax_framebjll=\"\"><\/iframe>\n<\/div><\/figure>\n\n\n\n<hr class=\"wp-block-separator\"\/>\n","protected":false},"excerpt":{"rendered":"<p>Regie: Alla Kovgan, mit niederl\u00e4ndischen Untertiteln, geeignet f\u00fcr alle Altersgruppen Filmhuis De SpiegelMi 23 JUN 2021 14.00 Uhr \u20ac8,50 Letztes Jahr war der hundertste Geburtstag des legend\u00e4ren amerikanischen Choreografen Merce Cunningham. Diese Dokumentation zeigt Cunninghams Karriere, die drei\u00dfig Jahre (1944-1972) lang von Wagemut und Entdeckungslust gepr\u00e4gt war, von seinen Anf\u00e4ngen als erfolgloser T\u00e4nzer im New York der Nachkriegszeit bis zu [&hellip;]<\/p>\n","protected":false},"author":1,"featured_media":0,"parent":0,"menu_order":0,"comment_status":"closed","ping_status":"closed","template":"","meta":{"_acf_changed":false,"footnotes":""},"class_list":["post-1228","page","type-page","status-publish","hentry"],"aioseo_notices":[],"acf":[],"jetpack_sharing_enabled":true,"_links":{"self":[{"href":"https:\/\/schrittmacherfestival.nl\/de\/wp-json\/wp\/v2\/pages\/1228","targetHints":{"allow":["GET"]}}],"collection":[{"href":"https:\/\/schrittmacherfestival.nl\/de\/wp-json\/wp\/v2\/pages"}],"about":[{"href":"https:\/\/schrittmacherfestival.nl\/de\/wp-json\/wp\/v2\/types\/page"}],"author":[{"embeddable":true,"href":"https:\/\/schrittmacherfestival.nl\/de\/wp-json\/wp\/v2\/users\/1"}],"replies":[{"embeddable":true,"href":"https:\/\/schrittmacherfestival.nl\/de\/wp-json\/wp\/v2\/comments?post=1228"}],"version-history":[{"count":3,"href":"https:\/\/schrittmacherfestival.nl\/de\/wp-json\/wp\/v2\/pages\/1228\/revisions"}],"predecessor-version":[{"id":1284,"href":"https:\/\/schrittmacherfestival.nl\/de\/wp-json\/wp\/v2\/pages\/1228\/revisions\/1284"}],"wp:attachment":[{"href":"https:\/\/schrittmacherfestival.nl\/de\/wp-json\/wp\/v2\/media?parent=1228"}],"curies":[{"name":"wp","href":"https:\/\/api.w.org\/{rel}","templated":true}]}}