{"id":12302,"date":"2025-12-09T11:16:22","date_gmt":"2025-12-09T11:16:22","guid":{"rendered":"https:\/\/schrittmacherfestival.nl\/alter-3\/"},"modified":"2025-12-18T13:01:36","modified_gmt":"2025-12-18T13:01:36","slug":"alter-3","status":"publish","type":"page","link":"https:\/\/schrittmacherfestival.nl\/de\/alter-3\/","title":{"rendered":"ALTER (3+)"},"content":{"rendered":"\n<h1 class=\"wp-block-heading has-black-color has-text-color\" id=\"hofesh-shechter-company-gbr\"><strong>Cie. Nyash <\/strong>(BE)<\/h1>\n\n<p><strong>Alter Schlachthof Eupen<\/strong><br\/><strong>So 22.03.2026<\/strong><br\/><strong>16.00 Uhr<br\/>5,00 \u20ac<em>\u00a0 &#8211; <\/em>12,00\u00a0\u20ac<\/strong><\/p>\n\n<figure class=\"wp-block-image alignwide size-large\"><img data-recalc-dims=\"1\" height=\"267\" width=\"640\" decoding=\"async\" src=\"https:\/\/i0.wp.com\/schrittmacherfestival.nl\/wp-content\/uploads\/2025\/12\/Cie-Nyash_ALTER%C2%AEAliceKhol_HD-3-scaled-e1765270600661-1024x427.jpg?resize=640%2C267&#038;ssl=1\" alt=\"\" class=\"wp-image-12202\"\/><\/figure>\n\n<hr class=\"wp-block-separator has-css-opacity\"\/>\n\n<h2 class=\"wp-block-heading\">As part of the SCENARIO \u2013 Theatre Dance Circus Festival<\/h2>\n\n<h2 class=\"wp-block-heading\">In cooperation with Theater Starter<\/h2>\n\n<p>Eine T\u00e4nzerin und ein Schlagzeuger ohne Schlagzeug entdecken gemeinsam die Welt des Tons. Sie erforschen, wie das Material sich bewegt, bricht, rollt und gleitet, und verwandeln die B\u00fchne in eine sich st\u00e4ndig wandelnde Landschaft: mal klein und fein, dann wieder beeindruckend gro\u00df. Im Zusammenspiel von Bewegung und Klang entstehen neue Formen, Spuren und Orte \u2013 voller Staunen und Freude.<\/p>\n\n<p>Duration: ~ 40 min. no interval<\/p>\n\n<p><strong>Mo 23.03.2026<\/strong><br\/>10:30 Alter Schlachthof Eupen<br\/>School performance<\/p>\n\n<hr class=\"wp-block-separator has-css-opacity\"\/>\n\n<div class=\"wp-block-buttons is-horizontal is-content-justification-center is-layout-flex wp-container-core-buttons-is-layout-499968f5 wp-block-buttons-is-layout-flex\">\n<div class=\"wp-block-button\"><a class=\"wp-block-button__link has-white-color has-black-background-color has-text-color has-background wp-element-button\" href=\"https:\/\/shop.utick.net\/?module=ACTIVITYSERIEDETAILS&amp;pos=CHUDOSCNIKSUNERGIA&amp;s=8184C454-75B1-70B0-BB54-39BE29DBC67B\" target=\"_blank\" rel=\"noreferrer noopener\"><strong>Tickets So 22.03 | 16.00 Uhr<\/strong><\/a><\/div>\n<\/div>\n\n<hr class=\"wp-block-separator has-css-opacity\"\/>\n\n<figure class=\"wp-block-embed is-type-video is-provider-youtube wp-block-embed-youtube wp-embed-aspect-16-9 wp-has-aspect-ratio\"><div class=\"wp-block-embed__wrapper\">\r\n<iframe  id=\"_ytid_69634\"  width=\"640\" height=\"360\"  data-origwidth=\"640\" data-origheight=\"360\" src=\"https:\/\/www.youtube.com\/embed\/6UorMHKnyIs?enablejsapi=1&#038;autoplay=0&#038;cc_load_policy=0&#038;cc_lang_pref=&#038;iv_load_policy=1&#038;loop=0&#038;rel=1&#038;fs=1&#038;playsinline=0&#038;autohide=2&#038;theme=dark&#038;color=red&#038;controls=1&#038;disablekb=0&#038;\" class=\"__youtube_prefs__  epyt-is-override  no-lazyload\" title=\"YouTube player\"  allow=\"fullscreen; accelerometer; autoplay; clipboard-write; encrypted-media; gyroscope; picture-in-picture; web-share\" referrerpolicy=\"strict-origin-when-cross-origin\" allowfullscreen data-no-lazy=\"1\" data-skipgform_ajax_framebjll=\"\"><\/iframe>\n<\/div><\/figure><br>\n\n<hr class=\"wp-block-separator has-css-opacity\"\/>\n\n<figure class=\"wp-block-gallery has-nested-images columns-default is-cropped wp-block-gallery-1 is-layout-flex wp-block-gallery-is-layout-flex\">\n<figure class=\"wp-block-image size-large\"><img data-recalc-dims=\"1\" height=\"427\" width=\"640\" decoding=\"async\" data-id=\"12279\" src=\"https:\/\/i0.wp.com\/schrittmacherfestival.nl\/wp-content\/uploads\/2025\/12\/Cie-Nyash_ALTER_%C2%AEAliceKhol_HD-2.jpg?resize=640%2C427&#038;ssl=1\" alt=\"\" class=\"wp-image-12279\"\/><\/figure>\n\n\n\n<figure class=\"wp-block-image size-large\"><img data-recalc-dims=\"1\" height=\"427\" width=\"640\" decoding=\"async\" data-id=\"12278\" src=\"https:\/\/i0.wp.com\/schrittmacherfestival.nl\/wp-content\/uploads\/2025\/12\/Cie-Nyash_ALTER%C2%AEAliceKhol_HD-3-1.jpg?resize=640%2C427&#038;ssl=1\" alt=\"\" class=\"wp-image-12278\"\/><\/figure>\n<\/figure>\n\n<hr class=\"wp-block-separator has-css-opacity\"\/>\n","protected":false},"excerpt":{"rendered":"<p>Cie. Nyash (BE) Alter Schlachthof EupenSo 22.03.202616.00 Uhr5,00 \u20ac\u00a0 &#8211; 12,00\u00a0\u20ac As part of the SCENARIO \u2013 Theatre Dance Circus Festival In cooperation with Theater Starter Eine T\u00e4nzerin und ein Schlagzeuger ohne Schlagzeug entdecken gemeinsam die Welt des Tons. Sie erforschen, wie das Material sich bewegt, bricht, rollt und gleitet, und verwandeln die B\u00fchne in eine sich st\u00e4ndig wandelnde Landschaft: [&hellip;]<\/p>\n","protected":false},"author":1,"featured_media":0,"parent":0,"menu_order":0,"comment_status":"closed","ping_status":"closed","template":"","meta":{"_acf_changed":false,"footnotes":""},"class_list":["post-12302","page","type-page","status-publish","hentry"],"aioseo_notices":[],"acf":[],"jetpack_sharing_enabled":true,"_links":{"self":[{"href":"https:\/\/schrittmacherfestival.nl\/de\/wp-json\/wp\/v2\/pages\/12302","targetHints":{"allow":["GET"]}}],"collection":[{"href":"https:\/\/schrittmacherfestival.nl\/de\/wp-json\/wp\/v2\/pages"}],"about":[{"href":"https:\/\/schrittmacherfestival.nl\/de\/wp-json\/wp\/v2\/types\/page"}],"author":[{"embeddable":true,"href":"https:\/\/schrittmacherfestival.nl\/de\/wp-json\/wp\/v2\/users\/1"}],"replies":[{"embeddable":true,"href":"https:\/\/schrittmacherfestival.nl\/de\/wp-json\/wp\/v2\/comments?post=12302"}],"version-history":[{"count":3,"href":"https:\/\/schrittmacherfestival.nl\/de\/wp-json\/wp\/v2\/pages\/12302\/revisions"}],"predecessor-version":[{"id":13380,"href":"https:\/\/schrittmacherfestival.nl\/de\/wp-json\/wp\/v2\/pages\/12302\/revisions\/13380"}],"wp:attachment":[{"href":"https:\/\/schrittmacherfestival.nl\/de\/wp-json\/wp\/v2\/media?parent=12302"}],"curies":[{"name":"wp","href":"https:\/\/api.w.org\/{rel}","templated":true}]}}