{"id":12375,"date":"2025-12-10T12:57:26","date_gmt":"2025-12-10T12:57:26","guid":{"rendered":"https:\/\/schrittmacherfestival.nl\/morgenzon\/"},"modified":"2026-03-19T08:16:15","modified_gmt":"2026-03-19T08:16:15","slug":"morgenzon","status":"publish","type":"page","link":"https:\/\/schrittmacherfestival.nl\/de\/morgenzon\/","title":{"rendered":"Morgenzon"},"content":{"rendered":"\n<h1 class=\"wp-block-heading has-black-color has-text-color\" id=\"hofesh-shechter-company-gbr\"><strong>Minoe Bossink\u00a0<\/strong>(NL)<\/h1>\n\n<p><strong>Di 03.03.2026 <br\/><\/strong>Sevagram<strong> <\/strong>Molenpark Heerlen (For residents only)<br\/>Sevagram Sint Anna Heerlen (For residents only)<strong><br\/><br\/>Fr 06.03.2026<br\/><\/strong>11:15, Sevagram De Regenboog Heerlen<strong><br\/><\/strong>15:45, Sevagram Parc Douvenrade Heerlen<strong><br\/><br\/>Fr 20.03.2026<br\/><\/strong>11:00, Sevagram Scharwyerveld Maastricht<strong><br\/><\/strong>15:15, Sevagram Campagne Maastricht <strong>(Abgesagt)<\/strong><\/p>\n\n<p><strong>5,00 \u20ac<\/strong><\/p>\n\n<figure class=\"wp-block-image alignwide size-large\"><img data-recalc-dims=\"1\" fetchpriority=\"high\" decoding=\"async\" width=\"640\" height=\"267\" src=\"https:\/\/i0.wp.com\/schrittmacherfestival.nl\/wp-content\/uploads\/2025\/12\/Minoe-Bossink-Morgenzon-Carmine-Vigliotti-100-scaled-e1765367730212-1024x427.jpg?resize=640%2C267&#038;ssl=1\" alt=\"\" class=\"wp-image-12345\" srcset=\"https:\/\/i0.wp.com\/schrittmacherfestival.nl\/wp-content\/uploads\/2025\/12\/Minoe-Bossink-Morgenzon-Carmine-Vigliotti-100-scaled-e1765367730212.jpg?resize=1024%2C427&amp;ssl=1 1024w, https:\/\/i0.wp.com\/schrittmacherfestival.nl\/wp-content\/uploads\/2025\/12\/Minoe-Bossink-Morgenzon-Carmine-Vigliotti-100-scaled-e1765367730212.jpg?resize=300%2C125&amp;ssl=1 300w, https:\/\/i0.wp.com\/schrittmacherfestival.nl\/wp-content\/uploads\/2025\/12\/Minoe-Bossink-Morgenzon-Carmine-Vigliotti-100-scaled-e1765367730212.jpg?resize=768%2C320&amp;ssl=1 768w, https:\/\/i0.wp.com\/schrittmacherfestival.nl\/wp-content\/uploads\/2025\/12\/Minoe-Bossink-Morgenzon-Carmine-Vigliotti-100-scaled-e1765367730212.jpg?resize=31%2C13&amp;ssl=1 31w, https:\/\/i0.wp.com\/schrittmacherfestival.nl\/wp-content\/uploads\/2025\/12\/Minoe-Bossink-Morgenzon-Carmine-Vigliotti-100-scaled-e1765367730212.jpg?w=1200&amp;ssl=1 1200w\" sizes=\"(max-width: 640px) 100vw, 640px\" \/><\/figure>\n\n<hr class=\"wp-block-separator has-css-opacity\"\/>\n\n<h2 class=\"wp-block-heading\">Made possible by Sevagram Verwenzorg and Cultuurmakers Maastricht<\/h2>\n\n<p>Im Rahmen von schrit_tmacher 2026 arbeitet die Choreografin Minoe Bossink  &#8211; ehemalige T\u00e4nzerin bei Co-Lab &#8211; mit Bewohner*innen der Pflegeeinrichtung Sevagram. In Tanzworkshops und ihrer Auff\u00fchrung \u201eMorgenzon\u201c erforscht sie die Spannung zwischen Vergangenheit und Zukunft \u2013 eine Reise voller Erinnerungen, Hoffnung und neuer M\u00f6glichkeiten. Die Pr\u00e4sentation und Vorstellung ist an vier Sevagram-Standorten f\u00fcr Familienangeh\u00f6rige und Freunde der Bewohner sowie f\u00fcr andere Interessierte zug\u00e4nglich.<\/p>\n\n<p>Duration:<em> <\/em>~ 40 min. incl. aftertalk<\/p>\n\n<p><strong>Sa 07.03.2026<\/strong><br\/><a href=\"https:\/\/schrittmacherfestival.nl\/de\/trail\/\" title=\"\">Trial<\/a><br\/>Minoe Bossink<br\/>Free<\/p>\n\n<p>Credits:<br\/><strong>Konzept &amp; Choreografie Minoe Bossink<\/strong><br\/><strong>in Zusammenarbeit mit T\u00e4nzern Naomi Stadwijk &amp; Loreen Jansen<\/strong><br\/><strong>Musik Bodi K. Vleij<\/strong><\/p>\n\n<hr class=\"wp-block-separator has-css-opacity\"\/>\n\n<div class=\"wp-block-buttons is-horizontal is-content-justification-center is-layout-flex wp-container-core-buttons-is-layout-499968f5 wp-block-buttons-is-layout-flex\">\n<div class=\"wp-block-button\"><a class=\"wp-block-button__link has-white-color has-black-background-color has-text-color has-background wp-element-button\" href=\"https:\/\/bestellen.plt.nl\/bestel\/13758\" target=\"_blank\" rel=\"noreferrer noopener\"><strong>Tickets Fr 06.03 | 11.15u<\/strong><\/a><\/div>\n\n\n\n<div class=\"wp-block-button\"><a class=\"wp-block-button__link has-white-color has-black-background-color has-text-color has-background wp-element-button\" href=\"https:\/\/bestellen.plt.nl\/bestel\/13759\" target=\"_blank\" rel=\"noreferrer noopener\"><strong>Tickets Fr 06.03 | 15.45 Uhr<\/strong><\/a><\/div>\n\n\n\n<div class=\"wp-block-button\"><a class=\"wp-block-button__link has-white-color has-black-background-color has-text-color has-background wp-element-button\" href=\"https:\/\/bestellen.plt.nl\/bestel\/13761\" target=\"_blank\" rel=\"noreferrer noopener\"><strong>Tickets Fr 20.03 | 11.00 Uhr<\/strong><\/a><\/div>\n\n\n\n<div class=\"wp-block-button\"><a class=\"wp-block-button__link has-white-color has-black-background-color has-text-color has-background wp-element-button\"><strong>Abgesagt<\/strong><\/a><\/div>\n<\/div>\n\n<hr class=\"wp-block-separator has-css-opacity\"\/>\n\n<figure class=\"wp-block-gallery has-nested-images columns-default is-cropped wp-block-gallery-1 is-layout-flex wp-block-gallery-is-layout-flex\">\n<figure class=\"wp-block-image size-large\"><img data-recalc-dims=\"1\" decoding=\"async\" width=\"640\" height=\"852\" data-id=\"12372\" src=\"https:\/\/i0.wp.com\/schrittmacherfestival.nl\/wp-content\/uploads\/2025\/12\/Minoe-Bossink-Morgenzon-Carmine-Vigliotti-101-1.jpg?resize=640%2C852&#038;ssl=1\" alt=\"\" class=\"wp-image-12372\" srcset=\"https:\/\/i0.wp.com\/schrittmacherfestival.nl\/wp-content\/uploads\/2025\/12\/Minoe-Bossink-Morgenzon-Carmine-Vigliotti-101-1-scaled.jpg?resize=769%2C1024&amp;ssl=1 769w, https:\/\/i0.wp.com\/schrittmacherfestival.nl\/wp-content\/uploads\/2025\/12\/Minoe-Bossink-Morgenzon-Carmine-Vigliotti-101-1-scaled.jpg?resize=225%2C300&amp;ssl=1 225w, https:\/\/i0.wp.com\/schrittmacherfestival.nl\/wp-content\/uploads\/2025\/12\/Minoe-Bossink-Morgenzon-Carmine-Vigliotti-101-1-scaled.jpg?resize=768%2C1023&amp;ssl=1 768w, https:\/\/i0.wp.com\/schrittmacherfestival.nl\/wp-content\/uploads\/2025\/12\/Minoe-Bossink-Morgenzon-Carmine-Vigliotti-101-1-scaled.jpg?resize=1153%2C1536&amp;ssl=1 1153w, https:\/\/i0.wp.com\/schrittmacherfestival.nl\/wp-content\/uploads\/2025\/12\/Minoe-Bossink-Morgenzon-Carmine-Vigliotti-101-1-scaled.jpg?resize=1538%2C2048&amp;ssl=1 1538w, https:\/\/i0.wp.com\/schrittmacherfestival.nl\/wp-content\/uploads\/2025\/12\/Minoe-Bossink-Morgenzon-Carmine-Vigliotti-101-1-scaled.jpg?resize=20%2C27&amp;ssl=1 20w, https:\/\/i0.wp.com\/schrittmacherfestival.nl\/wp-content\/uploads\/2025\/12\/Minoe-Bossink-Morgenzon-Carmine-Vigliotti-101-1-scaled.jpg?w=1922&amp;ssl=1 1922w, https:\/\/i0.wp.com\/schrittmacherfestival.nl\/wp-content\/uploads\/2025\/12\/Minoe-Bossink-Morgenzon-Carmine-Vigliotti-101-1-scaled.jpg?w=1280&amp;ssl=1 1280w\" sizes=\"(max-width: 640px) 100vw, 640px\" \/><\/figure>\n\n\n\n<figure class=\"wp-block-image size-large\"><img data-recalc-dims=\"1\" decoding=\"async\" width=\"640\" height=\"852\" data-id=\"12369\" src=\"https:\/\/i0.wp.com\/schrittmacherfestival.nl\/wp-content\/uploads\/2025\/12\/Minoe-Bossink-Morgenzon-Carmine-Vigliotti-104.jpg?resize=640%2C852&#038;ssl=1\" alt=\"\" class=\"wp-image-12369\" srcset=\"https:\/\/i0.wp.com\/schrittmacherfestival.nl\/wp-content\/uploads\/2025\/12\/Minoe-Bossink-Morgenzon-Carmine-Vigliotti-104-scaled.jpg?resize=769%2C1024&amp;ssl=1 769w, https:\/\/i0.wp.com\/schrittmacherfestival.nl\/wp-content\/uploads\/2025\/12\/Minoe-Bossink-Morgenzon-Carmine-Vigliotti-104-scaled.jpg?resize=225%2C300&amp;ssl=1 225w, https:\/\/i0.wp.com\/schrittmacherfestival.nl\/wp-content\/uploads\/2025\/12\/Minoe-Bossink-Morgenzon-Carmine-Vigliotti-104-scaled.jpg?resize=768%2C1023&amp;ssl=1 768w, https:\/\/i0.wp.com\/schrittmacherfestival.nl\/wp-content\/uploads\/2025\/12\/Minoe-Bossink-Morgenzon-Carmine-Vigliotti-104-scaled.jpg?resize=1153%2C1536&amp;ssl=1 1153w, https:\/\/i0.wp.com\/schrittmacherfestival.nl\/wp-content\/uploads\/2025\/12\/Minoe-Bossink-Morgenzon-Carmine-Vigliotti-104-scaled.jpg?resize=1538%2C2048&amp;ssl=1 1538w, https:\/\/i0.wp.com\/schrittmacherfestival.nl\/wp-content\/uploads\/2025\/12\/Minoe-Bossink-Morgenzon-Carmine-Vigliotti-104-scaled.jpg?resize=20%2C27&amp;ssl=1 20w, https:\/\/i0.wp.com\/schrittmacherfestival.nl\/wp-content\/uploads\/2025\/12\/Minoe-Bossink-Morgenzon-Carmine-Vigliotti-104-scaled.jpg?w=1922&amp;ssl=1 1922w, https:\/\/i0.wp.com\/schrittmacherfestival.nl\/wp-content\/uploads\/2025\/12\/Minoe-Bossink-Morgenzon-Carmine-Vigliotti-104-scaled.jpg?w=1280&amp;ssl=1 1280w\" sizes=\"(max-width: 640px) 100vw, 640px\" \/><\/figure>\n\n\n\n<figure class=\"wp-block-image size-large\"><img data-recalc-dims=\"1\" loading=\"lazy\" decoding=\"async\" width=\"640\" height=\"852\" data-id=\"12370\" src=\"https:\/\/i0.wp.com\/schrittmacherfestival.nl\/wp-content\/uploads\/2025\/12\/Minoe-Bossink-Morgenzon-Carmine-Vigliotti-103.jpg?resize=640%2C852&#038;ssl=1\" alt=\"\" class=\"wp-image-12370\" srcset=\"https:\/\/i0.wp.com\/schrittmacherfestival.nl\/wp-content\/uploads\/2025\/12\/Minoe-Bossink-Morgenzon-Carmine-Vigliotti-103-scaled.jpg?resize=769%2C1024&amp;ssl=1 769w, https:\/\/i0.wp.com\/schrittmacherfestival.nl\/wp-content\/uploads\/2025\/12\/Minoe-Bossink-Morgenzon-Carmine-Vigliotti-103-scaled.jpg?resize=225%2C300&amp;ssl=1 225w, https:\/\/i0.wp.com\/schrittmacherfestival.nl\/wp-content\/uploads\/2025\/12\/Minoe-Bossink-Morgenzon-Carmine-Vigliotti-103-scaled.jpg?resize=768%2C1023&amp;ssl=1 768w, https:\/\/i0.wp.com\/schrittmacherfestival.nl\/wp-content\/uploads\/2025\/12\/Minoe-Bossink-Morgenzon-Carmine-Vigliotti-103-scaled.jpg?resize=1153%2C1536&amp;ssl=1 1153w, https:\/\/i0.wp.com\/schrittmacherfestival.nl\/wp-content\/uploads\/2025\/12\/Minoe-Bossink-Morgenzon-Carmine-Vigliotti-103-scaled.jpg?resize=1538%2C2048&amp;ssl=1 1538w, https:\/\/i0.wp.com\/schrittmacherfestival.nl\/wp-content\/uploads\/2025\/12\/Minoe-Bossink-Morgenzon-Carmine-Vigliotti-103-scaled.jpg?resize=20%2C27&amp;ssl=1 20w, https:\/\/i0.wp.com\/schrittmacherfestival.nl\/wp-content\/uploads\/2025\/12\/Minoe-Bossink-Morgenzon-Carmine-Vigliotti-103-scaled.jpg?w=1922&amp;ssl=1 1922w, https:\/\/i0.wp.com\/schrittmacherfestival.nl\/wp-content\/uploads\/2025\/12\/Minoe-Bossink-Morgenzon-Carmine-Vigliotti-103-scaled.jpg?w=1280&amp;ssl=1 1280w\" sizes=\"(max-width: 640px) 100vw, 640px\" \/><\/figure>\n\n\n\n<figure class=\"wp-block-image size-large\"><img data-recalc-dims=\"1\" loading=\"lazy\" decoding=\"async\" width=\"640\" height=\"481\" data-id=\"12371\" src=\"https:\/\/i0.wp.com\/schrittmacherfestival.nl\/wp-content\/uploads\/2025\/12\/Minoe-Bossink-Morgenzon-Carmine-Vigliotti-100-1.jpg?resize=640%2C481&#038;ssl=1\" alt=\"\" class=\"wp-image-12371\" srcset=\"https:\/\/i0.wp.com\/schrittmacherfestival.nl\/wp-content\/uploads\/2025\/12\/Minoe-Bossink-Morgenzon-Carmine-Vigliotti-100-1-scaled.jpg?resize=1024%2C769&amp;ssl=1 1024w, https:\/\/i0.wp.com\/schrittmacherfestival.nl\/wp-content\/uploads\/2025\/12\/Minoe-Bossink-Morgenzon-Carmine-Vigliotti-100-1-scaled.jpg?resize=300%2C225&amp;ssl=1 300w, https:\/\/i0.wp.com\/schrittmacherfestival.nl\/wp-content\/uploads\/2025\/12\/Minoe-Bossink-Morgenzon-Carmine-Vigliotti-100-1-scaled.jpg?resize=768%2C577&amp;ssl=1 768w, https:\/\/i0.wp.com\/schrittmacherfestival.nl\/wp-content\/uploads\/2025\/12\/Minoe-Bossink-Morgenzon-Carmine-Vigliotti-100-1-scaled.jpg?resize=1536%2C1153&amp;ssl=1 1536w, https:\/\/i0.wp.com\/schrittmacherfestival.nl\/wp-content\/uploads\/2025\/12\/Minoe-Bossink-Morgenzon-Carmine-Vigliotti-100-1-scaled.jpg?resize=2048%2C1538&amp;ssl=1 2048w, https:\/\/i0.wp.com\/schrittmacherfestival.nl\/wp-content\/uploads\/2025\/12\/Minoe-Bossink-Morgenzon-Carmine-Vigliotti-100-1-scaled.jpg?resize=31%2C23&amp;ssl=1 31w, https:\/\/i0.wp.com\/schrittmacherfestival.nl\/wp-content\/uploads\/2025\/12\/Minoe-Bossink-Morgenzon-Carmine-Vigliotti-100-1-scaled.jpg?w=1280&amp;ssl=1 1280w, https:\/\/i0.wp.com\/schrittmacherfestival.nl\/wp-content\/uploads\/2025\/12\/Minoe-Bossink-Morgenzon-Carmine-Vigliotti-100-1-scaled.jpg?w=1920&amp;ssl=1 1920w\" sizes=\"(max-width: 640px) 100vw, 640px\" \/><\/figure>\n\n\n\n<figure class=\"wp-block-image size-large\"><img data-recalc-dims=\"1\" loading=\"lazy\" decoding=\"async\" width=\"640\" height=\"1024\" data-id=\"12368\" src=\"https:\/\/i0.wp.com\/schrittmacherfestival.nl\/wp-content\/uploads\/2025\/12\/Minoe-Bossink-Morgenzon-Carmine-Vigliotti-102.jpg?resize=640%2C1024&#038;ssl=1\" alt=\"\" class=\"wp-image-12368\" srcset=\"https:\/\/i0.wp.com\/schrittmacherfestival.nl\/wp-content\/uploads\/2025\/12\/Minoe-Bossink-Morgenzon-Carmine-Vigliotti-102-scaled.jpg?resize=640%2C1024&amp;ssl=1 640w, https:\/\/i0.wp.com\/schrittmacherfestival.nl\/wp-content\/uploads\/2025\/12\/Minoe-Bossink-Morgenzon-Carmine-Vigliotti-102-scaled.jpg?resize=188%2C300&amp;ssl=1 188w, https:\/\/i0.wp.com\/schrittmacherfestival.nl\/wp-content\/uploads\/2025\/12\/Minoe-Bossink-Morgenzon-Carmine-Vigliotti-102-scaled.jpg?resize=768%2C1228&amp;ssl=1 768w, https:\/\/i0.wp.com\/schrittmacherfestival.nl\/wp-content\/uploads\/2025\/12\/Minoe-Bossink-Morgenzon-Carmine-Vigliotti-102-scaled.jpg?resize=960%2C1536&amp;ssl=1 960w, https:\/\/i0.wp.com\/schrittmacherfestival.nl\/wp-content\/uploads\/2025\/12\/Minoe-Bossink-Morgenzon-Carmine-Vigliotti-102-scaled.jpg?resize=1281%2C2048&amp;ssl=1 1281w, https:\/\/i0.wp.com\/schrittmacherfestival.nl\/wp-content\/uploads\/2025\/12\/Minoe-Bossink-Morgenzon-Carmine-Vigliotti-102-scaled.jpg?resize=17%2C27&amp;ssl=1 17w, https:\/\/i0.wp.com\/schrittmacherfestival.nl\/wp-content\/uploads\/2025\/12\/Minoe-Bossink-Morgenzon-Carmine-Vigliotti-102-scaled.jpg?w=1601&amp;ssl=1 1601w\" sizes=\"(max-width: 640px) 100vw, 640px\" \/><\/figure>\n<\/figure>\n\n<hr class=\"wp-block-separator has-css-opacity\"\/>\n","protected":false},"excerpt":{"rendered":"<p>Minoe Bossink\u00a0(NL) Di 03.03.2026 Sevagram Molenpark Heerlen (For residents only)Sevagram Sint Anna Heerlen (For residents only) Fr 06.03.202611:15, Sevagram De Regenboog Heerlen15:45, Sevagram Parc Douvenrade Heerlen Fr 20.03.202611:00, Sevagram Scharwyerveld Maastricht15:15, Sevagram Campagne Maastricht (Abgesagt) 5,00 \u20ac Made possible by Sevagram Verwenzorg and Cultuurmakers Maastricht Im Rahmen von schrit_tmacher 2026 arbeitet die Choreografin Minoe Bossink &#8211; ehemalige T\u00e4nzerin bei Co-Lab [&hellip;]<\/p>\n","protected":false},"author":1,"featured_media":0,"parent":0,"menu_order":0,"comment_status":"closed","ping_status":"closed","template":"","meta":{"_acf_changed":false,"footnotes":""},"class_list":["post-12375","page","type-page","status-publish","hentry"],"aioseo_notices":[],"acf":[],"jetpack_sharing_enabled":true,"_links":{"self":[{"href":"https:\/\/schrittmacherfestival.nl\/de\/wp-json\/wp\/v2\/pages\/12375","targetHints":{"allow":["GET"]}}],"collection":[{"href":"https:\/\/schrittmacherfestival.nl\/de\/wp-json\/wp\/v2\/pages"}],"about":[{"href":"https:\/\/schrittmacherfestival.nl\/de\/wp-json\/wp\/v2\/types\/page"}],"author":[{"embeddable":true,"href":"https:\/\/schrittmacherfestival.nl\/de\/wp-json\/wp\/v2\/users\/1"}],"replies":[{"embeddable":true,"href":"https:\/\/schrittmacherfestival.nl\/de\/wp-json\/wp\/v2\/comments?post=12375"}],"version-history":[{"count":11,"href":"https:\/\/schrittmacherfestival.nl\/de\/wp-json\/wp\/v2\/pages\/12375\/revisions"}],"predecessor-version":[{"id":13923,"href":"https:\/\/schrittmacherfestival.nl\/de\/wp-json\/wp\/v2\/pages\/12375\/revisions\/13923"}],"wp:attachment":[{"href":"https:\/\/schrittmacherfestival.nl\/de\/wp-json\/wp\/v2\/media?parent=12375"}],"curies":[{"name":"wp","href":"https:\/\/api.w.org\/{rel}","templated":true}]}}