{"id":12392,"date":"2025-12-10T13:13:04","date_gmt":"2025-12-10T13:13:04","guid":{"rendered":"https:\/\/schrittmacherfestival.nl\/schrit_tmacher-co-lab\/"},"modified":"2025-12-18T11:48:36","modified_gmt":"2025-12-18T11:48:36","slug":"schrit_tmacher-co-lab","status":"publish","type":"page","link":"https:\/\/schrittmacherfestival.nl\/de\/schrit_tmacher-co-lab\/","title":{"rendered":"schrit_tmacher Co-Lab"},"content":{"rendered":"\n<h1 class=\"wp-block-heading has-black-color has-text-color\" id=\"hofesh-shechter-company-gbr\">Nadja Thumm, Luc \u201cSkywalker\u201d Arnoldussen, Luca Neumann, and Marc Sch\u00fcrmann<\/h1>\n\n<p><strong>Fr 06.03.2026<br\/><\/strong>20:00, Ludwig Forum Aachen \/ space<strong><br\/><br\/>So 08.03.2026<br\/><\/strong>16:00, Stadskantoor Heerlen, publiekshal<\/p>\n\n<p><strong>Sa 14.03.2026<\/strong><br\/>20:00, Alter Schlachthof Eupen, Halle B<br\/><strong><br\/>12,00 \u20ac<\/strong><\/p>\n\n<figure class=\"wp-block-image alignwide size-large\"><img data-recalc-dims=\"1\" fetchpriority=\"high\" decoding=\"async\" width=\"640\" height=\"267\" src=\"https:\/\/i0.wp.com\/schrittmacherfestival.nl\/wp-content\/uploads\/2025\/12\/schrit_tmacher_SIDEWALK_Panorama-Heerlen_foto-Luc-Lodder-36-scaled-e1765368370410-1024x427.jpg?resize=640%2C267&#038;ssl=1\" alt=\"\" class=\"wp-image-12346\" srcset=\"https:\/\/i0.wp.com\/schrittmacherfestival.nl\/wp-content\/uploads\/2025\/12\/schrit_tmacher_SIDEWALK_Panorama-Heerlen_foto-Luc-Lodder-36-scaled-e1765368370410.jpg?resize=1024%2C427&amp;ssl=1 1024w, https:\/\/i0.wp.com\/schrittmacherfestival.nl\/wp-content\/uploads\/2025\/12\/schrit_tmacher_SIDEWALK_Panorama-Heerlen_foto-Luc-Lodder-36-scaled-e1765368370410.jpg?resize=300%2C125&amp;ssl=1 300w, https:\/\/i0.wp.com\/schrittmacherfestival.nl\/wp-content\/uploads\/2025\/12\/schrit_tmacher_SIDEWALK_Panorama-Heerlen_foto-Luc-Lodder-36-scaled-e1765368370410.jpg?resize=768%2C320&amp;ssl=1 768w, https:\/\/i0.wp.com\/schrittmacherfestival.nl\/wp-content\/uploads\/2025\/12\/schrit_tmacher_SIDEWALK_Panorama-Heerlen_foto-Luc-Lodder-36-scaled-e1765368370410.jpg?resize=31%2C13&amp;ssl=1 31w, https:\/\/i0.wp.com\/schrittmacherfestival.nl\/wp-content\/uploads\/2025\/12\/schrit_tmacher_SIDEWALK_Panorama-Heerlen_foto-Luc-Lodder-36-scaled-e1765368370410.jpg?w=1200&amp;ssl=1 1200w\" sizes=\"(max-width: 640px) 100vw, 640px\" \/><\/figure>\n\n<hr class=\"wp-block-separator has-css-opacity\"\/>\n\n<p>Seit zehn Jahren bietet  \u201eCo-Lab\u201d im Rahmen von schrit_tmacher eine Plattform f\u00fcr choreografische und t\u00e4nzerische Talente aus der Euregio \u2013 ein Sprungbrett f\u00fcr viele Tanzkarrieren. Drei Monate lang entwickeln junge Choreograf*innen im Auftrag des Festivals kurze St\u00fccke zu aktuellen Themen. Die Talente Nadja Thumm, Luc \u201cSkywalker\u201d Arnoldussen, Luca Neumann und Marc Sch\u00fcrmann werden vom Huis voor de Kunsten Limburg begleitet. Ihre St\u00fccke, produziert von schrit_tmacher, ARTbewegt, Via Zuid und Chudoscnik Sunergia, werden im M\u00e4rz 2026 an drei Orten in drei L\u00e4ndern gezeigt, da der Alter Schlachthof Eupen erstmals als Projektort fungiert.<\/p>\n\n<p>Duration: ~ 70 min.<\/p>\n\n<hr class=\"wp-block-separator has-css-opacity\"\/>\n\n<div class=\"wp-block-buttons is-horizontal is-content-justification-center is-layout-flex wp-container-core-buttons-is-layout-499968f5 wp-block-buttons-is-layout-flex\">\n<div class=\"wp-block-button\"><a class=\"wp-block-button__link has-white-color has-black-background-color has-text-color has-background wp-element-button\" href=\"https:\/\/bestellen.plt.nl\/bestel\/13764\" target=\"_blank\" rel=\"noreferrer noopener\"><strong>Tickets Fr 06.03 | 20.00 Uhr<\/strong><\/a><\/div>\n\n\n\n<div class=\"wp-block-button\"><a class=\"wp-block-button__link has-white-color has-black-background-color has-text-color has-background wp-element-button\" href=\"https:\/\/bestellen.plt.nl\/bestel\/13800\" target=\"_blank\" rel=\"noreferrer noopener\"><strong>Tickets So 08.03 | 16.00 Uhr<\/strong><\/a><\/div>\n\n\n\n<div class=\"wp-block-button\"><a class=\"wp-block-button__link has-white-color has-black-background-color has-text-color has-background wp-element-button\" href=\"https:\/\/bestellen.plt.nl\/bestel\/13775\" target=\"_blank\" rel=\"noreferrer noopener\"><strong>Tickets Sa 14.03 | 20.00 Uhr<\/strong><\/a><\/div>\n<\/div>\n\n<hr class=\"wp-block-separator has-css-opacity\"\/>\n\n<figure class=\"wp-block-gallery has-nested-images columns-default is-cropped wp-block-gallery-1 is-layout-flex wp-block-gallery-is-layout-flex\">\n<figure class=\"wp-block-image size-large\"><img data-recalc-dims=\"1\" decoding=\"async\" width=\"640\" height=\"480\" data-id=\"12387\" src=\"https:\/\/i0.wp.com\/schrittmacherfestival.nl\/wp-content\/uploads\/2025\/12\/241009_LUCA_NEUMANN_HEADSHOT_0028.jpg?resize=640%2C480&#038;ssl=1\" alt=\"\" class=\"wp-image-12387\" srcset=\"https:\/\/i0.wp.com\/schrittmacherfestival.nl\/wp-content\/uploads\/2025\/12\/241009_LUCA_NEUMANN_HEADSHOT_0028-scaled.jpg?resize=1024%2C768&amp;ssl=1 1024w, https:\/\/i0.wp.com\/schrittmacherfestival.nl\/wp-content\/uploads\/2025\/12\/241009_LUCA_NEUMANN_HEADSHOT_0028-scaled.jpg?resize=300%2C225&amp;ssl=1 300w, https:\/\/i0.wp.com\/schrittmacherfestival.nl\/wp-content\/uploads\/2025\/12\/241009_LUCA_NEUMANN_HEADSHOT_0028-scaled.jpg?resize=768%2C576&amp;ssl=1 768w, https:\/\/i0.wp.com\/schrittmacherfestival.nl\/wp-content\/uploads\/2025\/12\/241009_LUCA_NEUMANN_HEADSHOT_0028-scaled.jpg?resize=1536%2C1152&amp;ssl=1 1536w, https:\/\/i0.wp.com\/schrittmacherfestival.nl\/wp-content\/uploads\/2025\/12\/241009_LUCA_NEUMANN_HEADSHOT_0028-scaled.jpg?resize=2048%2C1536&amp;ssl=1 2048w, https:\/\/i0.wp.com\/schrittmacherfestival.nl\/wp-content\/uploads\/2025\/12\/241009_LUCA_NEUMANN_HEADSHOT_0028-scaled.jpg?resize=31%2C23&amp;ssl=1 31w, https:\/\/i0.wp.com\/schrittmacherfestival.nl\/wp-content\/uploads\/2025\/12\/241009_LUCA_NEUMANN_HEADSHOT_0028-scaled.jpg?w=1280&amp;ssl=1 1280w, https:\/\/i0.wp.com\/schrittmacherfestival.nl\/wp-content\/uploads\/2025\/12\/241009_LUCA_NEUMANN_HEADSHOT_0028-scaled.jpg?w=1920&amp;ssl=1 1920w\" sizes=\"(max-width: 640px) 100vw, 640px\" \/><\/figure>\n\n\n\n<figure class=\"wp-block-image size-large\"><img data-recalc-dims=\"1\" decoding=\"async\" width=\"640\" height=\"960\" data-id=\"12386\" src=\"https:\/\/i0.wp.com\/schrittmacherfestival.nl\/wp-content\/uploads\/2025\/12\/Marc_Schuermann_c_Marius_Zander_02.jpg?resize=640%2C960&#038;ssl=1\" alt=\"\" class=\"wp-image-12386\" srcset=\"https:\/\/i0.wp.com\/schrittmacherfestival.nl\/wp-content\/uploads\/2025\/12\/Marc_Schuermann_c_Marius_Zander_02-scaled.jpg?resize=683%2C1024&amp;ssl=1 683w, https:\/\/i0.wp.com\/schrittmacherfestival.nl\/wp-content\/uploads\/2025\/12\/Marc_Schuermann_c_Marius_Zander_02-scaled.jpg?resize=200%2C300&amp;ssl=1 200w, https:\/\/i0.wp.com\/schrittmacherfestival.nl\/wp-content\/uploads\/2025\/12\/Marc_Schuermann_c_Marius_Zander_02-scaled.jpg?resize=768%2C1151&amp;ssl=1 768w, https:\/\/i0.wp.com\/schrittmacherfestival.nl\/wp-content\/uploads\/2025\/12\/Marc_Schuermann_c_Marius_Zander_02-scaled.jpg?resize=1025%2C1536&amp;ssl=1 1025w, https:\/\/i0.wp.com\/schrittmacherfestival.nl\/wp-content\/uploads\/2025\/12\/Marc_Schuermann_c_Marius_Zander_02-scaled.jpg?resize=1367%2C2048&amp;ssl=1 1367w, https:\/\/i0.wp.com\/schrittmacherfestival.nl\/wp-content\/uploads\/2025\/12\/Marc_Schuermann_c_Marius_Zander_02-scaled.jpg?resize=18%2C27&amp;ssl=1 18w, https:\/\/i0.wp.com\/schrittmacherfestival.nl\/wp-content\/uploads\/2025\/12\/Marc_Schuermann_c_Marius_Zander_02-scaled.jpg?w=1708&amp;ssl=1 1708w, https:\/\/i0.wp.com\/schrittmacherfestival.nl\/wp-content\/uploads\/2025\/12\/Marc_Schuermann_c_Marius_Zander_02-scaled.jpg?w=1280&amp;ssl=1 1280w\" sizes=\"(max-width: 640px) 100vw, 640px\" \/><\/figure>\n\n\n\n<figure class=\"wp-block-image size-large\"><img data-recalc-dims=\"1\" loading=\"lazy\" decoding=\"async\" width=\"480\" height=\"640\" data-id=\"12385\" src=\"https:\/\/i0.wp.com\/schrittmacherfestival.nl\/wp-content\/uploads\/2025\/12\/Nadja_Thumm_NEU_c_Rut_Antunes.jpeg?resize=480%2C640&#038;ssl=1\" alt=\"\" class=\"wp-image-12385\" srcset=\"https:\/\/i0.wp.com\/schrittmacherfestival.nl\/wp-content\/uploads\/2025\/12\/Nadja_Thumm_NEU_c_Rut_Antunes.jpeg?w=480&amp;ssl=1 480w, https:\/\/i0.wp.com\/schrittmacherfestival.nl\/wp-content\/uploads\/2025\/12\/Nadja_Thumm_NEU_c_Rut_Antunes.jpeg?resize=225%2C300&amp;ssl=1 225w, https:\/\/i0.wp.com\/schrittmacherfestival.nl\/wp-content\/uploads\/2025\/12\/Nadja_Thumm_NEU_c_Rut_Antunes.jpeg?resize=20%2C27&amp;ssl=1 20w\" sizes=\"(max-width: 480px) 100vw, 480px\" \/><\/figure>\n\n\n\n<figure class=\"wp-block-image size-large\"><img data-recalc-dims=\"1\" loading=\"lazy\" decoding=\"async\" width=\"640\" height=\"640\" data-id=\"12388\" src=\"https:\/\/i0.wp.com\/schrittmacherfestival.nl\/wp-content\/uploads\/2025\/12\/Luc_Arnoldussen_c_privat_IMG_7821.jpeg?resize=640%2C640&#038;ssl=1\" alt=\"\" class=\"wp-image-12388\" srcset=\"https:\/\/i0.wp.com\/schrittmacherfestival.nl\/wp-content\/uploads\/2025\/12\/Luc_Arnoldussen_c_privat_IMG_7821-scaled.jpeg?resize=1024%2C1024&amp;ssl=1 1024w, https:\/\/i0.wp.com\/schrittmacherfestival.nl\/wp-content\/uploads\/2025\/12\/Luc_Arnoldussen_c_privat_IMG_7821-scaled.jpeg?resize=300%2C300&amp;ssl=1 300w, https:\/\/i0.wp.com\/schrittmacherfestival.nl\/wp-content\/uploads\/2025\/12\/Luc_Arnoldussen_c_privat_IMG_7821-scaled.jpeg?resize=150%2C150&amp;ssl=1 150w, https:\/\/i0.wp.com\/schrittmacherfestival.nl\/wp-content\/uploads\/2025\/12\/Luc_Arnoldussen_c_privat_IMG_7821-scaled.jpeg?resize=768%2C768&amp;ssl=1 768w, https:\/\/i0.wp.com\/schrittmacherfestival.nl\/wp-content\/uploads\/2025\/12\/Luc_Arnoldussen_c_privat_IMG_7821-scaled.jpeg?resize=1536%2C1536&amp;ssl=1 1536w, https:\/\/i0.wp.com\/schrittmacherfestival.nl\/wp-content\/uploads\/2025\/12\/Luc_Arnoldussen_c_privat_IMG_7821-scaled.jpeg?resize=2048%2C2048&amp;ssl=1 2048w, https:\/\/i0.wp.com\/schrittmacherfestival.nl\/wp-content\/uploads\/2025\/12\/Luc_Arnoldussen_c_privat_IMG_7821-scaled.jpeg?resize=80%2C80&amp;ssl=1 80w, https:\/\/i0.wp.com\/schrittmacherfestival.nl\/wp-content\/uploads\/2025\/12\/Luc_Arnoldussen_c_privat_IMG_7821-scaled.jpeg?resize=27%2C27&amp;ssl=1 27w, https:\/\/i0.wp.com\/schrittmacherfestival.nl\/wp-content\/uploads\/2025\/12\/Luc_Arnoldussen_c_privat_IMG_7821-scaled.jpeg?w=1280&amp;ssl=1 1280w, https:\/\/i0.wp.com\/schrittmacherfestival.nl\/wp-content\/uploads\/2025\/12\/Luc_Arnoldussen_c_privat_IMG_7821-scaled.jpeg?w=1920&amp;ssl=1 1920w\" sizes=\"(max-width: 640px) 100vw, 640px\" \/><\/figure>\n<\/figure>\n\n<hr class=\"wp-block-separator has-css-opacity\"\/>\n","protected":false},"excerpt":{"rendered":"<p>Nadja Thumm, Luc \u201cSkywalker\u201d Arnoldussen, Luca Neumann, and Marc Sch\u00fcrmann Fr 06.03.202620:00, Ludwig Forum Aachen \/ space So 08.03.202616:00, Stadskantoor Heerlen, publiekshal Sa 14.03.202620:00, Alter Schlachthof Eupen, Halle B12,00 \u20ac Seit zehn Jahren bietet \u201eCo-Lab\u201d im Rahmen von schrit_tmacher eine Plattform f\u00fcr choreografische und t\u00e4nzerische Talente aus der Euregio \u2013 ein Sprungbrett f\u00fcr viele Tanzkarrieren. Drei Monate lang entwickeln junge [&hellip;]<\/p>\n","protected":false},"author":1,"featured_media":0,"parent":0,"menu_order":0,"comment_status":"closed","ping_status":"closed","template":"","meta":{"_acf_changed":false,"footnotes":""},"class_list":["post-12392","page","type-page","status-publish","hentry"],"aioseo_notices":[],"acf":[],"jetpack_sharing_enabled":true,"_links":{"self":[{"href":"https:\/\/schrittmacherfestival.nl\/de\/wp-json\/wp\/v2\/pages\/12392","targetHints":{"allow":["GET"]}}],"collection":[{"href":"https:\/\/schrittmacherfestival.nl\/de\/wp-json\/wp\/v2\/pages"}],"about":[{"href":"https:\/\/schrittmacherfestival.nl\/de\/wp-json\/wp\/v2\/types\/page"}],"author":[{"embeddable":true,"href":"https:\/\/schrittmacherfestival.nl\/de\/wp-json\/wp\/v2\/users\/1"}],"replies":[{"embeddable":true,"href":"https:\/\/schrittmacherfestival.nl\/de\/wp-json\/wp\/v2\/comments?post=12392"}],"version-history":[{"count":4,"href":"https:\/\/schrittmacherfestival.nl\/de\/wp-json\/wp\/v2\/pages\/12392\/revisions"}],"predecessor-version":[{"id":13357,"href":"https:\/\/schrittmacherfestival.nl\/de\/wp-json\/wp\/v2\/pages\/12392\/revisions\/13357"}],"wp:attachment":[{"href":"https:\/\/schrittmacherfestival.nl\/de\/wp-json\/wp\/v2\/media?parent=12392"}],"curies":[{"name":"wp","href":"https:\/\/api.w.org\/{rel}","templated":true}]}}