{"id":12414,"date":"2025-12-10T13:38:24","date_gmt":"2025-12-10T13:38:24","guid":{"rendered":"https:\/\/schrittmacherfestival.nl\/trail\/"},"modified":"2026-02-27T09:17:10","modified_gmt":"2026-02-27T09:17:10","slug":"trail","status":"publish","type":"page","link":"https:\/\/schrittmacherfestival.nl\/de\/trail\/","title":{"rendered":"Trail"},"content":{"rendered":"\n<h1 class=\"wp-block-heading has-black-color has-text-color\" id=\"hofesh-shechter-company-gbr\"><strong>Minoe Bossink <\/strong>(NL)<\/h1>\n\n<p><strong>City Center of Heerlen<\/strong><br\/><strong><strong>Sa 07.03.2026 + Sa 21.03.2026<\/strong><\/strong><br\/><strong>13:30 + 15:30 Uhr<br\/>free<\/strong><\/p>\n\n<figure class=\"wp-block-image alignwide size-large\"><img data-recalc-dims=\"1\" fetchpriority=\"high\" decoding=\"async\" width=\"640\" height=\"267\" src=\"https:\/\/i0.wp.com\/schrittmacherfestival.nl\/wp-content\/uploads\/2025\/12\/Trial-MinoeBossink-JostijnLigtvoetFotografie-101-e1765368476521-1024x427.jpg?resize=640%2C267&#038;ssl=1\" alt=\"\" class=\"wp-image-12347\" srcset=\"https:\/\/i0.wp.com\/schrittmacherfestival.nl\/wp-content\/uploads\/2025\/12\/Trial-MinoeBossink-JostijnLigtvoetFotografie-101-e1765368476521.jpg?resize=1024%2C427&amp;ssl=1 1024w, https:\/\/i0.wp.com\/schrittmacherfestival.nl\/wp-content\/uploads\/2025\/12\/Trial-MinoeBossink-JostijnLigtvoetFotografie-101-e1765368476521.jpg?resize=300%2C125&amp;ssl=1 300w, https:\/\/i0.wp.com\/schrittmacherfestival.nl\/wp-content\/uploads\/2025\/12\/Trial-MinoeBossink-JostijnLigtvoetFotografie-101-e1765368476521.jpg?resize=768%2C320&amp;ssl=1 768w, https:\/\/i0.wp.com\/schrittmacherfestival.nl\/wp-content\/uploads\/2025\/12\/Trial-MinoeBossink-JostijnLigtvoetFotografie-101-e1765368476521.jpg?resize=31%2C13&amp;ssl=1 31w, https:\/\/i0.wp.com\/schrittmacherfestival.nl\/wp-content\/uploads\/2025\/12\/Trial-MinoeBossink-JostijnLigtvoetFotografie-101-e1765368476521.jpg?w=1200&amp;ssl=1 1200w\" sizes=\"(max-width: 640px) 100vw, 640px\" \/><\/figure>\n\n<hr class=\"wp-block-separator has-css-opacity\"\/>\n\n<p>\u201eTrial\u201c der jungen niederl\u00e4ndischen Choreografin und ehemaligen Co-Lab-Teilnehmerin Minoe Bossink findet mehrmals t\u00e4glich mitten im Einkaufsget\u00fcmmel statt. Die Performance l\u00e4dt dazu ein, sich selbst und anderen zu begegnen \u2013 in kleinen Momenten von Menschlichkeit: Unbehagen, Freude, Scham und Mut. Inmitten des Alltags wird Verletzlichkeit zur St\u00e4rke, und es entstehen unerwartete Verbindungen zwischen Menschen.<\/p>\n\n<p>Duration:<em> <\/em>~ 20 min.<\/p>\n\n<p><a href=\"https:\/\/schrittmacherfestival.nl\/de\/morgenzon\/\" title=\"\"><strong>Morgenzon<\/strong><\/a><br\/>Minoe Bossink | NL<br\/>Di 03.03.2026<br\/>Fr 06.03.2026<br\/>Fr 20.03.2026<\/p>\n\n<p>Credits:<br\/><strong>Konzept &amp; Choreografie Minoe Bossink<\/strong><br\/><strong>Tanz: Anne Buunk &amp; Kirsten Drenth<\/strong><br\/><strong>Musik Bodi K. Vleij<\/strong><\/p>\n\n<hr class=\"wp-block-separator has-css-opacity\"\/>\n\n<figure class=\"wp-block-gallery has-nested-images columns-default is-cropped wp-block-gallery-1 is-layout-flex wp-block-gallery-is-layout-flex\">\n<figure class=\"wp-block-image size-large\"><img data-recalc-dims=\"1\" decoding=\"async\" width=\"640\" height=\"426\" data-id=\"12407\" src=\"https:\/\/i0.wp.com\/schrittmacherfestival.nl\/wp-content\/uploads\/2025\/12\/Trial-MinoeBossink-JostijnLigtvoetFotografie-4.jpg?resize=640%2C426&#038;ssl=1\" alt=\"\" class=\"wp-image-12407\" srcset=\"https:\/\/i0.wp.com\/schrittmacherfestival.nl\/wp-content\/uploads\/2025\/12\/Trial-MinoeBossink-JostijnLigtvoetFotografie-4.jpg?resize=1024%2C682&amp;ssl=1 1024w, https:\/\/i0.wp.com\/schrittmacherfestival.nl\/wp-content\/uploads\/2025\/12\/Trial-MinoeBossink-JostijnLigtvoetFotografie-4.jpg?resize=300%2C200&amp;ssl=1 300w, https:\/\/i0.wp.com\/schrittmacherfestival.nl\/wp-content\/uploads\/2025\/12\/Trial-MinoeBossink-JostijnLigtvoetFotografie-4.jpg?resize=768%2C512&amp;ssl=1 768w, https:\/\/i0.wp.com\/schrittmacherfestival.nl\/wp-content\/uploads\/2025\/12\/Trial-MinoeBossink-JostijnLigtvoetFotografie-4.jpg?resize=1536%2C1024&amp;ssl=1 1536w, https:\/\/i0.wp.com\/schrittmacherfestival.nl\/wp-content\/uploads\/2025\/12\/Trial-MinoeBossink-JostijnLigtvoetFotografie-4.jpg?resize=600%2C400&amp;ssl=1 600w, https:\/\/i0.wp.com\/schrittmacherfestival.nl\/wp-content\/uploads\/2025\/12\/Trial-MinoeBossink-JostijnLigtvoetFotografie-4.jpg?resize=31%2C21&amp;ssl=1 31w, https:\/\/i0.wp.com\/schrittmacherfestival.nl\/wp-content\/uploads\/2025\/12\/Trial-MinoeBossink-JostijnLigtvoetFotografie-4.jpg?w=2000&amp;ssl=1 2000w, https:\/\/i0.wp.com\/schrittmacherfestival.nl\/wp-content\/uploads\/2025\/12\/Trial-MinoeBossink-JostijnLigtvoetFotografie-4.jpg?w=1280&amp;ssl=1 1280w, https:\/\/i0.wp.com\/schrittmacherfestival.nl\/wp-content\/uploads\/2025\/12\/Trial-MinoeBossink-JostijnLigtvoetFotografie-4.jpg?w=1920&amp;ssl=1 1920w\" sizes=\"(max-width: 640px) 100vw, 640px\" \/><\/figure>\n\n\n\n<figure class=\"wp-block-image size-large\"><img data-recalc-dims=\"1\" decoding=\"async\" width=\"640\" height=\"426\" data-id=\"12405\" src=\"https:\/\/i0.wp.com\/schrittmacherfestival.nl\/wp-content\/uploads\/2025\/12\/Trial-MinoeBossink-JostijnLigtvoetFotografie-101-1.jpg?resize=640%2C426&#038;ssl=1\" alt=\"\" class=\"wp-image-12405\" srcset=\"https:\/\/i0.wp.com\/schrittmacherfestival.nl\/wp-content\/uploads\/2025\/12\/Trial-MinoeBossink-JostijnLigtvoetFotografie-101-1.jpg?resize=1024%2C682&amp;ssl=1 1024w, https:\/\/i0.wp.com\/schrittmacherfestival.nl\/wp-content\/uploads\/2025\/12\/Trial-MinoeBossink-JostijnLigtvoetFotografie-101-1.jpg?resize=300%2C200&amp;ssl=1 300w, https:\/\/i0.wp.com\/schrittmacherfestival.nl\/wp-content\/uploads\/2025\/12\/Trial-MinoeBossink-JostijnLigtvoetFotografie-101-1.jpg?resize=768%2C512&amp;ssl=1 768w, https:\/\/i0.wp.com\/schrittmacherfestival.nl\/wp-content\/uploads\/2025\/12\/Trial-MinoeBossink-JostijnLigtvoetFotografie-101-1.jpg?resize=1536%2C1024&amp;ssl=1 1536w, https:\/\/i0.wp.com\/schrittmacherfestival.nl\/wp-content\/uploads\/2025\/12\/Trial-MinoeBossink-JostijnLigtvoetFotografie-101-1.jpg?resize=600%2C400&amp;ssl=1 600w, https:\/\/i0.wp.com\/schrittmacherfestival.nl\/wp-content\/uploads\/2025\/12\/Trial-MinoeBossink-JostijnLigtvoetFotografie-101-1.jpg?resize=31%2C21&amp;ssl=1 31w, https:\/\/i0.wp.com\/schrittmacherfestival.nl\/wp-content\/uploads\/2025\/12\/Trial-MinoeBossink-JostijnLigtvoetFotografie-101-1.jpg?w=2000&amp;ssl=1 2000w, https:\/\/i0.wp.com\/schrittmacherfestival.nl\/wp-content\/uploads\/2025\/12\/Trial-MinoeBossink-JostijnLigtvoetFotografie-101-1.jpg?w=1280&amp;ssl=1 1280w, https:\/\/i0.wp.com\/schrittmacherfestival.nl\/wp-content\/uploads\/2025\/12\/Trial-MinoeBossink-JostijnLigtvoetFotografie-101-1.jpg?w=1920&amp;ssl=1 1920w\" sizes=\"(max-width: 640px) 100vw, 640px\" \/><\/figure>\n\n\n\n<figure class=\"wp-block-image size-large\"><img data-recalc-dims=\"1\" loading=\"lazy\" decoding=\"async\" width=\"640\" height=\"426\" data-id=\"12404\" src=\"https:\/\/i0.wp.com\/schrittmacherfestival.nl\/wp-content\/uploads\/2025\/12\/Trial-MinoeBossink-JostijnLigtvoetFotografie-153.jpg?resize=640%2C426&#038;ssl=1\" alt=\"\" class=\"wp-image-12404\" srcset=\"https:\/\/i0.wp.com\/schrittmacherfestival.nl\/wp-content\/uploads\/2025\/12\/Trial-MinoeBossink-JostijnLigtvoetFotografie-153.jpg?resize=1024%2C682&amp;ssl=1 1024w, https:\/\/i0.wp.com\/schrittmacherfestival.nl\/wp-content\/uploads\/2025\/12\/Trial-MinoeBossink-JostijnLigtvoetFotografie-153.jpg?resize=300%2C200&amp;ssl=1 300w, https:\/\/i0.wp.com\/schrittmacherfestival.nl\/wp-content\/uploads\/2025\/12\/Trial-MinoeBossink-JostijnLigtvoetFotografie-153.jpg?resize=768%2C512&amp;ssl=1 768w, https:\/\/i0.wp.com\/schrittmacherfestival.nl\/wp-content\/uploads\/2025\/12\/Trial-MinoeBossink-JostijnLigtvoetFotografie-153.jpg?resize=1536%2C1024&amp;ssl=1 1536w, https:\/\/i0.wp.com\/schrittmacherfestival.nl\/wp-content\/uploads\/2025\/12\/Trial-MinoeBossink-JostijnLigtvoetFotografie-153.jpg?resize=600%2C400&amp;ssl=1 600w, https:\/\/i0.wp.com\/schrittmacherfestival.nl\/wp-content\/uploads\/2025\/12\/Trial-MinoeBossink-JostijnLigtvoetFotografie-153.jpg?resize=31%2C21&amp;ssl=1 31w, https:\/\/i0.wp.com\/schrittmacherfestival.nl\/wp-content\/uploads\/2025\/12\/Trial-MinoeBossink-JostijnLigtvoetFotografie-153.jpg?w=2000&amp;ssl=1 2000w, https:\/\/i0.wp.com\/schrittmacherfestival.nl\/wp-content\/uploads\/2025\/12\/Trial-MinoeBossink-JostijnLigtvoetFotografie-153.jpg?w=1280&amp;ssl=1 1280w, https:\/\/i0.wp.com\/schrittmacherfestival.nl\/wp-content\/uploads\/2025\/12\/Trial-MinoeBossink-JostijnLigtvoetFotografie-153.jpg?w=1920&amp;ssl=1 1920w\" sizes=\"(max-width: 640px) 100vw, 640px\" \/><\/figure>\n\n\n\n<figure class=\"wp-block-image size-large\"><img data-recalc-dims=\"1\" loading=\"lazy\" decoding=\"async\" width=\"640\" height=\"426\" data-id=\"12406\" src=\"https:\/\/i0.wp.com\/schrittmacherfestival.nl\/wp-content\/uploads\/2025\/12\/Trial-MinoeBossink-JostijnLigtvoetFotografie-118.jpg?resize=640%2C426&#038;ssl=1\" alt=\"\" class=\"wp-image-12406\" srcset=\"https:\/\/i0.wp.com\/schrittmacherfestival.nl\/wp-content\/uploads\/2025\/12\/Trial-MinoeBossink-JostijnLigtvoetFotografie-118.jpg?resize=1024%2C682&amp;ssl=1 1024w, https:\/\/i0.wp.com\/schrittmacherfestival.nl\/wp-content\/uploads\/2025\/12\/Trial-MinoeBossink-JostijnLigtvoetFotografie-118.jpg?resize=300%2C200&amp;ssl=1 300w, https:\/\/i0.wp.com\/schrittmacherfestival.nl\/wp-content\/uploads\/2025\/12\/Trial-MinoeBossink-JostijnLigtvoetFotografie-118.jpg?resize=768%2C512&amp;ssl=1 768w, https:\/\/i0.wp.com\/schrittmacherfestival.nl\/wp-content\/uploads\/2025\/12\/Trial-MinoeBossink-JostijnLigtvoetFotografie-118.jpg?resize=1536%2C1024&amp;ssl=1 1536w, https:\/\/i0.wp.com\/schrittmacherfestival.nl\/wp-content\/uploads\/2025\/12\/Trial-MinoeBossink-JostijnLigtvoetFotografie-118.jpg?resize=600%2C400&amp;ssl=1 600w, https:\/\/i0.wp.com\/schrittmacherfestival.nl\/wp-content\/uploads\/2025\/12\/Trial-MinoeBossink-JostijnLigtvoetFotografie-118.jpg?resize=31%2C21&amp;ssl=1 31w, https:\/\/i0.wp.com\/schrittmacherfestival.nl\/wp-content\/uploads\/2025\/12\/Trial-MinoeBossink-JostijnLigtvoetFotografie-118.jpg?w=2000&amp;ssl=1 2000w, https:\/\/i0.wp.com\/schrittmacherfestival.nl\/wp-content\/uploads\/2025\/12\/Trial-MinoeBossink-JostijnLigtvoetFotografie-118.jpg?w=1280&amp;ssl=1 1280w, https:\/\/i0.wp.com\/schrittmacherfestival.nl\/wp-content\/uploads\/2025\/12\/Trial-MinoeBossink-JostijnLigtvoetFotografie-118.jpg?w=1920&amp;ssl=1 1920w\" sizes=\"(max-width: 640px) 100vw, 640px\" \/><\/figure>\n<\/figure>\n\n<hr class=\"wp-block-separator has-css-opacity\"\/>\n","protected":false},"excerpt":{"rendered":"<p>Minoe Bossink (NL) City Center of HeerlenSa 07.03.2026 + Sa 21.03.202613:30 + 15:30 Uhrfree \u201eTrial\u201c der jungen niederl\u00e4ndischen Choreografin und ehemaligen Co-Lab-Teilnehmerin Minoe Bossink findet mehrmals t\u00e4glich mitten im Einkaufsget\u00fcmmel statt. Die Performance l\u00e4dt dazu ein, sich selbst und anderen zu begegnen \u2013 in kleinen Momenten von Menschlichkeit: Unbehagen, Freude, Scham und Mut. Inmitten des Alltags wird Verletzlichkeit zur St\u00e4rke, [&hellip;]<\/p>\n","protected":false},"author":1,"featured_media":0,"parent":0,"menu_order":0,"comment_status":"closed","ping_status":"closed","template":"","meta":{"_acf_changed":false,"footnotes":""},"class_list":["post-12414","page","type-page","status-publish","hentry"],"aioseo_notices":[],"acf":[],"jetpack_sharing_enabled":true,"_links":{"self":[{"href":"https:\/\/schrittmacherfestival.nl\/de\/wp-json\/wp\/v2\/pages\/12414","targetHints":{"allow":["GET"]}}],"collection":[{"href":"https:\/\/schrittmacherfestival.nl\/de\/wp-json\/wp\/v2\/pages"}],"about":[{"href":"https:\/\/schrittmacherfestival.nl\/de\/wp-json\/wp\/v2\/types\/page"}],"author":[{"embeddable":true,"href":"https:\/\/schrittmacherfestival.nl\/de\/wp-json\/wp\/v2\/users\/1"}],"replies":[{"embeddable":true,"href":"https:\/\/schrittmacherfestival.nl\/de\/wp-json\/wp\/v2\/comments?post=12414"}],"version-history":[{"count":4,"href":"https:\/\/schrittmacherfestival.nl\/de\/wp-json\/wp\/v2\/pages\/12414\/revisions"}],"predecessor-version":[{"id":13844,"href":"https:\/\/schrittmacherfestival.nl\/de\/wp-json\/wp\/v2\/pages\/12414\/revisions\/13844"}],"wp:attachment":[{"href":"https:\/\/schrittmacherfestival.nl\/de\/wp-json\/wp\/v2\/media?parent=12414"}],"curies":[{"name":"wp","href":"https:\/\/api.w.org\/{rel}","templated":true}]}}