{"id":1242,"date":"2021-06-09T10:22:35","date_gmt":"2021-06-09T10:22:35","guid":{"rendered":"https:\/\/schrittmacherfestival.nl\/sidewalks-off-festival\/"},"modified":"2021-06-18T14:08:00","modified_gmt":"2021-06-18T14:08:00","slug":"sidewalks-off-festival","status":"publish","type":"page","link":"https:\/\/schrittmacherfestival.nl\/de\/sidewalks-off-festival\/","title":{"rendered":"SIDEWALKS OFF Festival"},"content":{"rendered":"\n<h1 class=\"has-black-color has-text-color has-background wp-block-heading\" style=\"background-color:#f5ec5a\"><strong>SIDEWALK<\/strong><\/h1>\n\n\n\n<p><\/p>\n\n\n\n<p><strong>03.07 &#8211; 11.07.2021<\/strong><\/p>\n\n\n\n<p><strong><strong>Innenstadt von Heerlen<\/strong><\/strong><\/p>\n\n\n\n<p><em><em>Ein \u00f6ffentliches Programm mit Tanzfilmen und Live-Auftritten in der Stadt<\/em><\/em><\/p>\n\n\n\n<p>Wie wir die Stadt erleben, \u00e4ndert sich st\u00e4ndig. In diesem sich \u00e4ndernden Kontext hat uns Corona mit der Anderthalb-Meter-Gesellschaft eine neue Wirklichkeit beschert. Auch Choreograf:innen und T\u00e4nzer:innen reagieren auf diese neue und ungewohnte Situation. Da sie die Bewegung ihrer Regie unterliegt, bietet schrit_tmacher Theatermacher:innen aus der Region die Chance, im Kontext der sich \u00e4ndernden Stadt gemeinsam mit anderen Kreativen aus verschiedenen Bereichen eine neue Plattform f\u00fcr ihre Kunst zu schaffen. SIDEWALK bietet \u2013 in vier Teilen \u2013 eine B\u00fchne f\u00fcr diese Innovationen, f\u00fcr die die Stadt zugleich Kulisse und Thema ist.<\/p>\n\n\n\n<hr class=\"wp-block-separator\"\/>\n\n\n\n<h1 class=\"has-black-color has-text-color has-background wp-block-heading\" style=\"background-color:#f5ec5a\"><strong>SIDEWALK MOVIES<\/strong><\/h1>\n\n\n\n<p><\/p>\n\n\n\n<p><strong>03.07 &#8211; 11.07.2021<\/strong><\/p>\n\n\n\n<figure class=\"wp-block-image size-large\"><img data-recalc-dims=\"1\" fetchpriority=\"high\" decoding=\"async\" width=\"640\" height=\"261\" src=\"https:\/\/i0.wp.com\/schrittmacherfestival.nl\/wp-content\/uploads\/2021\/06\/Sidewalk-movies-e1623400033475-1024x417.png?resize=640%2C261&#038;ssl=1\" alt=\"\" class=\"wp-image-912\" srcset=\"https:\/\/i0.wp.com\/schrittmacherfestival.nl\/wp-content\/uploads\/2021\/06\/Sidewalk-movies-e1623400033475.png?resize=1024%2C417&amp;ssl=1 1024w, https:\/\/i0.wp.com\/schrittmacherfestival.nl\/wp-content\/uploads\/2021\/06\/Sidewalk-movies-e1623400033475.png?resize=300%2C122&amp;ssl=1 300w, https:\/\/i0.wp.com\/schrittmacherfestival.nl\/wp-content\/uploads\/2021\/06\/Sidewalk-movies-e1623400033475.png?resize=768%2C313&amp;ssl=1 768w, https:\/\/i0.wp.com\/schrittmacherfestival.nl\/wp-content\/uploads\/2021\/06\/Sidewalk-movies-e1623400033475.png?w=1230&amp;ssl=1 1230w\" sizes=\"(max-width: 640px) 100vw, 640px\" \/><\/figure>\n\n\n\n<p>In den wichtigsten Einkaufsstra\u00dfen von Heerlen werden tags\u00fcber in den Schaufenstern in Zusammenarbeit mit Cinedans und Lima Filme pr\u00e4sentiert. Insgesamt gibt es drei Routen, denen Interessierte in kleinen Gruppen (mit Musik &amp; Informationen \u00fcber Kopfh\u00f6rer) oder auf eigene Faust (Musik &amp; Informationen \u00fcber QR-Code) folgen k\u00f6nnen.<\/p>\n\n\n\n<hr class=\"wp-block-separator\"\/>\n\n\n\n<h1 class=\"has-black-color has-text-color has-background wp-block-heading\" style=\"background-color:#f5ec5a\"><strong>SIDEWALK (S)PACES<\/strong><\/h1>\n\n\n\n<p><\/p>\n\n\n\n<p><strong>03.07. \u2013 04.07.2021<br>10.07. \u2013 11.07.2021<\/strong><\/p>\n\n\n\n<figure class=\"wp-block-image size-large\"><img data-recalc-dims=\"1\" decoding=\"async\" width=\"640\" height=\"260\" src=\"https:\/\/i0.wp.com\/schrittmacherfestival.nl\/wp-content\/uploads\/2021\/06\/IMG_5119.jpg?resize=640%2C260&#038;ssl=1\" alt=\"\" class=\"wp-image-1341\" srcset=\"https:\/\/i0.wp.com\/schrittmacherfestival.nl\/wp-content\/uploads\/2021\/06\/IMG_5119.jpg?resize=1024%2C416&amp;ssl=1 1024w, https:\/\/i0.wp.com\/schrittmacherfestival.nl\/wp-content\/uploads\/2021\/06\/IMG_5119.jpg?resize=300%2C122&amp;ssl=1 300w, https:\/\/i0.wp.com\/schrittmacherfestival.nl\/wp-content\/uploads\/2021\/06\/IMG_5119.jpg?resize=768%2C312&amp;ssl=1 768w, https:\/\/i0.wp.com\/schrittmacherfestival.nl\/wp-content\/uploads\/2021\/06\/IMG_5119.jpg?w=1230&amp;ssl=1 1230w\" sizes=\"(max-width: 640px) 100vw, 640px\" \/><\/figure>\n\n\n\n<p>K\u00fcnstler:innen aus verschiedenen Bereichen verwandeln ein leer stehendes Ladenlokal mit Schaufenstern in eine B\u00fchne, auf der Performer ihre Reaktionen auf die Anderthalb-Meter-Gesellschaft und die Coronama\u00dfnahmen pr\u00e4sentieren. Raum und Tanz bilden ein Gesamtkunstwerk in Form einer Reihe kurzer, sich abwechselnder Performances (5-15 Minuten), die jeweils eine andere Perspektive auf unsere neue Wirklichkeit zeigen.<br><br>Choreografie: Simon Bus, Jennifer Romen, Audrey Apers, Roshanak Morrowatian<\/p>\n\n\n\n<p>Bildende K\u00fcnstler:innen: Tanja Ritterbex (Berlin, Heerlen), Rob Birza (De Ateliers, Amsterdam) und ein(e) Studierende(r) der Jan van Eyckacademie auf Vorschlag der Dozentin Romy Finke.<\/p>\n\n\n\n<p><br>Danke an Weller.<\/p>\n\n\n\n<hr class=\"wp-block-separator\"\/>\n\n\n\n<h1 class=\"has-black-color has-text-color has-background wp-block-heading\" style=\"background-color:#f5ec5a\"><strong><strong>RIET IN DE WIND<\/strong><\/strong><\/h1>\n\n\n\n<p><\/p>\n\n\n\n<p><strong>03.07. \u2013 04.07.2021 | 12.00 \u2013 17.00 uur<br>10.07. \u2013 11.07.2021 | 12.00 \u2013 17.00 uur<\/strong><\/p>\n\n\n\n<figure class=\"wp-block-image size-large\"><img data-recalc-dims=\"1\" decoding=\"async\" width=\"640\" height=\"260\" src=\"https:\/\/i0.wp.com\/schrittmacherfestival.nl\/wp-content\/uploads\/2021\/06\/IMG_5117.jpg?resize=640%2C260&#038;ssl=1\" alt=\"\" class=\"wp-image-1345\" srcset=\"https:\/\/i0.wp.com\/schrittmacherfestival.nl\/wp-content\/uploads\/2021\/06\/IMG_5117.jpg?resize=1024%2C416&amp;ssl=1 1024w, https:\/\/i0.wp.com\/schrittmacherfestival.nl\/wp-content\/uploads\/2021\/06\/IMG_5117.jpg?resize=300%2C122&amp;ssl=1 300w, https:\/\/i0.wp.com\/schrittmacherfestival.nl\/wp-content\/uploads\/2021\/06\/IMG_5117.jpg?resize=768%2C312&amp;ssl=1 768w, https:\/\/i0.wp.com\/schrittmacherfestival.nl\/wp-content\/uploads\/2021\/06\/IMG_5117.jpg?w=1230&amp;ssl=1 1230w\" sizes=\"(max-width: 640px) 100vw, 640px\" \/><\/figure>\n\n\n\n<p><br>Ohne Vorank\u00fcndigung werden Shopper und Shopperinnen auf der Stra\u00dfe von T\u00e4nzer:innen \u00fcberrascht. Als Inspiration dienen <em>Street Dances<\/em> aus den 70er Jahren.<\/p>\n\n\n\n<p>Choreografie: Simon Bus, Jennifer Romen, Audrey Apers, Roshanak Morrowatian<\/p>\n\n\n\n<p>Musik: Reggy van Bakel<\/p>\n\n\n\n<p>Umsetzung: T\u00e4nzer:innen von SCHUNCK Dans, HJS und The Notorious IBE<\/p>\n\n\n\n<hr class=\"wp-block-separator\"\/>\n\n\n\n<h1 class=\"has-black-color has-text-color has-background wp-block-heading\" style=\"background-color:#f5ec5a\"><span style=\"color:#000000\" class=\"tadv-color\">SIDETALK New Encounters&nbsp;<\/span><\/h1>\n\n\n\n<p><\/p>\n\n\n\n<p><strong>03.07.2021<\/strong><\/p>\n\n\n\n<figure class=\"wp-block-image size-large\"><img data-recalc-dims=\"1\" loading=\"lazy\" decoding=\"async\" width=\"640\" height=\"260\" src=\"https:\/\/i0.wp.com\/schrittmacherfestival.nl\/wp-content\/uploads\/2021\/06\/salon-new.jpeg?resize=640%2C260&#038;ssl=1\" alt=\"\" class=\"wp-image-312\" srcset=\"https:\/\/i0.wp.com\/schrittmacherfestival.nl\/wp-content\/uploads\/2021\/06\/salon-new.jpeg?resize=1024%2C416&amp;ssl=1 1024w, https:\/\/i0.wp.com\/schrittmacherfestival.nl\/wp-content\/uploads\/2021\/06\/salon-new.jpeg?resize=300%2C122&amp;ssl=1 300w, https:\/\/i0.wp.com\/schrittmacherfestival.nl\/wp-content\/uploads\/2021\/06\/salon-new.jpeg?resize=768%2C312&amp;ssl=1 768w, https:\/\/i0.wp.com\/schrittmacherfestival.nl\/wp-content\/uploads\/2021\/06\/salon-new.jpeg?w=1230&amp;ssl=1 1230w\" sizes=\"(max-width: 640px) 100vw, 640px\" \/><\/figure>\n\n\n\n<p>In Salon New Encounters bringt die Choreografin und Kuratorin Karin Post Tanz mit anderen (Kunst-)Richtungen in Verbindung. Choregraf:innen, T\u00e4nzer:innen, Musiker:innen, K\u00fcnstler:innen und Filmemacher:innen reagieren auf die kulturellen und gesellschaftlichen Entwicklungen in unserer sich wandelnden Stadt, die zugleich B\u00fchne und Gegenstand unterschiedlichster Narrative und Dialoge ist.<\/p>\n\n\n\n<p>Das multidisziplin\u00e4re Filmprogramm SIDEWALK Movies ist Teil von schrit_tmacher 2021 und bildet die Grundlage f\u00fcr mehrere Auftragsarbeiten und Auftritte im \u201eHier und Jetzt\u201c, die aufgrund k\u00fcnstlerischer Dialoge zwischen diversen kreativen Stimmen entstanden sind (und ebenfalls Teil von schrit_tmacher 2021 sind). Unter Mitwirkung von u.a. Audrey Apers, Joseph Simon, Simon Bus, GJ van Stiphout, Anne Nguyen, Hugo Morales, Rob Birza,Tanja Ritterbex, Sandra Kramerova.<\/p>\n\n\n\n<p>Gemeinsam mit diesen Theatermacher:innen, Kunstchoaches und Expert:innen f\u00fcr klassische Kunst und Urban Arts er\u00f6rtern wir im Salon New Encounters (live) in Heerlen, wie multidisziplin\u00e4re Perspektiven eine Energie- und Inspirationsquelle f\u00fcr die k\u00fcnstlerische Praxis mit Urban Arts bilden k\u00f6nnen.<\/p>\n\n\n\n<p>Au\u00dferdem unter Mitwirkung von u.a.: Jan van Eijckacademie, SCHUNCK, Maurice Hermens, Notorious IBE.<\/p>\n\n\n\n<div class=\"wp-block-buttons is-content-justification-center is-layout-flex wp-block-buttons-is-layout-flex\">\n<div class=\"wp-block-button\"><a class=\"wp-block-button__link has-black-color has-text-color has-background\" href=\"https:\/\/www.plt.nl\/bestel\/8761\" style=\"background-color:#f5ec5a\" target=\"_blank\" rel=\"noreferrer noopener\"><strong><span style=\"color:#000000\" class=\"tadv-color\">Tickets bestellen<\/span><\/strong><\/a><\/div>\n<\/div>\n\n\n\n<hr class=\"wp-block-separator\"\/>\n\n\n\n<h1 class=\"has-black-color has-text-color has-background wp-block-heading\" style=\"background-color:#f5ec5a\"><strong><span style=\"color:#000000\" class=\"tadv-color\">WORKSHOP\/PERFORMANCE<\/span><\/strong><\/h1>\n\n\n\n<p><\/p>\n\n\n\n<p><strong>04.07.2021<\/strong><\/p>\n\n\n\n<figure class=\"wp-block-image size-large\"><img data-recalc-dims=\"1\" loading=\"lazy\" decoding=\"async\" width=\"640\" height=\"260\" src=\"https:\/\/i0.wp.com\/schrittmacherfestival.nl\/wp-content\/uploads\/2021\/06\/IMG_5118.jpg?resize=640%2C260&#038;ssl=1\" alt=\"\" class=\"wp-image-1343\" srcset=\"https:\/\/i0.wp.com\/schrittmacherfestival.nl\/wp-content\/uploads\/2021\/06\/IMG_5118.jpg?resize=1024%2C416&amp;ssl=1 1024w, https:\/\/i0.wp.com\/schrittmacherfestival.nl\/wp-content\/uploads\/2021\/06\/IMG_5118.jpg?resize=300%2C122&amp;ssl=1 300w, https:\/\/i0.wp.com\/schrittmacherfestival.nl\/wp-content\/uploads\/2021\/06\/IMG_5118.jpg?resize=768%2C312&amp;ssl=1 768w, https:\/\/i0.wp.com\/schrittmacherfestival.nl\/wp-content\/uploads\/2021\/06\/IMG_5118.jpg?w=1230&amp;ssl=1 1230w\" sizes=\"(max-width: 640px) 100vw, 640px\" \/><\/figure>\n\n\n\n<p>Bei einem Workshop\/einer Performance im Stadstuin Heerlen bringt Karin Post (Regie) die Hip-Hop-Choreografin Anne Nguyen (Cie. par Terre, F) mit dem Komponisten Hugo Morales (NL) zusammen. Gemeinsam mit T\u00e4nzer:innen\/Performern und Graffitik\u00fcnstler:innen aus der Region schaffen sie eine surrealistische Umgebung, die die aktuelle Coronalage widerspiegelt und eine neue Form der Bewegung mit Abstand erschafft.<\/p>\n\n\n\n<p>Choreografie: Anne Nguyen (Cie. par Terre, F)<\/p>\n\n\n\n<p>Musik: Hugo Morales<\/p>\n\n\n\n<p>Umsetzung: T\u00e4nzer:innen von SCHUNCK Dans, HJS und The Notorious IBE, Graffitik\u00fcnstler:innen und weitere K\u00fcnstler:innen aus der urbanen Szene<\/p>\n\n\n\n<hr class=\"wp-block-separator\"\/>\n","protected":false},"excerpt":{"rendered":"<p>SIDEWALK 03.07 &#8211; 11.07.2021 Innenstadt von Heerlen Ein \u00f6ffentliches Programm mit Tanzfilmen und Live-Auftritten in der Stadt Wie wir die Stadt erleben, \u00e4ndert sich st\u00e4ndig. In diesem sich \u00e4ndernden Kontext hat uns Corona mit der Anderthalb-Meter-Gesellschaft eine neue Wirklichkeit beschert. Auch Choreograf:innen und T\u00e4nzer:innen reagieren auf diese neue und ungewohnte Situation. Da sie die Bewegung ihrer Regie unterliegt, bietet schrit_tmacher [&hellip;]<\/p>\n","protected":false},"author":1,"featured_media":0,"parent":0,"menu_order":0,"comment_status":"closed","ping_status":"closed","template":"","meta":{"_acf_changed":false,"footnotes":""},"class_list":["post-1242","page","type-page","status-publish","hentry"],"aioseo_notices":[],"acf":[],"jetpack_sharing_enabled":true,"_links":{"self":[{"href":"https:\/\/schrittmacherfestival.nl\/de\/wp-json\/wp\/v2\/pages\/1242","targetHints":{"allow":["GET"]}}],"collection":[{"href":"https:\/\/schrittmacherfestival.nl\/de\/wp-json\/wp\/v2\/pages"}],"about":[{"href":"https:\/\/schrittmacherfestival.nl\/de\/wp-json\/wp\/v2\/types\/page"}],"author":[{"embeddable":true,"href":"https:\/\/schrittmacherfestival.nl\/de\/wp-json\/wp\/v2\/users\/1"}],"replies":[{"embeddable":true,"href":"https:\/\/schrittmacherfestival.nl\/de\/wp-json\/wp\/v2\/comments?post=1242"}],"version-history":[{"count":8,"href":"https:\/\/schrittmacherfestival.nl\/de\/wp-json\/wp\/v2\/pages\/1242\/revisions"}],"predecessor-version":[{"id":1363,"href":"https:\/\/schrittmacherfestival.nl\/de\/wp-json\/wp\/v2\/pages\/1242\/revisions\/1363"}],"wp:attachment":[{"href":"https:\/\/schrittmacherfestival.nl\/de\/wp-json\/wp\/v2\/media?parent=1242"}],"curies":[{"name":"wp","href":"https:\/\/api.w.org\/{rel}","templated":true}]}}