{"id":12432,"date":"2025-12-10T14:52:30","date_gmt":"2025-12-10T14:52:30","guid":{"rendered":"https:\/\/schrittmacherfestival.nl\/vivaldi-in-argentina\/"},"modified":"2025-12-10T14:53:12","modified_gmt":"2025-12-10T14:53:12","slug":"vivaldi-in-argentina","status":"publish","type":"page","link":"https:\/\/schrittmacherfestival.nl\/de\/vivaldi-in-argentina\/","title":{"rendered":"Vivaldi in Argentina"},"content":{"rendered":"\n<h1 class=\"wp-block-heading has-black-color has-text-color\" id=\"hofesh-shechter-company-gbr\"><strong>HfMT\u00a0<\/strong>(DE\/BE<strong>)<\/strong><\/h1>\n\n<p><strong>HfMT Aachen<\/strong><br\/><strong>Do 26.03.2026 + Fr 27.03.2026<\/strong><br\/><strong>19.00 Uhr (Do) + 16.00u (Fr)<br\/>free<\/strong><\/p>\n\n<figure class=\"wp-block-image alignwide size-large\"><img data-recalc-dims=\"1\" fetchpriority=\"high\" decoding=\"async\" width=\"640\" height=\"267\" src=\"https:\/\/i0.wp.com\/schrittmacherfestival.nl\/wp-content\/uploads\/2025\/12\/Sacre_LJO_CompoundJunior_2025_cMatoSchaefer__DSC5684-e1765369138316-1024x427.jpg?resize=640%2C267&#038;ssl=1\" alt=\"\" class=\"wp-image-12349\" srcset=\"https:\/\/i0.wp.com\/schrittmacherfestival.nl\/wp-content\/uploads\/2025\/12\/Sacre_LJO_CompoundJunior_2025_cMatoSchaefer__DSC5684-e1765369138316.jpg?resize=1024%2C427&amp;ssl=1 1024w, https:\/\/i0.wp.com\/schrittmacherfestival.nl\/wp-content\/uploads\/2025\/12\/Sacre_LJO_CompoundJunior_2025_cMatoSchaefer__DSC5684-e1765369138316.jpg?resize=300%2C125&amp;ssl=1 300w, https:\/\/i0.wp.com\/schrittmacherfestival.nl\/wp-content\/uploads\/2025\/12\/Sacre_LJO_CompoundJunior_2025_cMatoSchaefer__DSC5684-e1765369138316.jpg?resize=768%2C320&amp;ssl=1 768w, https:\/\/i0.wp.com\/schrittmacherfestival.nl\/wp-content\/uploads\/2025\/12\/Sacre_LJO_CompoundJunior_2025_cMatoSchaefer__DSC5684-e1765369138316.jpg?resize=31%2C13&amp;ssl=1 31w, https:\/\/i0.wp.com\/schrittmacherfestival.nl\/wp-content\/uploads\/2025\/12\/Sacre_LJO_CompoundJunior_2025_cMatoSchaefer__DSC5684-e1765369138316.jpg?w=1200&amp;ssl=1 1200w\" sizes=\"(max-width: 640px) 100vw, 640px\" \/><\/figure>\n\n<hr class=\"wp-block-separator has-css-opacity\"\/>\n\n<p>In diesem Jahr gibt es beim schrit_tmacher Festival erstmals eine Kooperation zwischen der Hochschule f\u00fcr Musik und Tanz mit Standort Aachen und jungen Tanzensembles aus der Euregio! Mit dabei sind u. a. T\u00e4nzer*innen der Mosa Ballettschule aus L\u00fcttich sowie weitere junge Tanztalente aus der Region. In einer energetischen Symbiose aus klassischer Musik und modernem Tanz, wird Antonio Vivaldis \u201eDie Vier Jahreszeiten\u201c auf einzigartige Weise jung interpretiert.<\/p>\n\n<p>Duration: ~ 60 min. no interval<\/p>\n\n<hr class=\"wp-block-separator has-css-opacity\"\/>\n\n<div class=\"wp-block-jetpack-tiled-gallery aligncenter is-style-rectangular\"><div class=\"\"><div class=\"tiled-gallery__gallery\"><div class=\"tiled-gallery__row\"><div class=\"tiled-gallery__col\" style=\"flex-basis:50.00000%\"><figure class=\"tiled-gallery__item\"><img decoding=\"async\" srcset=\"https:\/\/i0.wp.com\/schrittmacherfestival.nl\/wp-content\/uploads\/2025\/12\/HfMT_SMF26_c_HfMT-1024x683.jpg?strip=info&#038;w=600&#038;ssl=1 600w,https:\/\/i0.wp.com\/schrittmacherfestival.nl\/wp-content\/uploads\/2025\/12\/HfMT_SMF26_c_HfMT-1024x683.jpg?strip=info&#038;w=900&#038;ssl=1 900w,https:\/\/i0.wp.com\/schrittmacherfestival.nl\/wp-content\/uploads\/2025\/12\/HfMT_SMF26_c_HfMT-1024x683.jpg?strip=info&#038;w=1200&#038;ssl=1 1200w\" alt=\"\" data-height=\"800\" data-id=\"12428\" data-link=\"https:\/\/schrittmacherfestival.nl\/?attachment_id=12428\" data-url=\"https:\/\/schrittmacherfestival.nl\/wp-content\/uploads\/2025\/12\/HfMT_SMF26_c_HfMT-1024x683.jpg\" data-width=\"1200\" src=\"https:\/\/i0.wp.com\/schrittmacherfestival.nl\/wp-content\/uploads\/2025\/12\/HfMT_SMF26_c_HfMT-1024x683.jpg?ssl=1\" data-amp-layout=\"responsive\"\/><\/figure><\/div><div class=\"tiled-gallery__col\" style=\"flex-basis:50.00000%\"><figure class=\"tiled-gallery__item\"><img decoding=\"async\" srcset=\"https:\/\/i0.wp.com\/schrittmacherfestival.nl\/wp-content\/uploads\/2025\/12\/Sacre_LJO_CompoundJunior_2025_cMatoSchaefer__DSC5684-1-1024x683.jpg?strip=info&#038;w=600&#038;ssl=1 600w,https:\/\/i0.wp.com\/schrittmacherfestival.nl\/wp-content\/uploads\/2025\/12\/Sacre_LJO_CompoundJunior_2025_cMatoSchaefer__DSC5684-1-1024x683.jpg?strip=info&#038;w=900&#038;ssl=1 900w,https:\/\/i0.wp.com\/schrittmacherfestival.nl\/wp-content\/uploads\/2025\/12\/Sacre_LJO_CompoundJunior_2025_cMatoSchaefer__DSC5684-1-1024x683.jpg?strip=info&#038;w=1200&#038;ssl=1 1200w\" alt=\"\" data-height=\"800\" data-id=\"12429\" data-link=\"https:\/\/schrittmacherfestival.nl\/?attachment_id=12429\" data-url=\"https:\/\/schrittmacherfestival.nl\/wp-content\/uploads\/2025\/12\/Sacre_LJO_CompoundJunior_2025_cMatoSchaefer__DSC5684-1-1024x683.jpg\" data-width=\"1200\" src=\"https:\/\/i0.wp.com\/schrittmacherfestival.nl\/wp-content\/uploads\/2025\/12\/Sacre_LJO_CompoundJunior_2025_cMatoSchaefer__DSC5684-1-1024x683.jpg?ssl=1\" data-amp-layout=\"responsive\"\/><\/figure><\/div><\/div><\/div><\/div><\/div><br>\n\n<hr class=\"wp-block-separator has-css-opacity\"\/>\n","protected":false},"excerpt":{"rendered":"<p>HfMT\u00a0(DE\/BE) HfMT AachenDo 26.03.2026 + Fr 27.03.202619.00 Uhr (Do) + 16.00u (Fr)free In diesem Jahr gibt es beim schrit_tmacher Festival erstmals eine Kooperation zwischen der Hochschule f\u00fcr Musik und Tanz mit Standort Aachen und jungen Tanzensembles aus der Euregio! Mit dabei sind u. a. T\u00e4nzer*innen der Mosa Ballettschule aus L\u00fcttich sowie weitere junge Tanztalente aus der Region. In einer energetischen [&hellip;]<\/p>\n","protected":false},"author":1,"featured_media":0,"parent":0,"menu_order":0,"comment_status":"closed","ping_status":"closed","template":"","meta":{"_acf_changed":false,"footnotes":""},"class_list":["post-12432","page","type-page","status-publish","hentry"],"aioseo_notices":[],"acf":[],"jetpack_sharing_enabled":true,"_links":{"self":[{"href":"https:\/\/schrittmacherfestival.nl\/de\/wp-json\/wp\/v2\/pages\/12432","targetHints":{"allow":["GET"]}}],"collection":[{"href":"https:\/\/schrittmacherfestival.nl\/de\/wp-json\/wp\/v2\/pages"}],"about":[{"href":"https:\/\/schrittmacherfestival.nl\/de\/wp-json\/wp\/v2\/types\/page"}],"author":[{"embeddable":true,"href":"https:\/\/schrittmacherfestival.nl\/de\/wp-json\/wp\/v2\/users\/1"}],"replies":[{"embeddable":true,"href":"https:\/\/schrittmacherfestival.nl\/de\/wp-json\/wp\/v2\/comments?post=12432"}],"version-history":[{"count":1,"href":"https:\/\/schrittmacherfestival.nl\/de\/wp-json\/wp\/v2\/pages\/12432\/revisions"}],"predecessor-version":[{"id":12435,"href":"https:\/\/schrittmacherfestival.nl\/de\/wp-json\/wp\/v2\/pages\/12432\/revisions\/12435"}],"wp:attachment":[{"href":"https:\/\/schrittmacherfestival.nl\/de\/wp-json\/wp\/v2\/media?parent=12432"}],"curies":[{"name":"wp","href":"https:\/\/api.w.org\/{rel}","templated":true}]}}