{"id":12446,"date":"2025-12-10T16:59:02","date_gmt":"2025-12-10T16:59:02","guid":{"rendered":"https:\/\/schrittmacherfestival.nl\/open-stage-2\/"},"modified":"2025-12-10T16:59:17","modified_gmt":"2025-12-10T16:59:17","slug":"open-stage-2","status":"publish","type":"page","link":"https:\/\/schrittmacherfestival.nl\/de\/open-stage-2\/","title":{"rendered":"OPEN STAGE"},"content":{"rendered":"\n<h1 class=\"wp-block-heading has-black-color has-text-color\" id=\"hofesh-shechter-company-gbr\">for participants<\/h1>\n\n<p><strong>Barockfabrik Aachen<\/strong><br\/><strong><strong>Sa 28.03.2026<\/strong><\/strong><br\/><strong>18.00 Uhr<br\/>8,00 \u20ac box office only<\/strong><\/p>\n\n<figure class=\"wp-block-image alignwide size-large\"><img data-recalc-dims=\"1\" fetchpriority=\"high\" decoding=\"async\" width=\"640\" height=\"267\" src=\"https:\/\/i0.wp.com\/schrittmacherfestival.nl\/wp-content\/uploads\/2025\/12\/OpenStage_c_Mato_Schaefer_01-e1765369304468-1024x427.jpg?resize=640%2C267&#038;ssl=1\" alt=\"\" class=\"wp-image-12350\" srcset=\"https:\/\/i0.wp.com\/schrittmacherfestival.nl\/wp-content\/uploads\/2025\/12\/OpenStage_c_Mato_Schaefer_01-e1765369304468.jpg?resize=1024%2C427&amp;ssl=1 1024w, https:\/\/i0.wp.com\/schrittmacherfestival.nl\/wp-content\/uploads\/2025\/12\/OpenStage_c_Mato_Schaefer_01-e1765369304468.jpg?resize=300%2C125&amp;ssl=1 300w, https:\/\/i0.wp.com\/schrittmacherfestival.nl\/wp-content\/uploads\/2025\/12\/OpenStage_c_Mato_Schaefer_01-e1765369304468.jpg?resize=768%2C320&amp;ssl=1 768w, https:\/\/i0.wp.com\/schrittmacherfestival.nl\/wp-content\/uploads\/2025\/12\/OpenStage_c_Mato_Schaefer_01-e1765369304468.jpg?resize=31%2C13&amp;ssl=1 31w, https:\/\/i0.wp.com\/schrittmacherfestival.nl\/wp-content\/uploads\/2025\/12\/OpenStage_c_Mato_Schaefer_01-e1765369304468.jpg?w=1200&amp;ssl=1 1200w\" sizes=\"(max-width: 640px) 100vw, 640px\" \/><\/figure>\n\n<hr class=\"wp-block-separator has-css-opacity\"\/>\n\n<h2 class=\"wp-block-heading\">free entry for participants<\/h2>\n\n<p>\u201eOPEN STAGE\u201d \u2013 eure B\u00fchne in unserem Festival! Ob Tanzen, Singen, Rappen, Spielen, Lesen, Slammen oder Beatboxen \u2013 allein, zu zweit oder als Gruppe \u2013 zeigt uns, was in euch steckt! Ihr habt bis zu 8 Minuten Zeit f\u00fcr euren Beitrag! B\u00fchne, Licht- und Soundsystem und unser Team stehen f\u00fcr euch bereit. Anmelden k\u00f6nnt ihr euch \u00fcber Instagram @artbewegt, per Mail an schrittmacher@mail.aachen.de oder bis eine Stunde vor Beginn vor Ort.<\/p>\n\n<p>Duration: ~ 60 min no interval<\/p>\n\n<hr class=\"wp-block-separator has-css-opacity\"\/>\n\n<figure class=\"wp-block-gallery has-nested-images columns-default is-cropped wp-block-gallery-1 is-layout-flex wp-block-gallery-is-layout-flex\">\n<figure class=\"wp-block-image size-large\"><img data-recalc-dims=\"1\" decoding=\"async\" width=\"640\" height=\"427\" data-id=\"12440\" src=\"https:\/\/i0.wp.com\/schrittmacherfestival.nl\/wp-content\/uploads\/2025\/12\/OpenStage_c_Mato_Schaefer_02.jpg?resize=640%2C427&#038;ssl=1\" alt=\"\" class=\"wp-image-12440\" srcset=\"https:\/\/i0.wp.com\/schrittmacherfestival.nl\/wp-content\/uploads\/2025\/12\/OpenStage_c_Mato_Schaefer_02.jpg?resize=1024%2C683&amp;ssl=1 1024w, https:\/\/i0.wp.com\/schrittmacherfestival.nl\/wp-content\/uploads\/2025\/12\/OpenStage_c_Mato_Schaefer_02.jpg?resize=300%2C200&amp;ssl=1 300w, https:\/\/i0.wp.com\/schrittmacherfestival.nl\/wp-content\/uploads\/2025\/12\/OpenStage_c_Mato_Schaefer_02.jpg?resize=768%2C512&amp;ssl=1 768w, https:\/\/i0.wp.com\/schrittmacherfestival.nl\/wp-content\/uploads\/2025\/12\/OpenStage_c_Mato_Schaefer_02.jpg?resize=600%2C400&amp;ssl=1 600w, https:\/\/i0.wp.com\/schrittmacherfestival.nl\/wp-content\/uploads\/2025\/12\/OpenStage_c_Mato_Schaefer_02.jpg?resize=31%2C21&amp;ssl=1 31w, https:\/\/i0.wp.com\/schrittmacherfestival.nl\/wp-content\/uploads\/2025\/12\/OpenStage_c_Mato_Schaefer_02.jpg?w=1200&amp;ssl=1 1200w\" sizes=\"(max-width: 640px) 100vw, 640px\" \/><\/figure>\n\n\n\n<figure class=\"wp-block-image size-large\"><img data-recalc-dims=\"1\" decoding=\"async\" width=\"640\" height=\"427\" data-id=\"12441\" src=\"https:\/\/i0.wp.com\/schrittmacherfestival.nl\/wp-content\/uploads\/2025\/12\/OpenStage_c_Mato_Schaefer_01-1.jpg?resize=640%2C427&#038;ssl=1\" alt=\"\" class=\"wp-image-12441\" srcset=\"https:\/\/i0.wp.com\/schrittmacherfestival.nl\/wp-content\/uploads\/2025\/12\/OpenStage_c_Mato_Schaefer_01-1.jpg?resize=1024%2C683&amp;ssl=1 1024w, https:\/\/i0.wp.com\/schrittmacherfestival.nl\/wp-content\/uploads\/2025\/12\/OpenStage_c_Mato_Schaefer_01-1.jpg?resize=300%2C200&amp;ssl=1 300w, https:\/\/i0.wp.com\/schrittmacherfestival.nl\/wp-content\/uploads\/2025\/12\/OpenStage_c_Mato_Schaefer_01-1.jpg?resize=768%2C512&amp;ssl=1 768w, https:\/\/i0.wp.com\/schrittmacherfestival.nl\/wp-content\/uploads\/2025\/12\/OpenStage_c_Mato_Schaefer_01-1.jpg?resize=600%2C400&amp;ssl=1 600w, https:\/\/i0.wp.com\/schrittmacherfestival.nl\/wp-content\/uploads\/2025\/12\/OpenStage_c_Mato_Schaefer_01-1.jpg?resize=31%2C21&amp;ssl=1 31w, https:\/\/i0.wp.com\/schrittmacherfestival.nl\/wp-content\/uploads\/2025\/12\/OpenStage_c_Mato_Schaefer_01-1.jpg?w=1200&amp;ssl=1 1200w\" sizes=\"(max-width: 640px) 100vw, 640px\" \/><\/figure>\n<\/figure>\n\n<hr class=\"wp-block-separator has-css-opacity\"\/>\n","protected":false},"excerpt":{"rendered":"<p>for participants Barockfabrik AachenSa 28.03.202618.00 Uhr8,00 \u20ac box office only free entry for participants \u201eOPEN STAGE\u201d \u2013 eure B\u00fchne in unserem Festival! Ob Tanzen, Singen, Rappen, Spielen, Lesen, Slammen oder Beatboxen \u2013 allein, zu zweit oder als Gruppe \u2013 zeigt uns, was in euch steckt! Ihr habt bis zu 8 Minuten Zeit f\u00fcr euren Beitrag! B\u00fchne, Licht- und Soundsystem und [&hellip;]<\/p>\n","protected":false},"author":1,"featured_media":0,"parent":0,"menu_order":0,"comment_status":"closed","ping_status":"closed","template":"","meta":{"_acf_changed":false,"footnotes":""},"class_list":["post-12446","page","type-page","status-publish","hentry"],"aioseo_notices":[],"acf":[],"jetpack_sharing_enabled":true,"_links":{"self":[{"href":"https:\/\/schrittmacherfestival.nl\/de\/wp-json\/wp\/v2\/pages\/12446","targetHints":{"allow":["GET"]}}],"collection":[{"href":"https:\/\/schrittmacherfestival.nl\/de\/wp-json\/wp\/v2\/pages"}],"about":[{"href":"https:\/\/schrittmacherfestival.nl\/de\/wp-json\/wp\/v2\/types\/page"}],"author":[{"embeddable":true,"href":"https:\/\/schrittmacherfestival.nl\/de\/wp-json\/wp\/v2\/users\/1"}],"replies":[{"embeddable":true,"href":"https:\/\/schrittmacherfestival.nl\/de\/wp-json\/wp\/v2\/comments?post=12446"}],"version-history":[{"count":1,"href":"https:\/\/schrittmacherfestival.nl\/de\/wp-json\/wp\/v2\/pages\/12446\/revisions"}],"predecessor-version":[{"id":12447,"href":"https:\/\/schrittmacherfestival.nl\/de\/wp-json\/wp\/v2\/pages\/12446\/revisions\/12447"}],"wp:attachment":[{"href":"https:\/\/schrittmacherfestival.nl\/de\/wp-json\/wp\/v2\/media?parent=12446"}],"curies":[{"name":"wp","href":"https:\/\/api.w.org\/{rel}","templated":true}]}}