{"id":12458,"date":"2025-12-10T17:10:24","date_gmt":"2025-12-10T17:10:24","guid":{"rendered":"https:\/\/schrittmacherfestival.nl\/huidschrift\/"},"modified":"2026-01-26T10:21:30","modified_gmt":"2026-01-26T10:21:30","slug":"huidschrift","status":"publish","type":"page","link":"https:\/\/schrittmacherfestival.nl\/de\/huidschrift\/","title":{"rendered":"Huidschrift"},"content":{"rendered":"\n<h1 class=\"wp-block-heading has-black-color has-text-color\" id=\"hofesh-shechter-company-gbr\"><strong>Bo Jacobs\u00a0<\/strong>(NL)<\/h1>\n\n<p><strong>Cultuurhuis Heerlen<\/strong><br\/><strong>So 29.03.2026<\/strong><br\/><strong>14.00 Uhr<br\/>10,00 \u20ac\u00a0<\/strong><\/p>\n\n<figure class=\"wp-block-image alignwide size-large\"><img data-recalc-dims=\"1\" fetchpriority=\"high\" decoding=\"async\" width=\"640\" height=\"267\" src=\"https:\/\/i0.wp.com\/schrittmacherfestival.nl\/wp-content\/uploads\/2025\/12\/1-e1765369500101-1024x427.jpeg?resize=640%2C267&#038;ssl=1\" alt=\"\" class=\"wp-image-12351\" srcset=\"https:\/\/i0.wp.com\/schrittmacherfestival.nl\/wp-content\/uploads\/2025\/12\/1-e1765369500101.jpeg?resize=1024%2C427&amp;ssl=1 1024w, https:\/\/i0.wp.com\/schrittmacherfestival.nl\/wp-content\/uploads\/2025\/12\/1-e1765369500101.jpeg?resize=300%2C125&amp;ssl=1 300w, https:\/\/i0.wp.com\/schrittmacherfestival.nl\/wp-content\/uploads\/2025\/12\/1-e1765369500101.jpeg?resize=768%2C320&amp;ssl=1 768w, https:\/\/i0.wp.com\/schrittmacherfestival.nl\/wp-content\/uploads\/2025\/12\/1-e1765369500101.jpeg?resize=31%2C13&amp;ssl=1 31w, https:\/\/i0.wp.com\/schrittmacherfestival.nl\/wp-content\/uploads\/2025\/12\/1-e1765369500101.jpeg?w=1200&amp;ssl=1 1200w\" sizes=\"(max-width: 640px) 100vw, 640px\" \/><\/figure>\n\n<hr class=\"wp-block-separator has-css-opacity\"\/>\n\n<h2 class=\"wp-block-heading\"><strong>Co-production with Cultuurhuis Heerlen, VIa Zuid and schrit_tmacher Festival<\/strong><\/h2>\n\n<p>\u201eHuidschrift\u201c erforscht Einsamkeit und zeigt, wie Verbindung in ihren vielen Formen eine m\u00f6gliche Antwort sein kann. Im Mittelpunkt steht Noah, ein alter Mann, der glaubt, sich vom Leben entfernt zu haben. Um ihn erscheinen Figuren, die N\u00e4he und Erneuerung durch Bewegung, Stimme und Ber\u00fchrung verk\u00f6rpern. Nach einer ersten Pr\u00e4sentation bei Co-Lab 2025 zeigt sie nun das vollst\u00e4ndige Werk \u2013 eine poetische Reflexion \u00fcber Erinnerung, Empathie und Zugeh\u00f6rigkeit.<\/p>\n\n<p>Duration:<em> <\/em>~ 60 min.<\/p>\n\n<p><strong><a href=\"https:\/\/schrittmacherfestival.nl\/de\/workshop-erzaehlen-bewegen-verbinden\/\" title=\"\">Workshop \u2013 Erz\u00e4hlen, Bewegen, Verbinden<\/a><br\/><\/strong>Bo Jacobs &amp; Toon Hermans Huis Parkstad<br\/>Mo 16.03.2026 + Do 19.03.2026<br\/>13.00 \u2013 15.30 Uhr<br\/>Cultuurhuis Heerlen<br\/>gratis<\/p>\n\n<hr class=\"wp-block-separator has-css-opacity\"\/>\n\n<div class=\"wp-block-buttons is-horizontal is-content-justification-center is-layout-flex wp-container-core-buttons-is-layout-499968f5 wp-block-buttons-is-layout-flex\">\n<div class=\"wp-block-button\"><a class=\"wp-block-button__link has-white-color has-black-background-color has-text-color has-background wp-element-button\" href=\"https:\/\/bestellen.plt.nl\/bestel\/13763\" target=\"_blank\" rel=\"noreferrer noopener\"><strong>Tickets So 29.03 | 14.00 Uhr<\/strong><\/a><\/div>\n<\/div>\n\n<hr class=\"wp-block-separator has-css-opacity\"\/>\n\n<figure class=\"wp-block-gallery has-nested-images columns-default is-cropped wp-block-gallery-1 is-layout-flex wp-block-gallery-is-layout-flex\">\n<figure class=\"wp-block-image size-large\"><img data-recalc-dims=\"1\" decoding=\"async\" width=\"640\" height=\"887\" data-id=\"12451\" src=\"https:\/\/i0.wp.com\/schrittmacherfestival.nl\/wp-content\/uploads\/2025\/12\/5.jpeg?resize=640%2C887&#038;ssl=1\" alt=\"\" class=\"wp-image-12451\" srcset=\"https:\/\/i0.wp.com\/schrittmacherfestival.nl\/wp-content\/uploads\/2025\/12\/5-scaled.jpeg?resize=739%2C1024&amp;ssl=1 739w, https:\/\/i0.wp.com\/schrittmacherfestival.nl\/wp-content\/uploads\/2025\/12\/5-scaled.jpeg?resize=216%2C300&amp;ssl=1 216w, https:\/\/i0.wp.com\/schrittmacherfestival.nl\/wp-content\/uploads\/2025\/12\/5-scaled.jpeg?resize=768%2C1065&amp;ssl=1 768w, https:\/\/i0.wp.com\/schrittmacherfestival.nl\/wp-content\/uploads\/2025\/12\/5-scaled.jpeg?resize=1108%2C1536&amp;ssl=1 1108w, https:\/\/i0.wp.com\/schrittmacherfestival.nl\/wp-content\/uploads\/2025\/12\/5-scaled.jpeg?resize=1477%2C2048&amp;ssl=1 1477w, https:\/\/i0.wp.com\/schrittmacherfestival.nl\/wp-content\/uploads\/2025\/12\/5-scaled.jpeg?resize=19%2C27&amp;ssl=1 19w, https:\/\/i0.wp.com\/schrittmacherfestival.nl\/wp-content\/uploads\/2025\/12\/5-scaled.jpeg?w=1847&amp;ssl=1 1847w, https:\/\/i0.wp.com\/schrittmacherfestival.nl\/wp-content\/uploads\/2025\/12\/5-scaled.jpeg?w=1280&amp;ssl=1 1280w\" sizes=\"(max-width: 640px) 100vw, 640px\" \/><\/figure>\n\n\n\n<figure class=\"wp-block-image size-large\"><img data-recalc-dims=\"1\" decoding=\"async\" width=\"640\" height=\"427\" data-id=\"12455\" src=\"https:\/\/i0.wp.com\/schrittmacherfestival.nl\/wp-content\/uploads\/2025\/12\/Co-Lab_2025_c_MatoSchaefer_DSC02602.jpeg?resize=640%2C427&#038;ssl=1\" alt=\"\" class=\"wp-image-12455\" srcset=\"https:\/\/i0.wp.com\/schrittmacherfestival.nl\/wp-content\/uploads\/2025\/12\/Co-Lab_2025_c_MatoSchaefer_DSC02602-scaled.jpeg?resize=1024%2C683&amp;ssl=1 1024w, https:\/\/i0.wp.com\/schrittmacherfestival.nl\/wp-content\/uploads\/2025\/12\/Co-Lab_2025_c_MatoSchaefer_DSC02602-scaled.jpeg?resize=300%2C200&amp;ssl=1 300w, https:\/\/i0.wp.com\/schrittmacherfestival.nl\/wp-content\/uploads\/2025\/12\/Co-Lab_2025_c_MatoSchaefer_DSC02602-scaled.jpeg?resize=768%2C512&amp;ssl=1 768w, https:\/\/i0.wp.com\/schrittmacherfestival.nl\/wp-content\/uploads\/2025\/12\/Co-Lab_2025_c_MatoSchaefer_DSC02602-scaled.jpeg?resize=1536%2C1024&amp;ssl=1 1536w, https:\/\/i0.wp.com\/schrittmacherfestival.nl\/wp-content\/uploads\/2025\/12\/Co-Lab_2025_c_MatoSchaefer_DSC02602-scaled.jpeg?resize=2048%2C1365&amp;ssl=1 2048w, https:\/\/i0.wp.com\/schrittmacherfestival.nl\/wp-content\/uploads\/2025\/12\/Co-Lab_2025_c_MatoSchaefer_DSC02602-scaled.jpeg?resize=600%2C400&amp;ssl=1 600w, https:\/\/i0.wp.com\/schrittmacherfestival.nl\/wp-content\/uploads\/2025\/12\/Co-Lab_2025_c_MatoSchaefer_DSC02602-scaled.jpeg?resize=31%2C21&amp;ssl=1 31w, https:\/\/i0.wp.com\/schrittmacherfestival.nl\/wp-content\/uploads\/2025\/12\/Co-Lab_2025_c_MatoSchaefer_DSC02602-scaled.jpeg?w=1280&amp;ssl=1 1280w, https:\/\/i0.wp.com\/schrittmacherfestival.nl\/wp-content\/uploads\/2025\/12\/Co-Lab_2025_c_MatoSchaefer_DSC02602-scaled.jpeg?w=1920&amp;ssl=1 1920w\" sizes=\"(max-width: 640px) 100vw, 640px\" \/><\/figure>\n\n\n\n<figure class=\"wp-block-image size-large\"><img data-recalc-dims=\"1\" loading=\"lazy\" decoding=\"async\" width=\"640\" height=\"849\" data-id=\"12452\" src=\"https:\/\/i0.wp.com\/schrittmacherfestival.nl\/wp-content\/uploads\/2025\/12\/7.jpeg?resize=640%2C849&#038;ssl=1\" alt=\"\" class=\"wp-image-12452\" srcset=\"https:\/\/i0.wp.com\/schrittmacherfestival.nl\/wp-content\/uploads\/2025\/12\/7-scaled.jpeg?resize=772%2C1024&amp;ssl=1 772w, https:\/\/i0.wp.com\/schrittmacherfestival.nl\/wp-content\/uploads\/2025\/12\/7-scaled.jpeg?resize=226%2C300&amp;ssl=1 226w, https:\/\/i0.wp.com\/schrittmacherfestival.nl\/wp-content\/uploads\/2025\/12\/7-scaled.jpeg?resize=768%2C1019&amp;ssl=1 768w, https:\/\/i0.wp.com\/schrittmacherfestival.nl\/wp-content\/uploads\/2025\/12\/7-scaled.jpeg?resize=1158%2C1536&amp;ssl=1 1158w, https:\/\/i0.wp.com\/schrittmacherfestival.nl\/wp-content\/uploads\/2025\/12\/7-scaled.jpeg?resize=1544%2C2048&amp;ssl=1 1544w, https:\/\/i0.wp.com\/schrittmacherfestival.nl\/wp-content\/uploads\/2025\/12\/7-scaled.jpeg?resize=20%2C27&amp;ssl=1 20w, https:\/\/i0.wp.com\/schrittmacherfestival.nl\/wp-content\/uploads\/2025\/12\/7-scaled.jpeg?w=1930&amp;ssl=1 1930w, https:\/\/i0.wp.com\/schrittmacherfestival.nl\/wp-content\/uploads\/2025\/12\/7-scaled.jpeg?w=1280&amp;ssl=1 1280w\" sizes=\"(max-width: 640px) 100vw, 640px\" \/><\/figure>\n\n\n\n<figure class=\"wp-block-image size-large\"><img data-recalc-dims=\"1\" loading=\"lazy\" decoding=\"async\" width=\"640\" height=\"553\" data-id=\"12453\" src=\"https:\/\/i0.wp.com\/schrittmacherfestival.nl\/wp-content\/uploads\/2025\/12\/6.jpeg?resize=640%2C553&#038;ssl=1\" alt=\"\" class=\"wp-image-12453\" srcset=\"https:\/\/i0.wp.com\/schrittmacherfestival.nl\/wp-content\/uploads\/2025\/12\/6-scaled.jpeg?resize=1024%2C885&amp;ssl=1 1024w, https:\/\/i0.wp.com\/schrittmacherfestival.nl\/wp-content\/uploads\/2025\/12\/6-scaled.jpeg?resize=300%2C259&amp;ssl=1 300w, https:\/\/i0.wp.com\/schrittmacherfestival.nl\/wp-content\/uploads\/2025\/12\/6-scaled.jpeg?resize=768%2C664&amp;ssl=1 768w, https:\/\/i0.wp.com\/schrittmacherfestival.nl\/wp-content\/uploads\/2025\/12\/6-scaled.jpeg?resize=1536%2C1327&amp;ssl=1 1536w, https:\/\/i0.wp.com\/schrittmacherfestival.nl\/wp-content\/uploads\/2025\/12\/6-scaled.jpeg?resize=2048%2C1770&amp;ssl=1 2048w, https:\/\/i0.wp.com\/schrittmacherfestival.nl\/wp-content\/uploads\/2025\/12\/6-scaled.jpeg?resize=220%2C190&amp;ssl=1 220w, https:\/\/i0.wp.com\/schrittmacherfestival.nl\/wp-content\/uploads\/2025\/12\/6-scaled.jpeg?resize=31%2C27&amp;ssl=1 31w, https:\/\/i0.wp.com\/schrittmacherfestival.nl\/wp-content\/uploads\/2025\/12\/6-scaled.jpeg?w=1280&amp;ssl=1 1280w, https:\/\/i0.wp.com\/schrittmacherfestival.nl\/wp-content\/uploads\/2025\/12\/6-scaled.jpeg?w=1920&amp;ssl=1 1920w\" sizes=\"(max-width: 640px) 100vw, 640px\" \/><\/figure>\n\n\n\n<figure class=\"wp-block-image size-large\"><img data-recalc-dims=\"1\" loading=\"lazy\" decoding=\"async\" width=\"640\" height=\"489\" data-id=\"12454\" src=\"https:\/\/i0.wp.com\/schrittmacherfestival.nl\/wp-content\/uploads\/2025\/12\/2.jpeg?resize=640%2C489&#038;ssl=1\" alt=\"\" class=\"wp-image-12454\" srcset=\"https:\/\/i0.wp.com\/schrittmacherfestival.nl\/wp-content\/uploads\/2025\/12\/2-scaled.jpeg?resize=1024%2C782&amp;ssl=1 1024w, https:\/\/i0.wp.com\/schrittmacherfestival.nl\/wp-content\/uploads\/2025\/12\/2-scaled.jpeg?resize=300%2C229&amp;ssl=1 300w, https:\/\/i0.wp.com\/schrittmacherfestival.nl\/wp-content\/uploads\/2025\/12\/2-scaled.jpeg?resize=768%2C587&amp;ssl=1 768w, https:\/\/i0.wp.com\/schrittmacherfestival.nl\/wp-content\/uploads\/2025\/12\/2-scaled.jpeg?resize=1536%2C1173&amp;ssl=1 1536w, https:\/\/i0.wp.com\/schrittmacherfestival.nl\/wp-content\/uploads\/2025\/12\/2-scaled.jpeg?resize=2048%2C1564&amp;ssl=1 2048w, https:\/\/i0.wp.com\/schrittmacherfestival.nl\/wp-content\/uploads\/2025\/12\/2-scaled.jpeg?resize=31%2C24&amp;ssl=1 31w, https:\/\/i0.wp.com\/schrittmacherfestival.nl\/wp-content\/uploads\/2025\/12\/2-scaled.jpeg?w=1280&amp;ssl=1 1280w, https:\/\/i0.wp.com\/schrittmacherfestival.nl\/wp-content\/uploads\/2025\/12\/2-scaled.jpeg?w=1920&amp;ssl=1 1920w\" sizes=\"(max-width: 640px) 100vw, 640px\" \/><\/figure>\n<\/figure>\n\n<hr class=\"wp-block-separator has-css-opacity\"\/>\n","protected":false},"excerpt":{"rendered":"<p>Bo Jacobs\u00a0(NL) Cultuurhuis HeerlenSo 29.03.202614.00 Uhr10,00 \u20ac\u00a0 Co-production with Cultuurhuis Heerlen, VIa Zuid and schrit_tmacher Festival \u201eHuidschrift\u201c erforscht Einsamkeit und zeigt, wie Verbindung in ihren vielen Formen eine m\u00f6gliche Antwort sein kann. Im Mittelpunkt steht Noah, ein alter Mann, der glaubt, sich vom Leben entfernt zu haben. Um ihn erscheinen Figuren, die N\u00e4he und Erneuerung durch Bewegung, Stimme und Ber\u00fchrung [&hellip;]<\/p>\n","protected":false},"author":1,"featured_media":0,"parent":0,"menu_order":0,"comment_status":"closed","ping_status":"closed","template":"","meta":{"_acf_changed":false,"footnotes":""},"class_list":["post-12458","page","type-page","status-publish","hentry"],"aioseo_notices":[],"acf":[],"jetpack_sharing_enabled":true,"_links":{"self":[{"href":"https:\/\/schrittmacherfestival.nl\/de\/wp-json\/wp\/v2\/pages\/12458","targetHints":{"allow":["GET"]}}],"collection":[{"href":"https:\/\/schrittmacherfestival.nl\/de\/wp-json\/wp\/v2\/pages"}],"about":[{"href":"https:\/\/schrittmacherfestival.nl\/de\/wp-json\/wp\/v2\/types\/page"}],"author":[{"embeddable":true,"href":"https:\/\/schrittmacherfestival.nl\/de\/wp-json\/wp\/v2\/users\/1"}],"replies":[{"embeddable":true,"href":"https:\/\/schrittmacherfestival.nl\/de\/wp-json\/wp\/v2\/comments?post=12458"}],"version-history":[{"count":3,"href":"https:\/\/schrittmacherfestival.nl\/de\/wp-json\/wp\/v2\/pages\/12458\/revisions"}],"predecessor-version":[{"id":13619,"href":"https:\/\/schrittmacherfestival.nl\/de\/wp-json\/wp\/v2\/pages\/12458\/revisions\/13619"}],"wp:attachment":[{"href":"https:\/\/schrittmacherfestival.nl\/de\/wp-json\/wp\/v2\/media?parent=12458"}],"curies":[{"name":"wp","href":"https:\/\/api.w.org\/{rel}","templated":true}]}}