{"id":12550,"date":"2025-12-11T10:33:59","date_gmt":"2025-12-11T10:33:59","guid":{"rendered":"https:\/\/schrittmacherfestival.nl\/ai-the-expo\/"},"modified":"2025-12-18T16:14:15","modified_gmt":"2025-12-18T16:14:15","slug":"ai-the-expo","status":"publish","type":"page","link":"https:\/\/schrittmacherfestival.nl\/de\/ai-the-expo\/","title":{"rendered":"Ai: the expo"},"content":{"rendered":"\n<h1 class=\"wp-block-heading has-black-color has-text-color\" id=\"hofesh-shechter-company-gbr\">Discovery Museum<\/h1>\n\n<p><strong>Discovery Museum Kerkrade (closed on Mondays)<\/strong><br\/><strong>Di 24.02.2026 \u2013 So 29.03.2026<\/strong><br\/><strong>11:00 \u2013 17:00 Uhr<br\/>0,00 \u20ac &#8211; 18,00 \u20ac<\/strong><\/p>\n\n<figure class=\"wp-block-image alignwide size-large\"><img data-recalc-dims=\"1\" fetchpriority=\"high\" decoding=\"async\" width=\"640\" height=\"267\" src=\"https:\/\/i0.wp.com\/schrittmacherfestival.nl\/wp-content\/uploads\/2025\/12\/Ai_the_expo-Discovery-Museum-e1765442262992-1024x427.jpg?resize=640%2C267&#038;ssl=1\" alt=\"\" class=\"wp-image-12473\" srcset=\"https:\/\/i0.wp.com\/schrittmacherfestival.nl\/wp-content\/uploads\/2025\/12\/Ai_the_expo-Discovery-Museum-e1765442262992.jpg?resize=1024%2C427&amp;ssl=1 1024w, https:\/\/i0.wp.com\/schrittmacherfestival.nl\/wp-content\/uploads\/2025\/12\/Ai_the_expo-Discovery-Museum-e1765442262992.jpg?resize=300%2C125&amp;ssl=1 300w, https:\/\/i0.wp.com\/schrittmacherfestival.nl\/wp-content\/uploads\/2025\/12\/Ai_the_expo-Discovery-Museum-e1765442262992.jpg?resize=768%2C320&amp;ssl=1 768w, https:\/\/i0.wp.com\/schrittmacherfestival.nl\/wp-content\/uploads\/2025\/12\/Ai_the_expo-Discovery-Museum-e1765442262992.jpg?resize=31%2C13&amp;ssl=1 31w, https:\/\/i0.wp.com\/schrittmacherfestival.nl\/wp-content\/uploads\/2025\/12\/Ai_the_expo-Discovery-Museum-e1765442262992.jpg?w=1200&amp;ssl=1 1200w\" sizes=\"(max-width: 640px) 100vw, 640px\" \/><\/figure>\n\n<hr class=\"wp-block-separator has-css-opacity\"\/>\n\n<p>Im Discovery Museum zeigt \u201eAi: die Expo\u201d, was k\u00fcnstliche Intelligenz f\u00fcr Mensch und Gesellschaft bedeutet \u2013 von spielerischen Anwendungen bis zu ethischen Fragen zu Privatsph\u00e4re, Identit\u00e4t und Kreativit\u00e4t. Die interaktive Ausstellung l\u00e4sst die Grenze zwischen Mensch und Maschine verschwimmen und regt zum Nachdenken \u00fcber Verk\u00f6rperung an, das Festivalthema 2026. Triff den humanoiden Roboter Ami, besuche die Science Show \u201eRoboter versus Mensch\u201d oder baue deinen eigenen kleinen Roboter.<\/p>\n\n<hr class=\"wp-block-separator has-css-opacity\"\/>\n\n<div class=\"wp-block-buttons is-horizontal is-content-justification-center is-layout-flex wp-container-core-buttons-is-layout-499968f5 wp-block-buttons-is-layout-flex\">\n<div class=\"wp-block-button\"><a class=\"wp-block-button__link has-white-color has-black-background-color has-text-color has-background wp-element-button\" href=\"https:\/\/www.discoverymuseum.nl\/\" target=\"_blank\" rel=\"noreferrer noopener\"><strong>Tickets Discovery Museum<\/strong><\/a><\/div>\n<\/div>\n\n<hr class=\"wp-block-separator has-css-opacity\"\/>\n\n<figure class=\"wp-block-gallery has-nested-images columns-default is-cropped wp-block-gallery-1 is-layout-flex wp-block-gallery-is-layout-flex\">\n<figure class=\"wp-block-image size-large\"><img data-recalc-dims=\"1\" decoding=\"async\" width=\"640\" height=\"360\" data-id=\"12546\" src=\"https:\/\/i0.wp.com\/schrittmacherfestival.nl\/wp-content\/uploads\/2025\/12\/Ai_the_expo-Discovery-Museum-1.jpg?resize=640%2C360&#038;ssl=1\" alt=\"\" class=\"wp-image-12546\" srcset=\"https:\/\/i0.wp.com\/schrittmacherfestival.nl\/wp-content\/uploads\/2025\/12\/Ai_the_expo-Discovery-Museum-1.jpg?resize=1024%2C576&amp;ssl=1 1024w, https:\/\/i0.wp.com\/schrittmacherfestival.nl\/wp-content\/uploads\/2025\/12\/Ai_the_expo-Discovery-Museum-1.jpg?resize=300%2C169&amp;ssl=1 300w, https:\/\/i0.wp.com\/schrittmacherfestival.nl\/wp-content\/uploads\/2025\/12\/Ai_the_expo-Discovery-Museum-1.jpg?resize=768%2C432&amp;ssl=1 768w, https:\/\/i0.wp.com\/schrittmacherfestival.nl\/wp-content\/uploads\/2025\/12\/Ai_the_expo-Discovery-Museum-1.jpg?resize=1536%2C864&amp;ssl=1 1536w, https:\/\/i0.wp.com\/schrittmacherfestival.nl\/wp-content\/uploads\/2025\/12\/Ai_the_expo-Discovery-Museum-1.jpg?resize=31%2C17&amp;ssl=1 31w, https:\/\/i0.wp.com\/schrittmacherfestival.nl\/wp-content\/uploads\/2025\/12\/Ai_the_expo-Discovery-Museum-1.jpg?w=1920&amp;ssl=1 1920w, https:\/\/i0.wp.com\/schrittmacherfestival.nl\/wp-content\/uploads\/2025\/12\/Ai_the_expo-Discovery-Museum-1.jpg?w=1280&amp;ssl=1 1280w\" sizes=\"(max-width: 640px) 100vw, 640px\" \/><\/figure>\n<\/figure>\n\n<hr class=\"wp-block-separator has-css-opacity\"\/>\n","protected":false},"excerpt":{"rendered":"<p>Discovery Museum Discovery Museum Kerkrade (closed on Mondays)Di 24.02.2026 \u2013 So 29.03.202611:00 \u2013 17:00 Uhr0,00 \u20ac &#8211; 18,00 \u20ac Im Discovery Museum zeigt \u201eAi: die Expo\u201d, was k\u00fcnstliche Intelligenz f\u00fcr Mensch und Gesellschaft bedeutet \u2013 von spielerischen Anwendungen bis zu ethischen Fragen zu Privatsph\u00e4re, Identit\u00e4t und Kreativit\u00e4t. Die interaktive Ausstellung l\u00e4sst die Grenze zwischen Mensch und Maschine verschwimmen und regt [&hellip;]<\/p>\n","protected":false},"author":1,"featured_media":0,"parent":0,"menu_order":0,"comment_status":"closed","ping_status":"closed","template":"","meta":{"_acf_changed":false,"footnotes":""},"class_list":["post-12550","page","type-page","status-publish","hentry"],"aioseo_notices":[],"acf":[],"jetpack_sharing_enabled":true,"_links":{"self":[{"href":"https:\/\/schrittmacherfestival.nl\/de\/wp-json\/wp\/v2\/pages\/12550","targetHints":{"allow":["GET"]}}],"collection":[{"href":"https:\/\/schrittmacherfestival.nl\/de\/wp-json\/wp\/v2\/pages"}],"about":[{"href":"https:\/\/schrittmacherfestival.nl\/de\/wp-json\/wp\/v2\/types\/page"}],"author":[{"embeddable":true,"href":"https:\/\/schrittmacherfestival.nl\/de\/wp-json\/wp\/v2\/users\/1"}],"replies":[{"embeddable":true,"href":"https:\/\/schrittmacherfestival.nl\/de\/wp-json\/wp\/v2\/comments?post=12550"}],"version-history":[{"count":2,"href":"https:\/\/schrittmacherfestival.nl\/de\/wp-json\/wp\/v2\/pages\/12550\/revisions"}],"predecessor-version":[{"id":13418,"href":"https:\/\/schrittmacherfestival.nl\/de\/wp-json\/wp\/v2\/pages\/12550\/revisions\/13418"}],"wp:attachment":[{"href":"https:\/\/schrittmacherfestival.nl\/de\/wp-json\/wp\/v2\/media?parent=12550"}],"curies":[{"name":"wp","href":"https:\/\/api.w.org\/{rel}","templated":true}]}}