{"id":12560,"date":"2025-12-11T10:47:26","date_gmt":"2025-12-11T10:47:26","guid":{"rendered":"https:\/\/schrittmacherfestival.nl\/artist-in-residence\/"},"modified":"2026-04-13T08:12:52","modified_gmt":"2026-04-13T08:12:52","slug":"artist-in-residence","status":"publish","type":"page","link":"https:\/\/schrittmacherfestival.nl\/de\/artist-in-residence\/","title":{"rendered":"Artist in Residence"},"content":{"rendered":"\n<h1 class=\"wp-block-heading has-black-color has-text-color\" id=\"hofesh-shechter-company-gbr\"><strong>schrit_tmacher x Greylight Projects<\/strong><\/h1>\n\n<p><strong>Greylight Projects<\/strong><br\/><strong>Di 24.02.2026 \u2013 So 29.03.2026<br\/>free<\/strong><\/p>\n\n<figure class=\"wp-block-image alignwide size-large\"><img data-recalc-dims=\"1\" fetchpriority=\"high\" decoding=\"async\" width=\"640\" height=\"267\" src=\"https:\/\/i0.wp.com\/schrittmacherfestival.nl\/wp-content\/uploads\/2025\/12\/Greylight-Projects-scaled-e1765442452391-1024x427.jpg?resize=640%2C267&#038;ssl=1\" alt=\"\" class=\"wp-image-12474\" srcset=\"https:\/\/i0.wp.com\/schrittmacherfestival.nl\/wp-content\/uploads\/2025\/12\/Greylight-Projects-scaled-e1765442452391.jpg?resize=1024%2C427&amp;ssl=1 1024w, https:\/\/i0.wp.com\/schrittmacherfestival.nl\/wp-content\/uploads\/2025\/12\/Greylight-Projects-scaled-e1765442452391.jpg?resize=300%2C125&amp;ssl=1 300w, https:\/\/i0.wp.com\/schrittmacherfestival.nl\/wp-content\/uploads\/2025\/12\/Greylight-Projects-scaled-e1765442452391.jpg?resize=768%2C320&amp;ssl=1 768w, https:\/\/i0.wp.com\/schrittmacherfestival.nl\/wp-content\/uploads\/2025\/12\/Greylight-Projects-scaled-e1765442452391.jpg?resize=31%2C13&amp;ssl=1 31w, https:\/\/i0.wp.com\/schrittmacherfestival.nl\/wp-content\/uploads\/2025\/12\/Greylight-Projects-scaled-e1765442452391.jpg?w=1200&amp;ssl=1 1200w\" sizes=\"(max-width: 640px) 100vw, 640px\" \/><\/figure>\n\n<hr class=\"wp-block-separator has-css-opacity\"\/>\n\n<h2 class=\"wp-block-heading\">I.s.m. Greylight Projects<\/h2>\n\n<p>Das schrit_tmacher Festival ist eine neue Zusammenarbeit mit Greylight Projects eingegangen und realisiert eine dreimonatige Artist-in-Residence in Heerlen. W\u00e4hrend dieser Residenz arbeitet eine K\u00fcnstlerin an neuen Arbeiten an der Schnittstelle von bildender Kunst, Performance und Tanz. Im Mittelpunkt steht das Festivalthema Embodiment: Wie treffen Technologie, Identit\u00e4t und Menschlichkeit im und durch den K\u00f6rper aufeinander?<\/p>\n\n<p>Die neue Gastk\u00fcnstlerin f\u00fcr diese Residenzperiode ist Yoojin Lee. Ihre Arbeit <em>slowth (habitats) (yet)<\/em> hat die Jury \u2013 bestehend aus Janneke Schmeitz (schrit_tmacher), Joost Seger (Via Zuid) und Germaine Sijstermans (Greylight Projects) \u2013 nachhaltig \u00fcberzeugt. In diesem Projekt untersucht Lee, wie wir Zeit wahrnehmen und wie alles miteinander verbunden ist. Die Jury sch\u00e4tzt besonders, wie sie bewusst verlangsamt und Raum f\u00fcr Aufmerksamkeit, F\u00fcrsorge und N\u00e4he schafft \u2013 als Gegenpol zum immer schneller werdenden Alltag.<\/p>\n\n<p>In ihrer Arbeit kommen K\u00f6rper, Materialien, Kl\u00e4nge und kleinste Lebensformen zu einem gemeinsamen Ganzen zusammen. So macht Lee sichtbar, wie eng Mensch, Natur und Umgebung miteinander verflochten sind. Ihre k\u00fcnstlerische Forschung l\u00e4dt dazu ein, Zeit, Verantwortung und Zusammenleben neu zu betrachten und ber\u00fchrt dabei aktuelle gesellschaftliche und \u00f6kologische Fragen.<\/p>\n\n<p>Yoojin Lee arbeitet mit Performance, Installation, Text, Klang und Video. Sie besch\u00e4ftigt sich mit Formen des Seins und Wissens, die oft \u00fcbersehen werden \u2013 wie Ruhe, Stille und Langsamkeit. Diese nutzt sie nicht nur als Themen, sondern als Methoden des Zuh\u00f6rens, F\u00fchlens und Daseins. Lee lebt und arbeitet in London.<\/p>\n\n<p>Die Residenz beginnt Anfang Januar 2026. Zum Auftakt des schrit_tmacher Festivals gibt Yoojin Lee am Samstag, den 28. Februar, eine Einf\u00fchrung in ihre k\u00fcnstlerische Praxis. Den Abschluss bildet eine \u00f6ffentliche Pr\u00e4sentation am Samstag, den 28. M\u00e4rz, am letzten Festivalwochenende. Beide Veranstaltungen finden bei Greylight Projects statt.<\/p>\n\n<p>Introductory insight:<strong> <br\/><\/strong>Sa 28.02.2026, 16:00-17:00 <br\/>Greylight Projects<br\/>free<\/p>\n\n<p>Presentation:<br\/>Sa 28.03.2026, 17:00 <br\/>Greylight Projects<br\/>7,50 \u20ac (incl soup and bread)<\/p>\n\n<hr class=\"wp-block-separator has-css-opacity\"\/>\n\n<div class=\"wp-block-buttons is-horizontal is-content-justification-center is-layout-flex wp-container-core-buttons-is-layout-499968f5 wp-block-buttons-is-layout-flex\">\n<div class=\"wp-block-button\"><a class=\"wp-block-button__link has-white-color has-black-background-color has-text-color has-background wp-element-button\" href=\"https:\/\/bestellen.plt.nl\/bestel\/13799\" target=\"_blank\" rel=\"noreferrer noopener\"><strong>Tickets Sa 28.03 | 17.00 Uhr<\/strong><\/a><\/div>\n<\/div>\n\n<hr class=\"wp-block-separator has-css-opacity\"\/>\n\n<figure class=\"wp-block-embed is-type-video is-provider-youtube wp-block-embed-youtube wp-embed-aspect-16-9 wp-has-aspect-ratio\"><div class=\"wp-block-embed__wrapper\">\r\n<iframe  id=\"_ytid_91011\"  width=\"640\" height=\"360\"  data-origwidth=\"640\" data-origheight=\"360\" src=\"https:\/\/www.youtube.com\/embed\/Fy-o_YDRwoc?enablejsapi=1&#038;autoplay=0&#038;cc_load_policy=0&#038;cc_lang_pref=&#038;iv_load_policy=1&#038;loop=0&#038;rel=1&#038;fs=1&#038;playsinline=0&#038;autohide=2&#038;theme=dark&#038;color=red&#038;controls=1&#038;disablekb=0&#038;\" class=\"__youtube_prefs__  epyt-is-override  no-lazyload\" title=\"YouTube player\"  allow=\"fullscreen; accelerometer; autoplay; clipboard-write; encrypted-media; gyroscope; picture-in-picture; web-share\" referrerpolicy=\"strict-origin-when-cross-origin\" allowfullscreen data-no-lazy=\"1\" data-skipgform_ajax_framebjll=\"\"><\/iframe>\n<\/div><\/figure><br>\n\n<hr class=\"wp-block-separator has-css-opacity\"\/>\n\n<figure class=\"wp-block-gallery has-nested-images columns-default is-cropped wp-block-gallery-1 is-layout-flex wp-block-gallery-is-layout-flex\">\n<figure class=\"wp-block-image size-large\"><img data-recalc-dims=\"1\" decoding=\"async\" width=\"640\" height=\"480\" data-id=\"13569\" src=\"https:\/\/i0.wp.com\/schrittmacherfestival.nl\/wp-content\/uploads\/2026\/01\/2023_Yoojin-Lee_slowth-habitats-yet_Forgia_ph-Andrea-Nicotra19_web-2000x1500-1.jpg?resize=640%2C480&#038;ssl=1\" alt=\"\" class=\"wp-image-13569\" srcset=\"https:\/\/i0.wp.com\/schrittmacherfestival.nl\/wp-content\/uploads\/2026\/01\/2023_Yoojin-Lee_slowth-habitats-yet_Forgia_ph-Andrea-Nicotra19_web-2000x1500-1.jpg?resize=1024%2C768&amp;ssl=1 1024w, https:\/\/i0.wp.com\/schrittmacherfestival.nl\/wp-content\/uploads\/2026\/01\/2023_Yoojin-Lee_slowth-habitats-yet_Forgia_ph-Andrea-Nicotra19_web-2000x1500-1.jpg?resize=300%2C225&amp;ssl=1 300w, https:\/\/i0.wp.com\/schrittmacherfestival.nl\/wp-content\/uploads\/2026\/01\/2023_Yoojin-Lee_slowth-habitats-yet_Forgia_ph-Andrea-Nicotra19_web-2000x1500-1.jpg?resize=768%2C576&amp;ssl=1 768w, https:\/\/i0.wp.com\/schrittmacherfestival.nl\/wp-content\/uploads\/2026\/01\/2023_Yoojin-Lee_slowth-habitats-yet_Forgia_ph-Andrea-Nicotra19_web-2000x1500-1.jpg?resize=1536%2C1152&amp;ssl=1 1536w, https:\/\/i0.wp.com\/schrittmacherfestival.nl\/wp-content\/uploads\/2026\/01\/2023_Yoojin-Lee_slowth-habitats-yet_Forgia_ph-Andrea-Nicotra19_web-2000x1500-1.jpg?resize=31%2C23&amp;ssl=1 31w, https:\/\/i0.wp.com\/schrittmacherfestival.nl\/wp-content\/uploads\/2026\/01\/2023_Yoojin-Lee_slowth-habitats-yet_Forgia_ph-Andrea-Nicotra19_web-2000x1500-1.jpg?w=2000&amp;ssl=1 2000w, https:\/\/i0.wp.com\/schrittmacherfestival.nl\/wp-content\/uploads\/2026\/01\/2023_Yoojin-Lee_slowth-habitats-yet_Forgia_ph-Andrea-Nicotra19_web-2000x1500-1.jpg?w=1280&amp;ssl=1 1280w, https:\/\/i0.wp.com\/schrittmacherfestival.nl\/wp-content\/uploads\/2026\/01\/2023_Yoojin-Lee_slowth-habitats-yet_Forgia_ph-Andrea-Nicotra19_web-2000x1500-1.jpg?w=1920&amp;ssl=1 1920w\" sizes=\"(max-width: 640px) 100vw, 640px\" \/><\/figure>\n<\/figure>\n\n<hr class=\"wp-block-separator has-css-opacity\"\/>\n","protected":false},"excerpt":{"rendered":"<p>schrit_tmacher x Greylight Projects Greylight ProjectsDi 24.02.2026 \u2013 So 29.03.2026free I.s.m. Greylight Projects Das schrit_tmacher Festival ist eine neue Zusammenarbeit mit Greylight Projects eingegangen und realisiert eine dreimonatige Artist-in-Residence in Heerlen. W\u00e4hrend dieser Residenz arbeitet eine K\u00fcnstlerin an neuen Arbeiten an der Schnittstelle von bildender Kunst, Performance und Tanz. Im Mittelpunkt steht das Festivalthema Embodiment: Wie treffen Technologie, Identit\u00e4t und [&hellip;]<\/p>\n","protected":false},"author":1,"featured_media":0,"parent":0,"menu_order":0,"comment_status":"closed","ping_status":"closed","template":"","meta":{"_acf_changed":false,"footnotes":""},"class_list":["post-12560","page","type-page","status-publish","hentry"],"aioseo_notices":[],"acf":[],"jetpack_sharing_enabled":true,"_links":{"self":[{"href":"https:\/\/schrittmacherfestival.nl\/de\/wp-json\/wp\/v2\/pages\/12560","targetHints":{"allow":["GET"]}}],"collection":[{"href":"https:\/\/schrittmacherfestival.nl\/de\/wp-json\/wp\/v2\/pages"}],"about":[{"href":"https:\/\/schrittmacherfestival.nl\/de\/wp-json\/wp\/v2\/types\/page"}],"author":[{"embeddable":true,"href":"https:\/\/schrittmacherfestival.nl\/de\/wp-json\/wp\/v2\/users\/1"}],"replies":[{"embeddable":true,"href":"https:\/\/schrittmacherfestival.nl\/de\/wp-json\/wp\/v2\/comments?post=12560"}],"version-history":[{"count":5,"href":"https:\/\/schrittmacherfestival.nl\/de\/wp-json\/wp\/v2\/pages\/12560\/revisions"}],"predecessor-version":[{"id":13956,"href":"https:\/\/schrittmacherfestival.nl\/de\/wp-json\/wp\/v2\/pages\/12560\/revisions\/13956"}],"wp:attachment":[{"href":"https:\/\/schrittmacherfestival.nl\/de\/wp-json\/wp\/v2\/media?parent=12560"}],"curies":[{"name":"wp","href":"https:\/\/api.w.org\/{rel}","templated":true}]}}