{"id":12579,"date":"2025-12-11T11:44:40","date_gmt":"2025-12-11T11:44:40","guid":{"rendered":"https:\/\/schrittmacherfestival.nl\/embodiment\/"},"modified":"2025-12-11T11:44:56","modified_gmt":"2025-12-11T11:44:56","slug":"embodiment","status":"publish","type":"page","link":"https:\/\/schrittmacherfestival.nl\/de\/embodiment\/","title":{"rendered":"Embodiment"},"content":{"rendered":"\n<h1 class=\"wp-block-heading has-black-color has-text-color\" id=\"hofesh-shechter-company-gbr\"><strong>Cinedans x schrit_macher<\/strong><\/h1>\n\n<p><strong>Foyer Theater Heerlen<\/strong><br\/><strong>Di 24.02.2026 \u2013 So 29.03.2026<\/strong><br\/><strong>Throughout opening hours<br\/>free<\/strong><\/p>\n\n<figure class=\"wp-block-image alignwide size-large\"><img data-recalc-dims=\"1\" fetchpriority=\"high\" decoding=\"async\" width=\"640\" height=\"267\" src=\"https:\/\/i0.wp.com\/schrittmacherfestival.nl\/wp-content\/uploads\/2025\/12\/LA-ULTIMA-ASCENSION_Still-3-e1765443180642-1024x427.png?resize=640%2C267&#038;ssl=1\" alt=\"\" class=\"wp-image-12482\" srcset=\"https:\/\/i0.wp.com\/schrittmacherfestival.nl\/wp-content\/uploads\/2025\/12\/LA-ULTIMA-ASCENSION_Still-3-e1765443180642.png?resize=1024%2C427&amp;ssl=1 1024w, https:\/\/i0.wp.com\/schrittmacherfestival.nl\/wp-content\/uploads\/2025\/12\/LA-ULTIMA-ASCENSION_Still-3-e1765443180642.png?resize=300%2C125&amp;ssl=1 300w, https:\/\/i0.wp.com\/schrittmacherfestival.nl\/wp-content\/uploads\/2025\/12\/LA-ULTIMA-ASCENSION_Still-3-e1765443180642.png?resize=768%2C320&amp;ssl=1 768w, https:\/\/i0.wp.com\/schrittmacherfestival.nl\/wp-content\/uploads\/2025\/12\/LA-ULTIMA-ASCENSION_Still-3-e1765443180642.png?resize=31%2C13&amp;ssl=1 31w, https:\/\/i0.wp.com\/schrittmacherfestival.nl\/wp-content\/uploads\/2025\/12\/LA-ULTIMA-ASCENSION_Still-3-e1765443180642.png?w=1200&amp;ssl=1 1200w\" sizes=\"(max-width: 640px) 100vw, 640px\" \/><\/figure>\n\n<hr class=\"wp-block-separator has-css-opacity\"\/>\n\n<p>Im Tanzfilmprogramm \u201eEmbodiment\u201c steht der K\u00f6rper im Mittelpunkt \u2013 als Ausdruck von Erinnerung, Gef\u00fchl und Verbindung. Die ausgew\u00e4hlten Filme, aus denen du selbst w\u00e4hlen kannst, erkunden Themen wie Mythos, Erinnerung, Verlust, Identit\u00e4t und Natur. Manchmal wird der K\u00f6rper zu einem Ort der Ver\u00e4nderung, manchmal zu einer Quelle von Kraft und Fantasie. \u201eEmbodiment\u201c l\u00e4dt ein, Tanz mit dem ganzen K\u00f6rper zu erleben.<\/p>\n\n<hr class=\"wp-block-separator has-css-opacity\"\/>\n\n<figure class=\"wp-block-gallery has-nested-images columns-default is-cropped wp-block-gallery-1 is-layout-flex wp-block-gallery-is-layout-flex\">\n<figure class=\"wp-block-image size-large\"><img data-recalc-dims=\"1\" decoding=\"async\" width=\"640\" height=\"427\" data-id=\"12568\" src=\"https:\/\/i0.wp.com\/schrittmacherfestival.nl\/wp-content\/uploads\/2025\/12\/Cinedans-x-schrit_tmacher-Embodiment-1024x683.jpg?resize=640%2C427&#038;ssl=1\" alt=\"\" class=\"wp-image-12568\" srcset=\"https:\/\/i0.wp.com\/schrittmacherfestival.nl\/wp-content\/uploads\/2025\/12\/Cinedans-x-schrit_tmacher-Embodiment-scaled.jpg?resize=1024%2C683&amp;ssl=1 1024w, https:\/\/i0.wp.com\/schrittmacherfestival.nl\/wp-content\/uploads\/2025\/12\/Cinedans-x-schrit_tmacher-Embodiment-scaled.jpg?resize=300%2C200&amp;ssl=1 300w, https:\/\/i0.wp.com\/schrittmacherfestival.nl\/wp-content\/uploads\/2025\/12\/Cinedans-x-schrit_tmacher-Embodiment-scaled.jpg?resize=768%2C512&amp;ssl=1 768w, https:\/\/i0.wp.com\/schrittmacherfestival.nl\/wp-content\/uploads\/2025\/12\/Cinedans-x-schrit_tmacher-Embodiment-scaled.jpg?resize=1536%2C1024&amp;ssl=1 1536w, https:\/\/i0.wp.com\/schrittmacherfestival.nl\/wp-content\/uploads\/2025\/12\/Cinedans-x-schrit_tmacher-Embodiment-scaled.jpg?resize=2048%2C1365&amp;ssl=1 2048w, https:\/\/i0.wp.com\/schrittmacherfestival.nl\/wp-content\/uploads\/2025\/12\/Cinedans-x-schrit_tmacher-Embodiment-scaled.jpg?resize=600%2C400&amp;ssl=1 600w, https:\/\/i0.wp.com\/schrittmacherfestival.nl\/wp-content\/uploads\/2025\/12\/Cinedans-x-schrit_tmacher-Embodiment-scaled.jpg?resize=31%2C21&amp;ssl=1 31w, https:\/\/i0.wp.com\/schrittmacherfestival.nl\/wp-content\/uploads\/2025\/12\/Cinedans-x-schrit_tmacher-Embodiment-scaled.jpg?w=1280&amp;ssl=1 1280w, https:\/\/i0.wp.com\/schrittmacherfestival.nl\/wp-content\/uploads\/2025\/12\/Cinedans-x-schrit_tmacher-Embodiment-scaled.jpg?w=1920&amp;ssl=1 1920w\" sizes=\"(max-width: 640px) 100vw, 640px\" \/><\/figure>\n\n\n\n<figure class=\"wp-block-image size-large\"><img data-recalc-dims=\"1\" decoding=\"async\" width=\"640\" height=\"360\" data-id=\"12572\" src=\"https:\/\/i0.wp.com\/schrittmacherfestival.nl\/wp-content\/uploads\/2025\/12\/LA-ULTIMA-ASCENSION_Still-1.png?resize=640%2C360&#038;ssl=1\" alt=\"\" class=\"wp-image-12572\" srcset=\"https:\/\/i0.wp.com\/schrittmacherfestival.nl\/wp-content\/uploads\/2025\/12\/LA-ULTIMA-ASCENSION_Still-1.png?resize=1024%2C576&amp;ssl=1 1024w, https:\/\/i0.wp.com\/schrittmacherfestival.nl\/wp-content\/uploads\/2025\/12\/LA-ULTIMA-ASCENSION_Still-1.png?resize=300%2C169&amp;ssl=1 300w, https:\/\/i0.wp.com\/schrittmacherfestival.nl\/wp-content\/uploads\/2025\/12\/LA-ULTIMA-ASCENSION_Still-1.png?resize=768%2C432&amp;ssl=1 768w, https:\/\/i0.wp.com\/schrittmacherfestival.nl\/wp-content\/uploads\/2025\/12\/LA-ULTIMA-ASCENSION_Still-1.png?resize=1536%2C864&amp;ssl=1 1536w, https:\/\/i0.wp.com\/schrittmacherfestival.nl\/wp-content\/uploads\/2025\/12\/LA-ULTIMA-ASCENSION_Still-1.png?resize=31%2C17&amp;ssl=1 31w, https:\/\/i0.wp.com\/schrittmacherfestival.nl\/wp-content\/uploads\/2025\/12\/LA-ULTIMA-ASCENSION_Still-1.png?w=1920&amp;ssl=1 1920w, https:\/\/i0.wp.com\/schrittmacherfestival.nl\/wp-content\/uploads\/2025\/12\/LA-ULTIMA-ASCENSION_Still-1.png?w=1280&amp;ssl=1 1280w\" sizes=\"(max-width: 640px) 100vw, 640px\" \/><\/figure>\n\n\n\n<figure class=\"wp-block-image size-large\"><img data-recalc-dims=\"1\" loading=\"lazy\" decoding=\"async\" width=\"640\" height=\"360\" data-id=\"12570\" src=\"https:\/\/i0.wp.com\/schrittmacherfestival.nl\/wp-content\/uploads\/2025\/12\/LA-ULTIMA-ASCENSION_Still-2.png?resize=640%2C360&#038;ssl=1\" alt=\"\" class=\"wp-image-12570\" srcset=\"https:\/\/i0.wp.com\/schrittmacherfestival.nl\/wp-content\/uploads\/2025\/12\/LA-ULTIMA-ASCENSION_Still-2.png?resize=1024%2C576&amp;ssl=1 1024w, https:\/\/i0.wp.com\/schrittmacherfestival.nl\/wp-content\/uploads\/2025\/12\/LA-ULTIMA-ASCENSION_Still-2.png?resize=300%2C169&amp;ssl=1 300w, https:\/\/i0.wp.com\/schrittmacherfestival.nl\/wp-content\/uploads\/2025\/12\/LA-ULTIMA-ASCENSION_Still-2.png?resize=768%2C432&amp;ssl=1 768w, https:\/\/i0.wp.com\/schrittmacherfestival.nl\/wp-content\/uploads\/2025\/12\/LA-ULTIMA-ASCENSION_Still-2.png?resize=1536%2C864&amp;ssl=1 1536w, https:\/\/i0.wp.com\/schrittmacherfestival.nl\/wp-content\/uploads\/2025\/12\/LA-ULTIMA-ASCENSION_Still-2.png?resize=31%2C17&amp;ssl=1 31w, https:\/\/i0.wp.com\/schrittmacherfestival.nl\/wp-content\/uploads\/2025\/12\/LA-ULTIMA-ASCENSION_Still-2.png?w=1920&amp;ssl=1 1920w, https:\/\/i0.wp.com\/schrittmacherfestival.nl\/wp-content\/uploads\/2025\/12\/LA-ULTIMA-ASCENSION_Still-2.png?w=1280&amp;ssl=1 1280w\" sizes=\"(max-width: 640px) 100vw, 640px\" \/><\/figure>\n\n\n\n<figure class=\"wp-block-image size-large\"><img data-recalc-dims=\"1\" loading=\"lazy\" decoding=\"async\" width=\"640\" height=\"360\" data-id=\"12569\" src=\"https:\/\/i0.wp.com\/schrittmacherfestival.nl\/wp-content\/uploads\/2025\/12\/LA-ULTIMA-ASCENSION_Still-3-1.png?resize=640%2C360&#038;ssl=1\" alt=\"\" class=\"wp-image-12569\" srcset=\"https:\/\/i0.wp.com\/schrittmacherfestival.nl\/wp-content\/uploads\/2025\/12\/LA-ULTIMA-ASCENSION_Still-3-1.png?resize=1024%2C576&amp;ssl=1 1024w, https:\/\/i0.wp.com\/schrittmacherfestival.nl\/wp-content\/uploads\/2025\/12\/LA-ULTIMA-ASCENSION_Still-3-1.png?resize=300%2C169&amp;ssl=1 300w, https:\/\/i0.wp.com\/schrittmacherfestival.nl\/wp-content\/uploads\/2025\/12\/LA-ULTIMA-ASCENSION_Still-3-1.png?resize=768%2C432&amp;ssl=1 768w, https:\/\/i0.wp.com\/schrittmacherfestival.nl\/wp-content\/uploads\/2025\/12\/LA-ULTIMA-ASCENSION_Still-3-1.png?resize=1536%2C864&amp;ssl=1 1536w, https:\/\/i0.wp.com\/schrittmacherfestival.nl\/wp-content\/uploads\/2025\/12\/LA-ULTIMA-ASCENSION_Still-3-1.png?resize=31%2C17&amp;ssl=1 31w, https:\/\/i0.wp.com\/schrittmacherfestival.nl\/wp-content\/uploads\/2025\/12\/LA-ULTIMA-ASCENSION_Still-3-1.png?w=1920&amp;ssl=1 1920w, https:\/\/i0.wp.com\/schrittmacherfestival.nl\/wp-content\/uploads\/2025\/12\/LA-ULTIMA-ASCENSION_Still-3-1.png?w=1280&amp;ssl=1 1280w\" sizes=\"(max-width: 640px) 100vw, 640px\" \/><\/figure>\n\n\n\n<figure class=\"wp-block-image size-large\"><img data-recalc-dims=\"1\" loading=\"lazy\" decoding=\"async\" width=\"640\" height=\"360\" data-id=\"12571\" src=\"https:\/\/i0.wp.com\/schrittmacherfestival.nl\/wp-content\/uploads\/2025\/12\/LA-ULTIMA-ASCENSION_Still-4.png?resize=640%2C360&#038;ssl=1\" alt=\"\" class=\"wp-image-12571\" srcset=\"https:\/\/i0.wp.com\/schrittmacherfestival.nl\/wp-content\/uploads\/2025\/12\/LA-ULTIMA-ASCENSION_Still-4.png?resize=1024%2C576&amp;ssl=1 1024w, https:\/\/i0.wp.com\/schrittmacherfestival.nl\/wp-content\/uploads\/2025\/12\/LA-ULTIMA-ASCENSION_Still-4.png?resize=300%2C169&amp;ssl=1 300w, https:\/\/i0.wp.com\/schrittmacherfestival.nl\/wp-content\/uploads\/2025\/12\/LA-ULTIMA-ASCENSION_Still-4.png?resize=768%2C432&amp;ssl=1 768w, https:\/\/i0.wp.com\/schrittmacherfestival.nl\/wp-content\/uploads\/2025\/12\/LA-ULTIMA-ASCENSION_Still-4.png?resize=1536%2C864&amp;ssl=1 1536w, https:\/\/i0.wp.com\/schrittmacherfestival.nl\/wp-content\/uploads\/2025\/12\/LA-ULTIMA-ASCENSION_Still-4.png?resize=31%2C17&amp;ssl=1 31w, https:\/\/i0.wp.com\/schrittmacherfestival.nl\/wp-content\/uploads\/2025\/12\/LA-ULTIMA-ASCENSION_Still-4.png?w=1920&amp;ssl=1 1920w, https:\/\/i0.wp.com\/schrittmacherfestival.nl\/wp-content\/uploads\/2025\/12\/LA-ULTIMA-ASCENSION_Still-4.png?w=1280&amp;ssl=1 1280w\" sizes=\"(max-width: 640px) 100vw, 640px\" \/><\/figure>\n<\/figure>\n\n<hr class=\"wp-block-separator has-css-opacity\"\/>\n","protected":false},"excerpt":{"rendered":"<p>Cinedans x schrit_macher Foyer Theater HeerlenDi 24.02.2026 \u2013 So 29.03.2026Throughout opening hoursfree Im Tanzfilmprogramm \u201eEmbodiment\u201c steht der K\u00f6rper im Mittelpunkt \u2013 als Ausdruck von Erinnerung, Gef\u00fchl und Verbindung. Die ausgew\u00e4hlten Filme, aus denen du selbst w\u00e4hlen kannst, erkunden Themen wie Mythos, Erinnerung, Verlust, Identit\u00e4t und Natur. Manchmal wird der K\u00f6rper zu einem Ort der Ver\u00e4nderung, manchmal zu einer Quelle von [&hellip;]<\/p>\n","protected":false},"author":1,"featured_media":0,"parent":0,"menu_order":0,"comment_status":"closed","ping_status":"closed","template":"","meta":{"_acf_changed":false,"footnotes":""},"class_list":["post-12579","page","type-page","status-publish","hentry"],"aioseo_notices":[],"acf":[],"jetpack_sharing_enabled":true,"_links":{"self":[{"href":"https:\/\/schrittmacherfestival.nl\/de\/wp-json\/wp\/v2\/pages\/12579","targetHints":{"allow":["GET"]}}],"collection":[{"href":"https:\/\/schrittmacherfestival.nl\/de\/wp-json\/wp\/v2\/pages"}],"about":[{"href":"https:\/\/schrittmacherfestival.nl\/de\/wp-json\/wp\/v2\/types\/page"}],"author":[{"embeddable":true,"href":"https:\/\/schrittmacherfestival.nl\/de\/wp-json\/wp\/v2\/users\/1"}],"replies":[{"embeddable":true,"href":"https:\/\/schrittmacherfestival.nl\/de\/wp-json\/wp\/v2\/comments?post=12579"}],"version-history":[{"count":1,"href":"https:\/\/schrittmacherfestival.nl\/de\/wp-json\/wp\/v2\/pages\/12579\/revisions"}],"predecessor-version":[{"id":12581,"href":"https:\/\/schrittmacherfestival.nl\/de\/wp-json\/wp\/v2\/pages\/12579\/revisions\/12581"}],"wp:attachment":[{"href":"https:\/\/schrittmacherfestival.nl\/de\/wp-json\/wp\/v2\/media?parent=12579"}],"curies":[{"name":"wp","href":"https:\/\/api.w.org\/{rel}","templated":true}]}}