{"id":12606,"date":"2025-12-11T12:04:05","date_gmt":"2025-12-11T12:04:05","guid":{"rendered":"https:\/\/schrittmacherfestival.nl\/exhibition-celestial-metamorphosis\/"},"modified":"2025-12-18T07:13:42","modified_gmt":"2025-12-18T07:13:42","slug":"exhibition-celestial-metamorphosis","status":"publish","type":"page","link":"https:\/\/schrittmacherfestival.nl\/de\/exhibition-celestial-metamorphosis\/","title":{"rendered":"Exhibition CELESTIAL METAMORPHOSIS"},"content":{"rendered":"\n<h1 class=\"wp-block-heading has-black-color has-text-color\" id=\"hofesh-shechter-company-gbr\"><strong>Kadir \u201cAmigo\u201d Memi\u015f\u00a0<\/strong>(DE\/TR)<\/h1>\n\n<p><strong>Atelierhaus Aachen<\/strong><br\/><strong>So 01.03.2026 \u2013 Sa 07.03.2026<\/strong><br\/><strong>15:00 &#8211; 19:00 Uhr<br\/>free<\/strong><\/p>\n\n<figure class=\"wp-block-image alignwide size-large\"><img data-recalc-dims=\"1\" fetchpriority=\"high\" decoding=\"async\" width=\"640\" height=\"267\" src=\"https:\/\/i0.wp.com\/schrittmacherfestival.nl\/wp-content\/uploads\/2025\/12\/kadir2-e1765445004350-1024x427.jpg?resize=640%2C267&#038;ssl=1\" alt=\"\" class=\"wp-image-12494\" srcset=\"https:\/\/i0.wp.com\/schrittmacherfestival.nl\/wp-content\/uploads\/2025\/12\/kadir2-e1765445004350.jpg?resize=1024%2C427&amp;ssl=1 1024w, https:\/\/i0.wp.com\/schrittmacherfestival.nl\/wp-content\/uploads\/2025\/12\/kadir2-e1765445004350.jpg?resize=300%2C125&amp;ssl=1 300w, https:\/\/i0.wp.com\/schrittmacherfestival.nl\/wp-content\/uploads\/2025\/12\/kadir2-e1765445004350.jpg?resize=768%2C320&amp;ssl=1 768w, https:\/\/i0.wp.com\/schrittmacherfestival.nl\/wp-content\/uploads\/2025\/12\/kadir2-e1765445004350.jpg?resize=31%2C13&amp;ssl=1 31w, https:\/\/i0.wp.com\/schrittmacherfestival.nl\/wp-content\/uploads\/2025\/12\/kadir2-e1765445004350.jpg?w=1200&amp;ssl=1 1200w\" sizes=\"(max-width: 640px) 100vw, 640px\" \/><\/figure>\n\n<hr class=\"wp-block-separator has-css-opacity\"\/>\n\n<p>Kadir \u201eAmigo\u201d Memi\u015f wurde 1974 in der T\u00fcrkei geboren und kam 1984 nach Deutschland. In seiner Ausstellung \u201eCELESTIAL METAMORPHOSIS\u201c verbindet er auf ganz pers\u00f6nliche Art und Weise Tanz mit kalligraphischen Zeichnungen. Kadir sieht sich selbst als \u201eTanzschreiber\u201c, eine untrennbare Einheit aus \u201eChoreo\u201d (Tanz\/Bewegung) und \u201eGrafie\u201d (Schrift) sowie als Br\u00fcckenbauer zwischen zwei Kulturen, der t\u00fcrkischen und der deutschen. Diese Einfl\u00fcsse nutzt er heutzutage in Kombination als Ausdruck seiner Kunst.<\/p>\n\n<p><strong>So 01.03.2026<\/strong><br\/>Expo opening + Artist talk [DE\/TR]<\/p>\n\n<p><strong>Fr 06.03.2026<\/strong><br\/>Artist talk [DE\/TR]<\/p>\n\n<p><strong>Sa 07.03.2026<\/strong><br\/><a href=\"https:\/\/schrittmacherfestival.nl\/de\/paintformance-back-to-zero\/\" title=\"\">Paint\u2019formance: BACK TO ZERO<\/a><br\/>Kadir \u201cAmigo\u201d Memis (DE\/TR)<\/p>\n\n<p><strong>So 08.03.2026<\/strong><br\/>Workshop \u201c<a href=\"https:\/\/schrittmacherfestival.nl\/de\/storytelling-cartoon-style-locking\/\" title=\"\">Storytelling &amp; Cartoon Style Locking<\/a>\u201d<\/p>\n\n<hr class=\"wp-block-separator has-css-opacity\"\/>\n\n<div class=\"wp-block-buttons is-horizontal is-content-justification-center is-layout-flex wp-container-core-buttons-is-layout-499968f5 wp-block-buttons-is-layout-flex\">\n<div class=\"wp-block-button\"><a class=\"wp-block-button__link has-white-color has-black-background-color has-text-color has-background wp-element-button\"><strong>Tickets<\/strong><\/a><\/div>\n<\/div>\n\n<hr class=\"wp-block-separator has-css-opacity\"\/>\n\n<figure class=\"wp-block-gallery has-nested-images columns-default is-cropped wp-block-gallery-1 is-layout-flex wp-block-gallery-is-layout-flex\">\n<figure class=\"wp-block-image size-large\"><img data-recalc-dims=\"1\" decoding=\"async\" width=\"576\" height=\"1024\" data-id=\"12805\" src=\"https:\/\/i0.wp.com\/schrittmacherfestival.nl\/wp-content\/uploads\/2025\/12\/smf26_EXCHANGE_Kadir_Amigo_Memis_c_privat_02_002-1.jpg?resize=576%2C1024&#038;ssl=1\" alt=\"\" class=\"wp-image-12805\" srcset=\"https:\/\/i0.wp.com\/schrittmacherfestival.nl\/wp-content\/uploads\/2025\/12\/smf26_EXCHANGE_Kadir_Amigo_Memis_c_privat_02_002-1.jpg?resize=576%2C1024&amp;ssl=1 576w, https:\/\/i0.wp.com\/schrittmacherfestival.nl\/wp-content\/uploads\/2025\/12\/smf26_EXCHANGE_Kadir_Amigo_Memis_c_privat_02_002-1.jpg?resize=169%2C300&amp;ssl=1 169w, https:\/\/i0.wp.com\/schrittmacherfestival.nl\/wp-content\/uploads\/2025\/12\/smf26_EXCHANGE_Kadir_Amigo_Memis_c_privat_02_002-1.jpg?resize=15%2C27&amp;ssl=1 15w, https:\/\/i0.wp.com\/schrittmacherfestival.nl\/wp-content\/uploads\/2025\/12\/smf26_EXCHANGE_Kadir_Amigo_Memis_c_privat_02_002-1.jpg?w=675&amp;ssl=1 675w\" sizes=\"(max-width: 576px) 100vw, 576px\" \/><\/figure>\n\n\n\n<figure class=\"wp-block-image size-large\"><img data-recalc-dims=\"1\" decoding=\"async\" width=\"640\" height=\"267\" data-id=\"12494\" src=\"https:\/\/i0.wp.com\/schrittmacherfestival.nl\/wp-content\/uploads\/2025\/12\/kadir2-e1765445004350-1024x427.jpg?resize=640%2C267&#038;ssl=1\" alt=\"\" class=\"wp-image-12494\" srcset=\"https:\/\/i0.wp.com\/schrittmacherfestival.nl\/wp-content\/uploads\/2025\/12\/kadir2-e1765445004350.jpg?resize=1024%2C427&amp;ssl=1 1024w, https:\/\/i0.wp.com\/schrittmacherfestival.nl\/wp-content\/uploads\/2025\/12\/kadir2-e1765445004350.jpg?resize=300%2C125&amp;ssl=1 300w, https:\/\/i0.wp.com\/schrittmacherfestival.nl\/wp-content\/uploads\/2025\/12\/kadir2-e1765445004350.jpg?resize=768%2C320&amp;ssl=1 768w, https:\/\/i0.wp.com\/schrittmacherfestival.nl\/wp-content\/uploads\/2025\/12\/kadir2-e1765445004350.jpg?resize=31%2C13&amp;ssl=1 31w, https:\/\/i0.wp.com\/schrittmacherfestival.nl\/wp-content\/uploads\/2025\/12\/kadir2-e1765445004350.jpg?w=1200&amp;ssl=1 1200w\" sizes=\"(max-width: 640px) 100vw, 640px\" \/><\/figure>\n\n\n\n<figure class=\"wp-block-image size-large\"><img data-recalc-dims=\"1\" loading=\"lazy\" decoding=\"async\" width=\"640\" height=\"427\" data-id=\"11995\" src=\"https:\/\/i0.wp.com\/schrittmacherfestival.nl\/wp-content\/uploads\/2025\/12\/Kadir_Amigo_Memis_c_Yukihiro-Ikutani.jpg?resize=640%2C427&#038;ssl=1\" alt=\"\" class=\"wp-image-11995\" srcset=\"https:\/\/i0.wp.com\/schrittmacherfestival.nl\/wp-content\/uploads\/2025\/12\/Kadir_Amigo_Memis_c_Yukihiro-Ikutani-scaled.jpg?resize=1024%2C683&amp;ssl=1 1024w, https:\/\/i0.wp.com\/schrittmacherfestival.nl\/wp-content\/uploads\/2025\/12\/Kadir_Amigo_Memis_c_Yukihiro-Ikutani-scaled.jpg?resize=300%2C200&amp;ssl=1 300w, https:\/\/i0.wp.com\/schrittmacherfestival.nl\/wp-content\/uploads\/2025\/12\/Kadir_Amigo_Memis_c_Yukihiro-Ikutani-scaled.jpg?resize=768%2C512&amp;ssl=1 768w, https:\/\/i0.wp.com\/schrittmacherfestival.nl\/wp-content\/uploads\/2025\/12\/Kadir_Amigo_Memis_c_Yukihiro-Ikutani-scaled.jpg?resize=1536%2C1024&amp;ssl=1 1536w, https:\/\/i0.wp.com\/schrittmacherfestival.nl\/wp-content\/uploads\/2025\/12\/Kadir_Amigo_Memis_c_Yukihiro-Ikutani-scaled.jpg?resize=2048%2C1365&amp;ssl=1 2048w, https:\/\/i0.wp.com\/schrittmacherfestival.nl\/wp-content\/uploads\/2025\/12\/Kadir_Amigo_Memis_c_Yukihiro-Ikutani-scaled.jpg?resize=600%2C400&amp;ssl=1 600w, https:\/\/i0.wp.com\/schrittmacherfestival.nl\/wp-content\/uploads\/2025\/12\/Kadir_Amigo_Memis_c_Yukihiro-Ikutani-scaled.jpg?resize=31%2C21&amp;ssl=1 31w, https:\/\/i0.wp.com\/schrittmacherfestival.nl\/wp-content\/uploads\/2025\/12\/Kadir_Amigo_Memis_c_Yukihiro-Ikutani-scaled.jpg?w=1280&amp;ssl=1 1280w, https:\/\/i0.wp.com\/schrittmacherfestival.nl\/wp-content\/uploads\/2025\/12\/Kadir_Amigo_Memis_c_Yukihiro-Ikutani-scaled.jpg?w=1920&amp;ssl=1 1920w\" sizes=\"(max-width: 640px) 100vw, 640px\" \/><\/figure>\n\n\n\n<figure class=\"wp-block-image size-large\"><img data-recalc-dims=\"1\" loading=\"lazy\" decoding=\"async\" width=\"640\" height=\"267\" data-id=\"11991\" src=\"https:\/\/i0.wp.com\/schrittmacherfestival.nl\/wp-content\/uploads\/2025\/12\/Kadir_Amigo_Memis_c_privat_01-scaled-e1765190601637-1024x427.jpg?resize=640%2C267&#038;ssl=1\" alt=\"\" class=\"wp-image-11991\" srcset=\"https:\/\/i0.wp.com\/schrittmacherfestival.nl\/wp-content\/uploads\/2025\/12\/Kadir_Amigo_Memis_c_privat_01-scaled-e1765190601637.jpg?resize=1024%2C427&amp;ssl=1 1024w, https:\/\/i0.wp.com\/schrittmacherfestival.nl\/wp-content\/uploads\/2025\/12\/Kadir_Amigo_Memis_c_privat_01-scaled-e1765190601637.jpg?resize=300%2C125&amp;ssl=1 300w, https:\/\/i0.wp.com\/schrittmacherfestival.nl\/wp-content\/uploads\/2025\/12\/Kadir_Amigo_Memis_c_privat_01-scaled-e1765190601637.jpg?resize=768%2C320&amp;ssl=1 768w, https:\/\/i0.wp.com\/schrittmacherfestival.nl\/wp-content\/uploads\/2025\/12\/Kadir_Amigo_Memis_c_privat_01-scaled-e1765190601637.jpg?resize=31%2C13&amp;ssl=1 31w, https:\/\/i0.wp.com\/schrittmacherfestival.nl\/wp-content\/uploads\/2025\/12\/Kadir_Amigo_Memis_c_privat_01-scaled-e1765190601637.jpg?w=1200&amp;ssl=1 1200w\" sizes=\"(max-width: 640px) 100vw, 640px\" \/><\/figure>\n<\/figure>\n\n<hr class=\"wp-block-separator has-css-opacity\"\/>\n","protected":false},"excerpt":{"rendered":"<p>Kadir \u201cAmigo\u201d Memi\u015f\u00a0(DE\/TR) Atelierhaus AachenSo 01.03.2026 \u2013 Sa 07.03.202615:00 &#8211; 19:00 Uhrfree Kadir \u201eAmigo\u201d Memi\u015f wurde 1974 in der T\u00fcrkei geboren und kam 1984 nach Deutschland. In seiner Ausstellung \u201eCELESTIAL METAMORPHOSIS\u201c verbindet er auf ganz pers\u00f6nliche Art und Weise Tanz mit kalligraphischen Zeichnungen. Kadir sieht sich selbst als \u201eTanzschreiber\u201c, eine untrennbare Einheit aus \u201eChoreo\u201d (Tanz\/Bewegung) und \u201eGrafie\u201d (Schrift) sowie als [&hellip;]<\/p>\n","protected":false},"author":1,"featured_media":0,"parent":0,"menu_order":0,"comment_status":"closed","ping_status":"closed","template":"","meta":{"_acf_changed":false,"footnotes":""},"class_list":["post-12606","page","type-page","status-publish","hentry"],"aioseo_notices":[],"acf":[],"jetpack_sharing_enabled":true,"_links":{"self":[{"href":"https:\/\/schrittmacherfestival.nl\/de\/wp-json\/wp\/v2\/pages\/12606","targetHints":{"allow":["GET"]}}],"collection":[{"href":"https:\/\/schrittmacherfestival.nl\/de\/wp-json\/wp\/v2\/pages"}],"about":[{"href":"https:\/\/schrittmacherfestival.nl\/de\/wp-json\/wp\/v2\/types\/page"}],"author":[{"embeddable":true,"href":"https:\/\/schrittmacherfestival.nl\/de\/wp-json\/wp\/v2\/users\/1"}],"replies":[{"embeddable":true,"href":"https:\/\/schrittmacherfestival.nl\/de\/wp-json\/wp\/v2\/comments?post=12606"}],"version-history":[{"count":2,"href":"https:\/\/schrittmacherfestival.nl\/de\/wp-json\/wp\/v2\/pages\/12606\/revisions"}],"predecessor-version":[{"id":13239,"href":"https:\/\/schrittmacherfestival.nl\/de\/wp-json\/wp\/v2\/pages\/12606\/revisions\/13239"}],"wp:attachment":[{"href":"https:\/\/schrittmacherfestival.nl\/de\/wp-json\/wp\/v2\/media?parent=12606"}],"curies":[{"name":"wp","href":"https:\/\/api.w.org\/{rel}","templated":true}]}}