{"id":12629,"date":"2025-12-11T13:26:41","date_gmt":"2025-12-11T13:26:41","guid":{"rendered":"https:\/\/schrittmacherfestival.nl\/footloose\/"},"modified":"2026-01-06T12:28:07","modified_gmt":"2026-01-06T12:28:07","slug":"footloose","status":"publish","type":"page","link":"https:\/\/schrittmacherfestival.nl\/de\/footloose\/","title":{"rendered":"Footloose"},"content":{"rendered":"\n<h1 class=\"wp-block-heading has-black-color has-text-color\" id=\"hofesh-shechter-company-gbr\"><strong>FILM<\/strong><\/h1>\n\n<p><strong>Capitol Lounge Kino Aachen<\/strong><br\/><strong><strong>Mi 04.03.2026<\/strong><\/strong><br\/><strong>20.00 Uhr<br\/>16,50 \u20ac\u00a0<\/strong><\/p>\n\n<figure class=\"wp-block-image alignwide size-large\"><img data-recalc-dims=\"1\" fetchpriority=\"high\" decoding=\"async\" width=\"640\" height=\"267\" src=\"https:\/\/i0.wp.com\/schrittmacherfestival.nl\/wp-content\/uploads\/2025\/12\/MV5BMmRjMzdkZDUtMDRkYi00ZjVkLWJlMjItMmY1MjgwOTQzMzYwXkEyXkFqcGc%40._V1_-e1765445298620-1024x427.jpg?resize=640%2C267&#038;ssl=1\" alt=\"\" class=\"wp-image-12499\" srcset=\"https:\/\/i0.wp.com\/schrittmacherfestival.nl\/wp-content\/uploads\/2025\/12\/MV5BMmRjMzdkZDUtMDRkYi00ZjVkLWJlMjItMmY1MjgwOTQzMzYwXkEyXkFqcGc%40._V1_-e1765445298620.jpg?resize=1024%2C427&amp;ssl=1 1024w, https:\/\/i0.wp.com\/schrittmacherfestival.nl\/wp-content\/uploads\/2025\/12\/MV5BMmRjMzdkZDUtMDRkYi00ZjVkLWJlMjItMmY1MjgwOTQzMzYwXkEyXkFqcGc%40._V1_-e1765445298620.jpg?resize=300%2C125&amp;ssl=1 300w, https:\/\/i0.wp.com\/schrittmacherfestival.nl\/wp-content\/uploads\/2025\/12\/MV5BMmRjMzdkZDUtMDRkYi00ZjVkLWJlMjItMmY1MjgwOTQzMzYwXkEyXkFqcGc%40._V1_-e1765445298620.jpg?resize=768%2C320&amp;ssl=1 768w, https:\/\/i0.wp.com\/schrittmacherfestival.nl\/wp-content\/uploads\/2025\/12\/MV5BMmRjMzdkZDUtMDRkYi00ZjVkLWJlMjItMmY1MjgwOTQzMzYwXkEyXkFqcGc%40._V1_-e1765445298620.jpg?resize=31%2C13&amp;ssl=1 31w, https:\/\/i0.wp.com\/schrittmacherfestival.nl\/wp-content\/uploads\/2025\/12\/MV5BMmRjMzdkZDUtMDRkYi00ZjVkLWJlMjItMmY1MjgwOTQzMzYwXkEyXkFqcGc%40._V1_-e1765445298620.jpg?w=1200&amp;ssl=1 1200w\" sizes=\"(max-width: 640px) 100vw, 640px\" \/><\/figure>\n\n<hr class=\"wp-block-separator has-css-opacity\"\/>\n\n<p>Ren MacCormack zieht mit seiner Mutter von Chicago in eine spie\u00dfige Kleinstadt, in der der \u00f6rtliche Pfarrer aus Frustration ein Tanzverbot erteilt hat. Ren will sich mit dem Tanzverbot und ebenso verh\u00e4ngten Alkoholverbot nicht abfinden und freundet sich mit der Tochter des Geistlichen an, die ebenfalls gegen ihren Vater rebelliert. Die beiden organisieren einen gro\u00dfen Ball, zu dem sie gemeinsam gehen wollen. Werden sie sich gegen das Establishment durchsetzen k\u00f6nnen?<\/p>\n\n<p>Dance film<br\/>[USA, 1984]<br\/>Regie: Herbert Ross\u00a0<br\/>Duration: 107 min.<br\/>FSK: 12<\/p>\n\n<hr class=\"wp-block-separator has-css-opacity\"\/>\n\n<div class=\"wp-block-buttons is-horizontal is-content-justification-center is-layout-flex wp-container-core-buttons-is-layout-499968f5 wp-block-buttons-is-layout-flex\">\n<div class=\"wp-block-button\"><a class=\"wp-block-button__link has-white-color has-black-background-color has-text-color has-background wp-element-button\" href=\"https:\/\/www.capitol-aachen.de\" target=\"_blank\" rel=\"noreferrer noopener\"><strong>Tickets Mi 04.03 | 20.00 Uhr<\/strong><\/a><\/div>\n<\/div>\n\n<hr class=\"wp-block-separator has-css-opacity\"\/>\n\n<figure class=\"wp-block-embed is-type-video is-provider-youtube wp-block-embed-youtube wp-embed-aspect-16-9 wp-has-aspect-ratio\"><div class=\"wp-block-embed__wrapper\">\r\n<iframe  id=\"_ytid_79974\"  width=\"640\" height=\"360\"  data-origwidth=\"640\" data-origheight=\"360\" src=\"https:\/\/www.youtube.com\/embed\/cNR1mnBGOqA?enablejsapi=1&#038;autoplay=0&#038;cc_load_policy=0&#038;cc_lang_pref=&#038;iv_load_policy=1&#038;loop=0&#038;rel=1&#038;fs=1&#038;playsinline=0&#038;autohide=2&#038;theme=dark&#038;color=red&#038;controls=1&#038;disablekb=0&#038;\" class=\"__youtube_prefs__  epyt-is-override  no-lazyload\" title=\"YouTube player\"  allow=\"fullscreen; accelerometer; autoplay; clipboard-write; encrypted-media; gyroscope; picture-in-picture; web-share\" referrerpolicy=\"strict-origin-when-cross-origin\" allowfullscreen data-no-lazy=\"1\" data-skipgform_ajax_framebjll=\"\"><\/iframe>\n<\/div><\/figure><br>\n\n<hr class=\"wp-block-separator has-css-opacity\"\/>\n\n<figure class=\"wp-block-gallery has-nested-images columns-default is-cropped wp-block-gallery-1 is-layout-flex wp-block-gallery-is-layout-flex\">\n<figure class=\"wp-block-image size-large\"><img data-recalc-dims=\"1\" decoding=\"async\" width=\"640\" height=\"968\" data-id=\"12625\" src=\"https:\/\/i0.wp.com\/schrittmacherfestival.nl\/wp-content\/uploads\/2025\/12\/MV5BMmRjMzdkZDUtMDRkYi00ZjVkLWJlMjItMmY1MjgwOTQzMzYwXkEyXkFqcGc%40._V1_-1.jpg?resize=640%2C968&#038;ssl=1\" alt=\"\" class=\"wp-image-12625\" srcset=\"https:\/\/i0.wp.com\/schrittmacherfestival.nl\/wp-content\/uploads\/2025\/12\/MV5BMmRjMzdkZDUtMDRkYi00ZjVkLWJlMjItMmY1MjgwOTQzMzYwXkEyXkFqcGc%40._V1_-1.jpg?resize=677%2C1024&amp;ssl=1 677w, https:\/\/i0.wp.com\/schrittmacherfestival.nl\/wp-content\/uploads\/2025\/12\/MV5BMmRjMzdkZDUtMDRkYi00ZjVkLWJlMjItMmY1MjgwOTQzMzYwXkEyXkFqcGc%40._V1_-1.jpg?resize=198%2C300&amp;ssl=1 198w, https:\/\/i0.wp.com\/schrittmacherfestival.nl\/wp-content\/uploads\/2025\/12\/MV5BMmRjMzdkZDUtMDRkYi00ZjVkLWJlMjItMmY1MjgwOTQzMzYwXkEyXkFqcGc%40._V1_-1.jpg?resize=768%2C1162&amp;ssl=1 768w, https:\/\/i0.wp.com\/schrittmacherfestival.nl\/wp-content\/uploads\/2025\/12\/MV5BMmRjMzdkZDUtMDRkYi00ZjVkLWJlMjItMmY1MjgwOTQzMzYwXkEyXkFqcGc%40._V1_-1.jpg?resize=1015%2C1536&amp;ssl=1 1015w, https:\/\/i0.wp.com\/schrittmacherfestival.nl\/wp-content\/uploads\/2025\/12\/MV5BMmRjMzdkZDUtMDRkYi00ZjVkLWJlMjItMmY1MjgwOTQzMzYwXkEyXkFqcGc%40._V1_-1.jpg?resize=1354%2C2048&amp;ssl=1 1354w, https:\/\/i0.wp.com\/schrittmacherfestival.nl\/wp-content\/uploads\/2025\/12\/MV5BMmRjMzdkZDUtMDRkYi00ZjVkLWJlMjItMmY1MjgwOTQzMzYwXkEyXkFqcGc%40._V1_-1.jpg?resize=18%2C27&amp;ssl=1 18w, https:\/\/i0.wp.com\/schrittmacherfestival.nl\/wp-content\/uploads\/2025\/12\/MV5BMmRjMzdkZDUtMDRkYi00ZjVkLWJlMjItMmY1MjgwOTQzMzYwXkEyXkFqcGc%40._V1_-1.jpg?w=1494&amp;ssl=1 1494w, https:\/\/i0.wp.com\/schrittmacherfestival.nl\/wp-content\/uploads\/2025\/12\/MV5BMmRjMzdkZDUtMDRkYi00ZjVkLWJlMjItMmY1MjgwOTQzMzYwXkEyXkFqcGc%40._V1_-1.jpg?w=1280&amp;ssl=1 1280w\" sizes=\"(max-width: 640px) 100vw, 640px\" \/><\/figure>\n<\/figure>\n\n<hr class=\"wp-block-separator has-css-opacity\"\/>\n","protected":false},"excerpt":{"rendered":"<p>FILM Capitol Lounge Kino AachenMi 04.03.202620.00 Uhr16,50 \u20ac\u00a0 Ren MacCormack zieht mit seiner Mutter von Chicago in eine spie\u00dfige Kleinstadt, in der der \u00f6rtliche Pfarrer aus Frustration ein Tanzverbot erteilt hat. Ren will sich mit dem Tanzverbot und ebenso verh\u00e4ngten Alkoholverbot nicht abfinden und freundet sich mit der Tochter des Geistlichen an, die ebenfalls gegen ihren Vater rebelliert. Die beiden [&hellip;]<\/p>\n","protected":false},"author":1,"featured_media":0,"parent":0,"menu_order":0,"comment_status":"closed","ping_status":"closed","template":"","meta":{"_acf_changed":false,"footnotes":""},"class_list":["post-12629","page","type-page","status-publish","hentry"],"aioseo_notices":[],"acf":[],"jetpack_sharing_enabled":true,"_links":{"self":[{"href":"https:\/\/schrittmacherfestival.nl\/de\/wp-json\/wp\/v2\/pages\/12629","targetHints":{"allow":["GET"]}}],"collection":[{"href":"https:\/\/schrittmacherfestival.nl\/de\/wp-json\/wp\/v2\/pages"}],"about":[{"href":"https:\/\/schrittmacherfestival.nl\/de\/wp-json\/wp\/v2\/types\/page"}],"author":[{"embeddable":true,"href":"https:\/\/schrittmacherfestival.nl\/de\/wp-json\/wp\/v2\/users\/1"}],"replies":[{"embeddable":true,"href":"https:\/\/schrittmacherfestival.nl\/de\/wp-json\/wp\/v2\/comments?post=12629"}],"version-history":[{"count":3,"href":"https:\/\/schrittmacherfestival.nl\/de\/wp-json\/wp\/v2\/pages\/12629\/revisions"}],"predecessor-version":[{"id":13456,"href":"https:\/\/schrittmacherfestival.nl\/de\/wp-json\/wp\/v2\/pages\/12629\/revisions\/13456"}],"wp:attachment":[{"href":"https:\/\/schrittmacherfestival.nl\/de\/wp-json\/wp\/v2\/media?parent=12629"}],"curies":[{"name":"wp","href":"https:\/\/api.w.org\/{rel}","templated":true}]}}