{"id":12648,"date":"2025-12-11T13:38:33","date_gmt":"2025-12-11T13:38:33","guid":{"rendered":"https:\/\/schrittmacherfestival.nl\/overtour-2\/"},"modified":"2026-01-12T12:46:07","modified_gmt":"2026-01-12T12:46:07","slug":"overtour-2","status":"publish","type":"page","link":"https:\/\/schrittmacherfestival.nl\/de\/overtour-2\/","title":{"rendered":"Overtour"},"content":{"rendered":"\n<h1 class=\"wp-block-heading has-black-color has-text-color\" id=\"hofesh-shechter-company-gbr\"><strong>FILM<\/strong><\/h1>\n\n<p><strong>Online<\/strong><br\/><strong>Sa 07.03.2026 \u2013 So 15.03.2026<\/strong><br\/><strong>3,50 \u20ac (for free in combination with R. OSA)<\/strong><\/p>\n\n<figure class=\"wp-block-image alignwide size-large\"><img data-recalc-dims=\"1\" fetchpriority=\"high\" decoding=\"async\" width=\"640\" height=\"267\" src=\"https:\/\/i0.wp.com\/schrittmacherfestival.nl\/wp-content\/uploads\/2025\/12\/Overtour-Dir.-Andrea-Zanoli_1-e1765445475958-1024x427.jpg?resize=640%2C267&#038;ssl=1\" alt=\"\" class=\"wp-image-12500\" srcset=\"https:\/\/i0.wp.com\/schrittmacherfestival.nl\/wp-content\/uploads\/2025\/12\/Overtour-Dir.-Andrea-Zanoli_1-e1765445475958.jpg?resize=1024%2C427&amp;ssl=1 1024w, https:\/\/i0.wp.com\/schrittmacherfestival.nl\/wp-content\/uploads\/2025\/12\/Overtour-Dir.-Andrea-Zanoli_1-e1765445475958.jpg?resize=300%2C125&amp;ssl=1 300w, https:\/\/i0.wp.com\/schrittmacherfestival.nl\/wp-content\/uploads\/2025\/12\/Overtour-Dir.-Andrea-Zanoli_1-e1765445475958.jpg?resize=768%2C320&amp;ssl=1 768w, https:\/\/i0.wp.com\/schrittmacherfestival.nl\/wp-content\/uploads\/2025\/12\/Overtour-Dir.-Andrea-Zanoli_1-e1765445475958.jpg?resize=31%2C13&amp;ssl=1 31w, https:\/\/i0.wp.com\/schrittmacherfestival.nl\/wp-content\/uploads\/2025\/12\/Overtour-Dir.-Andrea-Zanoli_1-e1765445475958.jpg?w=1200&amp;ssl=1 1200w\" sizes=\"(max-width: 640px) 100vw, 640px\" \/><\/figure>\n\n<hr class=\"wp-block-separator has-css-opacity\"\/>\n\n<p>Die italienische Choreografin und Performerin Silvia Gribaudi \u2013 deren St\u00fcck \u201eR. OSA\u201c beim schrit_tmacher Festival gezeigt wird \u2013 erforscht seit Jahren ungew\u00f6hnliche und \u201eunsichtbare\u201c K\u00f6rper. Diese Dokumentation begleitet Frauen \u00fcber sechzig, die gemeinsam mit ihr gesellschaftliche Grenzen durchbrechen. Mit Leichtigkeit, Humor und Gef\u00fchl zeigt der Film eine Reise der Wiederentdeckung \u2013 auf der Suche nach der Freiheit und Sch\u00f6nheit eines K\u00f6rpers in st\u00e4ndiger, unkontrollierbarer Verwandlung.<\/p>\n\n<p>In collaboration with Cinedans<\/p>\n\n<p>Documentary<br\/>[IT, 2021]<br\/>Regie: Andrea Zanoli<br\/>Duration: 72 min.<br\/>FSK: 12<\/p>\n\n<p><strong>Mi 11.03.2026<\/strong><br\/><a href=\"https:\/\/schrittmacherfestival.nl\/de\/r-osa-10-exercises-for-new-virtuosities\/\" title=\"\">R. OSA \u2013 10 EXERCISES FOR NEW VIRTUOSITIES<\/a><br\/>Silvia Gribaudi | IT<\/p>\n\n<hr class=\"wp-block-separator has-css-opacity\"\/>\n\n<div class=\"wp-block-buttons is-horizontal is-content-justification-center is-layout-flex wp-container-core-buttons-is-layout-499968f5 wp-block-buttons-is-layout-flex\">\n<div class=\"wp-block-button\"><a class=\"wp-block-button__link has-white-color has-black-background-color has-text-color has-background wp-element-button\" href=\"https:\/\/bestellen.plt.nl\/bestel\/13785\" target=\"_blank\" rel=\"noreferrer noopener\"><strong>Tickets<\/strong><\/a><\/div>\n<\/div>\n\n<hr class=\"wp-block-separator has-css-opacity\"\/>\n\n<figure class=\"wp-block-gallery has-nested-images columns-default is-cropped wp-block-gallery-1 is-layout-flex wp-block-gallery-is-layout-flex\">\n<figure class=\"wp-block-image size-large\"><img data-recalc-dims=\"1\" decoding=\"async\" width=\"640\" height=\"268\" data-id=\"12639\" src=\"https:\/\/i0.wp.com\/schrittmacherfestival.nl\/wp-content\/uploads\/2025\/12\/Overtour-Dir.-Andrea-Zanoli_1-1.jpg?resize=640%2C268&#038;ssl=1\" alt=\"\" class=\"wp-image-12639\" srcset=\"https:\/\/i0.wp.com\/schrittmacherfestival.nl\/wp-content\/uploads\/2025\/12\/Overtour-Dir.-Andrea-Zanoli_1-1.jpg?resize=1024%2C429&amp;ssl=1 1024w, https:\/\/i0.wp.com\/schrittmacherfestival.nl\/wp-content\/uploads\/2025\/12\/Overtour-Dir.-Andrea-Zanoli_1-1.jpg?resize=300%2C126&amp;ssl=1 300w, https:\/\/i0.wp.com\/schrittmacherfestival.nl\/wp-content\/uploads\/2025\/12\/Overtour-Dir.-Andrea-Zanoli_1-1.jpg?resize=768%2C322&amp;ssl=1 768w, https:\/\/i0.wp.com\/schrittmacherfestival.nl\/wp-content\/uploads\/2025\/12\/Overtour-Dir.-Andrea-Zanoli_1-1.jpg?resize=1536%2C644&amp;ssl=1 1536w, https:\/\/i0.wp.com\/schrittmacherfestival.nl\/wp-content\/uploads\/2025\/12\/Overtour-Dir.-Andrea-Zanoli_1-1.jpg?resize=31%2C13&amp;ssl=1 31w, https:\/\/i0.wp.com\/schrittmacherfestival.nl\/wp-content\/uploads\/2025\/12\/Overtour-Dir.-Andrea-Zanoli_1-1.jpg?w=2048&amp;ssl=1 2048w, https:\/\/i0.wp.com\/schrittmacherfestival.nl\/wp-content\/uploads\/2025\/12\/Overtour-Dir.-Andrea-Zanoli_1-1.jpg?w=1280&amp;ssl=1 1280w, https:\/\/i0.wp.com\/schrittmacherfestival.nl\/wp-content\/uploads\/2025\/12\/Overtour-Dir.-Andrea-Zanoli_1-1.jpg?w=1920&amp;ssl=1 1920w\" sizes=\"(max-width: 640px) 100vw, 640px\" \/><\/figure>\n\n\n\n<figure class=\"wp-block-image size-large\"><img data-recalc-dims=\"1\" decoding=\"async\" width=\"640\" height=\"268\" data-id=\"12637\" src=\"https:\/\/i0.wp.com\/schrittmacherfestival.nl\/wp-content\/uploads\/2025\/12\/Overtour_1.1.41300.jpg?resize=640%2C268&#038;ssl=1\" alt=\"\" class=\"wp-image-12637\" srcset=\"https:\/\/i0.wp.com\/schrittmacherfestival.nl\/wp-content\/uploads\/2025\/12\/Overtour_1.1.41300.jpg?resize=1024%2C429&amp;ssl=1 1024w, https:\/\/i0.wp.com\/schrittmacherfestival.nl\/wp-content\/uploads\/2025\/12\/Overtour_1.1.41300.jpg?resize=300%2C126&amp;ssl=1 300w, https:\/\/i0.wp.com\/schrittmacherfestival.nl\/wp-content\/uploads\/2025\/12\/Overtour_1.1.41300.jpg?resize=768%2C322&amp;ssl=1 768w, https:\/\/i0.wp.com\/schrittmacherfestival.nl\/wp-content\/uploads\/2025\/12\/Overtour_1.1.41300.jpg?resize=1536%2C644&amp;ssl=1 1536w, https:\/\/i0.wp.com\/schrittmacherfestival.nl\/wp-content\/uploads\/2025\/12\/Overtour_1.1.41300.jpg?resize=31%2C13&amp;ssl=1 31w, https:\/\/i0.wp.com\/schrittmacherfestival.nl\/wp-content\/uploads\/2025\/12\/Overtour_1.1.41300.jpg?w=2048&amp;ssl=1 2048w, https:\/\/i0.wp.com\/schrittmacherfestival.nl\/wp-content\/uploads\/2025\/12\/Overtour_1.1.41300.jpg?w=1280&amp;ssl=1 1280w, https:\/\/i0.wp.com\/schrittmacherfestival.nl\/wp-content\/uploads\/2025\/12\/Overtour_1.1.41300.jpg?w=1920&amp;ssl=1 1920w\" sizes=\"(max-width: 640px) 100vw, 640px\" \/><\/figure>\n\n\n\n<figure class=\"wp-block-image size-large\"><img data-recalc-dims=\"1\" loading=\"lazy\" decoding=\"async\" width=\"640\" height=\"268\" data-id=\"12636\" src=\"https:\/\/i0.wp.com\/schrittmacherfestival.nl\/wp-content\/uploads\/2025\/12\/Overtour_1.1.27300.jpg?resize=640%2C268&#038;ssl=1\" alt=\"\" class=\"wp-image-12636\" srcset=\"https:\/\/i0.wp.com\/schrittmacherfestival.nl\/wp-content\/uploads\/2025\/12\/Overtour_1.1.27300.jpg?resize=1024%2C429&amp;ssl=1 1024w, https:\/\/i0.wp.com\/schrittmacherfestival.nl\/wp-content\/uploads\/2025\/12\/Overtour_1.1.27300.jpg?resize=300%2C126&amp;ssl=1 300w, https:\/\/i0.wp.com\/schrittmacherfestival.nl\/wp-content\/uploads\/2025\/12\/Overtour_1.1.27300.jpg?resize=768%2C322&amp;ssl=1 768w, https:\/\/i0.wp.com\/schrittmacherfestival.nl\/wp-content\/uploads\/2025\/12\/Overtour_1.1.27300.jpg?resize=1536%2C644&amp;ssl=1 1536w, https:\/\/i0.wp.com\/schrittmacherfestival.nl\/wp-content\/uploads\/2025\/12\/Overtour_1.1.27300.jpg?resize=31%2C13&amp;ssl=1 31w, https:\/\/i0.wp.com\/schrittmacherfestival.nl\/wp-content\/uploads\/2025\/12\/Overtour_1.1.27300.jpg?w=2048&amp;ssl=1 2048w, https:\/\/i0.wp.com\/schrittmacherfestival.nl\/wp-content\/uploads\/2025\/12\/Overtour_1.1.27300.jpg?w=1280&amp;ssl=1 1280w, https:\/\/i0.wp.com\/schrittmacherfestival.nl\/wp-content\/uploads\/2025\/12\/Overtour_1.1.27300.jpg?w=1920&amp;ssl=1 1920w\" sizes=\"(max-width: 640px) 100vw, 640px\" \/><\/figure>\n\n\n\n<figure class=\"wp-block-image size-large\"><img data-recalc-dims=\"1\" loading=\"lazy\" decoding=\"async\" width=\"640\" height=\"268\" data-id=\"12634\" src=\"https:\/\/i0.wp.com\/schrittmacherfestival.nl\/wp-content\/uploads\/2025\/12\/Overtour_1.1.18300.jpg?resize=640%2C268&#038;ssl=1\" alt=\"\" class=\"wp-image-12634\" srcset=\"https:\/\/i0.wp.com\/schrittmacherfestival.nl\/wp-content\/uploads\/2025\/12\/Overtour_1.1.18300.jpg?resize=1024%2C429&amp;ssl=1 1024w, https:\/\/i0.wp.com\/schrittmacherfestival.nl\/wp-content\/uploads\/2025\/12\/Overtour_1.1.18300.jpg?resize=300%2C126&amp;ssl=1 300w, https:\/\/i0.wp.com\/schrittmacherfestival.nl\/wp-content\/uploads\/2025\/12\/Overtour_1.1.18300.jpg?resize=768%2C322&amp;ssl=1 768w, https:\/\/i0.wp.com\/schrittmacherfestival.nl\/wp-content\/uploads\/2025\/12\/Overtour_1.1.18300.jpg?resize=1536%2C644&amp;ssl=1 1536w, https:\/\/i0.wp.com\/schrittmacherfestival.nl\/wp-content\/uploads\/2025\/12\/Overtour_1.1.18300.jpg?resize=31%2C13&amp;ssl=1 31w, https:\/\/i0.wp.com\/schrittmacherfestival.nl\/wp-content\/uploads\/2025\/12\/Overtour_1.1.18300.jpg?w=2048&amp;ssl=1 2048w, https:\/\/i0.wp.com\/schrittmacherfestival.nl\/wp-content\/uploads\/2025\/12\/Overtour_1.1.18300.jpg?w=1280&amp;ssl=1 1280w, https:\/\/i0.wp.com\/schrittmacherfestival.nl\/wp-content\/uploads\/2025\/12\/Overtour_1.1.18300.jpg?w=1920&amp;ssl=1 1920w\" sizes=\"(max-width: 640px) 100vw, 640px\" \/><\/figure>\n\n\n\n<figure class=\"wp-block-image size-large\"><img data-recalc-dims=\"1\" loading=\"lazy\" decoding=\"async\" width=\"640\" height=\"268\" data-id=\"12638\" src=\"https:\/\/i0.wp.com\/schrittmacherfestival.nl\/wp-content\/uploads\/2025\/12\/Overtour-Dir.-Andrea-Zanoli_5.jpg?resize=640%2C268&#038;ssl=1\" alt=\"\" class=\"wp-image-12638\" srcset=\"https:\/\/i0.wp.com\/schrittmacherfestival.nl\/wp-content\/uploads\/2025\/12\/Overtour-Dir.-Andrea-Zanoli_5.jpg?resize=1024%2C429&amp;ssl=1 1024w, https:\/\/i0.wp.com\/schrittmacherfestival.nl\/wp-content\/uploads\/2025\/12\/Overtour-Dir.-Andrea-Zanoli_5.jpg?resize=300%2C126&amp;ssl=1 300w, https:\/\/i0.wp.com\/schrittmacherfestival.nl\/wp-content\/uploads\/2025\/12\/Overtour-Dir.-Andrea-Zanoli_5.jpg?resize=768%2C322&amp;ssl=1 768w, https:\/\/i0.wp.com\/schrittmacherfestival.nl\/wp-content\/uploads\/2025\/12\/Overtour-Dir.-Andrea-Zanoli_5.jpg?resize=1536%2C644&amp;ssl=1 1536w, https:\/\/i0.wp.com\/schrittmacherfestival.nl\/wp-content\/uploads\/2025\/12\/Overtour-Dir.-Andrea-Zanoli_5.jpg?resize=31%2C13&amp;ssl=1 31w, https:\/\/i0.wp.com\/schrittmacherfestival.nl\/wp-content\/uploads\/2025\/12\/Overtour-Dir.-Andrea-Zanoli_5.jpg?w=2048&amp;ssl=1 2048w, https:\/\/i0.wp.com\/schrittmacherfestival.nl\/wp-content\/uploads\/2025\/12\/Overtour-Dir.-Andrea-Zanoli_5.jpg?w=1280&amp;ssl=1 1280w, https:\/\/i0.wp.com\/schrittmacherfestival.nl\/wp-content\/uploads\/2025\/12\/Overtour-Dir.-Andrea-Zanoli_5.jpg?w=1920&amp;ssl=1 1920w\" sizes=\"(max-width: 640px) 100vw, 640px\" \/><\/figure>\n\n\n\n<figure class=\"wp-block-image size-large\"><img data-recalc-dims=\"1\" loading=\"lazy\" decoding=\"async\" width=\"640\" height=\"268\" data-id=\"12635\" src=\"https:\/\/i0.wp.com\/schrittmacherfestival.nl\/wp-content\/uploads\/2025\/12\/Overtour-Dir.-Andrea-Zanoli_2.jpg?resize=640%2C268&#038;ssl=1\" alt=\"\" class=\"wp-image-12635\" srcset=\"https:\/\/i0.wp.com\/schrittmacherfestival.nl\/wp-content\/uploads\/2025\/12\/Overtour-Dir.-Andrea-Zanoli_2.jpg?resize=1024%2C429&amp;ssl=1 1024w, https:\/\/i0.wp.com\/schrittmacherfestival.nl\/wp-content\/uploads\/2025\/12\/Overtour-Dir.-Andrea-Zanoli_2.jpg?resize=300%2C126&amp;ssl=1 300w, https:\/\/i0.wp.com\/schrittmacherfestival.nl\/wp-content\/uploads\/2025\/12\/Overtour-Dir.-Andrea-Zanoli_2.jpg?resize=768%2C322&amp;ssl=1 768w, https:\/\/i0.wp.com\/schrittmacherfestival.nl\/wp-content\/uploads\/2025\/12\/Overtour-Dir.-Andrea-Zanoli_2.jpg?resize=1536%2C644&amp;ssl=1 1536w, https:\/\/i0.wp.com\/schrittmacherfestival.nl\/wp-content\/uploads\/2025\/12\/Overtour-Dir.-Andrea-Zanoli_2.jpg?resize=31%2C13&amp;ssl=1 31w, https:\/\/i0.wp.com\/schrittmacherfestival.nl\/wp-content\/uploads\/2025\/12\/Overtour-Dir.-Andrea-Zanoli_2.jpg?w=2048&amp;ssl=1 2048w, https:\/\/i0.wp.com\/schrittmacherfestival.nl\/wp-content\/uploads\/2025\/12\/Overtour-Dir.-Andrea-Zanoli_2.jpg?w=1280&amp;ssl=1 1280w, https:\/\/i0.wp.com\/schrittmacherfestival.nl\/wp-content\/uploads\/2025\/12\/Overtour-Dir.-Andrea-Zanoli_2.jpg?w=1920&amp;ssl=1 1920w\" sizes=\"(max-width: 640px) 100vw, 640px\" \/><\/figure>\n<\/figure>\n\n<hr class=\"wp-block-separator has-css-opacity\"\/>\n","protected":false},"excerpt":{"rendered":"<p>FILM OnlineSa 07.03.2026 \u2013 So 15.03.20263,50 \u20ac (for free in combination with R. OSA) Die italienische Choreografin und Performerin Silvia Gribaudi \u2013 deren St\u00fcck \u201eR. OSA\u201c beim schrit_tmacher Festival gezeigt wird \u2013 erforscht seit Jahren ungew\u00f6hnliche und \u201eunsichtbare\u201c K\u00f6rper. Diese Dokumentation begleitet Frauen \u00fcber sechzig, die gemeinsam mit ihr gesellschaftliche Grenzen durchbrechen. Mit Leichtigkeit, Humor und Gef\u00fchl zeigt der Film [&hellip;]<\/p>\n","protected":false},"author":1,"featured_media":0,"parent":0,"menu_order":0,"comment_status":"closed","ping_status":"closed","template":"","meta":{"_acf_changed":false,"footnotes":""},"class_list":["post-12648","page","type-page","status-publish","hentry"],"aioseo_notices":[],"acf":[],"jetpack_sharing_enabled":true,"_links":{"self":[{"href":"https:\/\/schrittmacherfestival.nl\/de\/wp-json\/wp\/v2\/pages\/12648","targetHints":{"allow":["GET"]}}],"collection":[{"href":"https:\/\/schrittmacherfestival.nl\/de\/wp-json\/wp\/v2\/pages"}],"about":[{"href":"https:\/\/schrittmacherfestival.nl\/de\/wp-json\/wp\/v2\/types\/page"}],"author":[{"embeddable":true,"href":"https:\/\/schrittmacherfestival.nl\/de\/wp-json\/wp\/v2\/users\/1"}],"replies":[{"embeddable":true,"href":"https:\/\/schrittmacherfestival.nl\/de\/wp-json\/wp\/v2\/comments?post=12648"}],"version-history":[{"count":4,"href":"https:\/\/schrittmacherfestival.nl\/de\/wp-json\/wp\/v2\/pages\/12648\/revisions"}],"predecessor-version":[{"id":13542,"href":"https:\/\/schrittmacherfestival.nl\/de\/wp-json\/wp\/v2\/pages\/12648\/revisions\/13542"}],"wp:attachment":[{"href":"https:\/\/schrittmacherfestival.nl\/de\/wp-json\/wp\/v2\/media?parent=12648"}],"curies":[{"name":"wp","href":"https:\/\/api.w.org\/{rel}","templated":true}]}}