{"id":12663,"date":"2025-12-11T13:55:00","date_gmt":"2025-12-11T13:55:00","guid":{"rendered":"https:\/\/schrittmacherfestival.nl\/pina\/"},"modified":"2026-01-06T12:36:54","modified_gmt":"2026-01-06T12:36:54","slug":"pina","status":"publish","type":"page","link":"https:\/\/schrittmacherfestival.nl\/de\/pina\/","title":{"rendered":"Pina"},"content":{"rendered":"\n<h1 class=\"wp-block-heading has-black-color has-text-color\" id=\"hofesh-shechter-company-gbr\">FILM<\/h1>\n\n<p><strong>Royal Theater Heerlen<\/strong><br\/><strong>So 08.03.2026 + Mi 18.03.2026<\/strong><br\/><strong>14.00 Uhr (So) + 20.00 (Mi) <br\/>9,50 \u20ac<\/strong><\/p>\n\n<figure class=\"wp-block-image alignwide size-large\"><img data-recalc-dims=\"1\" fetchpriority=\"high\" decoding=\"async\" width=\"640\" height=\"266\" src=\"https:\/\/i0.wp.com\/schrittmacherfestival.nl\/wp-content\/uploads\/2025\/12\/Film-Pina.jpeg?resize=640%2C266&#038;ssl=1\" alt=\"\" class=\"wp-image-12501\"\/><\/figure>\n\n<hr class=\"wp-block-separator has-css-opacity\"\/>\n\n<p>Filmemacher Wim Wenders nimmt das Publikum mit auf eine atemberaubende Reise durch die Welt der Choreografin und T\u00e4nzerin Pina Bausch. Nach ihrem pl\u00f6tzlichen Tod im Jahr 2009 erweisen die T\u00e4nzer*innen des Tanztheater Wuppertal ihrer Mentorin eine bewegende Hommage. Auf der B\u00fchne und im Freien lassen sie ihren Geist und ihre Arbeitsweise weiterleben \u2013 in einem Film, der Tanz, Emotion und Erinnerung meisterhaft vereint.<\/p>\n\n<p>Documentary<br\/>[DE\/FR\/GB, 2011]<br\/>Regie: Wim Wenders<br\/>Duration: 103 min.<br\/>FSK: AL<\/p>\n\n<hr class=\"wp-block-separator has-css-opacity\"\/>\n\n<div class=\"wp-block-buttons is-horizontal is-content-justification-center is-layout-flex wp-container-core-buttons-is-layout-499968f5 wp-block-buttons-is-layout-flex\">\n<div class=\"wp-block-button\"><a class=\"wp-block-button__link has-white-color has-black-background-color has-text-color has-background wp-element-button\" href=\"https:\/\/bestellen.plt.nl\/bestel\/13783\" target=\"_blank\" rel=\"noreferrer noopener\"><strong>Tickets So 08.03 | 14.00 Uhr<\/strong><\/a><\/div>\n\n\n\n<div class=\"wp-block-button\"><a class=\"wp-block-button__link has-white-color has-black-background-color has-text-color has-background wp-element-button\" href=\"https:\/\/bestellen.plt.nl\/bestel\/13782\" target=\"_blank\" rel=\"noreferrer noopener\"><strong>Tickets Mi 18.03 | 20.00 Uhr<\/strong><\/a><\/div>\n<\/div>\n\n<hr class=\"wp-block-separator has-css-opacity\"\/>\n\n<figure class=\"wp-block-embed is-type-video is-provider-youtube wp-block-embed-youtube wp-embed-aspect-16-9 wp-has-aspect-ratio\"><div class=\"wp-block-embed__wrapper\">\r\n<iframe  id=\"_ytid_63209\"  width=\"640\" height=\"360\"  data-origwidth=\"640\" data-origheight=\"360\" src=\"https:\/\/www.youtube.com\/embed\/dMwDBJS8jhc?enablejsapi=1&#038;autoplay=0&#038;cc_load_policy=0&#038;cc_lang_pref=&#038;iv_load_policy=1&#038;loop=0&#038;rel=1&#038;fs=1&#038;playsinline=0&#038;autohide=2&#038;theme=dark&#038;color=red&#038;controls=1&#038;disablekb=0&#038;\" class=\"__youtube_prefs__  epyt-is-override  no-lazyload\" title=\"YouTube player\"  allow=\"fullscreen; accelerometer; autoplay; clipboard-write; encrypted-media; gyroscope; picture-in-picture; web-share\" referrerpolicy=\"strict-origin-when-cross-origin\" allowfullscreen data-no-lazy=\"1\" data-skipgform_ajax_framebjll=\"\"><\/iframe>\n<\/div><\/figure><br>\n\n<hr class=\"wp-block-separator has-css-opacity\"\/>\n\n<figure class=\"wp-block-gallery has-nested-images columns-default is-cropped wp-block-gallery-1 is-layout-flex wp-block-gallery-is-layout-flex\">\n<figure class=\"wp-block-image size-large\"><img data-recalc-dims=\"1\" decoding=\"async\" width=\"640\" height=\"266\" data-id=\"12656\" src=\"https:\/\/i0.wp.com\/schrittmacherfestival.nl\/wp-content\/uploads\/2025\/12\/Film-Pina-1.jpeg?resize=640%2C266&#038;ssl=1\" alt=\"\" class=\"wp-image-12656\" srcset=\"https:\/\/i0.wp.com\/schrittmacherfestival.nl\/wp-content\/uploads\/2025\/12\/Film-Pina-1.jpeg?resize=1024%2C426&amp;ssl=1 1024w, https:\/\/i0.wp.com\/schrittmacherfestival.nl\/wp-content\/uploads\/2025\/12\/Film-Pina-1.jpeg?resize=300%2C125&amp;ssl=1 300w, https:\/\/i0.wp.com\/schrittmacherfestival.nl\/wp-content\/uploads\/2025\/12\/Film-Pina-1.jpeg?resize=768%2C320&amp;ssl=1 768w, https:\/\/i0.wp.com\/schrittmacherfestival.nl\/wp-content\/uploads\/2025\/12\/Film-Pina-1.jpeg?resize=1536%2C639&amp;ssl=1 1536w, https:\/\/i0.wp.com\/schrittmacherfestival.nl\/wp-content\/uploads\/2025\/12\/Film-Pina-1.jpeg?resize=31%2C13&amp;ssl=1 31w, https:\/\/i0.wp.com\/schrittmacherfestival.nl\/wp-content\/uploads\/2025\/12\/Film-Pina-1.jpeg?w=1600&amp;ssl=1 1600w, https:\/\/i0.wp.com\/schrittmacherfestival.nl\/wp-content\/uploads\/2025\/12\/Film-Pina-1.jpeg?w=1280&amp;ssl=1 1280w\" sizes=\"(max-width: 640px) 100vw, 640px\" \/><\/figure>\n\n\n\n<figure class=\"wp-block-image size-large\"><img data-recalc-dims=\"1\" decoding=\"async\" width=\"402\" height=\"603\" data-id=\"12653\" src=\"https:\/\/i0.wp.com\/schrittmacherfestival.nl\/wp-content\/uploads\/2025\/12\/film-Pina4.jpeg?resize=402%2C603&#038;ssl=1\" alt=\"\" class=\"wp-image-12653\" srcset=\"https:\/\/i0.wp.com\/schrittmacherfestival.nl\/wp-content\/uploads\/2025\/12\/film-Pina4.jpeg?w=402&amp;ssl=1 402w, https:\/\/i0.wp.com\/schrittmacherfestival.nl\/wp-content\/uploads\/2025\/12\/film-Pina4.jpeg?resize=200%2C300&amp;ssl=1 200w, https:\/\/i0.wp.com\/schrittmacherfestival.nl\/wp-content\/uploads\/2025\/12\/film-Pina4.jpeg?resize=18%2C27&amp;ssl=1 18w\" sizes=\"(max-width: 402px) 100vw, 402px\" \/><\/figure>\n\n\n\n<figure class=\"wp-block-image size-large\"><img data-recalc-dims=\"1\" loading=\"lazy\" decoding=\"async\" width=\"640\" height=\"426\" data-id=\"12655\" src=\"https:\/\/i0.wp.com\/schrittmacherfestival.nl\/wp-content\/uploads\/2025\/12\/film-Pina3.jpeg?resize=640%2C426&#038;ssl=1\" alt=\"\" class=\"wp-image-12655\" srcset=\"https:\/\/i0.wp.com\/schrittmacherfestival.nl\/wp-content\/uploads\/2025\/12\/film-Pina3.jpeg?resize=1024%2C682&amp;ssl=1 1024w, https:\/\/i0.wp.com\/schrittmacherfestival.nl\/wp-content\/uploads\/2025\/12\/film-Pina3.jpeg?resize=300%2C200&amp;ssl=1 300w, https:\/\/i0.wp.com\/schrittmacherfestival.nl\/wp-content\/uploads\/2025\/12\/film-Pina3.jpeg?resize=768%2C512&amp;ssl=1 768w, https:\/\/i0.wp.com\/schrittmacherfestival.nl\/wp-content\/uploads\/2025\/12\/film-Pina3.jpeg?resize=1536%2C1023&amp;ssl=1 1536w, https:\/\/i0.wp.com\/schrittmacherfestival.nl\/wp-content\/uploads\/2025\/12\/film-Pina3.jpeg?resize=600%2C400&amp;ssl=1 600w, https:\/\/i0.wp.com\/schrittmacherfestival.nl\/wp-content\/uploads\/2025\/12\/film-Pina3.jpeg?resize=31%2C21&amp;ssl=1 31w, https:\/\/i0.wp.com\/schrittmacherfestival.nl\/wp-content\/uploads\/2025\/12\/film-Pina3.jpeg?w=1600&amp;ssl=1 1600w, https:\/\/i0.wp.com\/schrittmacherfestival.nl\/wp-content\/uploads\/2025\/12\/film-Pina3.jpeg?w=1280&amp;ssl=1 1280w\" sizes=\"(max-width: 640px) 100vw, 640px\" \/><\/figure>\n\n\n\n<figure class=\"wp-block-image size-large\"><img data-recalc-dims=\"1\" loading=\"lazy\" decoding=\"async\" width=\"640\" height=\"361\" data-id=\"12654\" src=\"https:\/\/i0.wp.com\/schrittmacherfestival.nl\/wp-content\/uploads\/2025\/12\/film-Pina2.jpeg?resize=640%2C361&#038;ssl=1\" alt=\"\" class=\"wp-image-12654\" srcset=\"https:\/\/i0.wp.com\/schrittmacherfestival.nl\/wp-content\/uploads\/2025\/12\/film-Pina2.jpeg?resize=1024%2C577&amp;ssl=1 1024w, https:\/\/i0.wp.com\/schrittmacherfestival.nl\/wp-content\/uploads\/2025\/12\/film-Pina2.jpeg?resize=300%2C169&amp;ssl=1 300w, https:\/\/i0.wp.com\/schrittmacherfestival.nl\/wp-content\/uploads\/2025\/12\/film-Pina2.jpeg?resize=768%2C432&amp;ssl=1 768w, https:\/\/i0.wp.com\/schrittmacherfestival.nl\/wp-content\/uploads\/2025\/12\/film-Pina2.jpeg?resize=1536%2C865&amp;ssl=1 1536w, https:\/\/i0.wp.com\/schrittmacherfestival.nl\/wp-content\/uploads\/2025\/12\/film-Pina2.jpeg?resize=31%2C17&amp;ssl=1 31w, https:\/\/i0.wp.com\/schrittmacherfestival.nl\/wp-content\/uploads\/2025\/12\/film-Pina2.jpeg?w=1600&amp;ssl=1 1600w, https:\/\/i0.wp.com\/schrittmacherfestival.nl\/wp-content\/uploads\/2025\/12\/film-Pina2.jpeg?w=1280&amp;ssl=1 1280w\" sizes=\"(max-width: 640px) 100vw, 640px\" \/><\/figure>\n<\/figure>\n\n<hr class=\"wp-block-separator has-css-opacity\"\/>\n","protected":false},"excerpt":{"rendered":"<p>FILM Royal Theater HeerlenSo 08.03.2026 + Mi 18.03.202614.00 Uhr (So) + 20.00 (Mi) 9,50 \u20ac Filmemacher Wim Wenders nimmt das Publikum mit auf eine atemberaubende Reise durch die Welt der Choreografin und T\u00e4nzerin Pina Bausch. Nach ihrem pl\u00f6tzlichen Tod im Jahr 2009 erweisen die T\u00e4nzer*innen des Tanztheater Wuppertal ihrer Mentorin eine bewegende Hommage. Auf der B\u00fchne und im Freien lassen [&hellip;]<\/p>\n","protected":false},"author":1,"featured_media":0,"parent":0,"menu_order":0,"comment_status":"closed","ping_status":"closed","template":"","meta":{"_acf_changed":false,"footnotes":""},"class_list":["post-12663","page","type-page","status-publish","hentry"],"aioseo_notices":[],"acf":[],"jetpack_sharing_enabled":true,"_links":{"self":[{"href":"https:\/\/schrittmacherfestival.nl\/de\/wp-json\/wp\/v2\/pages\/12663","targetHints":{"allow":["GET"]}}],"collection":[{"href":"https:\/\/schrittmacherfestival.nl\/de\/wp-json\/wp\/v2\/pages"}],"about":[{"href":"https:\/\/schrittmacherfestival.nl\/de\/wp-json\/wp\/v2\/types\/page"}],"author":[{"embeddable":true,"href":"https:\/\/schrittmacherfestival.nl\/de\/wp-json\/wp\/v2\/users\/1"}],"replies":[{"embeddable":true,"href":"https:\/\/schrittmacherfestival.nl\/de\/wp-json\/wp\/v2\/comments?post=12663"}],"version-history":[{"count":4,"href":"https:\/\/schrittmacherfestival.nl\/de\/wp-json\/wp\/v2\/pages\/12663\/revisions"}],"predecessor-version":[{"id":13464,"href":"https:\/\/schrittmacherfestival.nl\/de\/wp-json\/wp\/v2\/pages\/12663\/revisions\/13464"}],"wp:attachment":[{"href":"https:\/\/schrittmacherfestival.nl\/de\/wp-json\/wp\/v2\/media?parent=12663"}],"curies":[{"name":"wp","href":"https:\/\/api.w.org\/{rel}","templated":true}]}}