{"id":12677,"date":"2025-12-11T15:05:51","date_gmt":"2025-12-11T15:05:51","guid":{"rendered":"https:\/\/schrittmacherfestival.nl\/billy-elliot-i-will-dance-2\/"},"modified":"2026-01-06T12:30:33","modified_gmt":"2026-01-06T12:30:33","slug":"billy-elliot-i-will-dance-2","status":"publish","type":"page","link":"https:\/\/schrittmacherfestival.nl\/de\/billy-elliot-i-will-dance-2\/","title":{"rendered":"Billy Elliot \u2013 I Will Dance"},"content":{"rendered":"\n<h1 class=\"wp-block-heading has-black-color has-text-color\" id=\"hofesh-shechter-company-gbr\">FILM<\/h1>\n\n<p><strong>Eden Palast Aachen<\/strong><br\/><strong>Mi 11.03.2026<\/strong><br\/><strong>19.30 Uhr<br\/>7,90 \u20ac<\/strong><\/p>\n\n<figure class=\"wp-block-image alignwide size-large\"><img data-recalc-dims=\"1\" fetchpriority=\"high\" decoding=\"async\" width=\"640\" height=\"267\" src=\"https:\/\/i0.wp.com\/schrittmacherfestival.nl\/wp-content\/uploads\/2025\/12\/Billy-Elliot_Szenenfoto-e1765445862306-1024x427.jpg?resize=640%2C267&#038;ssl=1\" alt=\"\" class=\"wp-image-12503\" srcset=\"https:\/\/i0.wp.com\/schrittmacherfestival.nl\/wp-content\/uploads\/2025\/12\/Billy-Elliot_Szenenfoto-e1765445862306.jpg?resize=1024%2C427&amp;ssl=1 1024w, https:\/\/i0.wp.com\/schrittmacherfestival.nl\/wp-content\/uploads\/2025\/12\/Billy-Elliot_Szenenfoto-e1765445862306.jpg?resize=300%2C125&amp;ssl=1 300w, https:\/\/i0.wp.com\/schrittmacherfestival.nl\/wp-content\/uploads\/2025\/12\/Billy-Elliot_Szenenfoto-e1765445862306.jpg?resize=768%2C320&amp;ssl=1 768w, https:\/\/i0.wp.com\/schrittmacherfestival.nl\/wp-content\/uploads\/2025\/12\/Billy-Elliot_Szenenfoto-e1765445862306.jpg?resize=31%2C13&amp;ssl=1 31w, https:\/\/i0.wp.com\/schrittmacherfestival.nl\/wp-content\/uploads\/2025\/12\/Billy-Elliot_Szenenfoto-e1765445862306.jpg?w=1200&amp;ssl=1 1200w\" sizes=\"(max-width: 640px) 100vw, 640px\" \/><\/figure>\n\n<hr class=\"wp-block-separator has-css-opacity\"\/>\n\n<p>\u201eBilly Elliot \u2013 I Will Dance&#8220; ist die Geschichte eines 11-j\u00e4hrigen Jungen aus einer Bergmannsfamilie im nordenglischen Durham w\u00e4hrend des Bergarbeiterstreiks 1984\/85, der heimlich eine Leidenschaft f\u00fcr Ballett entwickelt und gegen die Erwartungen seines Vaters und die gesellschaftlichen Normen ank\u00e4mpft, um seine Tanztr\u00e4ume zu verfolgen. Seine forsche Ballettlehrerin erkennt sein Talent und f\u00f6rdert ihn, w\u00e4hrend sein Vater zun\u00e4chst strikt gegen seine Tanzambitionen ist, aber schlie\u00dflich einlenkt, als er Billys Begabung erkennt.<\/p>\n\n<p>Drama<br\/>[GB, 2000]<br\/>Regie: Stephen Daldry\u00a0<br\/>Duration: 106 min.<br\/>FSK: 6<\/p>\n\n<hr class=\"wp-block-separator has-css-opacity\"\/>\n\n<div class=\"wp-block-buttons is-horizontal is-content-justification-center is-layout-flex wp-container-core-buttons-is-layout-499968f5 wp-block-buttons-is-layout-flex\">\n<div class=\"wp-block-button\"><a class=\"wp-block-button__link has-white-color has-black-background-color has-text-color has-background wp-element-button\" href=\"https:\/\/www.cineplex.de\/aachen\" target=\"_blank\" rel=\"noreferrer noopener\"><strong>Tickets Mi 11.03 | 19.30 Uhr<\/strong><\/a><\/div>\n<\/div>\n\n<hr class=\"wp-block-separator has-css-opacity\"\/>\n\n<figure class=\"wp-block-embed is-type-video is-provider-youtube wp-block-embed-youtube wp-embed-aspect-16-9 wp-has-aspect-ratio\"><div class=\"wp-block-embed__wrapper\">\r\n<iframe  id=\"_ytid_81077\"  width=\"640\" height=\"360\"  data-origwidth=\"640\" data-origheight=\"360\" src=\"https:\/\/www.youtube.com\/embed\/qI0wNaRraPA?enablejsapi=1&#038;autoplay=0&#038;cc_load_policy=0&#038;cc_lang_pref=&#038;iv_load_policy=1&#038;loop=0&#038;rel=1&#038;fs=1&#038;playsinline=0&#038;autohide=2&#038;theme=dark&#038;color=red&#038;controls=1&#038;disablekb=0&#038;\" class=\"__youtube_prefs__  epyt-is-override  no-lazyload\" title=\"YouTube player\"  allow=\"fullscreen; accelerometer; autoplay; clipboard-write; encrypted-media; gyroscope; picture-in-picture; web-share\" referrerpolicy=\"strict-origin-when-cross-origin\" allowfullscreen data-no-lazy=\"1\" data-skipgform_ajax_framebjll=\"\"><\/iframe>\n<\/div><\/figure><br>\n\n<hr class=\"wp-block-separator has-css-opacity\"\/>\n\n<figure class=\"wp-block-gallery has-nested-images columns-default is-cropped wp-block-gallery-1 is-layout-flex wp-block-gallery-is-layout-flex\">\n<figure class=\"wp-block-image size-large\"><img data-recalc-dims=\"1\" decoding=\"async\" width=\"442\" height=\"640\" data-id=\"12670\" src=\"https:\/\/i0.wp.com\/schrittmacherfestival.nl\/wp-content\/uploads\/2025\/12\/FILM_Billy_Elliot_I_will_dance_Plakat-1.jpg?resize=442%2C640&#038;ssl=1\" alt=\"\" class=\"wp-image-12670\" srcset=\"https:\/\/i0.wp.com\/schrittmacherfestival.nl\/wp-content\/uploads\/2025\/12\/FILM_Billy_Elliot_I_will_dance_Plakat-1.jpg?w=442&amp;ssl=1 442w, https:\/\/i0.wp.com\/schrittmacherfestival.nl\/wp-content\/uploads\/2025\/12\/FILM_Billy_Elliot_I_will_dance_Plakat-1.jpg?resize=207%2C300&amp;ssl=1 207w, https:\/\/i0.wp.com\/schrittmacherfestival.nl\/wp-content\/uploads\/2025\/12\/FILM_Billy_Elliot_I_will_dance_Plakat-1.jpg?resize=19%2C27&amp;ssl=1 19w\" sizes=\"(max-width: 442px) 100vw, 442px\" \/><\/figure>\n\n\n\n<figure class=\"wp-block-image size-large\"><img data-recalc-dims=\"1\" decoding=\"async\" width=\"640\" height=\"998\" data-id=\"12671\" src=\"https:\/\/i0.wp.com\/schrittmacherfestival.nl\/wp-content\/uploads\/2025\/12\/FILM_Billy_Elliot_I_will_dance_Plakat_alternativ.jpg?resize=640%2C998&#038;ssl=1\" alt=\"\" class=\"wp-image-12671\" srcset=\"https:\/\/i0.wp.com\/schrittmacherfestival.nl\/wp-content\/uploads\/2025\/12\/FILM_Billy_Elliot_I_will_dance_Plakat_alternativ.jpg?resize=657%2C1024&amp;ssl=1 657w, https:\/\/i0.wp.com\/schrittmacherfestival.nl\/wp-content\/uploads\/2025\/12\/FILM_Billy_Elliot_I_will_dance_Plakat_alternativ.jpg?resize=192%2C300&amp;ssl=1 192w, https:\/\/i0.wp.com\/schrittmacherfestival.nl\/wp-content\/uploads\/2025\/12\/FILM_Billy_Elliot_I_will_dance_Plakat_alternativ.jpg?resize=768%2C1197&amp;ssl=1 768w, https:\/\/i0.wp.com\/schrittmacherfestival.nl\/wp-content\/uploads\/2025\/12\/FILM_Billy_Elliot_I_will_dance_Plakat_alternativ.jpg?resize=985%2C1536&amp;ssl=1 985w, https:\/\/i0.wp.com\/schrittmacherfestival.nl\/wp-content\/uploads\/2025\/12\/FILM_Billy_Elliot_I_will_dance_Plakat_alternativ.jpg?resize=1314%2C2048&amp;ssl=1 1314w, https:\/\/i0.wp.com\/schrittmacherfestival.nl\/wp-content\/uploads\/2025\/12\/FILM_Billy_Elliot_I_will_dance_Plakat_alternativ.jpg?resize=17%2C27&amp;ssl=1 17w, https:\/\/i0.wp.com\/schrittmacherfestival.nl\/wp-content\/uploads\/2025\/12\/FILM_Billy_Elliot_I_will_dance_Plakat_alternativ.jpg?w=1417&amp;ssl=1 1417w\" sizes=\"(max-width: 640px) 100vw, 640px\" \/><\/figure>\n<\/figure>\n\n<hr class=\"wp-block-separator has-css-opacity\"\/>\n\n<p><\/p>\n","protected":false},"excerpt":{"rendered":"<p>FILM Eden Palast AachenMi 11.03.202619.30 Uhr7,90 \u20ac \u201eBilly Elliot \u2013 I Will Dance&#8220; ist die Geschichte eines 11-j\u00e4hrigen Jungen aus einer Bergmannsfamilie im nordenglischen Durham w\u00e4hrend des Bergarbeiterstreiks 1984\/85, der heimlich eine Leidenschaft f\u00fcr Ballett entwickelt und gegen die Erwartungen seines Vaters und die gesellschaftlichen Normen ank\u00e4mpft, um seine Tanztr\u00e4ume zu verfolgen. Seine forsche Ballettlehrerin erkennt sein Talent und f\u00f6rdert [&hellip;]<\/p>\n","protected":false},"author":1,"featured_media":0,"parent":0,"menu_order":0,"comment_status":"closed","ping_status":"closed","template":"","meta":{"_acf_changed":false,"footnotes":""},"class_list":["post-12677","page","type-page","status-publish","hentry"],"aioseo_notices":[],"acf":[],"jetpack_sharing_enabled":true,"_links":{"self":[{"href":"https:\/\/schrittmacherfestival.nl\/de\/wp-json\/wp\/v2\/pages\/12677","targetHints":{"allow":["GET"]}}],"collection":[{"href":"https:\/\/schrittmacherfestival.nl\/de\/wp-json\/wp\/v2\/pages"}],"about":[{"href":"https:\/\/schrittmacherfestival.nl\/de\/wp-json\/wp\/v2\/types\/page"}],"author":[{"embeddable":true,"href":"https:\/\/schrittmacherfestival.nl\/de\/wp-json\/wp\/v2\/users\/1"}],"replies":[{"embeddable":true,"href":"https:\/\/schrittmacherfestival.nl\/de\/wp-json\/wp\/v2\/comments?post=12677"}],"version-history":[{"count":3,"href":"https:\/\/schrittmacherfestival.nl\/de\/wp-json\/wp\/v2\/pages\/12677\/revisions"}],"predecessor-version":[{"id":13458,"href":"https:\/\/schrittmacherfestival.nl\/de\/wp-json\/wp\/v2\/pages\/12677\/revisions\/13458"}],"wp:attachment":[{"href":"https:\/\/schrittmacherfestival.nl\/de\/wp-json\/wp\/v2\/media?parent=12677"}],"curies":[{"name":"wp","href":"https:\/\/api.w.org\/{rel}","templated":true}]}}