{"id":12686,"date":"2025-12-11T15:15:59","date_gmt":"2025-12-11T15:15:59","guid":{"rendered":"https:\/\/schrittmacherfestival.nl\/honey\/"},"modified":"2026-01-06T12:32:56","modified_gmt":"2026-01-06T12:32:56","slug":"honey","status":"publish","type":"page","link":"https:\/\/schrittmacherfestival.nl\/de\/honey\/","title":{"rendered":"Honey"},"content":{"rendered":"\n<h1 class=\"wp-block-heading has-black-color has-text-color\" id=\"hofesh-shechter-company-gbr\">FILM<\/h1>\n\n<p><strong>Capitol Lounge Kino Aachen<\/strong><br\/><strong><strong>Mi 25.03.2026<\/strong><\/strong><br\/><strong>20.00 Uhr<br\/>16,50 \u20ac\u00a0<\/strong><\/p>\n\n<figure class=\"wp-block-image alignwide size-large\"><img data-recalc-dims=\"1\" fetchpriority=\"high\" decoding=\"async\" width=\"640\" height=\"267\" src=\"https:\/\/i0.wp.com\/schrittmacherfestival.nl\/wp-content\/uploads\/2025\/12\/gP4i4OYX8F6ms7I52Kng1BK29g7-scaled-e1765446067506-1024x427.webp?resize=640%2C267&#038;ssl=1\" alt=\"\" class=\"wp-image-12505\" srcset=\"https:\/\/i0.wp.com\/schrittmacherfestival.nl\/wp-content\/uploads\/2025\/12\/gP4i4OYX8F6ms7I52Kng1BK29g7-scaled-e1765446067506.webp?resize=1024%2C427&amp;ssl=1 1024w, https:\/\/i0.wp.com\/schrittmacherfestival.nl\/wp-content\/uploads\/2025\/12\/gP4i4OYX8F6ms7I52Kng1BK29g7-scaled-e1765446067506.webp?resize=300%2C125&amp;ssl=1 300w, https:\/\/i0.wp.com\/schrittmacherfestival.nl\/wp-content\/uploads\/2025\/12\/gP4i4OYX8F6ms7I52Kng1BK29g7-scaled-e1765446067506.webp?resize=768%2C320&amp;ssl=1 768w, https:\/\/i0.wp.com\/schrittmacherfestival.nl\/wp-content\/uploads\/2025\/12\/gP4i4OYX8F6ms7I52Kng1BK29g7-scaled-e1765446067506.webp?resize=31%2C13&amp;ssl=1 31w, https:\/\/i0.wp.com\/schrittmacherfestival.nl\/wp-content\/uploads\/2025\/12\/gP4i4OYX8F6ms7I52Kng1BK29g7-scaled-e1765446067506.webp?w=1200&amp;ssl=1 1200w\" sizes=\"(max-width: 640px) 100vw, 640px\" \/><\/figure>\n\n<hr class=\"wp-block-separator has-css-opacity\"\/>\n\n<p>Honey Daniels ist eine talentierte Hip-Hop-T\u00e4nzerin aus New York, die davon tr\u00e4umt, als Choreografin im Musikgesch\u00e4ft durchzustarten. Als sie von einem bekannten Videoregisseur entdeckt wird, scheint ihr Traum in greifbare N\u00e4he zu r\u00fccken. Doch die harte Realit\u00e4t und die skrupellose Art ihres Mentors zwingen sie, ihren Traum zu \u00fcberdenken. Aber als Kind der Stra\u00dfe gibt sie nicht auf. Sie m\u00f6chte etwas zur\u00fcckgeben und findet so ihre wahre Bestimmung: eine Hip-Hop-Tanzschule f\u00fcr Kids.<\/p>\n\n<p>Dance film<br\/>[USA, 2003]<br\/>Regie: Bille Woodruff\u00a0<br\/>Duration: 94 min.<br\/>FSK: 6<\/p>\n\n<hr class=\"wp-block-separator has-css-opacity\"\/>\n\n<div class=\"wp-block-buttons is-horizontal is-content-justification-center is-layout-flex wp-container-core-buttons-is-layout-499968f5 wp-block-buttons-is-layout-flex\">\n<div class=\"wp-block-button\"><a class=\"wp-block-button__link has-white-color has-black-background-color has-text-color has-background wp-element-button\" href=\"https:\/\/www.capitol-aachen.de\/programm\" target=\"_blank\" rel=\"noreferrer noopener\"><strong>Tickets Mi 25.03 | 20.00 Uhr<\/strong><\/a><\/div>\n<\/div>\n\n<hr class=\"wp-block-separator has-css-opacity\"\/>\n\n<figure class=\"wp-block-embed is-type-video is-provider-youtube wp-block-embed-youtube wp-embed-aspect-16-9 wp-has-aspect-ratio\"><div class=\"wp-block-embed__wrapper\">\r\n<iframe  id=\"_ytid_97056\"  width=\"640\" height=\"360\"  data-origwidth=\"640\" data-origheight=\"360\" src=\"https:\/\/www.youtube.com\/embed\/_65HmOrGSKQ?enablejsapi=1&#038;autoplay=0&#038;cc_load_policy=0&#038;cc_lang_pref=&#038;iv_load_policy=1&#038;loop=0&#038;rel=1&#038;fs=1&#038;playsinline=0&#038;autohide=2&#038;theme=dark&#038;color=red&#038;controls=1&#038;disablekb=0&#038;\" class=\"__youtube_prefs__  epyt-is-override  no-lazyload\" title=\"YouTube player\"  allow=\"fullscreen; accelerometer; autoplay; clipboard-write; encrypted-media; gyroscope; picture-in-picture; web-share\" referrerpolicy=\"strict-origin-when-cross-origin\" allowfullscreen data-no-lazy=\"1\" data-skipgform_ajax_framebjll=\"\"><\/iframe>\n<\/div><\/figure><br>\n\n<hr class=\"wp-block-separator has-css-opacity\"\/>\n\n<figure class=\"wp-block-gallery has-nested-images columns-default is-cropped wp-block-gallery-1 is-layout-flex wp-block-gallery-is-layout-flex\">\n<figure class=\"wp-block-image size-large\"><img data-recalc-dims=\"1\" decoding=\"async\" width=\"640\" height=\"960\" data-id=\"12683\" src=\"https:\/\/i0.wp.com\/schrittmacherfestival.nl\/wp-content\/uploads\/2025\/12\/gP4i4OYX8F6ms7I52Kng1BK29g7-1.webp?resize=640%2C960&#038;ssl=1\" alt=\"\" class=\"wp-image-12683\" srcset=\"https:\/\/i0.wp.com\/schrittmacherfestival.nl\/wp-content\/uploads\/2025\/12\/gP4i4OYX8F6ms7I52Kng1BK29g7-1-scaled.webp?resize=683%2C1024&amp;ssl=1 683w, https:\/\/i0.wp.com\/schrittmacherfestival.nl\/wp-content\/uploads\/2025\/12\/gP4i4OYX8F6ms7I52Kng1BK29g7-1-scaled.webp?resize=200%2C300&amp;ssl=1 200w, https:\/\/i0.wp.com\/schrittmacherfestival.nl\/wp-content\/uploads\/2025\/12\/gP4i4OYX8F6ms7I52Kng1BK29g7-1-scaled.webp?resize=768%2C1152&amp;ssl=1 768w, https:\/\/i0.wp.com\/schrittmacherfestival.nl\/wp-content\/uploads\/2025\/12\/gP4i4OYX8F6ms7I52Kng1BK29g7-1-scaled.webp?resize=1024%2C1536&amp;ssl=1 1024w, https:\/\/i0.wp.com\/schrittmacherfestival.nl\/wp-content\/uploads\/2025\/12\/gP4i4OYX8F6ms7I52Kng1BK29g7-1-scaled.webp?resize=1365%2C2048&amp;ssl=1 1365w, https:\/\/i0.wp.com\/schrittmacherfestival.nl\/wp-content\/uploads\/2025\/12\/gP4i4OYX8F6ms7I52Kng1BK29g7-1-scaled.webp?resize=18%2C27&amp;ssl=1 18w, https:\/\/i0.wp.com\/schrittmacherfestival.nl\/wp-content\/uploads\/2025\/12\/gP4i4OYX8F6ms7I52Kng1BK29g7-1-scaled.webp?w=1707&amp;ssl=1 1707w, https:\/\/i0.wp.com\/schrittmacherfestival.nl\/wp-content\/uploads\/2025\/12\/gP4i4OYX8F6ms7I52Kng1BK29g7-1-scaled.webp?w=1280&amp;ssl=1 1280w\" sizes=\"(max-width: 640px) 100vw, 640px\" \/><\/figure>\n<\/figure>\n\n<hr class=\"wp-block-separator has-css-opacity\"\/>\n\n<p><\/p>\n","protected":false},"excerpt":{"rendered":"<p>FILM Capitol Lounge Kino AachenMi 25.03.202620.00 Uhr16,50 \u20ac\u00a0 Honey Daniels ist eine talentierte Hip-Hop-T\u00e4nzerin aus New York, die davon tr\u00e4umt, als Choreografin im Musikgesch\u00e4ft durchzustarten. Als sie von einem bekannten Videoregisseur entdeckt wird, scheint ihr Traum in greifbare N\u00e4he zu r\u00fccken. Doch die harte Realit\u00e4t und die skrupellose Art ihres Mentors zwingen sie, ihren Traum zu \u00fcberdenken. Aber als Kind [&hellip;]<\/p>\n","protected":false},"author":1,"featured_media":0,"parent":0,"menu_order":0,"comment_status":"closed","ping_status":"closed","template":"","meta":{"_acf_changed":false,"footnotes":""},"class_list":["post-12686","page","type-page","status-publish","hentry"],"aioseo_notices":[],"acf":[],"jetpack_sharing_enabled":true,"_links":{"self":[{"href":"https:\/\/schrittmacherfestival.nl\/de\/wp-json\/wp\/v2\/pages\/12686","targetHints":{"allow":["GET"]}}],"collection":[{"href":"https:\/\/schrittmacherfestival.nl\/de\/wp-json\/wp\/v2\/pages"}],"about":[{"href":"https:\/\/schrittmacherfestival.nl\/de\/wp-json\/wp\/v2\/types\/page"}],"author":[{"embeddable":true,"href":"https:\/\/schrittmacherfestival.nl\/de\/wp-json\/wp\/v2\/users\/1"}],"replies":[{"embeddable":true,"href":"https:\/\/schrittmacherfestival.nl\/de\/wp-json\/wp\/v2\/comments?post=12686"}],"version-history":[{"count":3,"href":"https:\/\/schrittmacherfestival.nl\/de\/wp-json\/wp\/v2\/pages\/12686\/revisions"}],"predecessor-version":[{"id":13460,"href":"https:\/\/schrittmacherfestival.nl\/de\/wp-json\/wp\/v2\/pages\/12686\/revisions\/13460"}],"wp:attachment":[{"href":"https:\/\/schrittmacherfestival.nl\/de\/wp-json\/wp\/v2\/media?parent=12686"}],"curies":[{"name":"wp","href":"https:\/\/api.w.org\/{rel}","templated":true}]}}