{"id":12809,"date":"2025-12-13T09:25:31","date_gmt":"2025-12-13T09:25:31","guid":{"rendered":"https:\/\/schrittmacherfestival.nl\/artist-talk-i-think-in-movements\/"},"modified":"2026-02-10T09:35:40","modified_gmt":"2026-02-10T09:35:40","slug":"artist-talk-i-think-in-movements","status":"publish","type":"page","link":"https:\/\/schrittmacherfestival.nl\/de\/artist-talk-i-think-in-movements\/","title":{"rendered":"Artist talk \u201cI think in movements\u201d"},"content":{"rendered":"\n<h1 class=\"wp-block-heading has-black-color has-text-color\" id=\"hofesh-shechter-company-gbr\"><strong>Kadir \u201cAmigo\u201d Memi\u015f\u00a0(DE\/TR)<\/strong><\/h1>\n\n<p><strong>Atelierhaus Aachen<\/strong><br\/><strong>So 01.03.2026 + Fr 06.03.2026<\/strong><br\/><strong>15.00 Uhr (So) + 18.00 Uhr (Fr)<br\/>free<\/strong><\/p>\n\n<figure class=\"wp-block-image alignwide size-large\"><img data-recalc-dims=\"1\" fetchpriority=\"high\" decoding=\"async\" width=\"640\" height=\"267\" src=\"https:\/\/i0.wp.com\/schrittmacherfestival.nl\/wp-content\/uploads\/2025\/12\/kadir2-e1765445004350-1024x427.jpg?resize=640%2C267&#038;ssl=1\" alt=\"\" class=\"wp-image-12494\" srcset=\"https:\/\/i0.wp.com\/schrittmacherfestival.nl\/wp-content\/uploads\/2025\/12\/kadir2-e1765445004350.jpg?resize=1024%2C427&amp;ssl=1 1024w, https:\/\/i0.wp.com\/schrittmacherfestival.nl\/wp-content\/uploads\/2025\/12\/kadir2-e1765445004350.jpg?resize=300%2C125&amp;ssl=1 300w, https:\/\/i0.wp.com\/schrittmacherfestival.nl\/wp-content\/uploads\/2025\/12\/kadir2-e1765445004350.jpg?resize=768%2C320&amp;ssl=1 768w, https:\/\/i0.wp.com\/schrittmacherfestival.nl\/wp-content\/uploads\/2025\/12\/kadir2-e1765445004350.jpg?resize=31%2C13&amp;ssl=1 31w, https:\/\/i0.wp.com\/schrittmacherfestival.nl\/wp-content\/uploads\/2025\/12\/kadir2-e1765445004350.jpg?w=1200&amp;ssl=1 1200w\" sizes=\"(max-width: 640px) 100vw, 640px\" \/><\/figure>\n\n<hr class=\"wp-block-separator has-css-opacity\"\/>\n\n<p>Der T\u00e4nzer, Choreograf, Performer und bildende K\u00fcnstler Kadir \u201eAmigo\u201c Memi\u015f, verbindet in seiner Arbeit Bewegung, Kalligrafie und kulturelle Tradition. Er ist Mitbegr\u00fcnder der renommierten Breaking Gruppe \u201eFlying Steps\u201c und Pionier von Fusionen wie \u201eZeybreak\u201c, einer Mischung aus t\u00fcrkischem Volkstanz und Breaking. Im Austausch mit unserem Publikum gibt er Einblicke in seine pers\u00f6nliche Lebensgeschichte und seine Kunst, immer auf der Suche nach kulturellen Verbindungen, Zwischenr\u00e4umen und dem Ausdruck der eigenen k\u00fcnstlerischen Identit\u00e4t.<\/p>\n\n<p>Duration: ~ 60 min.<\/p>\n\n<p><strong>So 01.03.2026 \u2013 Sa 07.03.2026<\/strong><br\/>Exhibition<br\/><a href=\"https:\/\/schrittmacherfestival.nl\/de\/exhibition-celestial-metamorphosis\/\" title=\"\">CELESTIAL METAMORPHOSIS<\/a><br\/>Free<\/p>\n\n<p><strong>Sa 07.03.2026<\/strong><br\/><a href=\"https:\/\/schrittmacherfestival.nl\/de\/paintformance-back-to-zero\/\" title=\"\">Paint\u2019formance: BACK TO ZERO<\/a><br\/>Kadir \u201cAmigo\u201d Memis,| DE\/TR<\/p>\n\n<p><strong>So 08.03.2026<\/strong><br\/><a href=\"https:\/\/schrittmacherfestival.nl\/de\/storytelling-cartoon-style-locking\/\" title=\"\">Storytelling &amp;<br\/>Cartoon Style Locking<\/a><\/p>\n\n<hr class=\"wp-block-separator has-css-opacity\"\/>\n\n<figure class=\"wp-block-gallery has-nested-images columns-default is-cropped wp-block-gallery-1 is-layout-flex wp-block-gallery-is-layout-flex\">\n<figure class=\"wp-block-image size-large\"><img data-recalc-dims=\"1\" decoding=\"async\" width=\"576\" height=\"1024\" data-id=\"12805\" src=\"https:\/\/i0.wp.com\/schrittmacherfestival.nl\/wp-content\/uploads\/2025\/12\/smf26_EXCHANGE_Kadir_Amigo_Memis_c_privat_02_002-1.jpg?resize=576%2C1024&#038;ssl=1\" alt=\"\" class=\"wp-image-12805\" srcset=\"https:\/\/i0.wp.com\/schrittmacherfestival.nl\/wp-content\/uploads\/2025\/12\/smf26_EXCHANGE_Kadir_Amigo_Memis_c_privat_02_002-1.jpg?resize=576%2C1024&amp;ssl=1 576w, https:\/\/i0.wp.com\/schrittmacherfestival.nl\/wp-content\/uploads\/2025\/12\/smf26_EXCHANGE_Kadir_Amigo_Memis_c_privat_02_002-1.jpg?resize=169%2C300&amp;ssl=1 169w, https:\/\/i0.wp.com\/schrittmacherfestival.nl\/wp-content\/uploads\/2025\/12\/smf26_EXCHANGE_Kadir_Amigo_Memis_c_privat_02_002-1.jpg?resize=15%2C27&amp;ssl=1 15w, https:\/\/i0.wp.com\/schrittmacherfestival.nl\/wp-content\/uploads\/2025\/12\/smf26_EXCHANGE_Kadir_Amigo_Memis_c_privat_02_002-1.jpg?w=675&amp;ssl=1 675w\" sizes=\"(max-width: 576px) 100vw, 576px\" \/><\/figure>\n<\/figure>\n\n<hr class=\"wp-block-separator has-css-opacity\"\/>\n\n<p><\/p>\n","protected":false},"excerpt":{"rendered":"<p>Kadir \u201cAmigo\u201d Memi\u015f\u00a0(DE\/TR) Atelierhaus AachenSo 01.03.2026 + Fr 06.03.202615.00 Uhr (So) + 18.00 Uhr (Fr)free Der T\u00e4nzer, Choreograf, Performer und bildende K\u00fcnstler Kadir \u201eAmigo\u201c Memi\u015f, verbindet in seiner Arbeit Bewegung, Kalligrafie und kulturelle Tradition. Er ist Mitbegr\u00fcnder der renommierten Breaking Gruppe \u201eFlying Steps\u201c und Pionier von Fusionen wie \u201eZeybreak\u201c, einer Mischung aus t\u00fcrkischem Volkstanz und Breaking. Im Austausch mit unserem [&hellip;]<\/p>\n","protected":false},"author":1,"featured_media":0,"parent":0,"menu_order":0,"comment_status":"closed","ping_status":"closed","template":"","meta":{"_acf_changed":false,"footnotes":""},"class_list":["post-12809","page","type-page","status-publish","hentry"],"aioseo_notices":[],"acf":[],"jetpack_sharing_enabled":true,"_links":{"self":[{"href":"https:\/\/schrittmacherfestival.nl\/de\/wp-json\/wp\/v2\/pages\/12809","targetHints":{"allow":["GET"]}}],"collection":[{"href":"https:\/\/schrittmacherfestival.nl\/de\/wp-json\/wp\/v2\/pages"}],"about":[{"href":"https:\/\/schrittmacherfestival.nl\/de\/wp-json\/wp\/v2\/types\/page"}],"author":[{"embeddable":true,"href":"https:\/\/schrittmacherfestival.nl\/de\/wp-json\/wp\/v2\/users\/1"}],"replies":[{"embeddable":true,"href":"https:\/\/schrittmacherfestival.nl\/de\/wp-json\/wp\/v2\/comments?post=12809"}],"version-history":[{"count":6,"href":"https:\/\/schrittmacherfestival.nl\/de\/wp-json\/wp\/v2\/pages\/12809\/revisions"}],"predecessor-version":[{"id":13726,"href":"https:\/\/schrittmacherfestival.nl\/de\/wp-json\/wp\/v2\/pages\/12809\/revisions\/13726"}],"wp:attachment":[{"href":"https:\/\/schrittmacherfestival.nl\/de\/wp-json\/wp\/v2\/media?parent=12809"}],"curies":[{"name":"wp","href":"https:\/\/api.w.org\/{rel}","templated":true}]}}