{"id":12846,"date":"2025-12-13T11:54:05","date_gmt":"2025-12-13T11:54:05","guid":{"rendered":"https:\/\/schrittmacherfestival.nl\/schrit_cafe\/"},"modified":"2025-12-17T11:04:21","modified_gmt":"2025-12-17T11:04:21","slug":"schrit_cafe","status":"publish","type":"page","link":"https:\/\/schrittmacherfestival.nl\/de\/schrit_cafe\/","title":{"rendered":"schrit_Caf\u00e9"},"content":{"rendered":"\n<h1 class=\"wp-block-heading has-black-color has-text-color\" id=\"hofesh-shechter-company-gbr\"><strong>Caf\u00e9 Vers Aachen<\/strong><\/h1>\n\n<p><br\/><strong>Fr 06.03.2026 + Mi 18.03.2026 + Do 26.03.2026<\/strong><br\/><strong>16.00 Uhr (Fr) + 11.00 Uhr (Mi) + 17.00 Uhr (Do)<br\/>free<\/strong><\/p>\n\n<figure class=\"wp-block-image alignwide size-large\"><img data-recalc-dims=\"1\" fetchpriority=\"high\" decoding=\"async\" width=\"640\" height=\"271\" src=\"https:\/\/i0.wp.com\/schrittmacherfestival.nl\/wp-content\/uploads\/2025\/12\/IMG_8371-e1765533386273-1024x433.jpg?resize=640%2C271&#038;ssl=1\" alt=\"\" class=\"wp-image-12739\" srcset=\"https:\/\/i0.wp.com\/schrittmacherfestival.nl\/wp-content\/uploads\/2025\/12\/IMG_8371-e1765533386273.jpg?resize=1024%2C433&amp;ssl=1 1024w, https:\/\/i0.wp.com\/schrittmacherfestival.nl\/wp-content\/uploads\/2025\/12\/IMG_8371-e1765533386273.jpg?resize=300%2C127&amp;ssl=1 300w, https:\/\/i0.wp.com\/schrittmacherfestival.nl\/wp-content\/uploads\/2025\/12\/IMG_8371-e1765533386273.jpg?resize=768%2C325&amp;ssl=1 768w, https:\/\/i0.wp.com\/schrittmacherfestival.nl\/wp-content\/uploads\/2025\/12\/IMG_8371-e1765533386273.jpg?resize=31%2C13&amp;ssl=1 31w, https:\/\/i0.wp.com\/schrittmacherfestival.nl\/wp-content\/uploads\/2025\/12\/IMG_8371-e1765533386273.jpg?w=1168&amp;ssl=1 1168w\" sizes=\"(max-width: 640px) 100vw, 640px\" \/><\/figure>\n\n<hr class=\"wp-block-separator has-css-opacity\"\/>\n\n<p>Das schrit_Caf\u00e9 l\u00e4dt Interessierte an drei Tagen zu Begegnung, Austausch und Kennenlernen ein! Ein perfekter Start f\u00fcr Festival-Neulinge, die dort die M\u00f6glichkeit haben, sich mit langj\u00e4hrigen schrit_tmacher Fans auszutauschen, Fragen zu stellen und in den Dialog \u00fcber Gesehenes zu gehen. Vertreter*innen des Festival-Teams stehen Ihnen f\u00fcr Fragen zur Verf\u00fcgung &#8211; und vielleicht haben Sie sogar die einmalige Gelegenheit, sich mit Gastk\u00fcnstler*innen des diesj\u00e4hrigen Programms auszutauschen. Wir freuen uns auf Sie!<\/p>\n\n<p>Duration: ~ 60 min.<\/p>\n\n<hr class=\"wp-block-separator has-css-opacity\"\/>\n\n<figure class=\"wp-block-gallery has-nested-images columns-default is-cropped wp-block-gallery-1 is-layout-flex wp-block-gallery-is-layout-flex\">\n<figure class=\"wp-block-image size-large\"><img data-recalc-dims=\"1\" decoding=\"async\" width=\"640\" height=\"426\" data-id=\"12841\" src=\"https:\/\/i0.wp.com\/schrittmacherfestival.nl\/wp-content\/uploads\/2025\/12\/smf26_EXCHANGE_Literaturcafe-EMR_003.jpg?resize=640%2C426&#038;ssl=1\" alt=\"\" class=\"wp-image-12841\" srcset=\"https:\/\/i0.wp.com\/schrittmacherfestival.nl\/wp-content\/uploads\/2025\/12\/smf26_EXCHANGE_Literaturcafe-EMR_003.jpg?resize=1024%2C682&amp;ssl=1 1024w, https:\/\/i0.wp.com\/schrittmacherfestival.nl\/wp-content\/uploads\/2025\/12\/smf26_EXCHANGE_Literaturcafe-EMR_003.jpg?resize=300%2C200&amp;ssl=1 300w, https:\/\/i0.wp.com\/schrittmacherfestival.nl\/wp-content\/uploads\/2025\/12\/smf26_EXCHANGE_Literaturcafe-EMR_003.jpg?resize=768%2C512&amp;ssl=1 768w, https:\/\/i0.wp.com\/schrittmacherfestival.nl\/wp-content\/uploads\/2025\/12\/smf26_EXCHANGE_Literaturcafe-EMR_003.jpg?resize=600%2C400&amp;ssl=1 600w, https:\/\/i0.wp.com\/schrittmacherfestival.nl\/wp-content\/uploads\/2025\/12\/smf26_EXCHANGE_Literaturcafe-EMR_003.jpg?resize=31%2C21&amp;ssl=1 31w, https:\/\/i0.wp.com\/schrittmacherfestival.nl\/wp-content\/uploads\/2025\/12\/smf26_EXCHANGE_Literaturcafe-EMR_003.jpg?w=1114&amp;ssl=1 1114w\" sizes=\"(max-width: 640px) 100vw, 640px\" \/><\/figure>\n<\/figure>\n\n<hr class=\"wp-block-separator has-css-opacity\"\/>\n\n<p><\/p>\n","protected":false},"excerpt":{"rendered":"<p>Caf\u00e9 Vers Aachen Fr 06.03.2026 + Mi 18.03.2026 + Do 26.03.202616.00 Uhr (Fr) + 11.00 Uhr (Mi) + 17.00 Uhr (Do)free Das schrit_Caf\u00e9 l\u00e4dt Interessierte an drei Tagen zu Begegnung, Austausch und Kennenlernen ein! Ein perfekter Start f\u00fcr Festival-Neulinge, die dort die M\u00f6glichkeit haben, sich mit langj\u00e4hrigen schrit_tmacher Fans auszutauschen, Fragen zu stellen und in den Dialog \u00fcber Gesehenes zu [&hellip;]<\/p>\n","protected":false},"author":1,"featured_media":0,"parent":0,"menu_order":0,"comment_status":"closed","ping_status":"closed","template":"","meta":{"_acf_changed":false,"footnotes":""},"class_list":["post-12846","page","type-page","status-publish","hentry"],"aioseo_notices":[],"acf":[],"jetpack_sharing_enabled":true,"_links":{"self":[{"href":"https:\/\/schrittmacherfestival.nl\/de\/wp-json\/wp\/v2\/pages\/12846","targetHints":{"allow":["GET"]}}],"collection":[{"href":"https:\/\/schrittmacherfestival.nl\/de\/wp-json\/wp\/v2\/pages"}],"about":[{"href":"https:\/\/schrittmacherfestival.nl\/de\/wp-json\/wp\/v2\/types\/page"}],"author":[{"embeddable":true,"href":"https:\/\/schrittmacherfestival.nl\/de\/wp-json\/wp\/v2\/users\/1"}],"replies":[{"embeddable":true,"href":"https:\/\/schrittmacherfestival.nl\/de\/wp-json\/wp\/v2\/comments?post=12846"}],"version-history":[{"count":5,"href":"https:\/\/schrittmacherfestival.nl\/de\/wp-json\/wp\/v2\/pages\/12846\/revisions"}],"predecessor-version":[{"id":13172,"href":"https:\/\/schrittmacherfestival.nl\/de\/wp-json\/wp\/v2\/pages\/12846\/revisions\/13172"}],"wp:attachment":[{"href":"https:\/\/schrittmacherfestival.nl\/de\/wp-json\/wp\/v2\/media?parent=12846"}],"curies":[{"name":"wp","href":"https:\/\/api.w.org\/{rel}","templated":true}]}}